{"id":7553,"date":"2024-06-03T05:16:54","date_gmt":"2024-06-03T05:16:54","guid":{"rendered":"https:\/\/23b13e8ab3.nxcli.io\/france\/?post_type=product&#038;p=7553"},"modified":"2024-08-24T04:55:46","modified_gmt":"2024-08-24T04:55:46","slug":"energizer-headlight-40-500-lumens","status":"publish","type":"product","link":"https:\/\/energizer.com\/eu\/france\/product\/energizer-headlight-40-500-lumens\/","title":{"rendered":"Energizer Headlight 40 500 lumens"},"content":{"rendered":"<ul>\n<li>Torche frontale Energizer HDL40 avec 3 piles Energizer AAA incluses<\/li>\n<li>Technologie LED : Cette puissante torche mains libres de 500 lumens est dot\u00e9e d&#8217;une technologie LED durable et \u00e9conome en \u00e9nergie<\/li>\n<li>Technologie de gradation avanc\u00e9e : Contr\u00f4le de l&#8217;intensit\u00e9 lumineuse de 100 % \u00e0 10 % dans tous les modes<\/li>\n<li>Construction durable : Id\u00e9ale pour une utilisation prolong\u00e9e, cette torche mains libres compacte et l\u00e9g\u00e8re est \u00e9tanche et dot\u00e9e d&#8217;une lentille incassable<\/li>\n<li>Lampe mains libres polyvalente : Cette lampe frontale compacte et \u00e9tanche, facile \u00e0 utiliser, est dot\u00e9e d&#8217;une sangle r\u00e9glable. Elle vous couvre en cas de coupure de courant, de bricolage et bien plus encore<\/li>\n<li>Des heures d&#8217;autonomie :\u202f\u202fCette lampe frontale durable et efficace peut briller jusqu&#8217;\u00e0 22 heures en mode bas<\/li>\n<li>Puissance fiable : Faites confiance \u00e0 Energizer pour obtenir les performances puissantes que nous promettons &#8211; toutes les lampes Energizer sont test\u00e9es et adh\u00e8rent aux normes ANSI strictes et fiables<\/li>\n<\/ul>\n","protected":false},"excerpt":{"rendered":"<p>Gardez les mains libres et profitez pleinement de chaque aventure gr\u00e2ce \u00e0 cette torche de randonn\u00e9e l\u00e9g\u00e8re et polyvalente. La torche Energizer HDL40 est \u00e0 la fois compacte et mains libres &#8211; id\u00e9ale pour les travaux de bricolage et autres projets n\u00e9cessitant deux mains. Elle \u00e9clairera votre chemin lors de vos activit\u00e9s nocturnes, que ce soit en camping, en randonn\u00e9e ou en course \u00e0 pied. Cette torche de course \u00e0 LED de 500 lumens, dot\u00e9e d&#8217;une sangle r\u00e9glable, \u00e9clairera m\u00eame les espaces les plus sombres, en vous apportant une lumi\u00e8re suffisante l\u00e0 o\u00f9 vous en avez besoin. Vous pouvez contr\u00f4ler l&#8217;intensit\u00e9 lumineuse de 100 % \u00e0 10 % sur tous les r\u00e9glages gr\u00e2ce \u00e0 la fonction de gradation avanc\u00e9e. Choisissez le mode d&#8217;\u00e9clairage id\u00e9al pour votre activit\u00e9 : fort, moyennement large, faible, rouge ou rouge clignotant. Cette lampe frontale \u00e9tanche avec lentille incassable pr\u00e9sente un design pratique et une construction durable, offrant un confort optimal et une grande polyvalence pour toute aventure en int\u00e9rieur ou en ext\u00e9rieur. Depuis plus de 120 ans, Energizer a ouvert la voie de l&#8217;\u00e9clairage portable en lan\u00e7ant la premi\u00e8re torche \u00e9tanche au monde en 1970. Energizer facilite l&#8217;\u00e9clairage de votre chemin.<\/p>\n","protected":false},"featured_media":0,"comment_status":"open","ping_status":"closed","template":"","meta":{"_acf_changed":false},"product_brand":[],"product_cat":[43],"product_tag":[],"class_list":{"0":"post-7553","1":"product","2":"type-product","3":"status-publish","5":"product_cat-hands-free","6":"pa_uses-work","8":"first","9":"instock","10":"shipping-taxable","11":"product-type-simple"},"acf":[],"yoast_head":"<!-- This site is optimized with the Yoast SEO plugin v27.2 - https:\/\/yoast.com\/product\/yoast-seo-wordpress\/ -->\n<title>Energizer Headlight 40 500 lumens - France<\/title>\n<meta name=\"robots\" content=\"index, follow, max-snippet:-1, max-image-preview:large, max-video-preview:-1\" \/>\n<link rel=\"canonical\" href=\"https:\/\/energizer.com\/eu\/france\/product\/energizer-headlight-40-500-lumens\/\" \/>\n<meta property=\"og:locale\" content=\"en_US\" \/>\n<meta property=\"og:type\" content=\"article\" \/>\n<meta property=\"og:title\" content=\"Energizer Headlight 40 500 lumens - France\" \/>\n<meta property=\"og:description\" content=\"Gardez les mains libres et profitez pleinement de chaque aventure gr\u00e2ce \u00e0 cette torche de randonn\u00e9e l\u00e9g\u00e8re et polyvalente. La torche Energizer HDL40 est \u00e0 la fois compacte et mains libres - id\u00e9ale pour les travaux de bricolage et autres projets n\u00e9cessitant deux mains. Elle \u00e9clairera votre chemin lors de vos activit\u00e9s nocturnes, que ce soit en camping, en randonn\u00e9e ou en course \u00e0 pied. Cette torche de course \u00e0 LED de 500 lumens, dot\u00e9e d&#039;une sangle r\u00e9glable, \u00e9clairera m\u00eame les espaces les plus sombres, en vous apportant une lumi\u00e8re suffisante l\u00e0 o\u00f9 vous en avez besoin. Vous pouvez contr\u00f4ler l&#039;intensit\u00e9 lumineuse de 100 % \u00e0 10 % sur tous les r\u00e9glages gr\u00e2ce \u00e0 la fonction de gradation avanc\u00e9e. Choisissez le mode d&#039;\u00e9clairage id\u00e9al pour votre activit\u00e9 : fort, moyennement large, faible, rouge ou rouge clignotant. Cette lampe frontale \u00e9tanche avec lentille incassable pr\u00e9sente un design pratique et une construction durable, offrant un confort optimal et une grande polyvalence pour toute aventure en int\u00e9rieur ou en ext\u00e9rieur. Depuis plus de 120 ans, Energizer a ouvert la voie de l&#039;\u00e9clairage portable en lan\u00e7ant la premi\u00e8re torche \u00e9tanche au monde en 1970. Energizer facilite l&#039;\u00e9clairage de votre chemin.\" \/>\n<meta property=\"og:url\" content=\"https:\/\/energizer.com\/eu\/france\/product\/energizer-headlight-40-500-lumens\/\" \/>\n<meta property=\"og:site_name\" content=\"France\" \/>\n<meta property=\"article:modified_time\" content=\"2024-08-24T04:55:46+00:00\" \/>\n<meta name=\"twitter:card\" content=\"summary_large_image\" \/>\n<script type=\"application\/ld+json\" class=\"yoast-schema-graph\">{\"@context\":\"https:\/\/schema.org\",\"@graph\":[{\"@type\":\"WebPage\",\"@id\":\"https:\/\/energizer.com\/eu\/france\/product\/energizer-headlight-40-500-lumens\/\",\"url\":\"https:\/\/energizer.com\/eu\/france\/product\/energizer-headlight-40-500-lumens\/\",\"name\":\"Energizer Headlight 40 500 lumens - France\",\"isPartOf\":{\"@id\":\"https:\/\/energizer.com\/eu\/france\/#website\"},\"datePublished\":\"2024-06-03T05:16:54+00:00\",\"dateModified\":\"2024-08-24T04:55:46+00:00\",\"breadcrumb\":{\"@id\":\"https:\/\/energizer.com\/eu\/france\/product\/energizer-headlight-40-500-lumens\/#breadcrumb\"},\"inLanguage\":\"en-US\",\"potentialAction\":[{\"@type\":\"ReadAction\",\"target\":[\"https:\/\/energizer.com\/eu\/france\/product\/energizer-headlight-40-500-lumens\/\"]}]},{\"@type\":\"BreadcrumbList\",\"@id\":\"https:\/\/energizer.com\/eu\/france\/product\/energizer-headlight-40-500-lumens\/#breadcrumb\",\"itemListElement\":[{\"@type\":\"ListItem\",\"position\":1,\"name\":\"Home\",\"item\":\"https:\/\/energizer.com\/eu\/france\/\"},{\"@type\":\"ListItem\",\"position\":2,\"name\":\"Energizer Headlight 40 500 lumens\"}]},{\"@type\":\"WebSite\",\"@id\":\"https:\/\/energizer.com\/eu\/france\/#website\",\"url\":\"https:\/\/energizer.com\/eu\/france\/\",\"name\":\"Energizer France\",\"description\":\"\",\"publisher\":{\"@id\":\"https:\/\/energizer.com\/eu\/france\/#organization\"},\"potentialAction\":[{\"@type\":\"SearchAction\",\"target\":{\"@type\":\"EntryPoint\",\"urlTemplate\":\"https:\/\/energizer.com\/eu\/france\/?s={search_term_string}\"},\"query-input\":{\"@type\":\"PropertyValueSpecification\",\"valueRequired\":true,\"valueName\":\"search_term_string\"}}],\"inLanguage\":\"en-US\"},{\"@type\":\"Organization\",\"@id\":\"https:\/\/energizer.com\/eu\/france\/#organization\",\"name\":\"Energizer France\",\"url\":\"https:\/\/energizer.com\/eu\/france\/\",\"logo\":{\"@type\":\"ImageObject\",\"inLanguage\":\"en-US\",\"@id\":\"https:\/\/energizer.com\/eu\/france\/#\/schema\/logo\/image\/\",\"url\":\"https:\/\/energizer.com\/eu\/france\/wp-content\/uploads\/sites\/8\/2024\/04\/Energizer_brand.png\",\"contentUrl\":\"https:\/\/energizer.com\/eu\/france\/wp-content\/uploads\/sites\/8\/2024\/04\/Energizer_brand.png\",\"width\":267,\"height\":100,\"caption\":\"Energizer France\"},\"image\":{\"@id\":\"https:\/\/energizer.com\/eu\/france\/#\/schema\/logo\/image\/\"}}]}<\/script>\n<!-- \/ Yoast SEO plugin. -->","yoast_head_json":{"title":"Energizer Headlight 40 500 lumens - France","robots":{"index":"index","follow":"follow","max-snippet":"max-snippet:-1","max-image-preview":"max-image-preview:large","max-video-preview":"max-video-preview:-1"},"canonical":"https:\/\/energizer.com\/eu\/france\/product\/energizer-headlight-40-500-lumens\/","og_locale":"en_US","og_type":"article","og_title":"Energizer Headlight 40 500 lumens - France","og_description":"Gardez les mains libres et profitez pleinement de chaque aventure gr\u00e2ce \u00e0 cette torche de randonn\u00e9e l\u00e9g\u00e8re et polyvalente. La torche Energizer HDL40 est \u00e0 la fois compacte et mains libres - id\u00e9ale pour les travaux de bricolage et autres projets n\u00e9cessitant deux mains. Elle \u00e9clairera votre chemin lors de vos activit\u00e9s nocturnes, que ce soit en camping, en randonn\u00e9e ou en course \u00e0 pied. Cette torche de course \u00e0 LED de 500 lumens, dot\u00e9e d'une sangle r\u00e9glable, \u00e9clairera m\u00eame les espaces les plus sombres, en vous apportant une lumi\u00e8re suffisante l\u00e0 o\u00f9 vous en avez besoin. Vous pouvez contr\u00f4ler l'intensit\u00e9 lumineuse de 100 % \u00e0 10 % sur tous les r\u00e9glages gr\u00e2ce \u00e0 la fonction de gradation avanc\u00e9e. Choisissez le mode d'\u00e9clairage id\u00e9al pour votre activit\u00e9 : fort, moyennement large, faible, rouge ou rouge clignotant. Cette lampe frontale \u00e9tanche avec lentille incassable pr\u00e9sente un design pratique et une construction durable, offrant un confort optimal et une grande polyvalence pour toute aventure en int\u00e9rieur ou en ext\u00e9rieur. Depuis plus de 120 ans, Energizer a ouvert la voie de l'\u00e9clairage portable en lan\u00e7ant la premi\u00e8re torche \u00e9tanche au monde en 1970. Energizer facilite l'\u00e9clairage de votre chemin.","og_url":"https:\/\/energizer.com\/eu\/france\/product\/energizer-headlight-40-500-lumens\/","og_site_name":"France","article_modified_time":"2024-08-24T04:55:46+00:00","twitter_card":"summary_large_image","schema":{"@context":"https:\/\/schema.org","@graph":[{"@type":"WebPage","@id":"https:\/\/energizer.com\/eu\/france\/product\/energizer-headlight-40-500-lumens\/","url":"https:\/\/energizer.com\/eu\/france\/product\/energizer-headlight-40-500-lumens\/","name":"Energizer Headlight 40 500 lumens - France","isPartOf":{"@id":"https:\/\/energizer.com\/eu\/france\/#website"},"datePublished":"2024-06-03T05:16:54+00:00","dateModified":"2024-08-24T04:55:46+00:00","breadcrumb":{"@id":"https:\/\/energizer.com\/eu\/france\/product\/energizer-headlight-40-500-lumens\/#breadcrumb"},"inLanguage":"en-US","potentialAction":[{"@type":"ReadAction","target":["https:\/\/energizer.com\/eu\/france\/product\/energizer-headlight-40-500-lumens\/"]}]},{"@type":"BreadcrumbList","@id":"https:\/\/energizer.com\/eu\/france\/product\/energizer-headlight-40-500-lumens\/#breadcrumb","itemListElement":[{"@type":"ListItem","position":1,"name":"Home","item":"https:\/\/energizer.com\/eu\/france\/"},{"@type":"ListItem","position":2,"name":"Energizer Headlight 40 500 lumens"}]},{"@type":"WebSite","@id":"https:\/\/energizer.com\/eu\/france\/#website","url":"https:\/\/energizer.com\/eu\/france\/","name":"Energizer France","description":"","publisher":{"@id":"https:\/\/energizer.com\/eu\/france\/#organization"},"potentialAction":[{"@type":"SearchAction","target":{"@type":"EntryPoint","urlTemplate":"https:\/\/energizer.com\/eu\/france\/?s={search_term_string}"},"query-input":{"@type":"PropertyValueSpecification","valueRequired":true,"valueName":"search_term_string"}}],"inLanguage":"en-US"},{"@type":"Organization","@id":"https:\/\/energizer.com\/eu\/france\/#organization","name":"Energizer France","url":"https:\/\/energizer.com\/eu\/france\/","logo":{"@type":"ImageObject","inLanguage":"en-US","@id":"https:\/\/energizer.com\/eu\/france\/#\/schema\/logo\/image\/","url":"https:\/\/energizer.com\/eu\/france\/wp-content\/uploads\/sites\/8\/2024\/04\/Energizer_brand.png","contentUrl":"https:\/\/energizer.com\/eu\/france\/wp-content\/uploads\/sites\/8\/2024\/04\/Energizer_brand.png","width":267,"height":100,"caption":"Energizer France"},"image":{"@id":"https:\/\/energizer.com\/eu\/france\/#\/schema\/logo\/image\/"}}]}},"_links":{"self":[{"href":"https:\/\/energizer.com\/eu\/france\/wp-json\/wp\/v2\/product\/7553","targetHints":{"allow":["GET"]}}],"collection":[{"href":"https:\/\/energizer.com\/eu\/france\/wp-json\/wp\/v2\/product"}],"about":[{"href":"https:\/\/energizer.com\/eu\/france\/wp-json\/wp\/v2\/types\/product"}],"replies":[{"embeddable":true,"href":"https:\/\/energizer.com\/eu\/france\/wp-json\/wp\/v2\/comments?post=7553"}],"version-history":[{"count":5,"href":"https:\/\/energizer.com\/eu\/france\/wp-json\/wp\/v2\/product\/7553\/revisions"}],"predecessor-version":[{"id":9746,"href":"https:\/\/energizer.com\/eu\/france\/wp-json\/wp\/v2\/product\/7553\/revisions\/9746"}],"wp:attachment":[{"href":"https:\/\/energizer.com\/eu\/france\/wp-json\/wp\/v2\/media?parent=7553"}],"wp:term":[{"taxonomy":"product_brand","embeddable":true,"href":"https:\/\/energizer.com\/eu\/france\/wp-json\/wp\/v2\/product_brand?post=7553"},{"taxonomy":"product_cat","embeddable":true,"href":"https:\/\/energizer.com\/eu\/france\/wp-json\/wp\/v2\/product_cat?post=7553"},{"taxonomy":"product_tag","embeddable":true,"href":"https:\/\/energizer.com\/eu\/france\/wp-json\/wp\/v2\/product_tag?post=7553"}],"curies":[{"name":"wp","href":"https:\/\/api.w.org\/{rel}","templated":true}]}}