{"id":7559,"date":"2024-06-03T05:16:54","date_gmt":"2024-06-03T05:16:54","guid":{"rendered":"https:\/\/23b13e8ab3.nxcli.io\/france\/?post_type=product&#038;p=7559"},"modified":"2024-08-24T04:55:49","modified_gmt":"2024-08-24T04:55:49","slug":"energizer-pro-series-focusing-hybrid-headlamp","status":"publish","type":"product","link":"https:\/\/energizer.com\/eu\/france\/product\/energizer-pro-series-focusing-hybrid-headlamp\/","title":{"rendered":"Energizer Pro Series Focusing Hybrid Headlamp"},"content":{"rendered":"<ul>\n<li>Lampe frontale hybride \u00e0 focalisation Energizer Pro Series avec lentille incassable<\/li>\n<li>Technologie LED : Cette puissante torche mains libres de 500 lumens offre une lumi\u00e8re 12 fois plus brillante que la technologie LED standard<\/li>\n<li>5 modes d&#8217;\u00e9clairage : Choisissez un mode qui correspond \u00e0 vos diff\u00e9rents besoins d&#8217;\u00e9clairage : haut, moyen, bas, vert et vert clignotant<\/li>\n<li>Technologie Energizer Digital Focus : Permet d&#8217;\u00e9largir ou de r\u00e9tr\u00e9cir le faisceau lumineux d&#8217;une simple pression sur un bouton<\/li>\n<li>Construction durable : Cette torche mains libres est \u00e9tanche et dot\u00e9e d&#8217;une lentille incassable. Elle r\u00e9siste \u00e0 une chute de 2 m\u00e8tres<\/li>\n<li>Lampe mains libres polyvalente : Cette lampe frontale compacte et \u00e9tanche, facile \u00e0 utiliser, est dot\u00e9e d&#8217;une sangle r\u00e9glable, d&#8217;une t\u00eate pivotante et d&#8217;un design anti-\u00e9blouissement<\/li>\n<li>Alimentation hybride : la torche l\u00e9g\u00e8re et facile \u00e0 utiliser est aliment\u00e9e par des piles rechargeables et des piles 3xAAA<\/li>\n<\/ul>\n","protected":false},"excerpt":{"rendered":"<p>Gardez les mains libres &#8211; qu&#8217;il s&#8217;agisse d&#8217;un projet professionnel ou de bricolage &#8211; gr\u00e2ce \u00e0 cette lampe frontale l\u00e9g\u00e8re et polyvalente. La lampe frontale Energizer Pro Series Focusing Hybrid est \u00e0 la fois compacte et mains libres, avec un IRC \u00e9lev\u00e9 pour une d\u00e9finition claire des couleurs.Elle vous \u00e9clairera dans toutes vos activit\u00e9s, que vous travailliez sur un projet, que vous campiez, que vous fassiez de la randonn\u00e9e ou que vous sortiez courir apr\u00e8s le coucher du soleil. Cette puissante lampe frontale de 500 lumens est dot\u00e9e d&#8217;une sangle r\u00e9glable et d&#8217;une t\u00eate pivotante anti\u00e9blouissement pour \u00e9clairer m\u00eame les espaces les plus sombres, en vous donnant une lumi\u00e8re suffisante l\u00e0 o\u00f9 vous en avez besoin.De plus, elle est dot\u00e9e d&#8217;une technologie LED durable et \u00e9conome en \u00e9nergie, offrant une lumi\u00e8re 12 fois plus brillante que les LED standard.<\/p>\n","protected":false},"featured_media":0,"comment_status":"open","ping_status":"closed","template":"","meta":{"_acf_changed":false},"product_brand":[],"product_cat":[43],"product_tag":[],"class_list":{"0":"post-7559","1":"product","2":"type-product","3":"status-publish","5":"product_cat-hands-free","6":"pa_uses-work","8":"first","9":"instock","10":"shipping-taxable","11":"product-type-simple"},"acf":[],"yoast_head":"<!-- This site is optimized with the Yoast SEO plugin v27.2 - https:\/\/yoast.com\/product\/yoast-seo-wordpress\/ -->\n<title>Energizer Pro Series Focusing Hybrid Headlamp - France<\/title>\n<meta name=\"robots\" content=\"index, follow, max-snippet:-1, max-image-preview:large, max-video-preview:-1\" \/>\n<link rel=\"canonical\" href=\"https:\/\/energizer.com\/eu\/france\/product\/energizer-pro-series-focusing-hybrid-headlamp\/\" \/>\n<meta property=\"og:locale\" content=\"en_US\" \/>\n<meta property=\"og:type\" content=\"article\" \/>\n<meta property=\"og:title\" content=\"Energizer Pro Series Focusing Hybrid Headlamp - France\" \/>\n<meta property=\"og:description\" content=\"Gardez les mains libres - qu&#039;il s&#039;agisse d&#039;un projet professionnel ou de bricolage - gr\u00e2ce \u00e0 cette lampe frontale l\u00e9g\u00e8re et polyvalente. La lampe frontale Energizer Pro Series Focusing Hybrid est \u00e0 la fois compacte et mains libres, avec un IRC \u00e9lev\u00e9 pour une d\u00e9finition claire des couleurs.Elle vous \u00e9clairera dans toutes vos activit\u00e9s, que vous travailliez sur un projet, que vous campiez, que vous fassiez de la randonn\u00e9e ou que vous sortiez courir apr\u00e8s le coucher du soleil. Cette puissante lampe frontale de 500 lumens est dot\u00e9e d&#039;une sangle r\u00e9glable et d&#039;une t\u00eate pivotante anti\u00e9blouissement pour \u00e9clairer m\u00eame les espaces les plus sombres, en vous donnant une lumi\u00e8re suffisante l\u00e0 o\u00f9 vous en avez besoin.De plus, elle est dot\u00e9e d&#039;une technologie LED durable et \u00e9conome en \u00e9nergie, offrant une lumi\u00e8re 12 fois plus brillante que les LED standard.\" \/>\n<meta property=\"og:url\" content=\"https:\/\/energizer.com\/eu\/france\/product\/energizer-pro-series-focusing-hybrid-headlamp\/\" \/>\n<meta property=\"og:site_name\" content=\"France\" \/>\n<meta property=\"article:modified_time\" content=\"2024-08-24T04:55:49+00:00\" \/>\n<meta name=\"twitter:card\" content=\"summary_large_image\" \/>\n<script type=\"application\/ld+json\" class=\"yoast-schema-graph\">{\"@context\":\"https:\/\/schema.org\",\"@graph\":[{\"@type\":\"WebPage\",\"@id\":\"https:\/\/energizer.com\/eu\/france\/product\/energizer-pro-series-focusing-hybrid-headlamp\/\",\"url\":\"https:\/\/energizer.com\/eu\/france\/product\/energizer-pro-series-focusing-hybrid-headlamp\/\",\"name\":\"Energizer Pro Series Focusing Hybrid Headlamp - France\",\"isPartOf\":{\"@id\":\"https:\/\/energizer.com\/eu\/france\/#website\"},\"datePublished\":\"2024-06-03T05:16:54+00:00\",\"dateModified\":\"2024-08-24T04:55:49+00:00\",\"breadcrumb\":{\"@id\":\"https:\/\/energizer.com\/eu\/france\/product\/energizer-pro-series-focusing-hybrid-headlamp\/#breadcrumb\"},\"inLanguage\":\"en-US\",\"potentialAction\":[{\"@type\":\"ReadAction\",\"target\":[\"https:\/\/energizer.com\/eu\/france\/product\/energizer-pro-series-focusing-hybrid-headlamp\/\"]}]},{\"@type\":\"BreadcrumbList\",\"@id\":\"https:\/\/energizer.com\/eu\/france\/product\/energizer-pro-series-focusing-hybrid-headlamp\/#breadcrumb\",\"itemListElement\":[{\"@type\":\"ListItem\",\"position\":1,\"name\":\"Home\",\"item\":\"https:\/\/energizer.com\/eu\/france\/\"},{\"@type\":\"ListItem\",\"position\":2,\"name\":\"Energizer Pro Series Focusing Hybrid Headlamp\"}]},{\"@type\":\"WebSite\",\"@id\":\"https:\/\/energizer.com\/eu\/france\/#website\",\"url\":\"https:\/\/energizer.com\/eu\/france\/\",\"name\":\"Energizer France\",\"description\":\"\",\"publisher\":{\"@id\":\"https:\/\/energizer.com\/eu\/france\/#organization\"},\"potentialAction\":[{\"@type\":\"SearchAction\",\"target\":{\"@type\":\"EntryPoint\",\"urlTemplate\":\"https:\/\/energizer.com\/eu\/france\/?s={search_term_string}\"},\"query-input\":{\"@type\":\"PropertyValueSpecification\",\"valueRequired\":true,\"valueName\":\"search_term_string\"}}],\"inLanguage\":\"en-US\"},{\"@type\":\"Organization\",\"@id\":\"https:\/\/energizer.com\/eu\/france\/#organization\",\"name\":\"Energizer France\",\"url\":\"https:\/\/energizer.com\/eu\/france\/\",\"logo\":{\"@type\":\"ImageObject\",\"inLanguage\":\"en-US\",\"@id\":\"https:\/\/energizer.com\/eu\/france\/#\/schema\/logo\/image\/\",\"url\":\"https:\/\/energizer.com\/eu\/france\/wp-content\/uploads\/sites\/8\/2024\/04\/Energizer_brand.png\",\"contentUrl\":\"https:\/\/energizer.com\/eu\/france\/wp-content\/uploads\/sites\/8\/2024\/04\/Energizer_brand.png\",\"width\":267,\"height\":100,\"caption\":\"Energizer France\"},\"image\":{\"@id\":\"https:\/\/energizer.com\/eu\/france\/#\/schema\/logo\/image\/\"}}]}<\/script>\n<!-- \/ Yoast SEO plugin. -->","yoast_head_json":{"title":"Energizer Pro Series Focusing Hybrid Headlamp - France","robots":{"index":"index","follow":"follow","max-snippet":"max-snippet:-1","max-image-preview":"max-image-preview:large","max-video-preview":"max-video-preview:-1"},"canonical":"https:\/\/energizer.com\/eu\/france\/product\/energizer-pro-series-focusing-hybrid-headlamp\/","og_locale":"en_US","og_type":"article","og_title":"Energizer Pro Series Focusing Hybrid Headlamp - France","og_description":"Gardez les mains libres - qu'il s'agisse d'un projet professionnel ou de bricolage - gr\u00e2ce \u00e0 cette lampe frontale l\u00e9g\u00e8re et polyvalente. La lampe frontale Energizer Pro Series Focusing Hybrid est \u00e0 la fois compacte et mains libres, avec un IRC \u00e9lev\u00e9 pour une d\u00e9finition claire des couleurs.Elle vous \u00e9clairera dans toutes vos activit\u00e9s, que vous travailliez sur un projet, que vous campiez, que vous fassiez de la randonn\u00e9e ou que vous sortiez courir apr\u00e8s le coucher du soleil. Cette puissante lampe frontale de 500 lumens est dot\u00e9e d'une sangle r\u00e9glable et d'une t\u00eate pivotante anti\u00e9blouissement pour \u00e9clairer m\u00eame les espaces les plus sombres, en vous donnant une lumi\u00e8re suffisante l\u00e0 o\u00f9 vous en avez besoin.De plus, elle est dot\u00e9e d'une technologie LED durable et \u00e9conome en \u00e9nergie, offrant une lumi\u00e8re 12 fois plus brillante que les LED standard.","og_url":"https:\/\/energizer.com\/eu\/france\/product\/energizer-pro-series-focusing-hybrid-headlamp\/","og_site_name":"France","article_modified_time":"2024-08-24T04:55:49+00:00","twitter_card":"summary_large_image","schema":{"@context":"https:\/\/schema.org","@graph":[{"@type":"WebPage","@id":"https:\/\/energizer.com\/eu\/france\/product\/energizer-pro-series-focusing-hybrid-headlamp\/","url":"https:\/\/energizer.com\/eu\/france\/product\/energizer-pro-series-focusing-hybrid-headlamp\/","name":"Energizer Pro Series Focusing Hybrid Headlamp - France","isPartOf":{"@id":"https:\/\/energizer.com\/eu\/france\/#website"},"datePublished":"2024-06-03T05:16:54+00:00","dateModified":"2024-08-24T04:55:49+00:00","breadcrumb":{"@id":"https:\/\/energizer.com\/eu\/france\/product\/energizer-pro-series-focusing-hybrid-headlamp\/#breadcrumb"},"inLanguage":"en-US","potentialAction":[{"@type":"ReadAction","target":["https:\/\/energizer.com\/eu\/france\/product\/energizer-pro-series-focusing-hybrid-headlamp\/"]}]},{"@type":"BreadcrumbList","@id":"https:\/\/energizer.com\/eu\/france\/product\/energizer-pro-series-focusing-hybrid-headlamp\/#breadcrumb","itemListElement":[{"@type":"ListItem","position":1,"name":"Home","item":"https:\/\/energizer.com\/eu\/france\/"},{"@type":"ListItem","position":2,"name":"Energizer Pro Series Focusing Hybrid Headlamp"}]},{"@type":"WebSite","@id":"https:\/\/energizer.com\/eu\/france\/#website","url":"https:\/\/energizer.com\/eu\/france\/","name":"Energizer France","description":"","publisher":{"@id":"https:\/\/energizer.com\/eu\/france\/#organization"},"potentialAction":[{"@type":"SearchAction","target":{"@type":"EntryPoint","urlTemplate":"https:\/\/energizer.com\/eu\/france\/?s={search_term_string}"},"query-input":{"@type":"PropertyValueSpecification","valueRequired":true,"valueName":"search_term_string"}}],"inLanguage":"en-US"},{"@type":"Organization","@id":"https:\/\/energizer.com\/eu\/france\/#organization","name":"Energizer France","url":"https:\/\/energizer.com\/eu\/france\/","logo":{"@type":"ImageObject","inLanguage":"en-US","@id":"https:\/\/energizer.com\/eu\/france\/#\/schema\/logo\/image\/","url":"https:\/\/energizer.com\/eu\/france\/wp-content\/uploads\/sites\/8\/2024\/04\/Energizer_brand.png","contentUrl":"https:\/\/energizer.com\/eu\/france\/wp-content\/uploads\/sites\/8\/2024\/04\/Energizer_brand.png","width":267,"height":100,"caption":"Energizer France"},"image":{"@id":"https:\/\/energizer.com\/eu\/france\/#\/schema\/logo\/image\/"}}]}},"_links":{"self":[{"href":"https:\/\/energizer.com\/eu\/france\/wp-json\/wp\/v2\/product\/7559","targetHints":{"allow":["GET"]}}],"collection":[{"href":"https:\/\/energizer.com\/eu\/france\/wp-json\/wp\/v2\/product"}],"about":[{"href":"https:\/\/energizer.com\/eu\/france\/wp-json\/wp\/v2\/types\/product"}],"replies":[{"embeddable":true,"href":"https:\/\/energizer.com\/eu\/france\/wp-json\/wp\/v2\/comments?post=7559"}],"version-history":[{"count":4,"href":"https:\/\/energizer.com\/eu\/france\/wp-json\/wp\/v2\/product\/7559\/revisions"}],"predecessor-version":[{"id":9676,"href":"https:\/\/energizer.com\/eu\/france\/wp-json\/wp\/v2\/product\/7559\/revisions\/9676"}],"wp:attachment":[{"href":"https:\/\/energizer.com\/eu\/france\/wp-json\/wp\/v2\/media?parent=7559"}],"wp:term":[{"taxonomy":"product_brand","embeddable":true,"href":"https:\/\/energizer.com\/eu\/france\/wp-json\/wp\/v2\/product_brand?post=7559"},{"taxonomy":"product_cat","embeddable":true,"href":"https:\/\/energizer.com\/eu\/france\/wp-json\/wp\/v2\/product_cat?post=7559"},{"taxonomy":"product_tag","embeddable":true,"href":"https:\/\/energizer.com\/eu\/france\/wp-json\/wp\/v2\/product_tag?post=7559"}],"curies":[{"name":"wp","href":"https:\/\/api.w.org\/{rel}","templated":true}]}}