{"id":7568,"date":"2024-06-03T05:16:54","date_gmt":"2024-06-03T05:16:54","guid":{"rendered":"https:\/\/23b13e8ab3.nxcli.io\/france\/?post_type=product&#038;p=7568"},"modified":"2024-08-24T04:51:05","modified_gmt":"2024-08-24T04:51:05","slug":"energizer-hard-case-professional-rechargeable-spotlight","status":"publish","type":"product","link":"https:\/\/energizer.com\/eu\/france\/product\/energizer-hard-case-professional-rechargeable-spotlight\/","title":{"rendered":"Energizer Hard Case Professional Rechargeable Spotlight"},"content":{"rendered":"<ul>\n<li>Projecteur professionnel rechargeable Energizer Hard Case<\/li>\n<li>La lampe de poche \u00e0 LED construite avec des mat\u00e9riaux robustes en acier et en caoutchouc est con\u00e7ue pour r\u00e9pondre aux travaux les plus exigeants et pour r\u00e9sister \u00e0 toutes les chutes pendant l&#8217;utilisation<\/li>\n<li>Utilisez cette lampe de poche rechargeable par USB comme lampe de travail \u00e0 LED, lampe d&#8217;urgence et projecteur d&#8217;ext\u00e9rieur<\/li>\n<li>La lampe de poche rechargeable \u00e0 LED, lumineuse et puissante, de 1000 lumens, peut couvrir la distance de quatre terrains de stade<\/li>\n<li>Autonomie de 6 heures en mode bas avec deux modes disponibles &#8211; haut et bas<\/li>\n<li>La lampe de poche noire r\u00e9sistante \u00e0 l&#8217;eau IPX4 est dot\u00e9e d&#8217;une lentille incassable et r\u00e9siste aux chocs jusqu&#8217;\u00e0 7 m\u00e8tres<\/li>\n<\/ul>\n","protected":false},"excerpt":{"rendered":"<p>Le projecteur rechargeable professionnel Energizer Hard Case fournit un \u00e9clairage puissant pour les projets s\u00e9rieux. Construite en acier robuste et en caoutchouc, cette lampe LED est con\u00e7ue pour r\u00e9pondre aux travaux les plus exigeants et pour r\u00e9sister aux chutes successives pendant l&#8217;utilisation. Cette lampe de poche rechargeable durable est id\u00e9ale comme lampe de travail, lampe d&#8217;urgence et lampe d&#8217;ext\u00e9rieur. Avec 1000 lumens, ce puissant projecteur portatif peut couvrir la distance de quatre terrains de stade. Les modes haut et bas vous permettent d&#8217;optimiser la luminosit\u00e9 et le contr\u00f4le de l&#8217;autonomie. Saisissez la poign\u00e9e pour diriger cette lumi\u00e8re exactement l\u00e0 o\u00f9 vous le souhaitez ou attachez une lani\u00e8re \u00e0 la fente int\u00e9gr\u00e9e pour suspendre le projecteur \u00e0 un endroit pratique.<\/p>\n","protected":false},"featured_media":0,"comment_status":"open","ping_status":"closed","template":"","meta":{"_acf_changed":false},"product_brand":[],"product_cat":[97],"product_tag":[],"class_list":{"0":"post-7568","1":"product","2":"type-product","3":"status-publish","5":"product_cat-handheld","6":"pa_uses-work","8":"first","9":"instock","10":"shipping-taxable","11":"product-type-simple"},"acf":[],"yoast_head":"<!-- This site is optimized with the Yoast SEO plugin v27.4 - https:\/\/yoast.com\/product\/yoast-seo-wordpress\/ -->\n<title>Energizer Hard Case Professional Rechargeable Spotlight - France<\/title>\n<meta name=\"robots\" content=\"index, follow, max-snippet:-1, max-image-preview:large, max-video-preview:-1\" \/>\n<link rel=\"canonical\" href=\"https:\/\/energizer.com\/eu\/france\/product\/energizer-hard-case-professional-rechargeable-spotlight\/\" \/>\n<meta property=\"og:locale\" content=\"en_US\" \/>\n<meta property=\"og:type\" content=\"article\" \/>\n<meta property=\"og:title\" content=\"Energizer Hard Case Professional Rechargeable Spotlight - France\" \/>\n<meta property=\"og:description\" content=\"Le projecteur rechargeable professionnel Energizer Hard Case fournit un \u00e9clairage puissant pour les projets s\u00e9rieux. Construite en acier robuste et en caoutchouc, cette lampe LED est con\u00e7ue pour r\u00e9pondre aux travaux les plus exigeants et pour r\u00e9sister aux chutes successives pendant l&#039;utilisation. Cette lampe de poche rechargeable durable est id\u00e9ale comme lampe de travail, lampe d&#039;urgence et lampe d&#039;ext\u00e9rieur. Avec 1000 lumens, ce puissant projecteur portatif peut couvrir la distance de quatre terrains de stade. Les modes haut et bas vous permettent d&#039;optimiser la luminosit\u00e9 et le contr\u00f4le de l&#039;autonomie. Saisissez la poign\u00e9e pour diriger cette lumi\u00e8re exactement l\u00e0 o\u00f9 vous le souhaitez ou attachez une lani\u00e8re \u00e0 la fente int\u00e9gr\u00e9e pour suspendre le projecteur \u00e0 un endroit pratique.\" \/>\n<meta property=\"og:url\" content=\"https:\/\/energizer.com\/eu\/france\/product\/energizer-hard-case-professional-rechargeable-spotlight\/\" \/>\n<meta property=\"og:site_name\" content=\"France\" \/>\n<meta property=\"article:modified_time\" content=\"2024-08-24T04:51:05+00:00\" \/>\n<meta name=\"twitter:card\" content=\"summary_large_image\" \/>\n<script type=\"application\/ld+json\" class=\"yoast-schema-graph\">{\"@context\":\"https:\\\/\\\/schema.org\",\"@graph\":[{\"@type\":\"WebPage\",\"@id\":\"https:\\\/\\\/energizer.com\\\/eu\\\/france\\\/product\\\/energizer-hard-case-professional-rechargeable-spotlight\\\/\",\"url\":\"https:\\\/\\\/energizer.com\\\/eu\\\/france\\\/product\\\/energizer-hard-case-professional-rechargeable-spotlight\\\/\",\"name\":\"Energizer Hard Case Professional Rechargeable Spotlight - France\",\"isPartOf\":{\"@id\":\"https:\\\/\\\/energizer.com\\\/eu\\\/france\\\/#website\"},\"datePublished\":\"2024-06-03T05:16:54+00:00\",\"dateModified\":\"2024-08-24T04:51:05+00:00\",\"breadcrumb\":{\"@id\":\"https:\\\/\\\/energizer.com\\\/eu\\\/france\\\/product\\\/energizer-hard-case-professional-rechargeable-spotlight\\\/#breadcrumb\"},\"inLanguage\":\"en-US\",\"potentialAction\":[{\"@type\":\"ReadAction\",\"target\":[\"https:\\\/\\\/energizer.com\\\/eu\\\/france\\\/product\\\/energizer-hard-case-professional-rechargeable-spotlight\\\/\"]}]},{\"@type\":\"BreadcrumbList\",\"@id\":\"https:\\\/\\\/energizer.com\\\/eu\\\/france\\\/product\\\/energizer-hard-case-professional-rechargeable-spotlight\\\/#breadcrumb\",\"itemListElement\":[{\"@type\":\"ListItem\",\"position\":1,\"name\":\"Home\",\"item\":\"https:\\\/\\\/energizer.com\\\/eu\\\/france\\\/\"},{\"@type\":\"ListItem\",\"position\":2,\"name\":\"Energizer Hard Case Professional Rechargeable Spotlight\"}]},{\"@type\":\"WebSite\",\"@id\":\"https:\\\/\\\/energizer.com\\\/eu\\\/france\\\/#website\",\"url\":\"https:\\\/\\\/energizer.com\\\/eu\\\/france\\\/\",\"name\":\"Energizer France\",\"description\":\"\",\"publisher\":{\"@id\":\"https:\\\/\\\/energizer.com\\\/eu\\\/france\\\/#organization\"},\"potentialAction\":[{\"@type\":\"SearchAction\",\"target\":{\"@type\":\"EntryPoint\",\"urlTemplate\":\"https:\\\/\\\/energizer.com\\\/eu\\\/france\\\/?s={search_term_string}\"},\"query-input\":{\"@type\":\"PropertyValueSpecification\",\"valueRequired\":true,\"valueName\":\"search_term_string\"}}],\"inLanguage\":\"en-US\"},{\"@type\":\"Organization\",\"@id\":\"https:\\\/\\\/energizer.com\\\/eu\\\/france\\\/#organization\",\"name\":\"Energizer France\",\"url\":\"https:\\\/\\\/energizer.com\\\/eu\\\/france\\\/\",\"logo\":{\"@type\":\"ImageObject\",\"inLanguage\":\"en-US\",\"@id\":\"https:\\\/\\\/energizer.com\\\/eu\\\/france\\\/#\\\/schema\\\/logo\\\/image\\\/\",\"url\":\"https:\\\/\\\/energizer.com\\\/eu\\\/france\\\/wp-content\\\/uploads\\\/sites\\\/8\\\/2024\\\/04\\\/Energizer_brand.png\",\"contentUrl\":\"https:\\\/\\\/energizer.com\\\/eu\\\/france\\\/wp-content\\\/uploads\\\/sites\\\/8\\\/2024\\\/04\\\/Energizer_brand.png\",\"width\":267,\"height\":100,\"caption\":\"Energizer France\"},\"image\":{\"@id\":\"https:\\\/\\\/energizer.com\\\/eu\\\/france\\\/#\\\/schema\\\/logo\\\/image\\\/\"}}]}<\/script>\n<!-- \/ Yoast SEO plugin. -->","yoast_head_json":{"title":"Energizer Hard Case Professional Rechargeable Spotlight - France","robots":{"index":"index","follow":"follow","max-snippet":"max-snippet:-1","max-image-preview":"max-image-preview:large","max-video-preview":"max-video-preview:-1"},"canonical":"https:\/\/energizer.com\/eu\/france\/product\/energizer-hard-case-professional-rechargeable-spotlight\/","og_locale":"en_US","og_type":"article","og_title":"Energizer Hard Case Professional Rechargeable Spotlight - France","og_description":"Le projecteur rechargeable professionnel Energizer Hard Case fournit un \u00e9clairage puissant pour les projets s\u00e9rieux. Construite en acier robuste et en caoutchouc, cette lampe LED est con\u00e7ue pour r\u00e9pondre aux travaux les plus exigeants et pour r\u00e9sister aux chutes successives pendant l'utilisation. Cette lampe de poche rechargeable durable est id\u00e9ale comme lampe de travail, lampe d'urgence et lampe d'ext\u00e9rieur. Avec 1000 lumens, ce puissant projecteur portatif peut couvrir la distance de quatre terrains de stade. Les modes haut et bas vous permettent d'optimiser la luminosit\u00e9 et le contr\u00f4le de l'autonomie. Saisissez la poign\u00e9e pour diriger cette lumi\u00e8re exactement l\u00e0 o\u00f9 vous le souhaitez ou attachez une lani\u00e8re \u00e0 la fente int\u00e9gr\u00e9e pour suspendre le projecteur \u00e0 un endroit pratique.","og_url":"https:\/\/energizer.com\/eu\/france\/product\/energizer-hard-case-professional-rechargeable-spotlight\/","og_site_name":"France","article_modified_time":"2024-08-24T04:51:05+00:00","twitter_card":"summary_large_image","schema":{"@context":"https:\/\/schema.org","@graph":[{"@type":"WebPage","@id":"https:\/\/energizer.com\/eu\/france\/product\/energizer-hard-case-professional-rechargeable-spotlight\/","url":"https:\/\/energizer.com\/eu\/france\/product\/energizer-hard-case-professional-rechargeable-spotlight\/","name":"Energizer Hard Case Professional Rechargeable Spotlight - France","isPartOf":{"@id":"https:\/\/energizer.com\/eu\/france\/#website"},"datePublished":"2024-06-03T05:16:54+00:00","dateModified":"2024-08-24T04:51:05+00:00","breadcrumb":{"@id":"https:\/\/energizer.com\/eu\/france\/product\/energizer-hard-case-professional-rechargeable-spotlight\/#breadcrumb"},"inLanguage":"en-US","potentialAction":[{"@type":"ReadAction","target":["https:\/\/energizer.com\/eu\/france\/product\/energizer-hard-case-professional-rechargeable-spotlight\/"]}]},{"@type":"BreadcrumbList","@id":"https:\/\/energizer.com\/eu\/france\/product\/energizer-hard-case-professional-rechargeable-spotlight\/#breadcrumb","itemListElement":[{"@type":"ListItem","position":1,"name":"Home","item":"https:\/\/energizer.com\/eu\/france\/"},{"@type":"ListItem","position":2,"name":"Energizer Hard Case Professional Rechargeable Spotlight"}]},{"@type":"WebSite","@id":"https:\/\/energizer.com\/eu\/france\/#website","url":"https:\/\/energizer.com\/eu\/france\/","name":"Energizer France","description":"","publisher":{"@id":"https:\/\/energizer.com\/eu\/france\/#organization"},"potentialAction":[{"@type":"SearchAction","target":{"@type":"EntryPoint","urlTemplate":"https:\/\/energizer.com\/eu\/france\/?s={search_term_string}"},"query-input":{"@type":"PropertyValueSpecification","valueRequired":true,"valueName":"search_term_string"}}],"inLanguage":"en-US"},{"@type":"Organization","@id":"https:\/\/energizer.com\/eu\/france\/#organization","name":"Energizer France","url":"https:\/\/energizer.com\/eu\/france\/","logo":{"@type":"ImageObject","inLanguage":"en-US","@id":"https:\/\/energizer.com\/eu\/france\/#\/schema\/logo\/image\/","url":"https:\/\/energizer.com\/eu\/france\/wp-content\/uploads\/sites\/8\/2024\/04\/Energizer_brand.png","contentUrl":"https:\/\/energizer.com\/eu\/france\/wp-content\/uploads\/sites\/8\/2024\/04\/Energizer_brand.png","width":267,"height":100,"caption":"Energizer France"},"image":{"@id":"https:\/\/energizer.com\/eu\/france\/#\/schema\/logo\/image\/"}}]}},"_links":{"self":[{"href":"https:\/\/energizer.com\/eu\/france\/wp-json\/wp\/v2\/product\/7568","targetHints":{"allow":["GET"]}}],"collection":[{"href":"https:\/\/energizer.com\/eu\/france\/wp-json\/wp\/v2\/product"}],"about":[{"href":"https:\/\/energizer.com\/eu\/france\/wp-json\/wp\/v2\/types\/product"}],"replies":[{"embeddable":true,"href":"https:\/\/energizer.com\/eu\/france\/wp-json\/wp\/v2\/comments?post=7568"}],"version-history":[{"count":4,"href":"https:\/\/energizer.com\/eu\/france\/wp-json\/wp\/v2\/product\/7568\/revisions"}],"predecessor-version":[{"id":8129,"href":"https:\/\/energizer.com\/eu\/france\/wp-json\/wp\/v2\/product\/7568\/revisions\/8129"}],"wp:attachment":[{"href":"https:\/\/energizer.com\/eu\/france\/wp-json\/wp\/v2\/media?parent=7568"}],"wp:term":[{"taxonomy":"product_brand","embeddable":true,"href":"https:\/\/energizer.com\/eu\/france\/wp-json\/wp\/v2\/product_brand?post=7568"},{"taxonomy":"product_cat","embeddable":true,"href":"https:\/\/energizer.com\/eu\/france\/wp-json\/wp\/v2\/product_cat?post=7568"},{"taxonomy":"product_tag","embeddable":true,"href":"https:\/\/energizer.com\/eu\/france\/wp-json\/wp\/v2\/product_tag?post=7568"}],"curies":[{"name":"wp","href":"https:\/\/api.w.org\/{rel}","templated":true}]}}