{"id":7571,"date":"2024-06-03T05:16:54","date_gmt":"2024-06-03T05:16:54","guid":{"rendered":"https:\/\/23b13e8ab3.nxcli.io\/france\/?post_type=product&#038;p=7571"},"modified":"2025-02-04T11:42:43","modified_gmt":"2025-02-04T11:42:43","slug":"energizer-recharge-universal-aaa","status":"publish","type":"product","link":"https:\/\/energizer.com\/eu\/france\/product\/energizer-recharge-universal-aaa\/","title":{"rendered":"ENERGIZER\u00ae RECHARGE UNIVERSAL \u2013 AAA"},"content":{"rendered":"<ul>\n<li>Piles Energizer Recharge Universal AAA<\/li>\n<li>Longue dur\u00e9e : Les piles rechargeables Energizer AAA durent jusqu&#8217;\u00e0 deux fois plus longtemps que les piles alcalines de base Energizer dans les appareils photo num\u00e9riques &#8211; les r\u00e9sultats varient en fonction de l&#8217;appareil<\/li>\n<li>Une alimentation fiable : Piles AAA pour les appareils high-tech de tous les jours, comme les jouets, les t\u00e9l\u00e9commandes, les torches et les horloges<\/li>\n<li>Protection contre les fuites : Les piles rechargeables Energizer AAA sont con\u00e7ues pour prot\u00e9ger vos appareils essentiels contre les fuites dommageables dans des conditions d&#8217;utilisation normales<\/li>\n<li>Rechargeable : Chaque pile AAA peut \u00eatre recharg\u00e9e des centaines de fois, une seule charge pouvant durer jusqu&#8217;\u00e0 12 mois<\/li>\n<li>Le choix des clients : Energizer est la premi\u00e8re marque mondiale de piles rechargeables, sur la base des ventes par balayage<\/li>\n<li>Innovation Energizer : La premi\u00e8re pile AAA rechargeable au monde fabriqu\u00e9e \u00e0 partir de 7 % de piles recycl\u00e9es<\/li>\n<li>Emballage 100% recyclable: cet emballage est fabriqu\u00e9 \u00e0 partir de carton 100% recyclable<\/li>\n<\/ul>\n","protected":false},"excerpt":{"rendered":"<p>Tirez le meilleur parti de vos appareils quotidiens et high-tech gr\u00e2ce \u00e0 la fiabilit\u00e9 des piles AAA Energizer Accu Recharge Universal. Faites le plein de piles rechargeables pour lampes solaires et de piles pour lampes LED, ainsi que de piles pour appareils photo, torches, horloges et t\u00e9l\u00e9commandes. Les piles Energizer Recharge AAA durent jusqu&#8217;\u00e0 deux fois plus longtemps que les piles alcalines de base Energizer dans les appareils photo num\u00e9riques. Les piles AAA Energizer sont \u00e9galement un excellent choix si vous avez besoin d&#8217;une pile longue dur\u00e9e pour votre manette de jeu. Toujours pr\u00eates quand vous l&#8217;\u00eates, les piles AAA Recharge sont livr\u00e9es enti\u00e8rement charg\u00e9es et conservent leur \u00e9nergie jusqu&#8217;\u00e0 12 mois en stockage. Chaque pile peut \u00eatre recharg\u00e9e des centaines de fois, avec une dur\u00e9e de vie de 5 ans dans des conditions d&#8217;utilisation normales.<\/p>\n<p>Rechargez vos piles rechargeables avec n&#8217;importe quel chargeur Energizer Recharge Charger.<\/p>\n","protected":false},"featured_media":0,"comment_status":"open","ping_status":"closed","template":"","meta":{"_acf_changed":false},"product_brand":[],"product_cat":[31],"product_tag":[],"class_list":{"0":"post-7571","1":"product","2":"type-product","3":"status-publish","5":"product_cat-energizer-recharge","7":"first","8":"instock","9":"shipping-taxable","10":"product-type-simple"},"acf":[],"yoast_head":"<!-- This site is optimized with the Yoast SEO plugin v27.2 - https:\/\/yoast.com\/product\/yoast-seo-wordpress\/ -->\n<title>ENERGIZER\u00ae RECHARGE UNIVERSAL \u2013 AAA - France<\/title>\n<meta name=\"robots\" content=\"index, follow, max-snippet:-1, max-image-preview:large, max-video-preview:-1\" \/>\n<link rel=\"canonical\" href=\"https:\/\/energizer.com\/eu\/france\/product\/energizer-recharge-universal-aaa\/\" \/>\n<meta property=\"og:locale\" content=\"en_US\" \/>\n<meta property=\"og:type\" content=\"article\" \/>\n<meta property=\"og:title\" content=\"ENERGIZER\u00ae RECHARGE UNIVERSAL \u2013 AAA - France\" \/>\n<meta property=\"og:description\" content=\"Tirez le meilleur parti de vos appareils quotidiens et high-tech gr\u00e2ce \u00e0 la fiabilit\u00e9 des piles AAA Energizer Accu Recharge Universal. Faites le plein de piles rechargeables pour lampes solaires et de piles pour lampes LED, ainsi que de piles pour appareils photo, torches, horloges et t\u00e9l\u00e9commandes. Les piles Energizer Recharge AAA durent jusqu&#039;\u00e0 deux fois plus longtemps que les piles alcalines de base Energizer dans les appareils photo num\u00e9riques. Les piles AAA Energizer sont \u00e9galement un excellent choix si vous avez besoin d&#039;une pile longue dur\u00e9e pour votre manette de jeu. Toujours pr\u00eates quand vous l&#039;\u00eates, les piles AAA Recharge sont livr\u00e9es enti\u00e8rement charg\u00e9es et conservent leur \u00e9nergie jusqu&#039;\u00e0 12 mois en stockage. Chaque pile peut \u00eatre recharg\u00e9e des centaines de fois, avec une dur\u00e9e de vie de 5 ans dans des conditions d&#039;utilisation normales.  Rechargez vos piles rechargeables avec n&#039;importe quel chargeur Energizer Recharge Charger.\" \/>\n<meta property=\"og:url\" content=\"https:\/\/energizer.com\/eu\/france\/product\/energizer-recharge-universal-aaa\/\" \/>\n<meta property=\"og:site_name\" content=\"France\" \/>\n<meta property=\"article:modified_time\" content=\"2025-02-04T11:42:43+00:00\" \/>\n<meta name=\"twitter:card\" content=\"summary_large_image\" \/>\n<script type=\"application\/ld+json\" class=\"yoast-schema-graph\">{\"@context\":\"https:\/\/schema.org\",\"@graph\":[{\"@type\":\"WebPage\",\"@id\":\"https:\/\/energizer.com\/eu\/france\/product\/energizer-recharge-universal-aaa\/\",\"url\":\"https:\/\/energizer.com\/eu\/france\/product\/energizer-recharge-universal-aaa\/\",\"name\":\"ENERGIZER\u00ae RECHARGE UNIVERSAL \u2013 AAA - France\",\"isPartOf\":{\"@id\":\"https:\/\/energizer.com\/eu\/france\/#website\"},\"datePublished\":\"2024-06-03T05:16:54+00:00\",\"dateModified\":\"2025-02-04T11:42:43+00:00\",\"breadcrumb\":{\"@id\":\"https:\/\/energizer.com\/eu\/france\/product\/energizer-recharge-universal-aaa\/#breadcrumb\"},\"inLanguage\":\"en-US\",\"potentialAction\":[{\"@type\":\"ReadAction\",\"target\":[\"https:\/\/energizer.com\/eu\/france\/product\/energizer-recharge-universal-aaa\/\"]}]},{\"@type\":\"BreadcrumbList\",\"@id\":\"https:\/\/energizer.com\/eu\/france\/product\/energizer-recharge-universal-aaa\/#breadcrumb\",\"itemListElement\":[{\"@type\":\"ListItem\",\"position\":1,\"name\":\"Home\",\"item\":\"https:\/\/energizer.com\/eu\/france\/\"},{\"@type\":\"ListItem\",\"position\":2,\"name\":\"ENERGIZER\u00ae RECHARGE UNIVERSAL \u2013 AAA\"}]},{\"@type\":\"WebSite\",\"@id\":\"https:\/\/energizer.com\/eu\/france\/#website\",\"url\":\"https:\/\/energizer.com\/eu\/france\/\",\"name\":\"Energizer France\",\"description\":\"\",\"publisher\":{\"@id\":\"https:\/\/energizer.com\/eu\/france\/#organization\"},\"potentialAction\":[{\"@type\":\"SearchAction\",\"target\":{\"@type\":\"EntryPoint\",\"urlTemplate\":\"https:\/\/energizer.com\/eu\/france\/?s={search_term_string}\"},\"query-input\":{\"@type\":\"PropertyValueSpecification\",\"valueRequired\":true,\"valueName\":\"search_term_string\"}}],\"inLanguage\":\"en-US\"},{\"@type\":\"Organization\",\"@id\":\"https:\/\/energizer.com\/eu\/france\/#organization\",\"name\":\"Energizer France\",\"url\":\"https:\/\/energizer.com\/eu\/france\/\",\"logo\":{\"@type\":\"ImageObject\",\"inLanguage\":\"en-US\",\"@id\":\"https:\/\/energizer.com\/eu\/france\/#\/schema\/logo\/image\/\",\"url\":\"https:\/\/energizer.com\/eu\/france\/wp-content\/uploads\/sites\/8\/2024\/04\/Energizer_brand.png\",\"contentUrl\":\"https:\/\/energizer.com\/eu\/france\/wp-content\/uploads\/sites\/8\/2024\/04\/Energizer_brand.png\",\"width\":267,\"height\":100,\"caption\":\"Energizer France\"},\"image\":{\"@id\":\"https:\/\/energizer.com\/eu\/france\/#\/schema\/logo\/image\/\"}}]}<\/script>\n<!-- \/ Yoast SEO plugin. -->","yoast_head_json":{"title":"ENERGIZER\u00ae RECHARGE UNIVERSAL \u2013 AAA - France","robots":{"index":"index","follow":"follow","max-snippet":"max-snippet:-1","max-image-preview":"max-image-preview:large","max-video-preview":"max-video-preview:-1"},"canonical":"https:\/\/energizer.com\/eu\/france\/product\/energizer-recharge-universal-aaa\/","og_locale":"en_US","og_type":"article","og_title":"ENERGIZER\u00ae RECHARGE UNIVERSAL \u2013 AAA - France","og_description":"Tirez le meilleur parti de vos appareils quotidiens et high-tech gr\u00e2ce \u00e0 la fiabilit\u00e9 des piles AAA Energizer Accu Recharge Universal. Faites le plein de piles rechargeables pour lampes solaires et de piles pour lampes LED, ainsi que de piles pour appareils photo, torches, horloges et t\u00e9l\u00e9commandes. Les piles Energizer Recharge AAA durent jusqu'\u00e0 deux fois plus longtemps que les piles alcalines de base Energizer dans les appareils photo num\u00e9riques. Les piles AAA Energizer sont \u00e9galement un excellent choix si vous avez besoin d'une pile longue dur\u00e9e pour votre manette de jeu. Toujours pr\u00eates quand vous l'\u00eates, les piles AAA Recharge sont livr\u00e9es enti\u00e8rement charg\u00e9es et conservent leur \u00e9nergie jusqu'\u00e0 12 mois en stockage. Chaque pile peut \u00eatre recharg\u00e9e des centaines de fois, avec une dur\u00e9e de vie de 5 ans dans des conditions d'utilisation normales.  Rechargez vos piles rechargeables avec n'importe quel chargeur Energizer Recharge Charger.","og_url":"https:\/\/energizer.com\/eu\/france\/product\/energizer-recharge-universal-aaa\/","og_site_name":"France","article_modified_time":"2025-02-04T11:42:43+00:00","twitter_card":"summary_large_image","schema":{"@context":"https:\/\/schema.org","@graph":[{"@type":"WebPage","@id":"https:\/\/energizer.com\/eu\/france\/product\/energizer-recharge-universal-aaa\/","url":"https:\/\/energizer.com\/eu\/france\/product\/energizer-recharge-universal-aaa\/","name":"ENERGIZER\u00ae RECHARGE UNIVERSAL \u2013 AAA - France","isPartOf":{"@id":"https:\/\/energizer.com\/eu\/france\/#website"},"datePublished":"2024-06-03T05:16:54+00:00","dateModified":"2025-02-04T11:42:43+00:00","breadcrumb":{"@id":"https:\/\/energizer.com\/eu\/france\/product\/energizer-recharge-universal-aaa\/#breadcrumb"},"inLanguage":"en-US","potentialAction":[{"@type":"ReadAction","target":["https:\/\/energizer.com\/eu\/france\/product\/energizer-recharge-universal-aaa\/"]}]},{"@type":"BreadcrumbList","@id":"https:\/\/energizer.com\/eu\/france\/product\/energizer-recharge-universal-aaa\/#breadcrumb","itemListElement":[{"@type":"ListItem","position":1,"name":"Home","item":"https:\/\/energizer.com\/eu\/france\/"},{"@type":"ListItem","position":2,"name":"ENERGIZER\u00ae RECHARGE UNIVERSAL \u2013 AAA"}]},{"@type":"WebSite","@id":"https:\/\/energizer.com\/eu\/france\/#website","url":"https:\/\/energizer.com\/eu\/france\/","name":"Energizer France","description":"","publisher":{"@id":"https:\/\/energizer.com\/eu\/france\/#organization"},"potentialAction":[{"@type":"SearchAction","target":{"@type":"EntryPoint","urlTemplate":"https:\/\/energizer.com\/eu\/france\/?s={search_term_string}"},"query-input":{"@type":"PropertyValueSpecification","valueRequired":true,"valueName":"search_term_string"}}],"inLanguage":"en-US"},{"@type":"Organization","@id":"https:\/\/energizer.com\/eu\/france\/#organization","name":"Energizer France","url":"https:\/\/energizer.com\/eu\/france\/","logo":{"@type":"ImageObject","inLanguage":"en-US","@id":"https:\/\/energizer.com\/eu\/france\/#\/schema\/logo\/image\/","url":"https:\/\/energizer.com\/eu\/france\/wp-content\/uploads\/sites\/8\/2024\/04\/Energizer_brand.png","contentUrl":"https:\/\/energizer.com\/eu\/france\/wp-content\/uploads\/sites\/8\/2024\/04\/Energizer_brand.png","width":267,"height":100,"caption":"Energizer France"},"image":{"@id":"https:\/\/energizer.com\/eu\/france\/#\/schema\/logo\/image\/"}}]}},"_links":{"self":[{"href":"https:\/\/energizer.com\/eu\/france\/wp-json\/wp\/v2\/product\/7571","targetHints":{"allow":["GET"]}}],"collection":[{"href":"https:\/\/energizer.com\/eu\/france\/wp-json\/wp\/v2\/product"}],"about":[{"href":"https:\/\/energizer.com\/eu\/france\/wp-json\/wp\/v2\/types\/product"}],"replies":[{"embeddable":true,"href":"https:\/\/energizer.com\/eu\/france\/wp-json\/wp\/v2\/comments?post=7571"}],"version-history":[{"count":8,"href":"https:\/\/energizer.com\/eu\/france\/wp-json\/wp\/v2\/product\/7571\/revisions"}],"predecessor-version":[{"id":10625,"href":"https:\/\/energizer.com\/eu\/france\/wp-json\/wp\/v2\/product\/7571\/revisions\/10625"}],"wp:attachment":[{"href":"https:\/\/energizer.com\/eu\/france\/wp-json\/wp\/v2\/media?parent=7571"}],"wp:term":[{"taxonomy":"product_brand","embeddable":true,"href":"https:\/\/energizer.com\/eu\/france\/wp-json\/wp\/v2\/product_brand?post=7571"},{"taxonomy":"product_cat","embeddable":true,"href":"https:\/\/energizer.com\/eu\/france\/wp-json\/wp\/v2\/product_cat?post=7571"},{"taxonomy":"product_tag","embeddable":true,"href":"https:\/\/energizer.com\/eu\/france\/wp-json\/wp\/v2\/product_tag?post=7571"}],"curies":[{"name":"wp","href":"https:\/\/api.w.org\/{rel}","templated":true}]}}