{"id":3430,"date":"2024-05-13T07:56:00","date_gmt":"2024-05-13T07:56:00","guid":{"rendered":"http:\/\/64.91.246.76\/~energizer\/?post_type=product&#038;p=3430"},"modified":"2024-12-02T07:24:08","modified_gmt":"2024-12-02T07:24:08","slug":"energizer-alkaline-power-9v","status":"publish","type":"product","link":"https:\/\/energizer.com\/eu\/germany\/product\/energizer-alkaline-power-9v\/","title":{"rendered":"ENERGIZER\u00ae ALKALINE POWER &#8211; 9V"},"content":{"rendered":"<ul>\n<li>Energizer Alkaline Power 9V-Batterien<\/li>\n<li>Langlebig: Zuverl\u00e4ssige Leistung beim Betreiben Ihrer Ger\u00e4te<\/li>\n<li>Effektive Leistung: Energizer-Alkalibatterien optimal f\u00fcr wichtige Alltagsgegenst\u00e4nde wie Rauchmelder, Fernbedienungen, Spielzeug und T\u00fcrklingeln geeignet<\/li>\n<li>Zuverl\u00e4ssig: Jede 9-V-Alkalibatterie ist bis zu 5 Jahre haltbar, sodass sie jederzeit einsatzbereit ist<\/li>\n<li>Energizer-Innovation: Von den Herstellern der weltweit langlebigsten AA-Batterie, Energizer Ultimate Lithium<\/li>\n<li>100 % recycelbare Verpackung: Energizer-Verpackungen sind zu 100 % recycelbar, unterst\u00fctzen eine verantwortungsvolle Forstwirtschaft und sind plastikfrei, ausgenommen Siegel auf ausgew\u00e4hlten Verpackungen<\/li>\n<\/ul>\n","protected":false},"excerpt":{"rendered":"<p>Holen Sie das Beste aus Ihren Ger\u00e4ten heraus: mit der zuverl\u00e4ssigen, langlebigen Leistung, die Sie von Energizer-Batterien gewohnt sind. Die 9-V-Batterien sind optimal f\u00fcr den Einsatz in Rauchmeldern, Rasierapparaten und T\u00fcrklingeln geeignet. Sie sind ebenfalls eine gute Wahl, wenn Sie leistungsstarke Batterien f\u00fcr Ihre Taschenlampe ben\u00f6tigen. Die Energizer Alkaline Power 9V-Batterien halten ihre Leistung w\u00e4hrend der Lagerung bis zu 3 Jahre lang. Mit Energizer ist die Leistung bereit, wenn Sie es sind. Die Alkaline Power-Reihe von Energizer umfasst ebenfalls AA-, AAA-, C- und D-Batterien, so dass Sie ganz leicht die Power finden, die Sie brauchen.<\/p>\n","protected":false},"featured_media":0,"comment_status":"open","ping_status":"closed","template":"","meta":{"_acf_changed":false},"product_brand":[],"product_cat":[57],"product_tag":[],"class_list":{"0":"post-3430","1":"product","2":"type-product","3":"status-publish","5":"product_cat-alkaline-power","7":"first","8":"instock","9":"shipping-taxable","10":"product-type-simple"},"acf":[],"yoast_head":"<!-- This site is optimized with the Yoast SEO plugin v27.4 - https:\/\/yoast.com\/product\/yoast-seo-wordpress\/ -->\n<title>ENERGIZER\u00ae ALKALINE POWER - 9V - Germany<\/title>\n<meta name=\"robots\" content=\"index, follow, max-snippet:-1, max-image-preview:large, max-video-preview:-1\" \/>\n<link rel=\"canonical\" href=\"https:\/\/energizer.com\/eu\/germany\/product\/energizer-alkaline-power-9v\/\" \/>\n<meta property=\"og:locale\" content=\"en_US\" \/>\n<meta property=\"og:type\" content=\"article\" \/>\n<meta property=\"og:title\" content=\"ENERGIZER\u00ae ALKALINE POWER - 9V - Germany\" \/>\n<meta property=\"og:description\" content=\"Holen Sie das Beste aus Ihren Ger\u00e4ten heraus: mit der zuverl\u00e4ssigen, langlebigen Leistung, die Sie von Energizer-Batterien gewohnt sind. Die 9-V-Batterien sind optimal f\u00fcr den Einsatz in Rauchmeldern, Rasierapparaten und T\u00fcrklingeln geeignet. Sie sind ebenfalls eine gute Wahl, wenn Sie leistungsstarke Batterien f\u00fcr Ihre Taschenlampe ben\u00f6tigen. Die Energizer Alkaline Power 9V-Batterien halten ihre Leistung w\u00e4hrend der Lagerung bis zu 3 Jahre lang. Mit Energizer ist die Leistung bereit, wenn Sie es sind. Die Alkaline Power-Reihe von Energizer umfasst ebenfalls AA-, AAA-, C- und D-Batterien, so dass Sie ganz leicht die Power finden, die Sie brauchen.\" \/>\n<meta property=\"og:url\" content=\"https:\/\/energizer.com\/eu\/germany\/product\/energizer-alkaline-power-9v\/\" \/>\n<meta property=\"og:site_name\" content=\"Germany\" \/>\n<meta property=\"article:modified_time\" content=\"2024-12-02T07:24:08+00:00\" \/>\n<meta name=\"twitter:card\" content=\"summary_large_image\" \/>\n<script type=\"application\/ld+json\" class=\"yoast-schema-graph\">{\"@context\":\"https:\\\/\\\/schema.org\",\"@graph\":[{\"@type\":\"WebPage\",\"@id\":\"https:\\\/\\\/energizer.com\\\/eu\\\/germany\\\/product\\\/energizer-alkaline-power-9v\\\/\",\"url\":\"https:\\\/\\\/energizer.com\\\/eu\\\/germany\\\/product\\\/energizer-alkaline-power-9v\\\/\",\"name\":\"ENERGIZER\u00ae ALKALINE POWER - 9V - Germany\",\"isPartOf\":{\"@id\":\"https:\\\/\\\/energizer.com\\\/eu\\\/germany\\\/#website\"},\"datePublished\":\"2024-05-13T07:56:00+00:00\",\"dateModified\":\"2024-12-02T07:24:08+00:00\",\"breadcrumb\":{\"@id\":\"https:\\\/\\\/energizer.com\\\/eu\\\/germany\\\/product\\\/energizer-alkaline-power-9v\\\/#breadcrumb\"},\"inLanguage\":\"en-US\",\"potentialAction\":[{\"@type\":\"ReadAction\",\"target\":[\"https:\\\/\\\/energizer.com\\\/eu\\\/germany\\\/product\\\/energizer-alkaline-power-9v\\\/\"]}]},{\"@type\":\"BreadcrumbList\",\"@id\":\"https:\\\/\\\/energizer.com\\\/eu\\\/germany\\\/product\\\/energizer-alkaline-power-9v\\\/#breadcrumb\",\"itemListElement\":[{\"@type\":\"ListItem\",\"position\":1,\"name\":\"Home\",\"item\":\"https:\\\/\\\/energizer.com\\\/eu\\\/germany\\\/\"},{\"@type\":\"ListItem\",\"position\":2,\"name\":\"ENERGIZER\u00ae ALKALINE POWER &#8211; 9V\"}]},{\"@type\":\"WebSite\",\"@id\":\"https:\\\/\\\/energizer.com\\\/eu\\\/germany\\\/#website\",\"url\":\"https:\\\/\\\/energizer.com\\\/eu\\\/germany\\\/\",\"name\":\"Energizer Germany\",\"description\":\"\",\"publisher\":{\"@id\":\"https:\\\/\\\/energizer.com\\\/eu\\\/germany\\\/#organization\"},\"potentialAction\":[{\"@type\":\"SearchAction\",\"target\":{\"@type\":\"EntryPoint\",\"urlTemplate\":\"https:\\\/\\\/energizer.com\\\/eu\\\/germany\\\/?s={search_term_string}\"},\"query-input\":{\"@type\":\"PropertyValueSpecification\",\"valueRequired\":true,\"valueName\":\"search_term_string\"}}],\"inLanguage\":\"en-US\"},{\"@type\":\"Organization\",\"@id\":\"https:\\\/\\\/energizer.com\\\/eu\\\/germany\\\/#organization\",\"name\":\"Energizer Germany\",\"url\":\"https:\\\/\\\/energizer.com\\\/eu\\\/germany\\\/\",\"logo\":{\"@type\":\"ImageObject\",\"inLanguage\":\"en-US\",\"@id\":\"https:\\\/\\\/energizer.com\\\/eu\\\/germany\\\/#\\\/schema\\\/logo\\\/image\\\/\",\"url\":\"https:\\\/\\\/energizer.com\\\/eu\\\/germany\\\/wp-content\\\/uploads\\\/sites\\\/6\\\/2024\\\/04\\\/Energizer_brand.png\",\"contentUrl\":\"https:\\\/\\\/energizer.com\\\/eu\\\/germany\\\/wp-content\\\/uploads\\\/sites\\\/6\\\/2024\\\/04\\\/Energizer_brand.png\",\"width\":267,\"height\":100,\"caption\":\"Energizer Germany\"},\"image\":{\"@id\":\"https:\\\/\\\/energizer.com\\\/eu\\\/germany\\\/#\\\/schema\\\/logo\\\/image\\\/\"}}]}<\/script>\n<!-- \/ Yoast SEO plugin. -->","yoast_head_json":{"title":"ENERGIZER\u00ae ALKALINE POWER - 9V - Germany","robots":{"index":"index","follow":"follow","max-snippet":"max-snippet:-1","max-image-preview":"max-image-preview:large","max-video-preview":"max-video-preview:-1"},"canonical":"https:\/\/energizer.com\/eu\/germany\/product\/energizer-alkaline-power-9v\/","og_locale":"en_US","og_type":"article","og_title":"ENERGIZER\u00ae ALKALINE POWER - 9V - Germany","og_description":"Holen Sie das Beste aus Ihren Ger\u00e4ten heraus: mit der zuverl\u00e4ssigen, langlebigen Leistung, die Sie von Energizer-Batterien gewohnt sind. Die 9-V-Batterien sind optimal f\u00fcr den Einsatz in Rauchmeldern, Rasierapparaten und T\u00fcrklingeln geeignet. Sie sind ebenfalls eine gute Wahl, wenn Sie leistungsstarke Batterien f\u00fcr Ihre Taschenlampe ben\u00f6tigen. Die Energizer Alkaline Power 9V-Batterien halten ihre Leistung w\u00e4hrend der Lagerung bis zu 3 Jahre lang. Mit Energizer ist die Leistung bereit, wenn Sie es sind. Die Alkaline Power-Reihe von Energizer umfasst ebenfalls AA-, AAA-, C- und D-Batterien, so dass Sie ganz leicht die Power finden, die Sie brauchen.","og_url":"https:\/\/energizer.com\/eu\/germany\/product\/energizer-alkaline-power-9v\/","og_site_name":"Germany","article_modified_time":"2024-12-02T07:24:08+00:00","twitter_card":"summary_large_image","schema":{"@context":"https:\/\/schema.org","@graph":[{"@type":"WebPage","@id":"https:\/\/energizer.com\/eu\/germany\/product\/energizer-alkaline-power-9v\/","url":"https:\/\/energizer.com\/eu\/germany\/product\/energizer-alkaline-power-9v\/","name":"ENERGIZER\u00ae ALKALINE POWER - 9V - Germany","isPartOf":{"@id":"https:\/\/energizer.com\/eu\/germany\/#website"},"datePublished":"2024-05-13T07:56:00+00:00","dateModified":"2024-12-02T07:24:08+00:00","breadcrumb":{"@id":"https:\/\/energizer.com\/eu\/germany\/product\/energizer-alkaline-power-9v\/#breadcrumb"},"inLanguage":"en-US","potentialAction":[{"@type":"ReadAction","target":["https:\/\/energizer.com\/eu\/germany\/product\/energizer-alkaline-power-9v\/"]}]},{"@type":"BreadcrumbList","@id":"https:\/\/energizer.com\/eu\/germany\/product\/energizer-alkaline-power-9v\/#breadcrumb","itemListElement":[{"@type":"ListItem","position":1,"name":"Home","item":"https:\/\/energizer.com\/eu\/germany\/"},{"@type":"ListItem","position":2,"name":"ENERGIZER\u00ae ALKALINE POWER &#8211; 9V"}]},{"@type":"WebSite","@id":"https:\/\/energizer.com\/eu\/germany\/#website","url":"https:\/\/energizer.com\/eu\/germany\/","name":"Energizer Germany","description":"","publisher":{"@id":"https:\/\/energizer.com\/eu\/germany\/#organization"},"potentialAction":[{"@type":"SearchAction","target":{"@type":"EntryPoint","urlTemplate":"https:\/\/energizer.com\/eu\/germany\/?s={search_term_string}"},"query-input":{"@type":"PropertyValueSpecification","valueRequired":true,"valueName":"search_term_string"}}],"inLanguage":"en-US"},{"@type":"Organization","@id":"https:\/\/energizer.com\/eu\/germany\/#organization","name":"Energizer Germany","url":"https:\/\/energizer.com\/eu\/germany\/","logo":{"@type":"ImageObject","inLanguage":"en-US","@id":"https:\/\/energizer.com\/eu\/germany\/#\/schema\/logo\/image\/","url":"https:\/\/energizer.com\/eu\/germany\/wp-content\/uploads\/sites\/6\/2024\/04\/Energizer_brand.png","contentUrl":"https:\/\/energizer.com\/eu\/germany\/wp-content\/uploads\/sites\/6\/2024\/04\/Energizer_brand.png","width":267,"height":100,"caption":"Energizer Germany"},"image":{"@id":"https:\/\/energizer.com\/eu\/germany\/#\/schema\/logo\/image\/"}}]}},"_links":{"self":[{"href":"https:\/\/energizer.com\/eu\/germany\/wp-json\/wp\/v2\/product\/3430","targetHints":{"allow":["GET"]}}],"collection":[{"href":"https:\/\/energizer.com\/eu\/germany\/wp-json\/wp\/v2\/product"}],"about":[{"href":"https:\/\/energizer.com\/eu\/germany\/wp-json\/wp\/v2\/types\/product"}],"replies":[{"embeddable":true,"href":"https:\/\/energizer.com\/eu\/germany\/wp-json\/wp\/v2\/comments?post=3430"}],"version-history":[{"count":14,"href":"https:\/\/energizer.com\/eu\/germany\/wp-json\/wp\/v2\/product\/3430\/revisions"}],"predecessor-version":[{"id":10109,"href":"https:\/\/energizer.com\/eu\/germany\/wp-json\/wp\/v2\/product\/3430\/revisions\/10109"}],"wp:attachment":[{"href":"https:\/\/energizer.com\/eu\/germany\/wp-json\/wp\/v2\/media?parent=3430"}],"wp:term":[{"taxonomy":"product_brand","embeddable":true,"href":"https:\/\/energizer.com\/eu\/germany\/wp-json\/wp\/v2\/product_brand?post=3430"},{"taxonomy":"product_cat","embeddable":true,"href":"https:\/\/energizer.com\/eu\/germany\/wp-json\/wp\/v2\/product_cat?post=3430"},{"taxonomy":"product_tag","embeddable":true,"href":"https:\/\/energizer.com\/eu\/germany\/wp-json\/wp\/v2\/product_tag?post=3430"}],"curies":[{"name":"wp","href":"https:\/\/api.w.org\/{rel}","templated":true}]}}