{"id":5056,"date":"2024-05-21T05:08:35","date_gmt":"2024-05-21T05:08:35","guid":{"rendered":"https:\/\/23b13e8ab3.nxcli.io\/germany\/?post_type=product&#038;p=5056"},"modified":"2025-02-04T09:52:26","modified_gmt":"2025-02-04T09:52:26","slug":"energizer-recharge-extreme-aaa","status":"publish","type":"product","link":"https:\/\/energizer.com\/eu\/germany\/product\/energizer-recharge-extreme-aaa\/","title":{"rendered":"ENERGIZER\u00ae RECHARGE EXTREME \u2013 AAA"},"content":{"rendered":"<ul>\n<li>4er-Pack Energizer Accu Recharge Extreme wiederaufladbare AAA-Batterien<\/li>\n<li>Langlebig: Diese wiederaufladbaren Batterien von Energizer halten in Digitalkameras bis zu 5x l\u00e4nger als EVEREADY GOLD\u00ae \u2013 Ergebnisse k\u00f6nnen je nach Ger\u00e4t variieren<\/li>\n<li>Zuverl\u00e4ssige Leistung: Ideal f\u00fcr anspruchsvolle Ger\u00e4te wie Digitalkameras, Gaming-Controller, Fernbedienungen und Taschenlampen<\/li>\n<li>Auslaufschutz: Die wiederaufladbaren AAA-Batterien wurden dazu entwickelt, Ihre wichtigen Ger\u00e4te unter normalen Nutzungsbedingungen vor sch\u00e4dlichem Auslaufen zu sch\u00fctzen<\/li>\n<li>Wiederaufladbar: Jede AAA-Batterie kann hunderte Male geladen werden, wobei eine Ladung bis zu 12 Monate gelagert werden kann<\/li>\n<li>Kundenfavorit: Energizer ist die weltweit f\u00fchrende wiederaufladbare Marke im Einzelhandel<\/li>\n<li>Energizer-Innovation: Die weltweit erste wiederaufladbare AAA-Batterie aus 22 % recycelten Materialien<\/li>\n<li>100 % recycelbare Verpackung: Energizer-Verpackungen sind zu 100 % recycelbar, unterst\u00fctzen verantwortungsvolle Forstwirtschaft und sind plastikfrei, ausgenommen Siegel auf ausgew\u00e4hlten Verpackungen<\/li>\n<\/ul>\n","protected":false},"excerpt":{"rendered":"<p>Holen Sie das Beste aus Ihren Alltags- und High-Tech-Ger\u00e4ten heraus mit der zuverl\u00e4ssigen Leistung der wiederaufladbaren Energizer Accu Recharge Extreme AAA-Batterien. Nutzen Sie diese wiederaufladbare Energizer-Batterien f\u00fcr Kameras und Gaming-Controller sowie f\u00fcr Lampen, Taschenlampen, Uhren und andere drahtlose Ger\u00e4te. Diese Batterie ist auch eine gute Wahl, wenn Sie eine langlebige AAA Recharge Gaming-Controller-Batterie ben\u00f6tigen. Die wiederaufladbaren Energizer Recharge AAA-Batterien sind immer bereit, wenn Sie es sind. Sie sind beim Kauf bereits vollst\u00e4ndig geladen und halten die Leistung bei der Lagerung bis zu 12 Monate lang. Jede Batterie kann mit jedem Energizer Recharge-Ladeger\u00e4t etwa 500 Mal wiederaufgeladen werden. Die Batterien sch\u00fctzen Ihre wichtigen Ger\u00e4te unter normalen Nutzungsbedingungen vor sch\u00e4dlichem Auslaufen. Diese Energizer Accu Recharge Extreme-Reihe umfasst auch AA-Batterien, so dass Sie ganz leicht die Leistung finden, die Sie brauchen. Seit der Entwicklung der weltweit ersten Verbraucherbatterie im Jahr 1896 ist Energizer Pionier in der Branche und blickt auf eine stolze Geschichte voller Innovationen zur\u00fcck, zu denen auch der erste Batterietester der Welt geh\u00f6rt. Die Marke setzt diese Philosophie auch in Umweltinitiativen um, zum Beispiel durch die Entwicklung des ersten wiederaufladbaren Batteriesystems 1958 oder der Einf\u00fchrung der ersten Batterie ohne Quecksilberzusatz 1989. Energizer Recharge-Batterien waren auch die ersten wiederaufladbaren Batterien, die recycelt werden konnten. Das Unternehmen arbeitet mit Organisationen zusammen, die Verbraucher ermutigen, informieren und bef\u00e4higen, nicht wiederaufladbare Batterien sowie Batterieverpackungen fachgerecht zu recyceln. Vertrauen Sie auf die Leistung der Batterien von Energizer.<\/p>\n","protected":false},"featured_media":0,"comment_status":"open","ping_status":"closed","template":"","meta":{"_acf_changed":false},"product_brand":[],"product_cat":[31],"product_tag":[],"class_list":{"0":"post-5056","1":"product","2":"type-product","3":"status-publish","5":"product_cat-energizer-recharge","7":"first","8":"instock","9":"shipping-taxable","10":"product-type-simple"},"acf":[],"yoast_head":"<!-- This site is optimized with the Yoast SEO plugin v27.4 - https:\/\/yoast.com\/product\/yoast-seo-wordpress\/ -->\n<title>ENERGIZER\u00ae RECHARGE EXTREME \u2013 AAA - Germany<\/title>\n<meta name=\"robots\" content=\"index, follow, max-snippet:-1, max-image-preview:large, max-video-preview:-1\" \/>\n<link rel=\"canonical\" href=\"https:\/\/energizer.com\/eu\/germany\/product\/energizer-recharge-extreme-aaa\/\" \/>\n<meta property=\"og:locale\" content=\"en_US\" \/>\n<meta property=\"og:type\" content=\"article\" \/>\n<meta property=\"og:title\" content=\"ENERGIZER\u00ae RECHARGE EXTREME \u2013 AAA - Germany\" \/>\n<meta property=\"og:description\" content=\"Holen Sie das Beste aus Ihren Alltags- und High-Tech-Ger\u00e4ten heraus mit der zuverl\u00e4ssigen Leistung der wiederaufladbaren Energizer Accu Recharge Extreme AAA-Batterien. Nutzen Sie diese wiederaufladbare Energizer-Batterien f\u00fcr Kameras und Gaming-Controller sowie f\u00fcr Lampen, Taschenlampen, Uhren und andere drahtlose Ger\u00e4te. Diese Batterie ist auch eine gute Wahl, wenn Sie eine langlebige AAA Recharge Gaming-Controller-Batterie ben\u00f6tigen. Die wiederaufladbaren Energizer Recharge AAA-Batterien sind immer bereit, wenn Sie es sind. Sie sind beim Kauf bereits vollst\u00e4ndig geladen und halten die Leistung bei der Lagerung bis zu 12 Monate lang. Jede Batterie kann mit jedem Energizer Recharge-Ladeger\u00e4t etwa 500 Mal wiederaufgeladen werden. Die Batterien sch\u00fctzen Ihre wichtigen Ger\u00e4te unter normalen Nutzungsbedingungen vor sch\u00e4dlichem Auslaufen. Diese Energizer Accu Recharge Extreme-Reihe umfasst auch AA-Batterien, so dass Sie ganz leicht die Leistung finden, die Sie brauchen. Seit der Entwicklung der weltweit ersten Verbraucherbatterie im Jahr 1896 ist Energizer Pionier in der Branche und blickt auf eine stolze Geschichte voller Innovationen zur\u00fcck, zu denen auch der erste Batterietester der Welt geh\u00f6rt. Die Marke setzt diese Philosophie auch in Umweltinitiativen um, zum Beispiel durch die Entwicklung des ersten wiederaufladbaren Batteriesystems 1958 oder der Einf\u00fchrung der ersten Batterie ohne Quecksilberzusatz 1989. Energizer Recharge-Batterien waren auch die ersten wiederaufladbaren Batterien, die recycelt werden konnten. Das Unternehmen arbeitet mit Organisationen zusammen, die Verbraucher ermutigen, informieren und bef\u00e4higen, nicht wiederaufladbare Batterien sowie Batterieverpackungen fachgerecht zu recyceln. Vertrauen Sie auf die Leistung der Batterien von Energizer.\" \/>\n<meta property=\"og:url\" content=\"https:\/\/energizer.com\/eu\/germany\/product\/energizer-recharge-extreme-aaa\/\" \/>\n<meta property=\"og:site_name\" content=\"Germany\" \/>\n<meta property=\"article:modified_time\" content=\"2025-02-04T09:52:26+00:00\" \/>\n<meta name=\"twitter:card\" content=\"summary_large_image\" \/>\n<script type=\"application\/ld+json\" class=\"yoast-schema-graph\">{\"@context\":\"https:\\\/\\\/schema.org\",\"@graph\":[{\"@type\":\"WebPage\",\"@id\":\"https:\\\/\\\/energizer.com\\\/eu\\\/germany\\\/product\\\/energizer-recharge-extreme-aaa\\\/\",\"url\":\"https:\\\/\\\/energizer.com\\\/eu\\\/germany\\\/product\\\/energizer-recharge-extreme-aaa\\\/\",\"name\":\"ENERGIZER\u00ae RECHARGE EXTREME \u2013 AAA - Germany\",\"isPartOf\":{\"@id\":\"https:\\\/\\\/energizer.com\\\/eu\\\/germany\\\/#website\"},\"datePublished\":\"2024-05-21T05:08:35+00:00\",\"dateModified\":\"2025-02-04T09:52:26+00:00\",\"breadcrumb\":{\"@id\":\"https:\\\/\\\/energizer.com\\\/eu\\\/germany\\\/product\\\/energizer-recharge-extreme-aaa\\\/#breadcrumb\"},\"inLanguage\":\"en-US\",\"potentialAction\":[{\"@type\":\"ReadAction\",\"target\":[\"https:\\\/\\\/energizer.com\\\/eu\\\/germany\\\/product\\\/energizer-recharge-extreme-aaa\\\/\"]}]},{\"@type\":\"BreadcrumbList\",\"@id\":\"https:\\\/\\\/energizer.com\\\/eu\\\/germany\\\/product\\\/energizer-recharge-extreme-aaa\\\/#breadcrumb\",\"itemListElement\":[{\"@type\":\"ListItem\",\"position\":1,\"name\":\"Home\",\"item\":\"https:\\\/\\\/energizer.com\\\/eu\\\/germany\\\/\"},{\"@type\":\"ListItem\",\"position\":2,\"name\":\"ENERGIZER\u00ae RECHARGE EXTREME \u2013 AAA\"}]},{\"@type\":\"WebSite\",\"@id\":\"https:\\\/\\\/energizer.com\\\/eu\\\/germany\\\/#website\",\"url\":\"https:\\\/\\\/energizer.com\\\/eu\\\/germany\\\/\",\"name\":\"Energizer Germany\",\"description\":\"\",\"publisher\":{\"@id\":\"https:\\\/\\\/energizer.com\\\/eu\\\/germany\\\/#organization\"},\"potentialAction\":[{\"@type\":\"SearchAction\",\"target\":{\"@type\":\"EntryPoint\",\"urlTemplate\":\"https:\\\/\\\/energizer.com\\\/eu\\\/germany\\\/?s={search_term_string}\"},\"query-input\":{\"@type\":\"PropertyValueSpecification\",\"valueRequired\":true,\"valueName\":\"search_term_string\"}}],\"inLanguage\":\"en-US\"},{\"@type\":\"Organization\",\"@id\":\"https:\\\/\\\/energizer.com\\\/eu\\\/germany\\\/#organization\",\"name\":\"Energizer Germany\",\"url\":\"https:\\\/\\\/energizer.com\\\/eu\\\/germany\\\/\",\"logo\":{\"@type\":\"ImageObject\",\"inLanguage\":\"en-US\",\"@id\":\"https:\\\/\\\/energizer.com\\\/eu\\\/germany\\\/#\\\/schema\\\/logo\\\/image\\\/\",\"url\":\"https:\\\/\\\/energizer.com\\\/eu\\\/germany\\\/wp-content\\\/uploads\\\/sites\\\/6\\\/2024\\\/04\\\/Energizer_brand.png\",\"contentUrl\":\"https:\\\/\\\/energizer.com\\\/eu\\\/germany\\\/wp-content\\\/uploads\\\/sites\\\/6\\\/2024\\\/04\\\/Energizer_brand.png\",\"width\":267,\"height\":100,\"caption\":\"Energizer Germany\"},\"image\":{\"@id\":\"https:\\\/\\\/energizer.com\\\/eu\\\/germany\\\/#\\\/schema\\\/logo\\\/image\\\/\"}}]}<\/script>\n<!-- \/ Yoast SEO plugin. -->","yoast_head_json":{"title":"ENERGIZER\u00ae RECHARGE EXTREME \u2013 AAA - Germany","robots":{"index":"index","follow":"follow","max-snippet":"max-snippet:-1","max-image-preview":"max-image-preview:large","max-video-preview":"max-video-preview:-1"},"canonical":"https:\/\/energizer.com\/eu\/germany\/product\/energizer-recharge-extreme-aaa\/","og_locale":"en_US","og_type":"article","og_title":"ENERGIZER\u00ae RECHARGE EXTREME \u2013 AAA - Germany","og_description":"Holen Sie das Beste aus Ihren Alltags- und High-Tech-Ger\u00e4ten heraus mit der zuverl\u00e4ssigen Leistung der wiederaufladbaren Energizer Accu Recharge Extreme AAA-Batterien. Nutzen Sie diese wiederaufladbare Energizer-Batterien f\u00fcr Kameras und Gaming-Controller sowie f\u00fcr Lampen, Taschenlampen, Uhren und andere drahtlose Ger\u00e4te. Diese Batterie ist auch eine gute Wahl, wenn Sie eine langlebige AAA Recharge Gaming-Controller-Batterie ben\u00f6tigen. Die wiederaufladbaren Energizer Recharge AAA-Batterien sind immer bereit, wenn Sie es sind. Sie sind beim Kauf bereits vollst\u00e4ndig geladen und halten die Leistung bei der Lagerung bis zu 12 Monate lang. Jede Batterie kann mit jedem Energizer Recharge-Ladeger\u00e4t etwa 500 Mal wiederaufgeladen werden. Die Batterien sch\u00fctzen Ihre wichtigen Ger\u00e4te unter normalen Nutzungsbedingungen vor sch\u00e4dlichem Auslaufen. Diese Energizer Accu Recharge Extreme-Reihe umfasst auch AA-Batterien, so dass Sie ganz leicht die Leistung finden, die Sie brauchen. Seit der Entwicklung der weltweit ersten Verbraucherbatterie im Jahr 1896 ist Energizer Pionier in der Branche und blickt auf eine stolze Geschichte voller Innovationen zur\u00fcck, zu denen auch der erste Batterietester der Welt geh\u00f6rt. Die Marke setzt diese Philosophie auch in Umweltinitiativen um, zum Beispiel durch die Entwicklung des ersten wiederaufladbaren Batteriesystems 1958 oder der Einf\u00fchrung der ersten Batterie ohne Quecksilberzusatz 1989. Energizer Recharge-Batterien waren auch die ersten wiederaufladbaren Batterien, die recycelt werden konnten. Das Unternehmen arbeitet mit Organisationen zusammen, die Verbraucher ermutigen, informieren und bef\u00e4higen, nicht wiederaufladbare Batterien sowie Batterieverpackungen fachgerecht zu recyceln. Vertrauen Sie auf die Leistung der Batterien von Energizer.","og_url":"https:\/\/energizer.com\/eu\/germany\/product\/energizer-recharge-extreme-aaa\/","og_site_name":"Germany","article_modified_time":"2025-02-04T09:52:26+00:00","twitter_card":"summary_large_image","schema":{"@context":"https:\/\/schema.org","@graph":[{"@type":"WebPage","@id":"https:\/\/energizer.com\/eu\/germany\/product\/energizer-recharge-extreme-aaa\/","url":"https:\/\/energizer.com\/eu\/germany\/product\/energizer-recharge-extreme-aaa\/","name":"ENERGIZER\u00ae RECHARGE EXTREME \u2013 AAA - Germany","isPartOf":{"@id":"https:\/\/energizer.com\/eu\/germany\/#website"},"datePublished":"2024-05-21T05:08:35+00:00","dateModified":"2025-02-04T09:52:26+00:00","breadcrumb":{"@id":"https:\/\/energizer.com\/eu\/germany\/product\/energizer-recharge-extreme-aaa\/#breadcrumb"},"inLanguage":"en-US","potentialAction":[{"@type":"ReadAction","target":["https:\/\/energizer.com\/eu\/germany\/product\/energizer-recharge-extreme-aaa\/"]}]},{"@type":"BreadcrumbList","@id":"https:\/\/energizer.com\/eu\/germany\/product\/energizer-recharge-extreme-aaa\/#breadcrumb","itemListElement":[{"@type":"ListItem","position":1,"name":"Home","item":"https:\/\/energizer.com\/eu\/germany\/"},{"@type":"ListItem","position":2,"name":"ENERGIZER\u00ae RECHARGE EXTREME \u2013 AAA"}]},{"@type":"WebSite","@id":"https:\/\/energizer.com\/eu\/germany\/#website","url":"https:\/\/energizer.com\/eu\/germany\/","name":"Energizer Germany","description":"","publisher":{"@id":"https:\/\/energizer.com\/eu\/germany\/#organization"},"potentialAction":[{"@type":"SearchAction","target":{"@type":"EntryPoint","urlTemplate":"https:\/\/energizer.com\/eu\/germany\/?s={search_term_string}"},"query-input":{"@type":"PropertyValueSpecification","valueRequired":true,"valueName":"search_term_string"}}],"inLanguage":"en-US"},{"@type":"Organization","@id":"https:\/\/energizer.com\/eu\/germany\/#organization","name":"Energizer Germany","url":"https:\/\/energizer.com\/eu\/germany\/","logo":{"@type":"ImageObject","inLanguage":"en-US","@id":"https:\/\/energizer.com\/eu\/germany\/#\/schema\/logo\/image\/","url":"https:\/\/energizer.com\/eu\/germany\/wp-content\/uploads\/sites\/6\/2024\/04\/Energizer_brand.png","contentUrl":"https:\/\/energizer.com\/eu\/germany\/wp-content\/uploads\/sites\/6\/2024\/04\/Energizer_brand.png","width":267,"height":100,"caption":"Energizer Germany"},"image":{"@id":"https:\/\/energizer.com\/eu\/germany\/#\/schema\/logo\/image\/"}}]}},"_links":{"self":[{"href":"https:\/\/energizer.com\/eu\/germany\/wp-json\/wp\/v2\/product\/5056","targetHints":{"allow":["GET"]}}],"collection":[{"href":"https:\/\/energizer.com\/eu\/germany\/wp-json\/wp\/v2\/product"}],"about":[{"href":"https:\/\/energizer.com\/eu\/germany\/wp-json\/wp\/v2\/types\/product"}],"replies":[{"embeddable":true,"href":"https:\/\/energizer.com\/eu\/germany\/wp-json\/wp\/v2\/comments?post=5056"}],"version-history":[{"count":11,"href":"https:\/\/energizer.com\/eu\/germany\/wp-json\/wp\/v2\/product\/5056\/revisions"}],"predecessor-version":[{"id":10409,"href":"https:\/\/energizer.com\/eu\/germany\/wp-json\/wp\/v2\/product\/5056\/revisions\/10409"}],"wp:attachment":[{"href":"https:\/\/energizer.com\/eu\/germany\/wp-json\/wp\/v2\/media?parent=5056"}],"wp:term":[{"taxonomy":"product_brand","embeddable":true,"href":"https:\/\/energizer.com\/eu\/germany\/wp-json\/wp\/v2\/product_brand?post=5056"},{"taxonomy":"product_cat","embeddable":true,"href":"https:\/\/energizer.com\/eu\/germany\/wp-json\/wp\/v2\/product_cat?post=5056"},{"taxonomy":"product_tag","embeddable":true,"href":"https:\/\/energizer.com\/eu\/germany\/wp-json\/wp\/v2\/product_tag?post=5056"}],"curies":[{"name":"wp","href":"https:\/\/api.w.org\/{rel}","templated":true}]}}