{"id":5201,"date":"2024-05-21T13:59:06","date_gmt":"2024-05-21T13:59:06","guid":{"rendered":"https:\/\/23b13e8ab3.nxcli.io\/germany\/?post_type=product&#038;p=5201"},"modified":"2024-08-23T07:26:06","modified_gmt":"2024-08-23T07:26:06","slug":"energizer-x-focus-small-torch","status":"publish","type":"product","link":"https:\/\/energizer.com\/eu\/germany\/product\/energizer-x-focus-small-torch\/","title":{"rendered":"Energizer X Focus (small) Torch"},"content":{"rendered":"<ul>\n<li>Einstellbarer fokussierbarer Lichtstrahl<\/li>\n<li>Ausgestattet mit praktischem Schwanzschalter<\/li>\n<li>Rutschfester Griff und integrierte Trageschlaufe<\/li>\n<li>Kompakt und leicht<\/li>\n<li>Bis zu 10x heller als herk\u00f6mmliche LED-Technologie<\/li>\n<li>Lang anhaltende Leistung<\/li>\n<li>Hervorragende Leuchtweite<\/li>\n<li>Wasserfest f\u00fcr den Au\u00dfeneinsatz<\/li>\n<\/ul>\n","protected":false},"excerpt":{"rendered":"<p>Mit ihrem kompakten und leichten Design ist die Energizer X-Focus eine helle Taschenlampe mit der neuesten LED-Technologie. Die Leuchte verf\u00fcgt \u00fcber eine au\u00dfergew\u00f6hnliche Strahlflexibilit\u00e4t durch eine verstellbare Fokussierlinse. Durch einfaches Drehen kann der Benutzer den Lichtstrahl entweder auf ein starkes Spotlicht oder ein breites Flutlicht einstellen, um alle Beleuchtungsanforderungen zu erf\u00fcllen. Die Leuchte ist mit einem rutschfesten Griff, einer Trageschlaufe und einer bruchsicheren Linse ausgestattet, um die Haltbarkeit zu erh\u00f6hen. Die Energizer X-Focus ist eine wirklich leistungsstarke und dennoch kompakte Leuchte f\u00fcr alle Beleuchtungsanforderungen im Innen- und Au\u00dfenbereich.<\/p>\n","protected":false},"featured_media":0,"comment_status":"open","ping_status":"closed","template":"","meta":{"_acf_changed":false},"product_brand":[],"product_cat":[97],"product_tag":[],"class_list":{"0":"post-5201","1":"product","2":"type-product","3":"status-publish","5":"product_cat-handheld","6":"pa_uses-everyday","8":"first","9":"instock","10":"shipping-taxable","11":"product-type-simple"},"acf":[],"yoast_head":"<!-- This site is optimized with the Yoast SEO plugin v27.4 - https:\/\/yoast.com\/product\/yoast-seo-wordpress\/ -->\n<title>Energizer X Focus (small) Torch - Germany<\/title>\n<meta name=\"robots\" content=\"index, follow, max-snippet:-1, max-image-preview:large, max-video-preview:-1\" \/>\n<link rel=\"canonical\" href=\"https:\/\/energizer.com\/eu\/germany\/product\/energizer-x-focus-small-torch\/\" \/>\n<meta property=\"og:locale\" content=\"en_US\" \/>\n<meta property=\"og:type\" content=\"article\" \/>\n<meta property=\"og:title\" content=\"Energizer X Focus (small) Torch - Germany\" \/>\n<meta property=\"og:description\" content=\"Mit ihrem kompakten und leichten Design ist die Energizer X-Focus eine helle Taschenlampe mit der neuesten LED-Technologie. Die Leuchte verf\u00fcgt \u00fcber eine au\u00dfergew\u00f6hnliche Strahlflexibilit\u00e4t durch eine verstellbare Fokussierlinse. Durch einfaches Drehen kann der Benutzer den Lichtstrahl entweder auf ein starkes Spotlicht oder ein breites Flutlicht einstellen, um alle Beleuchtungsanforderungen zu erf\u00fcllen. Die Leuchte ist mit einem rutschfesten Griff, einer Trageschlaufe und einer bruchsicheren Linse ausgestattet, um die Haltbarkeit zu erh\u00f6hen. Die Energizer X-Focus ist eine wirklich leistungsstarke und dennoch kompakte Leuchte f\u00fcr alle Beleuchtungsanforderungen im Innen- und Au\u00dfenbereich.\" \/>\n<meta property=\"og:url\" content=\"https:\/\/energizer.com\/eu\/germany\/product\/energizer-x-focus-small-torch\/\" \/>\n<meta property=\"og:site_name\" content=\"Germany\" \/>\n<meta property=\"article:modified_time\" content=\"2024-08-23T07:26:06+00:00\" \/>\n<meta name=\"twitter:card\" content=\"summary_large_image\" \/>\n<script type=\"application\/ld+json\" class=\"yoast-schema-graph\">{\"@context\":\"https:\\\/\\\/schema.org\",\"@graph\":[{\"@type\":\"WebPage\",\"@id\":\"https:\\\/\\\/energizer.com\\\/eu\\\/germany\\\/product\\\/energizer-x-focus-small-torch\\\/\",\"url\":\"https:\\\/\\\/energizer.com\\\/eu\\\/germany\\\/product\\\/energizer-x-focus-small-torch\\\/\",\"name\":\"Energizer X Focus (small) Torch - Germany\",\"isPartOf\":{\"@id\":\"https:\\\/\\\/energizer.com\\\/eu\\\/germany\\\/#website\"},\"datePublished\":\"2024-05-21T13:59:06+00:00\",\"dateModified\":\"2024-08-23T07:26:06+00:00\",\"breadcrumb\":{\"@id\":\"https:\\\/\\\/energizer.com\\\/eu\\\/germany\\\/product\\\/energizer-x-focus-small-torch\\\/#breadcrumb\"},\"inLanguage\":\"en-US\",\"potentialAction\":[{\"@type\":\"ReadAction\",\"target\":[\"https:\\\/\\\/energizer.com\\\/eu\\\/germany\\\/product\\\/energizer-x-focus-small-torch\\\/\"]}]},{\"@type\":\"BreadcrumbList\",\"@id\":\"https:\\\/\\\/energizer.com\\\/eu\\\/germany\\\/product\\\/energizer-x-focus-small-torch\\\/#breadcrumb\",\"itemListElement\":[{\"@type\":\"ListItem\",\"position\":1,\"name\":\"Home\",\"item\":\"https:\\\/\\\/energizer.com\\\/eu\\\/germany\\\/\"},{\"@type\":\"ListItem\",\"position\":2,\"name\":\"Energizer X Focus (small) Torch\"}]},{\"@type\":\"WebSite\",\"@id\":\"https:\\\/\\\/energizer.com\\\/eu\\\/germany\\\/#website\",\"url\":\"https:\\\/\\\/energizer.com\\\/eu\\\/germany\\\/\",\"name\":\"Energizer Germany\",\"description\":\"\",\"publisher\":{\"@id\":\"https:\\\/\\\/energizer.com\\\/eu\\\/germany\\\/#organization\"},\"potentialAction\":[{\"@type\":\"SearchAction\",\"target\":{\"@type\":\"EntryPoint\",\"urlTemplate\":\"https:\\\/\\\/energizer.com\\\/eu\\\/germany\\\/?s={search_term_string}\"},\"query-input\":{\"@type\":\"PropertyValueSpecification\",\"valueRequired\":true,\"valueName\":\"search_term_string\"}}],\"inLanguage\":\"en-US\"},{\"@type\":\"Organization\",\"@id\":\"https:\\\/\\\/energizer.com\\\/eu\\\/germany\\\/#organization\",\"name\":\"Energizer Germany\",\"url\":\"https:\\\/\\\/energizer.com\\\/eu\\\/germany\\\/\",\"logo\":{\"@type\":\"ImageObject\",\"inLanguage\":\"en-US\",\"@id\":\"https:\\\/\\\/energizer.com\\\/eu\\\/germany\\\/#\\\/schema\\\/logo\\\/image\\\/\",\"url\":\"https:\\\/\\\/energizer.com\\\/eu\\\/germany\\\/wp-content\\\/uploads\\\/sites\\\/6\\\/2024\\\/04\\\/Energizer_brand.png\",\"contentUrl\":\"https:\\\/\\\/energizer.com\\\/eu\\\/germany\\\/wp-content\\\/uploads\\\/sites\\\/6\\\/2024\\\/04\\\/Energizer_brand.png\",\"width\":267,\"height\":100,\"caption\":\"Energizer Germany\"},\"image\":{\"@id\":\"https:\\\/\\\/energizer.com\\\/eu\\\/germany\\\/#\\\/schema\\\/logo\\\/image\\\/\"}}]}<\/script>\n<!-- \/ Yoast SEO plugin. -->","yoast_head_json":{"title":"Energizer X Focus (small) Torch - Germany","robots":{"index":"index","follow":"follow","max-snippet":"max-snippet:-1","max-image-preview":"max-image-preview:large","max-video-preview":"max-video-preview:-1"},"canonical":"https:\/\/energizer.com\/eu\/germany\/product\/energizer-x-focus-small-torch\/","og_locale":"en_US","og_type":"article","og_title":"Energizer X Focus (small) Torch - Germany","og_description":"Mit ihrem kompakten und leichten Design ist die Energizer X-Focus eine helle Taschenlampe mit der neuesten LED-Technologie. Die Leuchte verf\u00fcgt \u00fcber eine au\u00dfergew\u00f6hnliche Strahlflexibilit\u00e4t durch eine verstellbare Fokussierlinse. Durch einfaches Drehen kann der Benutzer den Lichtstrahl entweder auf ein starkes Spotlicht oder ein breites Flutlicht einstellen, um alle Beleuchtungsanforderungen zu erf\u00fcllen. Die Leuchte ist mit einem rutschfesten Griff, einer Trageschlaufe und einer bruchsicheren Linse ausgestattet, um die Haltbarkeit zu erh\u00f6hen. Die Energizer X-Focus ist eine wirklich leistungsstarke und dennoch kompakte Leuchte f\u00fcr alle Beleuchtungsanforderungen im Innen- und Au\u00dfenbereich.","og_url":"https:\/\/energizer.com\/eu\/germany\/product\/energizer-x-focus-small-torch\/","og_site_name":"Germany","article_modified_time":"2024-08-23T07:26:06+00:00","twitter_card":"summary_large_image","schema":{"@context":"https:\/\/schema.org","@graph":[{"@type":"WebPage","@id":"https:\/\/energizer.com\/eu\/germany\/product\/energizer-x-focus-small-torch\/","url":"https:\/\/energizer.com\/eu\/germany\/product\/energizer-x-focus-small-torch\/","name":"Energizer X Focus (small) Torch - Germany","isPartOf":{"@id":"https:\/\/energizer.com\/eu\/germany\/#website"},"datePublished":"2024-05-21T13:59:06+00:00","dateModified":"2024-08-23T07:26:06+00:00","breadcrumb":{"@id":"https:\/\/energizer.com\/eu\/germany\/product\/energizer-x-focus-small-torch\/#breadcrumb"},"inLanguage":"en-US","potentialAction":[{"@type":"ReadAction","target":["https:\/\/energizer.com\/eu\/germany\/product\/energizer-x-focus-small-torch\/"]}]},{"@type":"BreadcrumbList","@id":"https:\/\/energizer.com\/eu\/germany\/product\/energizer-x-focus-small-torch\/#breadcrumb","itemListElement":[{"@type":"ListItem","position":1,"name":"Home","item":"https:\/\/energizer.com\/eu\/germany\/"},{"@type":"ListItem","position":2,"name":"Energizer X Focus (small) Torch"}]},{"@type":"WebSite","@id":"https:\/\/energizer.com\/eu\/germany\/#website","url":"https:\/\/energizer.com\/eu\/germany\/","name":"Energizer Germany","description":"","publisher":{"@id":"https:\/\/energizer.com\/eu\/germany\/#organization"},"potentialAction":[{"@type":"SearchAction","target":{"@type":"EntryPoint","urlTemplate":"https:\/\/energizer.com\/eu\/germany\/?s={search_term_string}"},"query-input":{"@type":"PropertyValueSpecification","valueRequired":true,"valueName":"search_term_string"}}],"inLanguage":"en-US"},{"@type":"Organization","@id":"https:\/\/energizer.com\/eu\/germany\/#organization","name":"Energizer Germany","url":"https:\/\/energizer.com\/eu\/germany\/","logo":{"@type":"ImageObject","inLanguage":"en-US","@id":"https:\/\/energizer.com\/eu\/germany\/#\/schema\/logo\/image\/","url":"https:\/\/energizer.com\/eu\/germany\/wp-content\/uploads\/sites\/6\/2024\/04\/Energizer_brand.png","contentUrl":"https:\/\/energizer.com\/eu\/germany\/wp-content\/uploads\/sites\/6\/2024\/04\/Energizer_brand.png","width":267,"height":100,"caption":"Energizer Germany"},"image":{"@id":"https:\/\/energizer.com\/eu\/germany\/#\/schema\/logo\/image\/"}}]}},"_links":{"self":[{"href":"https:\/\/energizer.com\/eu\/germany\/wp-json\/wp\/v2\/product\/5201","targetHints":{"allow":["GET"]}}],"collection":[{"href":"https:\/\/energizer.com\/eu\/germany\/wp-json\/wp\/v2\/product"}],"about":[{"href":"https:\/\/energizer.com\/eu\/germany\/wp-json\/wp\/v2\/types\/product"}],"replies":[{"embeddable":true,"href":"https:\/\/energizer.com\/eu\/germany\/wp-json\/wp\/v2\/comments?post=5201"}],"version-history":[{"count":2,"href":"https:\/\/energizer.com\/eu\/germany\/wp-json\/wp\/v2\/product\/5201\/revisions"}],"predecessor-version":[{"id":7903,"href":"https:\/\/energizer.com\/eu\/germany\/wp-json\/wp\/v2\/product\/5201\/revisions\/7903"}],"wp:attachment":[{"href":"https:\/\/energizer.com\/eu\/germany\/wp-json\/wp\/v2\/media?parent=5201"}],"wp:term":[{"taxonomy":"product_brand","embeddable":true,"href":"https:\/\/energizer.com\/eu\/germany\/wp-json\/wp\/v2\/product_brand?post=5201"},{"taxonomy":"product_cat","embeddable":true,"href":"https:\/\/energizer.com\/eu\/germany\/wp-json\/wp\/v2\/product_cat?post=5201"},{"taxonomy":"product_tag","embeddable":true,"href":"https:\/\/energizer.com\/eu\/germany\/wp-json\/wp\/v2\/product_tag?post=5201"}],"curies":[{"name":"wp","href":"https:\/\/api.w.org\/{rel}","templated":true}]}}