{"id":5227,"date":"2024-05-21T18:58:25","date_gmt":"2024-05-21T18:58:25","guid":{"rendered":"https:\/\/23b13e8ab3.nxcli.io\/germany\/?post_type=product&#038;p=5227"},"modified":"2024-08-23T07:24:59","modified_gmt":"2024-08-23T07:24:59","slug":"energizer-metal-torch-3aaa","status":"publish","type":"product","link":"https:\/\/energizer.com\/eu\/germany\/product\/energizer-metal-torch-3aaa\/","title":{"rendered":"Energizer Metal Torch 3AAA"},"content":{"rendered":"<ul>\n<li>3 wei\u00dfe LED<\/li>\n<li>Extrem leicht, Sie k\u00f6nnen es \u00fcberallhin mitnehmen<\/li>\n<li>Sto\u00dffest<\/li>\n<li>Mit Umh\u00e4ngeband &#8211; einfach zum Mitnehmen<\/li>\n<li>Funktioniert mit 3 x AAA-Batterien<\/li>\n<\/ul>\n","protected":false},"excerpt":{"rendered":"<p>Die Energizer Metall-Taschenlampe bietet ein ausgewogenes Verh\u00e4ltnis von hellem Licht und beeindruckender Laufzeit, geb\u00fcndelt in einer kompakten Gr\u00f6\u00dfe. Die Lampe verf\u00fcgt \u00fcber eine langlebige Metallkonstruktion f\u00fcr zus\u00e4tzliche Zuverl\u00e4ssigkeit. Der strukturierte Griff sorgt daf\u00fcr, dass die Lampe sicher in der Hand liegt, w\u00e4hrend die Befestigung am Schl\u00fcsselband den Transport erleichtert.<\/p>\n","protected":false},"featured_media":0,"comment_status":"open","ping_status":"closed","template":"","meta":{"_acf_changed":false},"product_brand":[],"product_cat":[97],"product_tag":[],"class_list":{"0":"post-5227","1":"product","2":"type-product","3":"status-publish","5":"product_cat-handheld","6":"pa_uses-everyday","8":"first","9":"instock","10":"shipping-taxable","11":"product-type-simple"},"acf":[],"yoast_head":"<!-- This site is optimized with the Yoast SEO plugin v27.4 - https:\/\/yoast.com\/product\/yoast-seo-wordpress\/ -->\n<title>Energizer Metal Torch 3AAA - Germany<\/title>\n<meta name=\"robots\" content=\"index, follow, max-snippet:-1, max-image-preview:large, max-video-preview:-1\" \/>\n<link rel=\"canonical\" href=\"https:\/\/energizer.com\/eu\/germany\/product\/energizer-metal-torch-3aaa\/\" \/>\n<meta property=\"og:locale\" content=\"en_US\" \/>\n<meta property=\"og:type\" content=\"article\" \/>\n<meta property=\"og:title\" content=\"Energizer Metal Torch 3AAA - Germany\" \/>\n<meta property=\"og:description\" content=\"Die Energizer Metall-Taschenlampe bietet ein ausgewogenes Verh\u00e4ltnis von hellem Licht und beeindruckender Laufzeit, geb\u00fcndelt in einer kompakten Gr\u00f6\u00dfe. Die Lampe verf\u00fcgt \u00fcber eine langlebige Metallkonstruktion f\u00fcr zus\u00e4tzliche Zuverl\u00e4ssigkeit. Der strukturierte Griff sorgt daf\u00fcr, dass die Lampe sicher in der Hand liegt, w\u00e4hrend die Befestigung am Schl\u00fcsselband den Transport erleichtert.\" \/>\n<meta property=\"og:url\" content=\"https:\/\/energizer.com\/eu\/germany\/product\/energizer-metal-torch-3aaa\/\" \/>\n<meta property=\"og:site_name\" content=\"Germany\" \/>\n<meta property=\"article:modified_time\" content=\"2024-08-23T07:24:59+00:00\" \/>\n<meta name=\"twitter:card\" content=\"summary_large_image\" \/>\n<script type=\"application\/ld+json\" class=\"yoast-schema-graph\">{\"@context\":\"https:\\\/\\\/schema.org\",\"@graph\":[{\"@type\":\"WebPage\",\"@id\":\"https:\\\/\\\/energizer.com\\\/eu\\\/germany\\\/product\\\/energizer-metal-torch-3aaa\\\/\",\"url\":\"https:\\\/\\\/energizer.com\\\/eu\\\/germany\\\/product\\\/energizer-metal-torch-3aaa\\\/\",\"name\":\"Energizer Metal Torch 3AAA - Germany\",\"isPartOf\":{\"@id\":\"https:\\\/\\\/energizer.com\\\/eu\\\/germany\\\/#website\"},\"datePublished\":\"2024-05-21T18:58:25+00:00\",\"dateModified\":\"2024-08-23T07:24:59+00:00\",\"breadcrumb\":{\"@id\":\"https:\\\/\\\/energizer.com\\\/eu\\\/germany\\\/product\\\/energizer-metal-torch-3aaa\\\/#breadcrumb\"},\"inLanguage\":\"en-US\",\"potentialAction\":[{\"@type\":\"ReadAction\",\"target\":[\"https:\\\/\\\/energizer.com\\\/eu\\\/germany\\\/product\\\/energizer-metal-torch-3aaa\\\/\"]}]},{\"@type\":\"BreadcrumbList\",\"@id\":\"https:\\\/\\\/energizer.com\\\/eu\\\/germany\\\/product\\\/energizer-metal-torch-3aaa\\\/#breadcrumb\",\"itemListElement\":[{\"@type\":\"ListItem\",\"position\":1,\"name\":\"Home\",\"item\":\"https:\\\/\\\/energizer.com\\\/eu\\\/germany\\\/\"},{\"@type\":\"ListItem\",\"position\":2,\"name\":\"Energizer Metal Torch 3AAA\"}]},{\"@type\":\"WebSite\",\"@id\":\"https:\\\/\\\/energizer.com\\\/eu\\\/germany\\\/#website\",\"url\":\"https:\\\/\\\/energizer.com\\\/eu\\\/germany\\\/\",\"name\":\"Energizer Germany\",\"description\":\"\",\"publisher\":{\"@id\":\"https:\\\/\\\/energizer.com\\\/eu\\\/germany\\\/#organization\"},\"potentialAction\":[{\"@type\":\"SearchAction\",\"target\":{\"@type\":\"EntryPoint\",\"urlTemplate\":\"https:\\\/\\\/energizer.com\\\/eu\\\/germany\\\/?s={search_term_string}\"},\"query-input\":{\"@type\":\"PropertyValueSpecification\",\"valueRequired\":true,\"valueName\":\"search_term_string\"}}],\"inLanguage\":\"en-US\"},{\"@type\":\"Organization\",\"@id\":\"https:\\\/\\\/energizer.com\\\/eu\\\/germany\\\/#organization\",\"name\":\"Energizer Germany\",\"url\":\"https:\\\/\\\/energizer.com\\\/eu\\\/germany\\\/\",\"logo\":{\"@type\":\"ImageObject\",\"inLanguage\":\"en-US\",\"@id\":\"https:\\\/\\\/energizer.com\\\/eu\\\/germany\\\/#\\\/schema\\\/logo\\\/image\\\/\",\"url\":\"https:\\\/\\\/energizer.com\\\/eu\\\/germany\\\/wp-content\\\/uploads\\\/sites\\\/6\\\/2024\\\/04\\\/Energizer_brand.png\",\"contentUrl\":\"https:\\\/\\\/energizer.com\\\/eu\\\/germany\\\/wp-content\\\/uploads\\\/sites\\\/6\\\/2024\\\/04\\\/Energizer_brand.png\",\"width\":267,\"height\":100,\"caption\":\"Energizer Germany\"},\"image\":{\"@id\":\"https:\\\/\\\/energizer.com\\\/eu\\\/germany\\\/#\\\/schema\\\/logo\\\/image\\\/\"}}]}<\/script>\n<!-- \/ Yoast SEO plugin. -->","yoast_head_json":{"title":"Energizer Metal Torch 3AAA - Germany","robots":{"index":"index","follow":"follow","max-snippet":"max-snippet:-1","max-image-preview":"max-image-preview:large","max-video-preview":"max-video-preview:-1"},"canonical":"https:\/\/energizer.com\/eu\/germany\/product\/energizer-metal-torch-3aaa\/","og_locale":"en_US","og_type":"article","og_title":"Energizer Metal Torch 3AAA - Germany","og_description":"Die Energizer Metall-Taschenlampe bietet ein ausgewogenes Verh\u00e4ltnis von hellem Licht und beeindruckender Laufzeit, geb\u00fcndelt in einer kompakten Gr\u00f6\u00dfe. Die Lampe verf\u00fcgt \u00fcber eine langlebige Metallkonstruktion f\u00fcr zus\u00e4tzliche Zuverl\u00e4ssigkeit. Der strukturierte Griff sorgt daf\u00fcr, dass die Lampe sicher in der Hand liegt, w\u00e4hrend die Befestigung am Schl\u00fcsselband den Transport erleichtert.","og_url":"https:\/\/energizer.com\/eu\/germany\/product\/energizer-metal-torch-3aaa\/","og_site_name":"Germany","article_modified_time":"2024-08-23T07:24:59+00:00","twitter_card":"summary_large_image","schema":{"@context":"https:\/\/schema.org","@graph":[{"@type":"WebPage","@id":"https:\/\/energizer.com\/eu\/germany\/product\/energizer-metal-torch-3aaa\/","url":"https:\/\/energizer.com\/eu\/germany\/product\/energizer-metal-torch-3aaa\/","name":"Energizer Metal Torch 3AAA - Germany","isPartOf":{"@id":"https:\/\/energizer.com\/eu\/germany\/#website"},"datePublished":"2024-05-21T18:58:25+00:00","dateModified":"2024-08-23T07:24:59+00:00","breadcrumb":{"@id":"https:\/\/energizer.com\/eu\/germany\/product\/energizer-metal-torch-3aaa\/#breadcrumb"},"inLanguage":"en-US","potentialAction":[{"@type":"ReadAction","target":["https:\/\/energizer.com\/eu\/germany\/product\/energizer-metal-torch-3aaa\/"]}]},{"@type":"BreadcrumbList","@id":"https:\/\/energizer.com\/eu\/germany\/product\/energizer-metal-torch-3aaa\/#breadcrumb","itemListElement":[{"@type":"ListItem","position":1,"name":"Home","item":"https:\/\/energizer.com\/eu\/germany\/"},{"@type":"ListItem","position":2,"name":"Energizer Metal Torch 3AAA"}]},{"@type":"WebSite","@id":"https:\/\/energizer.com\/eu\/germany\/#website","url":"https:\/\/energizer.com\/eu\/germany\/","name":"Energizer Germany","description":"","publisher":{"@id":"https:\/\/energizer.com\/eu\/germany\/#organization"},"potentialAction":[{"@type":"SearchAction","target":{"@type":"EntryPoint","urlTemplate":"https:\/\/energizer.com\/eu\/germany\/?s={search_term_string}"},"query-input":{"@type":"PropertyValueSpecification","valueRequired":true,"valueName":"search_term_string"}}],"inLanguage":"en-US"},{"@type":"Organization","@id":"https:\/\/energizer.com\/eu\/germany\/#organization","name":"Energizer Germany","url":"https:\/\/energizer.com\/eu\/germany\/","logo":{"@type":"ImageObject","inLanguage":"en-US","@id":"https:\/\/energizer.com\/eu\/germany\/#\/schema\/logo\/image\/","url":"https:\/\/energizer.com\/eu\/germany\/wp-content\/uploads\/sites\/6\/2024\/04\/Energizer_brand.png","contentUrl":"https:\/\/energizer.com\/eu\/germany\/wp-content\/uploads\/sites\/6\/2024\/04\/Energizer_brand.png","width":267,"height":100,"caption":"Energizer Germany"},"image":{"@id":"https:\/\/energizer.com\/eu\/germany\/#\/schema\/logo\/image\/"}}]}},"_links":{"self":[{"href":"https:\/\/energizer.com\/eu\/germany\/wp-json\/wp\/v2\/product\/5227","targetHints":{"allow":["GET"]}}],"collection":[{"href":"https:\/\/energizer.com\/eu\/germany\/wp-json\/wp\/v2\/product"}],"about":[{"href":"https:\/\/energizer.com\/eu\/germany\/wp-json\/wp\/v2\/types\/product"}],"replies":[{"embeddable":true,"href":"https:\/\/energizer.com\/eu\/germany\/wp-json\/wp\/v2\/comments?post=5227"}],"version-history":[{"count":3,"href":"https:\/\/energizer.com\/eu\/germany\/wp-json\/wp\/v2\/product\/5227\/revisions"}],"predecessor-version":[{"id":7891,"href":"https:\/\/energizer.com\/eu\/germany\/wp-json\/wp\/v2\/product\/5227\/revisions\/7891"}],"wp:attachment":[{"href":"https:\/\/energizer.com\/eu\/germany\/wp-json\/wp\/v2\/media?parent=5227"}],"wp:term":[{"taxonomy":"product_brand","embeddable":true,"href":"https:\/\/energizer.com\/eu\/germany\/wp-json\/wp\/v2\/product_brand?post=5227"},{"taxonomy":"product_cat","embeddable":true,"href":"https:\/\/energizer.com\/eu\/germany\/wp-json\/wp\/v2\/product_cat?post=5227"},{"taxonomy":"product_tag","embeddable":true,"href":"https:\/\/energizer.com\/eu\/germany\/wp-json\/wp\/v2\/product_tag?post=5227"}],"curies":[{"name":"wp","href":"https:\/\/api.w.org\/{rel}","templated":true}]}}