{"id":5235,"date":"2024-05-21T19:15:56","date_gmt":"2024-05-21T19:15:56","guid":{"rendered":"https:\/\/23b13e8ab3.nxcli.io\/germany\/?post_type=product&#038;p=5235"},"modified":"2024-08-23T07:24:50","modified_gmt":"2024-08-23T07:24:50","slug":"energizer-metal-pen-light","status":"publish","type":"product","link":"https:\/\/energizer.com\/eu\/germany\/product\/energizer-metal-pen-light\/","title":{"rendered":"Energizer Metal Pen Light"},"content":{"rendered":"<ul>\n<li>Langlebige Konstruktion mit einem robusten Metallclip<\/li>\n<li>Fallfest<\/li>\n<li>Leicht zu bedienender Heckschalter<\/li>\n<li>Bis zu 4-mal heller als Standard-LED-Technologie<\/li>\n<li>Lange Betriebszeit<\/li>\n<li>Merkmale LED-Technologie<\/li>\n<li>Betrieben mit 2 AAA-Batterien<\/li>\n<\/ul>\n","protected":false},"excerpt":{"rendered":"<p>Die Energizer Metal Pen Light bietet eine au\u00dfergew\u00f6hnliche Helligkeit und Laufzeit in einer robusten Metallkonstruktion. Entwickelt, um Benutzern eine helle, gerichtete Beleuchtung zu bieten, ist das Licht ideal f\u00fcr den Einsatz in engen R\u00e4umen. Die Energizer Metal Pen Light ist leicht, kompakt und passt problemlos in eine Tasche. Der robuste Metallclip sorgt f\u00fcr einen sicheren Halt und macht die Energizer Metal Pen Light zu einer gro\u00dfartigen L\u00f6sung f\u00fcr zu Hause oder am Arbeitsplatz.<\/p>\n","protected":false},"featured_media":0,"comment_status":"open","ping_status":"closed","template":"","meta":{"_acf_changed":false},"product_brand":[],"product_cat":[97],"product_tag":[],"class_list":{"0":"post-5235","1":"product","2":"type-product","3":"status-publish","5":"product_cat-handheld","6":"pa_uses-everyday","8":"first","9":"instock","10":"shipping-taxable","11":"product-type-simple"},"acf":[],"yoast_head":"<!-- This site is optimized with the Yoast SEO plugin v27.4 - https:\/\/yoast.com\/product\/yoast-seo-wordpress\/ -->\n<title>Energizer Metal Pen Light - Germany<\/title>\n<meta name=\"robots\" content=\"index, follow, max-snippet:-1, max-image-preview:large, max-video-preview:-1\" \/>\n<link rel=\"canonical\" href=\"https:\/\/energizer.com\/eu\/germany\/product\/energizer-metal-pen-light\/\" \/>\n<meta property=\"og:locale\" content=\"en_US\" \/>\n<meta property=\"og:type\" content=\"article\" \/>\n<meta property=\"og:title\" content=\"Energizer Metal Pen Light - Germany\" \/>\n<meta property=\"og:description\" content=\"Die Energizer Metal Pen Light bietet eine au\u00dfergew\u00f6hnliche Helligkeit und Laufzeit in einer robusten Metallkonstruktion. Entwickelt, um Benutzern eine helle, gerichtete Beleuchtung zu bieten, ist das Licht ideal f\u00fcr den Einsatz in engen R\u00e4umen. Die Energizer Metal Pen Light ist leicht, kompakt und passt problemlos in eine Tasche. Der robuste Metallclip sorgt f\u00fcr einen sicheren Halt und macht die Energizer Metal Pen Light zu einer gro\u00dfartigen L\u00f6sung f\u00fcr zu Hause oder am Arbeitsplatz.\" \/>\n<meta property=\"og:url\" content=\"https:\/\/energizer.com\/eu\/germany\/product\/energizer-metal-pen-light\/\" \/>\n<meta property=\"og:site_name\" content=\"Germany\" \/>\n<meta property=\"article:modified_time\" content=\"2024-08-23T07:24:50+00:00\" \/>\n<meta name=\"twitter:card\" content=\"summary_large_image\" \/>\n<script type=\"application\/ld+json\" class=\"yoast-schema-graph\">{\"@context\":\"https:\\\/\\\/schema.org\",\"@graph\":[{\"@type\":\"WebPage\",\"@id\":\"https:\\\/\\\/energizer.com\\\/eu\\\/germany\\\/product\\\/energizer-metal-pen-light\\\/\",\"url\":\"https:\\\/\\\/energizer.com\\\/eu\\\/germany\\\/product\\\/energizer-metal-pen-light\\\/\",\"name\":\"Energizer Metal Pen Light - Germany\",\"isPartOf\":{\"@id\":\"https:\\\/\\\/energizer.com\\\/eu\\\/germany\\\/#website\"},\"datePublished\":\"2024-05-21T19:15:56+00:00\",\"dateModified\":\"2024-08-23T07:24:50+00:00\",\"breadcrumb\":{\"@id\":\"https:\\\/\\\/energizer.com\\\/eu\\\/germany\\\/product\\\/energizer-metal-pen-light\\\/#breadcrumb\"},\"inLanguage\":\"en-US\",\"potentialAction\":[{\"@type\":\"ReadAction\",\"target\":[\"https:\\\/\\\/energizer.com\\\/eu\\\/germany\\\/product\\\/energizer-metal-pen-light\\\/\"]}]},{\"@type\":\"BreadcrumbList\",\"@id\":\"https:\\\/\\\/energizer.com\\\/eu\\\/germany\\\/product\\\/energizer-metal-pen-light\\\/#breadcrumb\",\"itemListElement\":[{\"@type\":\"ListItem\",\"position\":1,\"name\":\"Home\",\"item\":\"https:\\\/\\\/energizer.com\\\/eu\\\/germany\\\/\"},{\"@type\":\"ListItem\",\"position\":2,\"name\":\"Energizer Metal Pen Light\"}]},{\"@type\":\"WebSite\",\"@id\":\"https:\\\/\\\/energizer.com\\\/eu\\\/germany\\\/#website\",\"url\":\"https:\\\/\\\/energizer.com\\\/eu\\\/germany\\\/\",\"name\":\"Energizer Germany\",\"description\":\"\",\"publisher\":{\"@id\":\"https:\\\/\\\/energizer.com\\\/eu\\\/germany\\\/#organization\"},\"potentialAction\":[{\"@type\":\"SearchAction\",\"target\":{\"@type\":\"EntryPoint\",\"urlTemplate\":\"https:\\\/\\\/energizer.com\\\/eu\\\/germany\\\/?s={search_term_string}\"},\"query-input\":{\"@type\":\"PropertyValueSpecification\",\"valueRequired\":true,\"valueName\":\"search_term_string\"}}],\"inLanguage\":\"en-US\"},{\"@type\":\"Organization\",\"@id\":\"https:\\\/\\\/energizer.com\\\/eu\\\/germany\\\/#organization\",\"name\":\"Energizer Germany\",\"url\":\"https:\\\/\\\/energizer.com\\\/eu\\\/germany\\\/\",\"logo\":{\"@type\":\"ImageObject\",\"inLanguage\":\"en-US\",\"@id\":\"https:\\\/\\\/energizer.com\\\/eu\\\/germany\\\/#\\\/schema\\\/logo\\\/image\\\/\",\"url\":\"https:\\\/\\\/energizer.com\\\/eu\\\/germany\\\/wp-content\\\/uploads\\\/sites\\\/6\\\/2024\\\/04\\\/Energizer_brand.png\",\"contentUrl\":\"https:\\\/\\\/energizer.com\\\/eu\\\/germany\\\/wp-content\\\/uploads\\\/sites\\\/6\\\/2024\\\/04\\\/Energizer_brand.png\",\"width\":267,\"height\":100,\"caption\":\"Energizer Germany\"},\"image\":{\"@id\":\"https:\\\/\\\/energizer.com\\\/eu\\\/germany\\\/#\\\/schema\\\/logo\\\/image\\\/\"}}]}<\/script>\n<!-- \/ Yoast SEO plugin. -->","yoast_head_json":{"title":"Energizer Metal Pen Light - Germany","robots":{"index":"index","follow":"follow","max-snippet":"max-snippet:-1","max-image-preview":"max-image-preview:large","max-video-preview":"max-video-preview:-1"},"canonical":"https:\/\/energizer.com\/eu\/germany\/product\/energizer-metal-pen-light\/","og_locale":"en_US","og_type":"article","og_title":"Energizer Metal Pen Light - Germany","og_description":"Die Energizer Metal Pen Light bietet eine au\u00dfergew\u00f6hnliche Helligkeit und Laufzeit in einer robusten Metallkonstruktion. Entwickelt, um Benutzern eine helle, gerichtete Beleuchtung zu bieten, ist das Licht ideal f\u00fcr den Einsatz in engen R\u00e4umen. Die Energizer Metal Pen Light ist leicht, kompakt und passt problemlos in eine Tasche. Der robuste Metallclip sorgt f\u00fcr einen sicheren Halt und macht die Energizer Metal Pen Light zu einer gro\u00dfartigen L\u00f6sung f\u00fcr zu Hause oder am Arbeitsplatz.","og_url":"https:\/\/energizer.com\/eu\/germany\/product\/energizer-metal-pen-light\/","og_site_name":"Germany","article_modified_time":"2024-08-23T07:24:50+00:00","twitter_card":"summary_large_image","schema":{"@context":"https:\/\/schema.org","@graph":[{"@type":"WebPage","@id":"https:\/\/energizer.com\/eu\/germany\/product\/energizer-metal-pen-light\/","url":"https:\/\/energizer.com\/eu\/germany\/product\/energizer-metal-pen-light\/","name":"Energizer Metal Pen Light - Germany","isPartOf":{"@id":"https:\/\/energizer.com\/eu\/germany\/#website"},"datePublished":"2024-05-21T19:15:56+00:00","dateModified":"2024-08-23T07:24:50+00:00","breadcrumb":{"@id":"https:\/\/energizer.com\/eu\/germany\/product\/energizer-metal-pen-light\/#breadcrumb"},"inLanguage":"en-US","potentialAction":[{"@type":"ReadAction","target":["https:\/\/energizer.com\/eu\/germany\/product\/energizer-metal-pen-light\/"]}]},{"@type":"BreadcrumbList","@id":"https:\/\/energizer.com\/eu\/germany\/product\/energizer-metal-pen-light\/#breadcrumb","itemListElement":[{"@type":"ListItem","position":1,"name":"Home","item":"https:\/\/energizer.com\/eu\/germany\/"},{"@type":"ListItem","position":2,"name":"Energizer Metal Pen Light"}]},{"@type":"WebSite","@id":"https:\/\/energizer.com\/eu\/germany\/#website","url":"https:\/\/energizer.com\/eu\/germany\/","name":"Energizer Germany","description":"","publisher":{"@id":"https:\/\/energizer.com\/eu\/germany\/#organization"},"potentialAction":[{"@type":"SearchAction","target":{"@type":"EntryPoint","urlTemplate":"https:\/\/energizer.com\/eu\/germany\/?s={search_term_string}"},"query-input":{"@type":"PropertyValueSpecification","valueRequired":true,"valueName":"search_term_string"}}],"inLanguage":"en-US"},{"@type":"Organization","@id":"https:\/\/energizer.com\/eu\/germany\/#organization","name":"Energizer Germany","url":"https:\/\/energizer.com\/eu\/germany\/","logo":{"@type":"ImageObject","inLanguage":"en-US","@id":"https:\/\/energizer.com\/eu\/germany\/#\/schema\/logo\/image\/","url":"https:\/\/energizer.com\/eu\/germany\/wp-content\/uploads\/sites\/6\/2024\/04\/Energizer_brand.png","contentUrl":"https:\/\/energizer.com\/eu\/germany\/wp-content\/uploads\/sites\/6\/2024\/04\/Energizer_brand.png","width":267,"height":100,"caption":"Energizer Germany"},"image":{"@id":"https:\/\/energizer.com\/eu\/germany\/#\/schema\/logo\/image\/"}}]}},"_links":{"self":[{"href":"https:\/\/energizer.com\/eu\/germany\/wp-json\/wp\/v2\/product\/5235","targetHints":{"allow":["GET"]}}],"collection":[{"href":"https:\/\/energizer.com\/eu\/germany\/wp-json\/wp\/v2\/product"}],"about":[{"href":"https:\/\/energizer.com\/eu\/germany\/wp-json\/wp\/v2\/types\/product"}],"replies":[{"embeddable":true,"href":"https:\/\/energizer.com\/eu\/germany\/wp-json\/wp\/v2\/comments?post=5235"}],"version-history":[{"count":3,"href":"https:\/\/energizer.com\/eu\/germany\/wp-json\/wp\/v2\/product\/5235\/revisions"}],"predecessor-version":[{"id":7884,"href":"https:\/\/energizer.com\/eu\/germany\/wp-json\/wp\/v2\/product\/5235\/revisions\/7884"}],"wp:attachment":[{"href":"https:\/\/energizer.com\/eu\/germany\/wp-json\/wp\/v2\/media?parent=5235"}],"wp:term":[{"taxonomy":"product_brand","embeddable":true,"href":"https:\/\/energizer.com\/eu\/germany\/wp-json\/wp\/v2\/product_brand?post=5235"},{"taxonomy":"product_cat","embeddable":true,"href":"https:\/\/energizer.com\/eu\/germany\/wp-json\/wp\/v2\/product_cat?post=5235"},{"taxonomy":"product_tag","embeddable":true,"href":"https:\/\/energizer.com\/eu\/germany\/wp-json\/wp\/v2\/product_tag?post=5235"}],"curies":[{"name":"wp","href":"https:\/\/api.w.org\/{rel}","templated":true}]}}