{"id":5260,"date":"2024-05-22T04:46:52","date_gmt":"2024-05-22T04:46:52","guid":{"rendered":"https:\/\/23b13e8ab3.nxcli.io\/germany\/?post_type=product&#038;p=5260"},"modified":"2024-08-23T07:24:40","modified_gmt":"2024-08-23T07:24:40","slug":"energizer-plastic-penlight","status":"publish","type":"product","link":"https:\/\/energizer.com\/eu\/germany\/product\/energizer-plastic-penlight\/","title":{"rendered":"Energizer Plastic Penlight"},"content":{"rendered":"<ul>\n<li>Gummierte Endkappe und weicher Klick-Knopf<\/li>\n<li>LanglebigeMetall-Konstruktion<\/li>\n<li>Metall-Clip<\/li>\n<\/ul>\n","protected":false},"excerpt":{"rendered":"<p>Die Energizer Penlight ist kompakt und leicht, so dass sie im Alltag einfach und bequem zu benutzen ist, wenn man etwas zus\u00e4tzliches Licht braucht. Das schlanke und ergonomische Design macht sie sowohl griffig als auch komfortabel in der Handhabung. Der eingebaute Clip ist ein gro\u00dfartiges zus\u00e4tzliches Merkmal, das es Ihnen erm\u00f6glicht, die Lampe einfach zu tragen und freih\u00e4ndig zu transportieren. Diese Taschenlampe ist ideal f\u00fcr die Hosentasche, um bei Bedarf zus\u00e4tzliches Licht zu haben.<\/p>\n","protected":false},"featured_media":0,"comment_status":"open","ping_status":"closed","template":"","meta":{"_acf_changed":false},"product_brand":[],"product_cat":[97],"product_tag":[],"class_list":{"0":"post-5260","1":"product","2":"type-product","3":"status-publish","5":"product_cat-handheld","6":"pa_uses-everyday","8":"first","9":"instock","10":"shipping-taxable","11":"product-type-simple"},"acf":[],"yoast_head":"<!-- This site is optimized with the Yoast SEO plugin v27.4 - https:\/\/yoast.com\/product\/yoast-seo-wordpress\/ -->\n<title>Energizer Plastic Penlight - Germany<\/title>\n<meta name=\"robots\" content=\"index, follow, max-snippet:-1, max-image-preview:large, max-video-preview:-1\" \/>\n<link rel=\"canonical\" href=\"https:\/\/energizer.com\/eu\/germany\/product\/energizer-plastic-penlight\/\" \/>\n<meta property=\"og:locale\" content=\"en_US\" \/>\n<meta property=\"og:type\" content=\"article\" \/>\n<meta property=\"og:title\" content=\"Energizer Plastic Penlight - Germany\" \/>\n<meta property=\"og:description\" content=\"Die Energizer Penlight ist kompakt und leicht, so dass sie im Alltag einfach und bequem zu benutzen ist, wenn man etwas zus\u00e4tzliches Licht braucht. Das schlanke und ergonomische Design macht sie sowohl griffig als auch komfortabel in der Handhabung. Der eingebaute Clip ist ein gro\u00dfartiges zus\u00e4tzliches Merkmal, das es Ihnen erm\u00f6glicht, die Lampe einfach zu tragen und freih\u00e4ndig zu transportieren. Diese Taschenlampe ist ideal f\u00fcr die Hosentasche, um bei Bedarf zus\u00e4tzliches Licht zu haben.\" \/>\n<meta property=\"og:url\" content=\"https:\/\/energizer.com\/eu\/germany\/product\/energizer-plastic-penlight\/\" \/>\n<meta property=\"og:site_name\" content=\"Germany\" \/>\n<meta property=\"article:modified_time\" content=\"2024-08-23T07:24:40+00:00\" \/>\n<meta name=\"twitter:card\" content=\"summary_large_image\" \/>\n<script type=\"application\/ld+json\" class=\"yoast-schema-graph\">{\"@context\":\"https:\\\/\\\/schema.org\",\"@graph\":[{\"@type\":\"WebPage\",\"@id\":\"https:\\\/\\\/energizer.com\\\/eu\\\/germany\\\/product\\\/energizer-plastic-penlight\\\/\",\"url\":\"https:\\\/\\\/energizer.com\\\/eu\\\/germany\\\/product\\\/energizer-plastic-penlight\\\/\",\"name\":\"Energizer Plastic Penlight - Germany\",\"isPartOf\":{\"@id\":\"https:\\\/\\\/energizer.com\\\/eu\\\/germany\\\/#website\"},\"datePublished\":\"2024-05-22T04:46:52+00:00\",\"dateModified\":\"2024-08-23T07:24:40+00:00\",\"breadcrumb\":{\"@id\":\"https:\\\/\\\/energizer.com\\\/eu\\\/germany\\\/product\\\/energizer-plastic-penlight\\\/#breadcrumb\"},\"inLanguage\":\"en-US\",\"potentialAction\":[{\"@type\":\"ReadAction\",\"target\":[\"https:\\\/\\\/energizer.com\\\/eu\\\/germany\\\/product\\\/energizer-plastic-penlight\\\/\"]}]},{\"@type\":\"BreadcrumbList\",\"@id\":\"https:\\\/\\\/energizer.com\\\/eu\\\/germany\\\/product\\\/energizer-plastic-penlight\\\/#breadcrumb\",\"itemListElement\":[{\"@type\":\"ListItem\",\"position\":1,\"name\":\"Home\",\"item\":\"https:\\\/\\\/energizer.com\\\/eu\\\/germany\\\/\"},{\"@type\":\"ListItem\",\"position\":2,\"name\":\"Energizer Plastic Penlight\"}]},{\"@type\":\"WebSite\",\"@id\":\"https:\\\/\\\/energizer.com\\\/eu\\\/germany\\\/#website\",\"url\":\"https:\\\/\\\/energizer.com\\\/eu\\\/germany\\\/\",\"name\":\"Energizer Germany\",\"description\":\"\",\"publisher\":{\"@id\":\"https:\\\/\\\/energizer.com\\\/eu\\\/germany\\\/#organization\"},\"potentialAction\":[{\"@type\":\"SearchAction\",\"target\":{\"@type\":\"EntryPoint\",\"urlTemplate\":\"https:\\\/\\\/energizer.com\\\/eu\\\/germany\\\/?s={search_term_string}\"},\"query-input\":{\"@type\":\"PropertyValueSpecification\",\"valueRequired\":true,\"valueName\":\"search_term_string\"}}],\"inLanguage\":\"en-US\"},{\"@type\":\"Organization\",\"@id\":\"https:\\\/\\\/energizer.com\\\/eu\\\/germany\\\/#organization\",\"name\":\"Energizer Germany\",\"url\":\"https:\\\/\\\/energizer.com\\\/eu\\\/germany\\\/\",\"logo\":{\"@type\":\"ImageObject\",\"inLanguage\":\"en-US\",\"@id\":\"https:\\\/\\\/energizer.com\\\/eu\\\/germany\\\/#\\\/schema\\\/logo\\\/image\\\/\",\"url\":\"https:\\\/\\\/energizer.com\\\/eu\\\/germany\\\/wp-content\\\/uploads\\\/sites\\\/6\\\/2024\\\/04\\\/Energizer_brand.png\",\"contentUrl\":\"https:\\\/\\\/energizer.com\\\/eu\\\/germany\\\/wp-content\\\/uploads\\\/sites\\\/6\\\/2024\\\/04\\\/Energizer_brand.png\",\"width\":267,\"height\":100,\"caption\":\"Energizer Germany\"},\"image\":{\"@id\":\"https:\\\/\\\/energizer.com\\\/eu\\\/germany\\\/#\\\/schema\\\/logo\\\/image\\\/\"}}]}<\/script>\n<!-- \/ Yoast SEO plugin. -->","yoast_head_json":{"title":"Energizer Plastic Penlight - Germany","robots":{"index":"index","follow":"follow","max-snippet":"max-snippet:-1","max-image-preview":"max-image-preview:large","max-video-preview":"max-video-preview:-1"},"canonical":"https:\/\/energizer.com\/eu\/germany\/product\/energizer-plastic-penlight\/","og_locale":"en_US","og_type":"article","og_title":"Energizer Plastic Penlight - Germany","og_description":"Die Energizer Penlight ist kompakt und leicht, so dass sie im Alltag einfach und bequem zu benutzen ist, wenn man etwas zus\u00e4tzliches Licht braucht. Das schlanke und ergonomische Design macht sie sowohl griffig als auch komfortabel in der Handhabung. Der eingebaute Clip ist ein gro\u00dfartiges zus\u00e4tzliches Merkmal, das es Ihnen erm\u00f6glicht, die Lampe einfach zu tragen und freih\u00e4ndig zu transportieren. Diese Taschenlampe ist ideal f\u00fcr die Hosentasche, um bei Bedarf zus\u00e4tzliches Licht zu haben.","og_url":"https:\/\/energizer.com\/eu\/germany\/product\/energizer-plastic-penlight\/","og_site_name":"Germany","article_modified_time":"2024-08-23T07:24:40+00:00","twitter_card":"summary_large_image","schema":{"@context":"https:\/\/schema.org","@graph":[{"@type":"WebPage","@id":"https:\/\/energizer.com\/eu\/germany\/product\/energizer-plastic-penlight\/","url":"https:\/\/energizer.com\/eu\/germany\/product\/energizer-plastic-penlight\/","name":"Energizer Plastic Penlight - Germany","isPartOf":{"@id":"https:\/\/energizer.com\/eu\/germany\/#website"},"datePublished":"2024-05-22T04:46:52+00:00","dateModified":"2024-08-23T07:24:40+00:00","breadcrumb":{"@id":"https:\/\/energizer.com\/eu\/germany\/product\/energizer-plastic-penlight\/#breadcrumb"},"inLanguage":"en-US","potentialAction":[{"@type":"ReadAction","target":["https:\/\/energizer.com\/eu\/germany\/product\/energizer-plastic-penlight\/"]}]},{"@type":"BreadcrumbList","@id":"https:\/\/energizer.com\/eu\/germany\/product\/energizer-plastic-penlight\/#breadcrumb","itemListElement":[{"@type":"ListItem","position":1,"name":"Home","item":"https:\/\/energizer.com\/eu\/germany\/"},{"@type":"ListItem","position":2,"name":"Energizer Plastic Penlight"}]},{"@type":"WebSite","@id":"https:\/\/energizer.com\/eu\/germany\/#website","url":"https:\/\/energizer.com\/eu\/germany\/","name":"Energizer Germany","description":"","publisher":{"@id":"https:\/\/energizer.com\/eu\/germany\/#organization"},"potentialAction":[{"@type":"SearchAction","target":{"@type":"EntryPoint","urlTemplate":"https:\/\/energizer.com\/eu\/germany\/?s={search_term_string}"},"query-input":{"@type":"PropertyValueSpecification","valueRequired":true,"valueName":"search_term_string"}}],"inLanguage":"en-US"},{"@type":"Organization","@id":"https:\/\/energizer.com\/eu\/germany\/#organization","name":"Energizer Germany","url":"https:\/\/energizer.com\/eu\/germany\/","logo":{"@type":"ImageObject","inLanguage":"en-US","@id":"https:\/\/energizer.com\/eu\/germany\/#\/schema\/logo\/image\/","url":"https:\/\/energizer.com\/eu\/germany\/wp-content\/uploads\/sites\/6\/2024\/04\/Energizer_brand.png","contentUrl":"https:\/\/energizer.com\/eu\/germany\/wp-content\/uploads\/sites\/6\/2024\/04\/Energizer_brand.png","width":267,"height":100,"caption":"Energizer Germany"},"image":{"@id":"https:\/\/energizer.com\/eu\/germany\/#\/schema\/logo\/image\/"}}]}},"_links":{"self":[{"href":"https:\/\/energizer.com\/eu\/germany\/wp-json\/wp\/v2\/product\/5260","targetHints":{"allow":["GET"]}}],"collection":[{"href":"https:\/\/energizer.com\/eu\/germany\/wp-json\/wp\/v2\/product"}],"about":[{"href":"https:\/\/energizer.com\/eu\/germany\/wp-json\/wp\/v2\/types\/product"}],"replies":[{"embeddable":true,"href":"https:\/\/energizer.com\/eu\/germany\/wp-json\/wp\/v2\/comments?post=5260"}],"version-history":[{"count":4,"href":"https:\/\/energizer.com\/eu\/germany\/wp-json\/wp\/v2\/product\/5260\/revisions"}],"predecessor-version":[{"id":9077,"href":"https:\/\/energizer.com\/eu\/germany\/wp-json\/wp\/v2\/product\/5260\/revisions\/9077"}],"wp:attachment":[{"href":"https:\/\/energizer.com\/eu\/germany\/wp-json\/wp\/v2\/media?parent=5260"}],"wp:term":[{"taxonomy":"product_brand","embeddable":true,"href":"https:\/\/energizer.com\/eu\/germany\/wp-json\/wp\/v2\/product_brand?post=5260"},{"taxonomy":"product_cat","embeddable":true,"href":"https:\/\/energizer.com\/eu\/germany\/wp-json\/wp\/v2\/product_cat?post=5260"},{"taxonomy":"product_tag","embeddable":true,"href":"https:\/\/energizer.com\/eu\/germany\/wp-json\/wp\/v2\/product_tag?post=5260"}],"curies":[{"name":"wp","href":"https:\/\/api.w.org\/{rel}","templated":true}]}}