{"id":5274,"date":"2024-05-22T04:49:11","date_gmt":"2024-05-22T04:49:11","guid":{"rendered":"https:\/\/23b13e8ab3.nxcli.io\/germany\/?post_type=product&#038;p=5274"},"modified":"2024-08-23T07:28:27","modified_gmt":"2024-08-23T07:28:27","slug":"energizer-headlamp-multi-purpose","status":"publish","type":"product","link":"https:\/\/energizer.com\/eu\/germany\/product\/energizer-headlamp-multi-purpose\/","title":{"rendered":"Energizer  HeadLamp  Multi Purpose"},"content":{"rendered":"<ul>\n<li>Vielseitig einsetzbare, flexible und abnehmbare Kopflampe<\/li>\n<li>Wiederaufladbar \u00fcber USB<\/li>\n<li>Kann auch als Clip-\/Buchleuchte verwendet werden<\/li>\n<li>Die Lampe ist um 360 Grad drehbar<\/li>\n<\/ul>\n","protected":false},"excerpt":{"rendered":"<p>Die Energizer Multi-use Headlamp ist eine vielseitige Mehrzweckleuchte, die vom Stirnband abgenommen und an Taschen, H\u00fcten, G\u00fcrteln, Rucks\u00e4cken und mehr befestigt werden kann. Dank dieser Funktion kann die COB-Stirnlampe sowohl als Clip- als auch als Buchlicht verwendet werden, wobei sich die Lichtquelle in einem 360-Grad-Winkel drehen l\u00e4sst und so die perfekte Hilfe beim Lesen und Arbeiten bietet. Die \u00fcber USB wiederaufladbare Stirnlampe wurde entwickelt, um Ihr Leben heller und einfacher zu machen, indem sie sich nahtlos in Ihren Alltag einf\u00fcgt.<\/p>\n","protected":false},"featured_media":0,"comment_status":"open","ping_status":"closed","template":"","meta":{"_acf_changed":false},"product_brand":[],"product_cat":[43],"product_tag":[],"class_list":{"0":"post-5274","1":"product","2":"type-product","3":"status-publish","5":"product_cat-hands-free","6":"pa_uses-everyday","8":"first","9":"instock","10":"shipping-taxable","11":"product-type-simple"},"acf":[],"yoast_head":"<!-- This site is optimized with the Yoast SEO plugin v27.4 - https:\/\/yoast.com\/product\/yoast-seo-wordpress\/ -->\n<title>Energizer HeadLamp Multi Purpose - Germany<\/title>\n<meta name=\"robots\" content=\"index, follow, max-snippet:-1, max-image-preview:large, max-video-preview:-1\" \/>\n<link rel=\"canonical\" href=\"https:\/\/energizer.com\/eu\/germany\/product\/energizer-headlamp-multi-purpose\/\" \/>\n<meta property=\"og:locale\" content=\"en_US\" \/>\n<meta property=\"og:type\" content=\"article\" \/>\n<meta property=\"og:title\" content=\"Energizer HeadLamp Multi Purpose - Germany\" \/>\n<meta property=\"og:description\" content=\"Die Energizer Multi-use Headlamp ist eine vielseitige Mehrzweckleuchte, die vom Stirnband abgenommen und an Taschen, H\u00fcten, G\u00fcrteln, Rucks\u00e4cken und mehr befestigt werden kann. Dank dieser Funktion kann die COB-Stirnlampe sowohl als Clip- als auch als Buchlicht verwendet werden, wobei sich die Lichtquelle in einem 360-Grad-Winkel drehen l\u00e4sst und so die perfekte Hilfe beim Lesen und Arbeiten bietet. Die \u00fcber USB wiederaufladbare Stirnlampe wurde entwickelt, um Ihr Leben heller und einfacher zu machen, indem sie sich nahtlos in Ihren Alltag einf\u00fcgt.\" \/>\n<meta property=\"og:url\" content=\"https:\/\/energizer.com\/eu\/germany\/product\/energizer-headlamp-multi-purpose\/\" \/>\n<meta property=\"og:site_name\" content=\"Germany\" \/>\n<meta property=\"article:modified_time\" content=\"2024-08-23T07:28:27+00:00\" \/>\n<meta name=\"twitter:card\" content=\"summary_large_image\" \/>\n<script type=\"application\/ld+json\" class=\"yoast-schema-graph\">{\"@context\":\"https:\\\/\\\/schema.org\",\"@graph\":[{\"@type\":\"WebPage\",\"@id\":\"https:\\\/\\\/energizer.com\\\/eu\\\/germany\\\/product\\\/energizer-headlamp-multi-purpose\\\/\",\"url\":\"https:\\\/\\\/energizer.com\\\/eu\\\/germany\\\/product\\\/energizer-headlamp-multi-purpose\\\/\",\"name\":\"Energizer HeadLamp Multi Purpose - Germany\",\"isPartOf\":{\"@id\":\"https:\\\/\\\/energizer.com\\\/eu\\\/germany\\\/#website\"},\"datePublished\":\"2024-05-22T04:49:11+00:00\",\"dateModified\":\"2024-08-23T07:28:27+00:00\",\"breadcrumb\":{\"@id\":\"https:\\\/\\\/energizer.com\\\/eu\\\/germany\\\/product\\\/energizer-headlamp-multi-purpose\\\/#breadcrumb\"},\"inLanguage\":\"en-US\",\"potentialAction\":[{\"@type\":\"ReadAction\",\"target\":[\"https:\\\/\\\/energizer.com\\\/eu\\\/germany\\\/product\\\/energizer-headlamp-multi-purpose\\\/\"]}]},{\"@type\":\"BreadcrumbList\",\"@id\":\"https:\\\/\\\/energizer.com\\\/eu\\\/germany\\\/product\\\/energizer-headlamp-multi-purpose\\\/#breadcrumb\",\"itemListElement\":[{\"@type\":\"ListItem\",\"position\":1,\"name\":\"Home\",\"item\":\"https:\\\/\\\/energizer.com\\\/eu\\\/germany\\\/\"},{\"@type\":\"ListItem\",\"position\":2,\"name\":\"Energizer HeadLamp Multi Purpose\"}]},{\"@type\":\"WebSite\",\"@id\":\"https:\\\/\\\/energizer.com\\\/eu\\\/germany\\\/#website\",\"url\":\"https:\\\/\\\/energizer.com\\\/eu\\\/germany\\\/\",\"name\":\"Energizer Germany\",\"description\":\"\",\"publisher\":{\"@id\":\"https:\\\/\\\/energizer.com\\\/eu\\\/germany\\\/#organization\"},\"potentialAction\":[{\"@type\":\"SearchAction\",\"target\":{\"@type\":\"EntryPoint\",\"urlTemplate\":\"https:\\\/\\\/energizer.com\\\/eu\\\/germany\\\/?s={search_term_string}\"},\"query-input\":{\"@type\":\"PropertyValueSpecification\",\"valueRequired\":true,\"valueName\":\"search_term_string\"}}],\"inLanguage\":\"en-US\"},{\"@type\":\"Organization\",\"@id\":\"https:\\\/\\\/energizer.com\\\/eu\\\/germany\\\/#organization\",\"name\":\"Energizer Germany\",\"url\":\"https:\\\/\\\/energizer.com\\\/eu\\\/germany\\\/\",\"logo\":{\"@type\":\"ImageObject\",\"inLanguage\":\"en-US\",\"@id\":\"https:\\\/\\\/energizer.com\\\/eu\\\/germany\\\/#\\\/schema\\\/logo\\\/image\\\/\",\"url\":\"https:\\\/\\\/energizer.com\\\/eu\\\/germany\\\/wp-content\\\/uploads\\\/sites\\\/6\\\/2024\\\/04\\\/Energizer_brand.png\",\"contentUrl\":\"https:\\\/\\\/energizer.com\\\/eu\\\/germany\\\/wp-content\\\/uploads\\\/sites\\\/6\\\/2024\\\/04\\\/Energizer_brand.png\",\"width\":267,\"height\":100,\"caption\":\"Energizer Germany\"},\"image\":{\"@id\":\"https:\\\/\\\/energizer.com\\\/eu\\\/germany\\\/#\\\/schema\\\/logo\\\/image\\\/\"}}]}<\/script>\n<!-- \/ Yoast SEO plugin. -->","yoast_head_json":{"title":"Energizer HeadLamp Multi Purpose - Germany","robots":{"index":"index","follow":"follow","max-snippet":"max-snippet:-1","max-image-preview":"max-image-preview:large","max-video-preview":"max-video-preview:-1"},"canonical":"https:\/\/energizer.com\/eu\/germany\/product\/energizer-headlamp-multi-purpose\/","og_locale":"en_US","og_type":"article","og_title":"Energizer HeadLamp Multi Purpose - Germany","og_description":"Die Energizer Multi-use Headlamp ist eine vielseitige Mehrzweckleuchte, die vom Stirnband abgenommen und an Taschen, H\u00fcten, G\u00fcrteln, Rucks\u00e4cken und mehr befestigt werden kann. Dank dieser Funktion kann die COB-Stirnlampe sowohl als Clip- als auch als Buchlicht verwendet werden, wobei sich die Lichtquelle in einem 360-Grad-Winkel drehen l\u00e4sst und so die perfekte Hilfe beim Lesen und Arbeiten bietet. Die \u00fcber USB wiederaufladbare Stirnlampe wurde entwickelt, um Ihr Leben heller und einfacher zu machen, indem sie sich nahtlos in Ihren Alltag einf\u00fcgt.","og_url":"https:\/\/energizer.com\/eu\/germany\/product\/energizer-headlamp-multi-purpose\/","og_site_name":"Germany","article_modified_time":"2024-08-23T07:28:27+00:00","twitter_card":"summary_large_image","schema":{"@context":"https:\/\/schema.org","@graph":[{"@type":"WebPage","@id":"https:\/\/energizer.com\/eu\/germany\/product\/energizer-headlamp-multi-purpose\/","url":"https:\/\/energizer.com\/eu\/germany\/product\/energizer-headlamp-multi-purpose\/","name":"Energizer HeadLamp Multi Purpose - Germany","isPartOf":{"@id":"https:\/\/energizer.com\/eu\/germany\/#website"},"datePublished":"2024-05-22T04:49:11+00:00","dateModified":"2024-08-23T07:28:27+00:00","breadcrumb":{"@id":"https:\/\/energizer.com\/eu\/germany\/product\/energizer-headlamp-multi-purpose\/#breadcrumb"},"inLanguage":"en-US","potentialAction":[{"@type":"ReadAction","target":["https:\/\/energizer.com\/eu\/germany\/product\/energizer-headlamp-multi-purpose\/"]}]},{"@type":"BreadcrumbList","@id":"https:\/\/energizer.com\/eu\/germany\/product\/energizer-headlamp-multi-purpose\/#breadcrumb","itemListElement":[{"@type":"ListItem","position":1,"name":"Home","item":"https:\/\/energizer.com\/eu\/germany\/"},{"@type":"ListItem","position":2,"name":"Energizer HeadLamp Multi Purpose"}]},{"@type":"WebSite","@id":"https:\/\/energizer.com\/eu\/germany\/#website","url":"https:\/\/energizer.com\/eu\/germany\/","name":"Energizer Germany","description":"","publisher":{"@id":"https:\/\/energizer.com\/eu\/germany\/#organization"},"potentialAction":[{"@type":"SearchAction","target":{"@type":"EntryPoint","urlTemplate":"https:\/\/energizer.com\/eu\/germany\/?s={search_term_string}"},"query-input":{"@type":"PropertyValueSpecification","valueRequired":true,"valueName":"search_term_string"}}],"inLanguage":"en-US"},{"@type":"Organization","@id":"https:\/\/energizer.com\/eu\/germany\/#organization","name":"Energizer Germany","url":"https:\/\/energizer.com\/eu\/germany\/","logo":{"@type":"ImageObject","inLanguage":"en-US","@id":"https:\/\/energizer.com\/eu\/germany\/#\/schema\/logo\/image\/","url":"https:\/\/energizer.com\/eu\/germany\/wp-content\/uploads\/sites\/6\/2024\/04\/Energizer_brand.png","contentUrl":"https:\/\/energizer.com\/eu\/germany\/wp-content\/uploads\/sites\/6\/2024\/04\/Energizer_brand.png","width":267,"height":100,"caption":"Energizer Germany"},"image":{"@id":"https:\/\/energizer.com\/eu\/germany\/#\/schema\/logo\/image\/"}}]}},"_links":{"self":[{"href":"https:\/\/energizer.com\/eu\/germany\/wp-json\/wp\/v2\/product\/5274","targetHints":{"allow":["GET"]}}],"collection":[{"href":"https:\/\/energizer.com\/eu\/germany\/wp-json\/wp\/v2\/product"}],"about":[{"href":"https:\/\/energizer.com\/eu\/germany\/wp-json\/wp\/v2\/types\/product"}],"replies":[{"embeddable":true,"href":"https:\/\/energizer.com\/eu\/germany\/wp-json\/wp\/v2\/comments?post=5274"}],"version-history":[{"count":2,"href":"https:\/\/energizer.com\/eu\/germany\/wp-json\/wp\/v2\/product\/5274\/revisions"}],"predecessor-version":[{"id":7965,"href":"https:\/\/energizer.com\/eu\/germany\/wp-json\/wp\/v2\/product\/5274\/revisions\/7965"}],"wp:attachment":[{"href":"https:\/\/energizer.com\/eu\/germany\/wp-json\/wp\/v2\/media?parent=5274"}],"wp:term":[{"taxonomy":"product_brand","embeddable":true,"href":"https:\/\/energizer.com\/eu\/germany\/wp-json\/wp\/v2\/product_brand?post=5274"},{"taxonomy":"product_cat","embeddable":true,"href":"https:\/\/energizer.com\/eu\/germany\/wp-json\/wp\/v2\/product_cat?post=5274"},{"taxonomy":"product_tag","embeddable":true,"href":"https:\/\/energizer.com\/eu\/germany\/wp-json\/wp\/v2\/product_tag?post=5274"}],"curies":[{"name":"wp","href":"https:\/\/api.w.org\/{rel}","templated":true}]}}