{"id":5741,"date":"2024-05-23T12:22:04","date_gmt":"2024-05-23T12:22:04","guid":{"rendered":"https:\/\/23b13e8ab3.nxcli.io\/italy\/?page_id=5741"},"modified":"2024-08-06T04:19:16","modified_gmt":"2024-08-06T04:19:16","slug":"top-5-ways-to-prepare-for-a-power-outage","status":"publish","type":"page","link":"https:\/\/energizer.com\/eu\/italy\/responsibility\/top-5-ways-to-prepare-for-a-power-outage\/","title":{"rendered":"Top 5 Ways to Prepare for a Power Outage"},"content":{"rendered":"\t\t<div data-elementor-type=\"wp-page\" data-elementor-id=\"5741\" class=\"elementor elementor-5741\" data-elementor-post-type=\"page\">\n\t\t\t\t<div class=\"elementor-element elementor-element-9b5c823 e-flex e-con-boxed e-con e-parent\" data-id=\"9b5c823\" data-element_type=\"container\" data-e-type=\"container\">\n\t\t\t\t\t<div class=\"e-con-inner\">\n\t\t\t\t<div class=\"elementor-element elementor-element-7fe5857 elementor-widget elementor-widget-heading\" data-id=\"7fe5857\" data-element_type=\"widget\" data-e-type=\"widget\" data-widget_type=\"heading.default\">\n\t\t\t\t<div class=\"elementor-widget-container\">\n\t\t\t\t\t<h1 class=\"elementor-heading-title elementor-size-default\">I cinque principali errori che le persone commettono durante un\u2019interruzione di corrente<\/h1>\t\t\t\t<\/div>\n\t\t\t\t<\/div>\n\t\t\t\t<div class=\"elementor-element elementor-element-7d72013 elementor-widget-divider--view-line elementor-widget elementor-widget-divider\" data-id=\"7d72013\" data-element_type=\"widget\" data-e-type=\"widget\" data-widget_type=\"divider.default\">\n\t\t\t\t<div class=\"elementor-widget-container\">\n\t\t\t\t\t\t\t<div class=\"elementor-divider\">\n\t\t\t<span class=\"elementor-divider-separator\">\n\t\t\t\t\t\t<\/span>\n\t\t<\/div>\n\t\t\t\t\t\t<\/div>\n\t\t\t\t<\/div>\n\t\t\t\t\t<\/div>\n\t\t\t\t<\/div>\n\t\t<div class=\"elementor-element elementor-element-071971a e-flex e-con-boxed e-con e-parent\" data-id=\"071971a\" data-element_type=\"container\" data-e-type=\"container\">\n\t\t\t\t\t<div class=\"e-con-inner\">\n\t\t<div class=\"elementor-element elementor-element-679043e e-con-full e-flex e-con e-child\" data-id=\"679043e\" data-element_type=\"container\" data-e-type=\"container\">\n\t\t\t\t<div class=\"elementor-element elementor-element-a5c88d5 elementor-widget elementor-widget-text-editor\" data-id=\"a5c88d5\" data-element_type=\"widget\" data-e-type=\"widget\" data-widget_type=\"text-editor.default\">\n\t\t\t\t<div class=\"elementor-widget-container\">\n\t\t\t\t\t\t\t\t\tTempeste, uragani, inondazioni e tornado portano a interruzioni di corrente. E sembra che oggi stia accadendo pi\u00f9 che mai. Scopri alcuni degli errori pi\u00f9 comuni che le persone commettono prima dell\u2019inizio della stagione, cos\u00ec puoi evitarli facilmente e prepararti al meglio alle emergenze.\t\t\t\t\t\t\t\t<\/div>\n\t\t\t\t<\/div>\n\t\t\t\t<div class=\"elementor-element elementor-element-7739ae2 elementor-widget__width-inherit elementor-widget elementor-widget-text-editor\" data-id=\"7739ae2\" data-element_type=\"widget\" data-e-type=\"widget\" data-widget_type=\"text-editor.default\">\n\t\t\t\t<div class=\"elementor-widget-container\">\n\t\t\t\t\t\t\t\t\t<h2>1. Non immagazzinare abbastanza acqua<\/h2><p>Pensa al numero di litri d\u2019acqua che compreresti per prepararti a un uragano. Ora moltiplicalo per 4! L\u2019acqua \u00e8 vitale ed \u00e8 facilmente sottovalutata. Anche se la gravit\u00e0 delle tempeste varia e i servizi come l\u2019acqua e l\u2019energia a volte possono riprendere rapidamente, non si \u00e8 mai abbastanza preparati per gravi interruzioni. Dai bisogni semplici come bere e cucinare, a cose meno ovvie come fare il bagno e lavare i vestiti, \u00e8 necessario fare scorta d\u2019acqua di emergenza in preparazione dell\u2019arrivo di una tempesta.<\/p>\t\t\t\t\t\t\t\t<\/div>\n\t\t\t\t<\/div>\n\t\t\t\t<div class=\"elementor-element elementor-element-0363891 elementor-widget__width-inherit elementor-widget elementor-widget-text-editor\" data-id=\"0363891\" data-element_type=\"widget\" data-e-type=\"widget\" data-widget_type=\"text-editor.default\">\n\t\t\t\t<div class=\"elementor-widget-container\">\n\t\t\t\t\t\t\t\t\t<h3>2. Dimenticare i cibi di emergenza<\/h3>\nQuando si verifica un\u2019interruzione di corrente, \u00e8 facile dimenticare che la solita pizza da microonde richiede, beh, un microonde. Ecco perch\u00e9 \u00e8 importante avere sempre una scorta di cibo a lunga conservazione per te e la tua famiglia. E anche se conservare i prodotti \u00e8 una sfida, non devi comunque rinunciare a mangiare cibi sani. Prova variet\u00e0 organiche di zuppe confezionate, carne essiccata, frutta secca, frutta liofilizzata, noci e semi.\t\t\t\t\t\t\t\t<\/div>\n\t\t\t\t<\/div>\n\t\t\t\t<div class=\"elementor-element elementor-element-b2da0a8 elementor-widget__width-inherit elementor-widget elementor-widget-text-editor\" data-id=\"b2da0a8\" data-element_type=\"widget\" data-e-type=\"widget\" data-widget_type=\"text-editor.default\">\n\t\t\t\t<div class=\"elementor-widget-container\">\n\t\t\t\t\t\t\t\t\t<h3>3. Sottovalutare la necessit\u00e0 di una luce ad alta intensit\u00e0<\/h3><p>La luce a LED Energizer\u00ae Weatheready\u00ae compatta e ricaricabile rimane collegata per caricarsi e passa all\u2019alimentazione a batteria in caso di interruzione di corrente, quindi \u00e8 sempre pronta quando ne hai bisogno, con un\u2019autonomia di 3,5 ore. Grazie ai suoi 25 lumen, puoi illuminare dove ne hai bisogno e muoverti con pi\u00f9 sicurezza.<br \/>Se hai bisogno di illuminare un\u2019area, la lanterna pieghevole di emergenza Energizer\u00ae Weatheready\u00ae da 500 lumen ruota per fornire un\u2019illuminazione a 360\u00ba cos\u00ec potente da poter illuminare un\u2019intera stanza.<br \/>Per un\u2019illuminazione a mani libere, la lampada frontale a LED Energizer\u00ae Vision testata per resistere alle cadute e resistente all\u2019acqua \u00e8 perfetta per trasportare provviste, sistemare la casa o anche per tenere la mano del tuo piccolo quando si verifica un blackout inaspettato. Offre una distanza del raggio orientabile di 35 metri che \u00e8 fino a 4 volte pi\u00f9 luminoso rispetto alla tecnologia LED standard.<\/p>\t\t\t\t\t\t\t\t<\/div>\n\t\t\t\t<\/div>\n\t\t\t\t<div class=\"elementor-element elementor-element-8b9b732 elementor-widget__width-inherit elementor-widget elementor-widget-text-editor\" data-id=\"8b9b732\" data-element_type=\"widget\" data-e-type=\"widget\" data-widget_type=\"text-editor.default\">\n\t\t\t\t<div class=\"elementor-widget-container\">\n\t\t\t\t\t\t\t\t\t<h3>4. Essere impreparato alle interruzioni di corrente<\/h3><p>Alcune interruzioni di corrente durano pi\u00f9 a lungo di quanto ci aspettiamo, quindi non lesinare sulle batterie di riserva. Scegli marchi affidabili come le pile Energizer\u00ae Ultimate Lithium\u2122, che hanno una scadenza di 20 anni*. Sono resistenti alle perdite** e funzionano a temperature estreme, cos\u00ec puoi essere pronto a tutto. Procurati qualche confezione di diverso tipo per essere certo di avere le pile giuste per tutti i tuoi dispositivi in caso di blackout pi\u00f9 lunghi.<\/p>\t\t\t\t\t\t\t\t<\/div>\n\t\t\t\t<\/div>\n\t\t\t\t<div class=\"elementor-element elementor-element-7e75c35 elementor-widget__width-inherit elementor-widget elementor-widget-text-editor\" data-id=\"7e75c35\" data-element_type=\"widget\" data-e-type=\"widget\" data-widget_type=\"text-editor.default\">\n\t\t\t\t<div class=\"elementor-widget-container\">\n\t\t\t\t\t\t\t\t\t<h3>5. Dimenticarsi della radio<\/h3><p>Prepararsi alle emergenze include anche rimanere connessi, ma una batteria del telefono scarica e la mancanza del Wi-Fi possono rendere tutto ci\u00f2 impossibile. Ecco perch\u00e9 \u00e8 saggio mantenere una radio alimentata a batteria come ulteriore fonte di informazioni. E, naturalmente, non dimenticarti delle pile Energizer\u00ae di lunga durata.<br \/>Che si tratti di uragani, inondazioni o persino tornadi, con questi consigli e avvertimenti definitivi, e l\u2019aiuto dei prodotti Energizer\u00ae affidabili, di lunga durata e innovativi, riuscirai ad affrontare qualsiasi situazione di emergenza. Resta al sicuro, asciutto e luminoso!<\/p>\t\t\t\t\t\t\t\t<\/div>\n\t\t\t\t<\/div>\n\t\t\t\t<div class=\"elementor-element elementor-element-8273855 elementor-widget__width-inherit elementor-widget elementor-widget-text-editor\" data-id=\"8273855\" data-element_type=\"widget\" data-e-type=\"widget\" data-widget_type=\"text-editor.default\">\n\t\t\t\t<div class=\"elementor-widget-container\">\n\t\t\t\t\t\t\t\t\t<p>*La durata di conservazione di 20 anni si applica solo a AA e AAA<br \/>**La struttura resistente alle perdite si applica a AA, AAA e 9V<br \/>Fonti: FEMA, CNN, Croce Rossa<\/p>\t\t\t\t\t\t\t\t<\/div>\n\t\t\t\t<\/div>\n\t\t\t\t<\/div>\n\t\t\t\t\t<\/div>\n\t\t\t\t<\/div>\n\t\t\t\t<\/div>\n\t\t","protected":false},"excerpt":{"rendered":"<p>I cinque principali errori che le persone commettono durante un\u2019interruzione di corrente Tempeste, uragani, inondazioni e tornado portano a interruzioni di corrente. E sembra che oggi stia accadendo pi\u00f9 che mai. Scopri alcuni degli errori pi\u00f9 comuni che le persone commettono prima dell\u2019inizio della stagione, cos\u00ec puoi evitarli facilmente e prepararti al meglio alle emergenze. [&hellip;]<\/p>\n","protected":false},"author":1,"featured_media":0,"parent":4680,"menu_order":0,"comment_status":"closed","ping_status":"closed","template":"elementor_header_footer","meta":{"_acf_changed":false,"footnotes":""},"class_list":["post-5741","page","type-page","status-publish","hentry"],"acf":[],"yoast_head":"<!-- This site is optimized with the Yoast SEO plugin v27.4 - https:\/\/yoast.com\/product\/yoast-seo-wordpress\/ -->\n<title>Top 5 Ways to Prepare for a Power Outage - Italy<\/title>\n<meta name=\"robots\" content=\"index, follow, max-snippet:-1, max-image-preview:large, max-video-preview:-1\" \/>\n<link rel=\"canonical\" href=\"https:\/\/energizer.com\/eu\/italy\/responsibility\/top-5-ways-to-prepare-for-a-power-outage\/\" \/>\n<meta property=\"og:locale\" content=\"en_US\" \/>\n<meta property=\"og:type\" content=\"article\" \/>\n<meta property=\"og:title\" content=\"Top 5 Ways to Prepare for a Power Outage - Italy\" \/>\n<meta property=\"og:description\" content=\"I cinque principali errori che le persone commettono durante un\u2019interruzione di corrente Tempeste, uragani, inondazioni e tornado portano a interruzioni di corrente. E sembra che oggi stia accadendo pi\u00f9 che mai. Scopri alcuni degli errori pi\u00f9 comuni che le persone commettono prima dell\u2019inizio della stagione, cos\u00ec puoi evitarli facilmente e prepararti al meglio alle emergenze. [&hellip;]\" \/>\n<meta property=\"og:url\" content=\"https:\/\/energizer.com\/eu\/italy\/responsibility\/top-5-ways-to-prepare-for-a-power-outage\/\" \/>\n<meta property=\"og:site_name\" content=\"Italy\" \/>\n<meta property=\"article:modified_time\" content=\"2024-08-06T04:19:16+00:00\" \/>\n<meta name=\"twitter:card\" content=\"summary_large_image\" \/>\n<script type=\"application\/ld+json\" class=\"yoast-schema-graph\">{\"@context\":\"https:\\\/\\\/schema.org\",\"@graph\":[{\"@type\":\"WebPage\",\"@id\":\"https:\\\/\\\/energizer.com\\\/eu\\\/italy\\\/responsibility\\\/top-5-ways-to-prepare-for-a-power-outage\\\/\",\"url\":\"https:\\\/\\\/energizer.com\\\/eu\\\/italy\\\/responsibility\\\/top-5-ways-to-prepare-for-a-power-outage\\\/\",\"name\":\"Top 5 Ways to Prepare for a Power Outage - Italy\",\"isPartOf\":{\"@id\":\"https:\\\/\\\/energizer.com\\\/eu\\\/italy\\\/#website\"},\"datePublished\":\"2024-05-23T12:22:04+00:00\",\"dateModified\":\"2024-08-06T04:19:16+00:00\",\"breadcrumb\":{\"@id\":\"https:\\\/\\\/energizer.com\\\/eu\\\/italy\\\/responsibility\\\/top-5-ways-to-prepare-for-a-power-outage\\\/#breadcrumb\"},\"inLanguage\":\"en-US\",\"potentialAction\":[{\"@type\":\"ReadAction\",\"target\":[\"https:\\\/\\\/energizer.com\\\/eu\\\/italy\\\/responsibility\\\/top-5-ways-to-prepare-for-a-power-outage\\\/\"]}]},{\"@type\":\"BreadcrumbList\",\"@id\":\"https:\\\/\\\/energizer.com\\\/eu\\\/italy\\\/responsibility\\\/top-5-ways-to-prepare-for-a-power-outage\\\/#breadcrumb\",\"itemListElement\":[{\"@type\":\"ListItem\",\"position\":1,\"name\":\"Home\",\"item\":\"https:\\\/\\\/energizer.com\\\/eu\\\/italy\\\/\"},{\"@type\":\"ListItem\",\"position\":2,\"name\":\"Responsibility\",\"item\":\"https:\\\/\\\/energizer.com\\\/eu\\\/italy\\\/responsibility\\\/\"},{\"@type\":\"ListItem\",\"position\":3,\"name\":\"Top 5 Ways to Prepare for a Power Outage\"}]},{\"@type\":\"WebSite\",\"@id\":\"https:\\\/\\\/energizer.com\\\/eu\\\/italy\\\/#website\",\"url\":\"https:\\\/\\\/energizer.com\\\/eu\\\/italy\\\/\",\"name\":\"Energizer Italy\",\"description\":\"\",\"publisher\":{\"@id\":\"https:\\\/\\\/energizer.com\\\/eu\\\/italy\\\/#organization\"},\"potentialAction\":[{\"@type\":\"SearchAction\",\"target\":{\"@type\":\"EntryPoint\",\"urlTemplate\":\"https:\\\/\\\/energizer.com\\\/eu\\\/italy\\\/?s={search_term_string}\"},\"query-input\":{\"@type\":\"PropertyValueSpecification\",\"valueRequired\":true,\"valueName\":\"search_term_string\"}}],\"inLanguage\":\"en-US\"},{\"@type\":\"Organization\",\"@id\":\"https:\\\/\\\/energizer.com\\\/eu\\\/italy\\\/#organization\",\"name\":\"Energizer Italy\",\"url\":\"https:\\\/\\\/energizer.com\\\/eu\\\/italy\\\/\",\"logo\":{\"@type\":\"ImageObject\",\"inLanguage\":\"en-US\",\"@id\":\"https:\\\/\\\/energizer.com\\\/eu\\\/italy\\\/#\\\/schema\\\/logo\\\/image\\\/\",\"url\":\"https:\\\/\\\/energizer.com\\\/eu\\\/italy\\\/wp-content\\\/uploads\\\/sites\\\/7\\\/2024\\\/04\\\/Energizer_brand.png\",\"contentUrl\":\"https:\\\/\\\/energizer.com\\\/eu\\\/italy\\\/wp-content\\\/uploads\\\/sites\\\/7\\\/2024\\\/04\\\/Energizer_brand.png\",\"width\":267,\"height\":100,\"caption\":\"Energizer Italy\"},\"image\":{\"@id\":\"https:\\\/\\\/energizer.com\\\/eu\\\/italy\\\/#\\\/schema\\\/logo\\\/image\\\/\"}}]}<\/script>\n<!-- \/ Yoast SEO plugin. -->","yoast_head_json":{"title":"Top 5 Ways to Prepare for a Power Outage - Italy","robots":{"index":"index","follow":"follow","max-snippet":"max-snippet:-1","max-image-preview":"max-image-preview:large","max-video-preview":"max-video-preview:-1"},"canonical":"https:\/\/energizer.com\/eu\/italy\/responsibility\/top-5-ways-to-prepare-for-a-power-outage\/","og_locale":"en_US","og_type":"article","og_title":"Top 5 Ways to Prepare for a Power Outage - Italy","og_description":"I cinque principali errori che le persone commettono durante un\u2019interruzione di corrente Tempeste, uragani, inondazioni e tornado portano a interruzioni di corrente. E sembra che oggi stia accadendo pi\u00f9 che mai. Scopri alcuni degli errori pi\u00f9 comuni che le persone commettono prima dell\u2019inizio della stagione, cos\u00ec puoi evitarli facilmente e prepararti al meglio alle emergenze. [&hellip;]","og_url":"https:\/\/energizer.com\/eu\/italy\/responsibility\/top-5-ways-to-prepare-for-a-power-outage\/","og_site_name":"Italy","article_modified_time":"2024-08-06T04:19:16+00:00","twitter_card":"summary_large_image","schema":{"@context":"https:\/\/schema.org","@graph":[{"@type":"WebPage","@id":"https:\/\/energizer.com\/eu\/italy\/responsibility\/top-5-ways-to-prepare-for-a-power-outage\/","url":"https:\/\/energizer.com\/eu\/italy\/responsibility\/top-5-ways-to-prepare-for-a-power-outage\/","name":"Top 5 Ways to Prepare for a Power Outage - Italy","isPartOf":{"@id":"https:\/\/energizer.com\/eu\/italy\/#website"},"datePublished":"2024-05-23T12:22:04+00:00","dateModified":"2024-08-06T04:19:16+00:00","breadcrumb":{"@id":"https:\/\/energizer.com\/eu\/italy\/responsibility\/top-5-ways-to-prepare-for-a-power-outage\/#breadcrumb"},"inLanguage":"en-US","potentialAction":[{"@type":"ReadAction","target":["https:\/\/energizer.com\/eu\/italy\/responsibility\/top-5-ways-to-prepare-for-a-power-outage\/"]}]},{"@type":"BreadcrumbList","@id":"https:\/\/energizer.com\/eu\/italy\/responsibility\/top-5-ways-to-prepare-for-a-power-outage\/#breadcrumb","itemListElement":[{"@type":"ListItem","position":1,"name":"Home","item":"https:\/\/energizer.com\/eu\/italy\/"},{"@type":"ListItem","position":2,"name":"Responsibility","item":"https:\/\/energizer.com\/eu\/italy\/responsibility\/"},{"@type":"ListItem","position":3,"name":"Top 5 Ways to Prepare for a Power Outage"}]},{"@type":"WebSite","@id":"https:\/\/energizer.com\/eu\/italy\/#website","url":"https:\/\/energizer.com\/eu\/italy\/","name":"Energizer Italy","description":"","publisher":{"@id":"https:\/\/energizer.com\/eu\/italy\/#organization"},"potentialAction":[{"@type":"SearchAction","target":{"@type":"EntryPoint","urlTemplate":"https:\/\/energizer.com\/eu\/italy\/?s={search_term_string}"},"query-input":{"@type":"PropertyValueSpecification","valueRequired":true,"valueName":"search_term_string"}}],"inLanguage":"en-US"},{"@type":"Organization","@id":"https:\/\/energizer.com\/eu\/italy\/#organization","name":"Energizer Italy","url":"https:\/\/energizer.com\/eu\/italy\/","logo":{"@type":"ImageObject","inLanguage":"en-US","@id":"https:\/\/energizer.com\/eu\/italy\/#\/schema\/logo\/image\/","url":"https:\/\/energizer.com\/eu\/italy\/wp-content\/uploads\/sites\/7\/2024\/04\/Energizer_brand.png","contentUrl":"https:\/\/energizer.com\/eu\/italy\/wp-content\/uploads\/sites\/7\/2024\/04\/Energizer_brand.png","width":267,"height":100,"caption":"Energizer Italy"},"image":{"@id":"https:\/\/energizer.com\/eu\/italy\/#\/schema\/logo\/image\/"}}]}},"_links":{"self":[{"href":"https:\/\/energizer.com\/eu\/italy\/wp-json\/wp\/v2\/pages\/5741","targetHints":{"allow":["GET"]}}],"collection":[{"href":"https:\/\/energizer.com\/eu\/italy\/wp-json\/wp\/v2\/pages"}],"about":[{"href":"https:\/\/energizer.com\/eu\/italy\/wp-json\/wp\/v2\/types\/page"}],"author":[{"embeddable":true,"href":"https:\/\/energizer.com\/eu\/italy\/wp-json\/wp\/v2\/users\/1"}],"replies":[{"embeddable":true,"href":"https:\/\/energizer.com\/eu\/italy\/wp-json\/wp\/v2\/comments?post=5741"}],"version-history":[{"count":49,"href":"https:\/\/energizer.com\/eu\/italy\/wp-json\/wp\/v2\/pages\/5741\/revisions"}],"predecessor-version":[{"id":9789,"href":"https:\/\/energizer.com\/eu\/italy\/wp-json\/wp\/v2\/pages\/5741\/revisions\/9789"}],"up":[{"embeddable":true,"href":"https:\/\/energizer.com\/eu\/italy\/wp-json\/wp\/v2\/pages\/4680"}],"wp:attachment":[{"href":"https:\/\/energizer.com\/eu\/italy\/wp-json\/wp\/v2\/media?parent=5741"}],"curies":[{"name":"wp","href":"https:\/\/api.w.org\/{rel}","templated":true}]}}