{"id":7265,"date":"2024-06-03T05:38:11","date_gmt":"2024-06-03T05:38:11","guid":{"rendered":"https:\/\/23b13e8ab3.nxcli.io\/italy\/?post_type=product&#038;p=7265"},"modified":"2024-11-19T12:08:24","modified_gmt":"2024-11-19T12:08:24","slug":"energizer-ultimate-lithium-aaa","status":"publish","type":"product","link":"https:\/\/energizer.com\/eu\/italy\/product\/energizer-ultimate-lithium-aaa\/","title":{"rendered":"ENERGIZER\u00ae ULTIMATE LITHIUM &#8211; AAA"},"content":{"rendered":"<ul>\n<li>Confezione da 4 Batterie AAA Energizer Ultimate Lithium<\/li>\n<li>Le Pi\u00f9 Durature al Mondo: Nessuna batteria dura pi\u00f9 a lungo delle batterie al litio AAA di Energizer sui dispositivi ad alta tecnologia<\/li>\n<li>Energia su Cui Contare: Batterie al litio per dispositivi smart per la casa domotica, sistemi di sorveglianza esterni, fotocamere digitali, orologi, torce e molti altri articoli essenziali di utilizzo quotidiano<\/li>\n<li>Protezione Anti Perdite: Garantite contro le perdite, in base all&#8217;utilizzo standard<\/li>\n<li>\n<div class=\"jsx-3636891234 relative px-2.5 pb-2\">\n<div class=\"jsx-3636891234 comment-privacy-wrapper\">Affidabilit\u00e0 Garantita: Queste batterie al litio AAA vantano fino a 25 anni di conservazione e resistono a temperature estreme, da -40\u00b0C a 60\u00b0C, cos\u00ec da poter essere utilizzare durante tutto il corso dell\u2019anno, sia per un utilizzo interno che esterno<\/div>\n<\/div>\n<\/li>\n<li>Confezione 100% Riciclabile: La confezione Energizer \u00e8 100% riciclabile, sostiene la gestione forestale responsabile ed \u00e8 priva di plastica, ad eccezione dei sigilli su alcune confezioni pi\u00f9 grandi<\/li>\n<li>Contiene Materiali Riciclati: *Acciaio Riciclato fino al 10%. Solo per modelli AA\/AAA. Confezioni contrassegnate specificamente<\/li>\n<\/ul>\n","protected":false},"excerpt":{"rendered":"<p>Ottieni il massimo dai tuoi dispositivi ad alta tecnologia con l&#8217;affidabile potenza della batteria AAA pi\u00f9 duratura al mondo nei dispositivi ad alta tecnologia \u2013 Energizer Ultimate Lithium AAA. Fai scorta di batterie al litio Energizer AAA per luci, dispositivi per intelligenti per la casa domotica e sistemi di sorveglianza, ma anche batterie per fotocamere. Le batterie al litio Energizer AAA mantengono la carica fino a 25 anni quando conservate, quindi sono sempre pronte all&#8217;uso ogni volta che ti servono. Ogni batteria dispone di una garanzia contro le perdite, quando utilizzate in maniera normale. E le batterie AA Energizer Ultimate Lithium sono performanti anche a temperature estreme \u2013 da -40\u00b0C a 60\u00b0C \u2013 per offrirti energia proprio quando ne hai pi\u00f9 bisogno. La gamma Energizer Ultimate Lithium comprende anche batterie AA e 9V, quindi sar\u00e0 davvero semplice trovare una fonte di alimentazione affidabile nel formato che ti serve. Per le batterie ricaricabili, dai un&#8217;occhiata alle Energizer Recharge &#8211; ideali per dispositivi utilizzati pi\u00f9 di frequente. Dal momento in cui Energizer ha creato la prima batteria per consumatori al mondo nel 1896, ha guidato la carica nell&#8217;innovazione nel settore con una storia piena di orgoglio e tecnologie all&#8217;avanguardia, inclusa la prima batteria AA al litio al mondo. Il marchio traspone queste idee innovative anche nelle iniziative ambientali, grazie allo sviluppo del primo sistema di batterie ricaricabili nel 1958 e introducendo la prima batteria priva di mercurio nel 1989. Le batterie Energizer Recharge sono state anche le prime batterie ricaricabili a contenere materiali riciclati. L&#8217;azienda collabora con organizzazioni che incoraggiano, informano e abilitano i consumatori a riciclare sia le batterie non ricaricabili che gli imballaggi delle batterie. Fai affidamento nella potenza delle batterie Energizer.<\/p>\n","protected":false},"featured_media":0,"comment_status":"open","ping_status":"closed","template":"","meta":{"_acf_changed":false},"product_brand":[],"product_cat":[30],"product_tag":[],"class_list":{"0":"post-7265","1":"product","2":"type-product","3":"status-publish","5":"product_cat-energizer-ultimate-lithium","7":"first","8":"instock","9":"shipping-taxable","10":"product-type-simple"},"acf":[],"yoast_head":"<!-- This site is optimized with the Yoast SEO plugin v27.4 - https:\/\/yoast.com\/product\/yoast-seo-wordpress\/ -->\n<title>ENERGIZER\u00ae ULTIMATE LITHIUM - AAA - Italy<\/title>\n<meta name=\"robots\" content=\"index, follow, max-snippet:-1, max-image-preview:large, max-video-preview:-1\" \/>\n<link rel=\"canonical\" href=\"https:\/\/energizer.com\/eu\/italy\/product\/energizer-ultimate-lithium-aaa\/\" \/>\n<meta property=\"og:locale\" content=\"en_US\" \/>\n<meta property=\"og:type\" content=\"article\" \/>\n<meta property=\"og:title\" content=\"ENERGIZER\u00ae ULTIMATE LITHIUM - AAA - Italy\" \/>\n<meta property=\"og:description\" content=\"Ottieni il massimo dai tuoi dispositivi ad alta tecnologia con l&#039;affidabile potenza della batteria AAA pi\u00f9 duratura al mondo nei dispositivi ad alta tecnologia \u2013 Energizer Ultimate Lithium AAA. Fai scorta di batterie al litio Energizer AAA per luci, dispositivi per intelligenti per la casa domotica e sistemi di sorveglianza, ma anche batterie per fotocamere. Le batterie al litio Energizer AAA mantengono la carica fino a 25 anni quando conservate, quindi sono sempre pronte all&#039;uso ogni volta che ti servono. Ogni batteria dispone di una garanzia contro le perdite, quando utilizzate in maniera normale. E le batterie AA Energizer Ultimate Lithium sono performanti anche a temperature estreme \u2013 da -40\u00b0C a 60\u00b0C \u2013 per offrirti energia proprio quando ne hai pi\u00f9 bisogno. La gamma Energizer Ultimate Lithium comprende anche batterie AA e 9V, quindi sar\u00e0 davvero semplice trovare una fonte di alimentazione affidabile nel formato che ti serve. Per le batterie ricaricabili, dai un&#039;occhiata alle Energizer Recharge - ideali per dispositivi utilizzati pi\u00f9 di frequente. Dal momento in cui Energizer ha creato la prima batteria per consumatori al mondo nel 1896, ha guidato la carica nell&#039;innovazione nel settore con una storia piena di orgoglio e tecnologie all&#039;avanguardia, inclusa la prima batteria AA al litio al mondo. Il marchio traspone queste idee innovative anche nelle iniziative ambientali, grazie allo sviluppo del primo sistema di batterie ricaricabili nel 1958 e introducendo la prima batteria priva di mercurio nel 1989. Le batterie Energizer Recharge sono state anche le prime batterie ricaricabili a contenere materiali riciclati. L&#039;azienda collabora con organizzazioni che incoraggiano, informano e abilitano i consumatori a riciclare sia le batterie non ricaricabili che gli imballaggi delle batterie. Fai affidamento nella potenza delle batterie Energizer.\" \/>\n<meta property=\"og:url\" content=\"https:\/\/energizer.com\/eu\/italy\/product\/energizer-ultimate-lithium-aaa\/\" \/>\n<meta property=\"og:site_name\" content=\"Italy\" \/>\n<meta property=\"article:modified_time\" content=\"2024-11-19T12:08:24+00:00\" \/>\n<meta name=\"twitter:card\" content=\"summary_large_image\" \/>\n<script type=\"application\/ld+json\" class=\"yoast-schema-graph\">{\"@context\":\"https:\\\/\\\/schema.org\",\"@graph\":[{\"@type\":\"WebPage\",\"@id\":\"https:\\\/\\\/energizer.com\\\/eu\\\/italy\\\/product\\\/energizer-ultimate-lithium-aaa\\\/\",\"url\":\"https:\\\/\\\/energizer.com\\\/eu\\\/italy\\\/product\\\/energizer-ultimate-lithium-aaa\\\/\",\"name\":\"ENERGIZER\u00ae ULTIMATE LITHIUM - AAA - Italy\",\"isPartOf\":{\"@id\":\"https:\\\/\\\/energizer.com\\\/eu\\\/italy\\\/#website\"},\"datePublished\":\"2024-06-03T05:38:11+00:00\",\"dateModified\":\"2024-11-19T12:08:24+00:00\",\"breadcrumb\":{\"@id\":\"https:\\\/\\\/energizer.com\\\/eu\\\/italy\\\/product\\\/energizer-ultimate-lithium-aaa\\\/#breadcrumb\"},\"inLanguage\":\"en-US\",\"potentialAction\":[{\"@type\":\"ReadAction\",\"target\":[\"https:\\\/\\\/energizer.com\\\/eu\\\/italy\\\/product\\\/energizer-ultimate-lithium-aaa\\\/\"]}]},{\"@type\":\"BreadcrumbList\",\"@id\":\"https:\\\/\\\/energizer.com\\\/eu\\\/italy\\\/product\\\/energizer-ultimate-lithium-aaa\\\/#breadcrumb\",\"itemListElement\":[{\"@type\":\"ListItem\",\"position\":1,\"name\":\"Home\",\"item\":\"https:\\\/\\\/energizer.com\\\/eu\\\/italy\\\/\"},{\"@type\":\"ListItem\",\"position\":2,\"name\":\"ENERGIZER\u00ae ULTIMATE LITHIUM &#8211; AAA\"}]},{\"@type\":\"WebSite\",\"@id\":\"https:\\\/\\\/energizer.com\\\/eu\\\/italy\\\/#website\",\"url\":\"https:\\\/\\\/energizer.com\\\/eu\\\/italy\\\/\",\"name\":\"Energizer Italy\",\"description\":\"\",\"publisher\":{\"@id\":\"https:\\\/\\\/energizer.com\\\/eu\\\/italy\\\/#organization\"},\"potentialAction\":[{\"@type\":\"SearchAction\",\"target\":{\"@type\":\"EntryPoint\",\"urlTemplate\":\"https:\\\/\\\/energizer.com\\\/eu\\\/italy\\\/?s={search_term_string}\"},\"query-input\":{\"@type\":\"PropertyValueSpecification\",\"valueRequired\":true,\"valueName\":\"search_term_string\"}}],\"inLanguage\":\"en-US\"},{\"@type\":\"Organization\",\"@id\":\"https:\\\/\\\/energizer.com\\\/eu\\\/italy\\\/#organization\",\"name\":\"Energizer Italy\",\"url\":\"https:\\\/\\\/energizer.com\\\/eu\\\/italy\\\/\",\"logo\":{\"@type\":\"ImageObject\",\"inLanguage\":\"en-US\",\"@id\":\"https:\\\/\\\/energizer.com\\\/eu\\\/italy\\\/#\\\/schema\\\/logo\\\/image\\\/\",\"url\":\"https:\\\/\\\/energizer.com\\\/eu\\\/italy\\\/wp-content\\\/uploads\\\/sites\\\/7\\\/2024\\\/04\\\/Energizer_brand.png\",\"contentUrl\":\"https:\\\/\\\/energizer.com\\\/eu\\\/italy\\\/wp-content\\\/uploads\\\/sites\\\/7\\\/2024\\\/04\\\/Energizer_brand.png\",\"width\":267,\"height\":100,\"caption\":\"Energizer Italy\"},\"image\":{\"@id\":\"https:\\\/\\\/energizer.com\\\/eu\\\/italy\\\/#\\\/schema\\\/logo\\\/image\\\/\"}}]}<\/script>\n<!-- \/ Yoast SEO plugin. -->","yoast_head_json":{"title":"ENERGIZER\u00ae ULTIMATE LITHIUM - AAA - Italy","robots":{"index":"index","follow":"follow","max-snippet":"max-snippet:-1","max-image-preview":"max-image-preview:large","max-video-preview":"max-video-preview:-1"},"canonical":"https:\/\/energizer.com\/eu\/italy\/product\/energizer-ultimate-lithium-aaa\/","og_locale":"en_US","og_type":"article","og_title":"ENERGIZER\u00ae ULTIMATE LITHIUM - AAA - Italy","og_description":"Ottieni il massimo dai tuoi dispositivi ad alta tecnologia con l'affidabile potenza della batteria AAA pi\u00f9 duratura al mondo nei dispositivi ad alta tecnologia \u2013 Energizer Ultimate Lithium AAA. Fai scorta di batterie al litio Energizer AAA per luci, dispositivi per intelligenti per la casa domotica e sistemi di sorveglianza, ma anche batterie per fotocamere. Le batterie al litio Energizer AAA mantengono la carica fino a 25 anni quando conservate, quindi sono sempre pronte all'uso ogni volta che ti servono. Ogni batteria dispone di una garanzia contro le perdite, quando utilizzate in maniera normale. E le batterie AA Energizer Ultimate Lithium sono performanti anche a temperature estreme \u2013 da -40\u00b0C a 60\u00b0C \u2013 per offrirti energia proprio quando ne hai pi\u00f9 bisogno. La gamma Energizer Ultimate Lithium comprende anche batterie AA e 9V, quindi sar\u00e0 davvero semplice trovare una fonte di alimentazione affidabile nel formato che ti serve. Per le batterie ricaricabili, dai un'occhiata alle Energizer Recharge - ideali per dispositivi utilizzati pi\u00f9 di frequente. Dal momento in cui Energizer ha creato la prima batteria per consumatori al mondo nel 1896, ha guidato la carica nell'innovazione nel settore con una storia piena di orgoglio e tecnologie all'avanguardia, inclusa la prima batteria AA al litio al mondo. Il marchio traspone queste idee innovative anche nelle iniziative ambientali, grazie allo sviluppo del primo sistema di batterie ricaricabili nel 1958 e introducendo la prima batteria priva di mercurio nel 1989. Le batterie Energizer Recharge sono state anche le prime batterie ricaricabili a contenere materiali riciclati. L'azienda collabora con organizzazioni che incoraggiano, informano e abilitano i consumatori a riciclare sia le batterie non ricaricabili che gli imballaggi delle batterie. Fai affidamento nella potenza delle batterie Energizer.","og_url":"https:\/\/energizer.com\/eu\/italy\/product\/energizer-ultimate-lithium-aaa\/","og_site_name":"Italy","article_modified_time":"2024-11-19T12:08:24+00:00","twitter_card":"summary_large_image","schema":{"@context":"https:\/\/schema.org","@graph":[{"@type":"WebPage","@id":"https:\/\/energizer.com\/eu\/italy\/product\/energizer-ultimate-lithium-aaa\/","url":"https:\/\/energizer.com\/eu\/italy\/product\/energizer-ultimate-lithium-aaa\/","name":"ENERGIZER\u00ae ULTIMATE LITHIUM - AAA - Italy","isPartOf":{"@id":"https:\/\/energizer.com\/eu\/italy\/#website"},"datePublished":"2024-06-03T05:38:11+00:00","dateModified":"2024-11-19T12:08:24+00:00","breadcrumb":{"@id":"https:\/\/energizer.com\/eu\/italy\/product\/energizer-ultimate-lithium-aaa\/#breadcrumb"},"inLanguage":"en-US","potentialAction":[{"@type":"ReadAction","target":["https:\/\/energizer.com\/eu\/italy\/product\/energizer-ultimate-lithium-aaa\/"]}]},{"@type":"BreadcrumbList","@id":"https:\/\/energizer.com\/eu\/italy\/product\/energizer-ultimate-lithium-aaa\/#breadcrumb","itemListElement":[{"@type":"ListItem","position":1,"name":"Home","item":"https:\/\/energizer.com\/eu\/italy\/"},{"@type":"ListItem","position":2,"name":"ENERGIZER\u00ae ULTIMATE LITHIUM &#8211; AAA"}]},{"@type":"WebSite","@id":"https:\/\/energizer.com\/eu\/italy\/#website","url":"https:\/\/energizer.com\/eu\/italy\/","name":"Energizer Italy","description":"","publisher":{"@id":"https:\/\/energizer.com\/eu\/italy\/#organization"},"potentialAction":[{"@type":"SearchAction","target":{"@type":"EntryPoint","urlTemplate":"https:\/\/energizer.com\/eu\/italy\/?s={search_term_string}"},"query-input":{"@type":"PropertyValueSpecification","valueRequired":true,"valueName":"search_term_string"}}],"inLanguage":"en-US"},{"@type":"Organization","@id":"https:\/\/energizer.com\/eu\/italy\/#organization","name":"Energizer Italy","url":"https:\/\/energizer.com\/eu\/italy\/","logo":{"@type":"ImageObject","inLanguage":"en-US","@id":"https:\/\/energizer.com\/eu\/italy\/#\/schema\/logo\/image\/","url":"https:\/\/energizer.com\/eu\/italy\/wp-content\/uploads\/sites\/7\/2024\/04\/Energizer_brand.png","contentUrl":"https:\/\/energizer.com\/eu\/italy\/wp-content\/uploads\/sites\/7\/2024\/04\/Energizer_brand.png","width":267,"height":100,"caption":"Energizer Italy"},"image":{"@id":"https:\/\/energizer.com\/eu\/italy\/#\/schema\/logo\/image\/"}}]}},"_links":{"self":[{"href":"https:\/\/energizer.com\/eu\/italy\/wp-json\/wp\/v2\/product\/7265","targetHints":{"allow":["GET"]}}],"collection":[{"href":"https:\/\/energizer.com\/eu\/italy\/wp-json\/wp\/v2\/product"}],"about":[{"href":"https:\/\/energizer.com\/eu\/italy\/wp-json\/wp\/v2\/types\/product"}],"replies":[{"embeddable":true,"href":"https:\/\/energizer.com\/eu\/italy\/wp-json\/wp\/v2\/comments?post=7265"}],"version-history":[{"count":7,"href":"https:\/\/energizer.com\/eu\/italy\/wp-json\/wp\/v2\/product\/7265\/revisions"}],"predecessor-version":[{"id":10492,"href":"https:\/\/energizer.com\/eu\/italy\/wp-json\/wp\/v2\/product\/7265\/revisions\/10492"}],"wp:attachment":[{"href":"https:\/\/energizer.com\/eu\/italy\/wp-json\/wp\/v2\/media?parent=7265"}],"wp:term":[{"taxonomy":"product_brand","embeddable":true,"href":"https:\/\/energizer.com\/eu\/italy\/wp-json\/wp\/v2\/product_brand?post=7265"},{"taxonomy":"product_cat","embeddable":true,"href":"https:\/\/energizer.com\/eu\/italy\/wp-json\/wp\/v2\/product_cat?post=7265"},{"taxonomy":"product_tag","embeddable":true,"href":"https:\/\/energizer.com\/eu\/italy\/wp-json\/wp\/v2\/product_tag?post=7265"}],"curies":[{"name":"wp","href":"https:\/\/api.w.org\/{rel}","templated":true}]}}