{"id":7272,"date":"2024-06-03T05:38:11","date_gmt":"2024-06-03T05:38:11","guid":{"rendered":"https:\/\/23b13e8ab3.nxcli.io\/italy\/?post_type=product&#038;p=7272"},"modified":"2024-11-19T12:06:50","modified_gmt":"2024-11-19T12:06:50","slug":"energizer-ultimate-lithium-aa","status":"publish","type":"product","link":"https:\/\/energizer.com\/eu\/italy\/product\/energizer-ultimate-lithium-aa\/","title":{"rendered":"ENERGIZER\u00ae ULTIMATE LITHIUM &#8211; AA"},"content":{"rendered":"<ul>\n<li>Confezione da 4 Batterie AA Energizer Ultimate Lithium<\/li>\n<li>Le Pi\u00f9 Durature al Mondo: Nessuna batteria dura pi\u00f9 delle batterie AA Energizer al litio<\/li>\n<li>\n<div class=\"jsx-3636891234 relative px-2.5 pb-2\">\n<div class=\"jsx-3636891234 comment-privacy-wrapper\">Energia su Cui Contare: Batterie al litio per dispositivi smart per la casa domotica, sistemi di sorveglianza esterni, fotocamere digitali, orologi, torce e molti altri articoli essenziali di utilizzo quotidiano<\/div>\n<\/div>\n<\/li>\n<li>Protezione Anti Perdite: Garantite contro le perdite, in base all&#8217;utilizzo standard<\/li>\n<li>\n<div class=\"jsx-3636891234 relative px-2.5 pb-2\">\n<div class=\"jsx-3636891234 comment-privacy-wrapper\">Affidabilit\u00e0 Garantita: Ogni singola batteria al litio AA pu\u00f2 vantare fino a 25 anni di conservazione e resistono a temperature estreme, da -40\u00b0C a 60\u00b0C, cos\u00ec da poter essere utilizzare durante tutto il corso dell\u2019anno, sia per un utilizzo interno che esterno<\/div>\n<\/div>\n<\/li>\n<li>Confezione 100% Riciclabile: La confezione Energizer \u00e8 100% riciclabile, sostiene la gestione forestale responsabile ed \u00e8 priva di plastica, ad eccezione dei sigilli su alcune confezioni pi\u00f9 grandi<\/li>\n<li>Contiene Materiali Riciclati: *Acciaio Riciclato fino al 10%. Solo per modelli AA\/AAA. Confezioni contrassegnate specificamente<\/li>\n<\/ul>\n","protected":false},"excerpt":{"rendered":"<p>Ottieni il massimo dai tuoi dispositivi ad alta tecnologia con l&#8217;affidabile potenza della batteria AA pi\u00f9 duratura al mondo &#8211; Energizer Ultimate Lithium AA. Fai scorta di batterie al litio AA per luci, dispositivi intelligente per la casa domotica e sistemi di sorveglianza, ma anche batterie per fotocamere, orologi e telecomandi. Questa confezione di batterie AA rappresenta anche un&#8217;ottima scelta se necessiti di batterie durature per campanelli. Le batterie Energizer Ultimate Lithium AA mantengono la carica fino a 25 anni quando conservate, quindi sono sempre pronte all&#8217;uso ogni volta che ti servono. Ogni batteria dispone di una garanzia contro le perdite, quando utilizzate in maniera normale. E queste batterie AA Energizer sono performanti anche a temperature estreme \u2013 da -40\u00b0C a 60\u00b0C \u2013 per offrirti energia proprio quando ne hai pi\u00f9 bisogno. La gamma Energizer Ultimate Lithium comprende anche batterie AAA e 9V, quindi sar\u00e0 davvero semplice trovare una fonte di alimentazione affidabile nel formato che ti serve. Per le batterie ricaricabili, dai un&#8217;occhiata alle Energizer Recharge &#8211; ideali per dispositivi utilizzati pi\u00f9 di frequente. Energizer sa bene quanto sia importante prendersi cura del nostro pianeta e delle sue aree verdi. Per questo motivo, le batterie vengono vendute in confezioni riciclabili al 100% e prive di plastica* che supportano una gestione responsabile delle foreste. Si prega di notare che il packaging delle batterie Energizer che riceverai potrebbe variare rispetto a quello mostrato, a seconda delle scorte dei rivenditori. Ti ringraziamo per la tua pazienza mentre effettuiamo la transizione verso le confezioni riciclabili. *Ad eccezione dei sigilli su determinate confezioni<\/p>\n","protected":false},"featured_media":0,"comment_status":"open","ping_status":"closed","template":"","meta":{"_acf_changed":false},"product_brand":[],"product_cat":[30],"product_tag":[],"class_list":{"0":"post-7272","1":"product","2":"type-product","3":"status-publish","5":"product_cat-energizer-ultimate-lithium","7":"first","8":"instock","9":"shipping-taxable","10":"product-type-simple"},"acf":[],"yoast_head":"<!-- This site is optimized with the Yoast SEO plugin v27.4 - https:\/\/yoast.com\/product\/yoast-seo-wordpress\/ -->\n<title>ENERGIZER\u00ae ULTIMATE LITHIUM - AA - Italy<\/title>\n<meta name=\"robots\" content=\"index, follow, max-snippet:-1, max-image-preview:large, max-video-preview:-1\" \/>\n<link rel=\"canonical\" href=\"https:\/\/energizer.com\/eu\/italy\/product\/energizer-ultimate-lithium-aa\/\" \/>\n<meta property=\"og:locale\" content=\"en_US\" \/>\n<meta property=\"og:type\" content=\"article\" \/>\n<meta property=\"og:title\" content=\"ENERGIZER\u00ae ULTIMATE LITHIUM - AA - Italy\" \/>\n<meta property=\"og:description\" content=\"Ottieni il massimo dai tuoi dispositivi ad alta tecnologia con l&#039;affidabile potenza della batteria AA pi\u00f9 duratura al mondo - Energizer Ultimate Lithium AA. Fai scorta di batterie al litio AA per luci, dispositivi intelligente per la casa domotica e sistemi di sorveglianza, ma anche batterie per fotocamere, orologi e telecomandi. Questa confezione di batterie AA rappresenta anche un&#039;ottima scelta se necessiti di batterie durature per campanelli. Le batterie Energizer Ultimate Lithium AA mantengono la carica fino a 25 anni quando conservate, quindi sono sempre pronte all&#039;uso ogni volta che ti servono. Ogni batteria dispone di una garanzia contro le perdite, quando utilizzate in maniera normale. E queste batterie AA Energizer sono performanti anche a temperature estreme \u2013 da -40\u00b0C a 60\u00b0C \u2013 per offrirti energia proprio quando ne hai pi\u00f9 bisogno. La gamma Energizer Ultimate Lithium comprende anche batterie AAA e 9V, quindi sar\u00e0 davvero semplice trovare una fonte di alimentazione affidabile nel formato che ti serve. Per le batterie ricaricabili, dai un&#039;occhiata alle Energizer Recharge - ideali per dispositivi utilizzati pi\u00f9 di frequente. Energizer sa bene quanto sia importante prendersi cura del nostro pianeta e delle sue aree verdi. Per questo motivo, le batterie vengono vendute in confezioni riciclabili al 100% e prive di plastica* che supportano una gestione responsabile delle foreste. Si prega di notare che il packaging delle batterie Energizer che riceverai potrebbe variare rispetto a quello mostrato, a seconda delle scorte dei rivenditori. Ti ringraziamo per la tua pazienza mentre effettuiamo la transizione verso le confezioni riciclabili. *Ad eccezione dei sigilli su determinate confezioni\" \/>\n<meta property=\"og:url\" content=\"https:\/\/energizer.com\/eu\/italy\/product\/energizer-ultimate-lithium-aa\/\" \/>\n<meta property=\"og:site_name\" content=\"Italy\" \/>\n<meta property=\"article:modified_time\" content=\"2024-11-19T12:06:50+00:00\" \/>\n<meta name=\"twitter:card\" content=\"summary_large_image\" \/>\n<script type=\"application\/ld+json\" class=\"yoast-schema-graph\">{\"@context\":\"https:\\\/\\\/schema.org\",\"@graph\":[{\"@type\":\"WebPage\",\"@id\":\"https:\\\/\\\/energizer.com\\\/eu\\\/italy\\\/product\\\/energizer-ultimate-lithium-aa\\\/\",\"url\":\"https:\\\/\\\/energizer.com\\\/eu\\\/italy\\\/product\\\/energizer-ultimate-lithium-aa\\\/\",\"name\":\"ENERGIZER\u00ae ULTIMATE LITHIUM - AA - Italy\",\"isPartOf\":{\"@id\":\"https:\\\/\\\/energizer.com\\\/eu\\\/italy\\\/#website\"},\"datePublished\":\"2024-06-03T05:38:11+00:00\",\"dateModified\":\"2024-11-19T12:06:50+00:00\",\"breadcrumb\":{\"@id\":\"https:\\\/\\\/energizer.com\\\/eu\\\/italy\\\/product\\\/energizer-ultimate-lithium-aa\\\/#breadcrumb\"},\"inLanguage\":\"en-US\",\"potentialAction\":[{\"@type\":\"ReadAction\",\"target\":[\"https:\\\/\\\/energizer.com\\\/eu\\\/italy\\\/product\\\/energizer-ultimate-lithium-aa\\\/\"]}]},{\"@type\":\"BreadcrumbList\",\"@id\":\"https:\\\/\\\/energizer.com\\\/eu\\\/italy\\\/product\\\/energizer-ultimate-lithium-aa\\\/#breadcrumb\",\"itemListElement\":[{\"@type\":\"ListItem\",\"position\":1,\"name\":\"Home\",\"item\":\"https:\\\/\\\/energizer.com\\\/eu\\\/italy\\\/\"},{\"@type\":\"ListItem\",\"position\":2,\"name\":\"ENERGIZER\u00ae ULTIMATE LITHIUM &#8211; AA\"}]},{\"@type\":\"WebSite\",\"@id\":\"https:\\\/\\\/energizer.com\\\/eu\\\/italy\\\/#website\",\"url\":\"https:\\\/\\\/energizer.com\\\/eu\\\/italy\\\/\",\"name\":\"Energizer Italy\",\"description\":\"\",\"publisher\":{\"@id\":\"https:\\\/\\\/energizer.com\\\/eu\\\/italy\\\/#organization\"},\"potentialAction\":[{\"@type\":\"SearchAction\",\"target\":{\"@type\":\"EntryPoint\",\"urlTemplate\":\"https:\\\/\\\/energizer.com\\\/eu\\\/italy\\\/?s={search_term_string}\"},\"query-input\":{\"@type\":\"PropertyValueSpecification\",\"valueRequired\":true,\"valueName\":\"search_term_string\"}}],\"inLanguage\":\"en-US\"},{\"@type\":\"Organization\",\"@id\":\"https:\\\/\\\/energizer.com\\\/eu\\\/italy\\\/#organization\",\"name\":\"Energizer Italy\",\"url\":\"https:\\\/\\\/energizer.com\\\/eu\\\/italy\\\/\",\"logo\":{\"@type\":\"ImageObject\",\"inLanguage\":\"en-US\",\"@id\":\"https:\\\/\\\/energizer.com\\\/eu\\\/italy\\\/#\\\/schema\\\/logo\\\/image\\\/\",\"url\":\"https:\\\/\\\/energizer.com\\\/eu\\\/italy\\\/wp-content\\\/uploads\\\/sites\\\/7\\\/2024\\\/04\\\/Energizer_brand.png\",\"contentUrl\":\"https:\\\/\\\/energizer.com\\\/eu\\\/italy\\\/wp-content\\\/uploads\\\/sites\\\/7\\\/2024\\\/04\\\/Energizer_brand.png\",\"width\":267,\"height\":100,\"caption\":\"Energizer Italy\"},\"image\":{\"@id\":\"https:\\\/\\\/energizer.com\\\/eu\\\/italy\\\/#\\\/schema\\\/logo\\\/image\\\/\"}}]}<\/script>\n<!-- \/ Yoast SEO plugin. -->","yoast_head_json":{"title":"ENERGIZER\u00ae ULTIMATE LITHIUM - AA - Italy","robots":{"index":"index","follow":"follow","max-snippet":"max-snippet:-1","max-image-preview":"max-image-preview:large","max-video-preview":"max-video-preview:-1"},"canonical":"https:\/\/energizer.com\/eu\/italy\/product\/energizer-ultimate-lithium-aa\/","og_locale":"en_US","og_type":"article","og_title":"ENERGIZER\u00ae ULTIMATE LITHIUM - AA - Italy","og_description":"Ottieni il massimo dai tuoi dispositivi ad alta tecnologia con l'affidabile potenza della batteria AA pi\u00f9 duratura al mondo - Energizer Ultimate Lithium AA. Fai scorta di batterie al litio AA per luci, dispositivi intelligente per la casa domotica e sistemi di sorveglianza, ma anche batterie per fotocamere, orologi e telecomandi. Questa confezione di batterie AA rappresenta anche un'ottima scelta se necessiti di batterie durature per campanelli. Le batterie Energizer Ultimate Lithium AA mantengono la carica fino a 25 anni quando conservate, quindi sono sempre pronte all'uso ogni volta che ti servono. Ogni batteria dispone di una garanzia contro le perdite, quando utilizzate in maniera normale. E queste batterie AA Energizer sono performanti anche a temperature estreme \u2013 da -40\u00b0C a 60\u00b0C \u2013 per offrirti energia proprio quando ne hai pi\u00f9 bisogno. La gamma Energizer Ultimate Lithium comprende anche batterie AAA e 9V, quindi sar\u00e0 davvero semplice trovare una fonte di alimentazione affidabile nel formato che ti serve. Per le batterie ricaricabili, dai un'occhiata alle Energizer Recharge - ideali per dispositivi utilizzati pi\u00f9 di frequente. Energizer sa bene quanto sia importante prendersi cura del nostro pianeta e delle sue aree verdi. Per questo motivo, le batterie vengono vendute in confezioni riciclabili al 100% e prive di plastica* che supportano una gestione responsabile delle foreste. Si prega di notare che il packaging delle batterie Energizer che riceverai potrebbe variare rispetto a quello mostrato, a seconda delle scorte dei rivenditori. Ti ringraziamo per la tua pazienza mentre effettuiamo la transizione verso le confezioni riciclabili. *Ad eccezione dei sigilli su determinate confezioni","og_url":"https:\/\/energizer.com\/eu\/italy\/product\/energizer-ultimate-lithium-aa\/","og_site_name":"Italy","article_modified_time":"2024-11-19T12:06:50+00:00","twitter_card":"summary_large_image","schema":{"@context":"https:\/\/schema.org","@graph":[{"@type":"WebPage","@id":"https:\/\/energizer.com\/eu\/italy\/product\/energizer-ultimate-lithium-aa\/","url":"https:\/\/energizer.com\/eu\/italy\/product\/energizer-ultimate-lithium-aa\/","name":"ENERGIZER\u00ae ULTIMATE LITHIUM - AA - Italy","isPartOf":{"@id":"https:\/\/energizer.com\/eu\/italy\/#website"},"datePublished":"2024-06-03T05:38:11+00:00","dateModified":"2024-11-19T12:06:50+00:00","breadcrumb":{"@id":"https:\/\/energizer.com\/eu\/italy\/product\/energizer-ultimate-lithium-aa\/#breadcrumb"},"inLanguage":"en-US","potentialAction":[{"@type":"ReadAction","target":["https:\/\/energizer.com\/eu\/italy\/product\/energizer-ultimate-lithium-aa\/"]}]},{"@type":"BreadcrumbList","@id":"https:\/\/energizer.com\/eu\/italy\/product\/energizer-ultimate-lithium-aa\/#breadcrumb","itemListElement":[{"@type":"ListItem","position":1,"name":"Home","item":"https:\/\/energizer.com\/eu\/italy\/"},{"@type":"ListItem","position":2,"name":"ENERGIZER\u00ae ULTIMATE LITHIUM &#8211; AA"}]},{"@type":"WebSite","@id":"https:\/\/energizer.com\/eu\/italy\/#website","url":"https:\/\/energizer.com\/eu\/italy\/","name":"Energizer Italy","description":"","publisher":{"@id":"https:\/\/energizer.com\/eu\/italy\/#organization"},"potentialAction":[{"@type":"SearchAction","target":{"@type":"EntryPoint","urlTemplate":"https:\/\/energizer.com\/eu\/italy\/?s={search_term_string}"},"query-input":{"@type":"PropertyValueSpecification","valueRequired":true,"valueName":"search_term_string"}}],"inLanguage":"en-US"},{"@type":"Organization","@id":"https:\/\/energizer.com\/eu\/italy\/#organization","name":"Energizer Italy","url":"https:\/\/energizer.com\/eu\/italy\/","logo":{"@type":"ImageObject","inLanguage":"en-US","@id":"https:\/\/energizer.com\/eu\/italy\/#\/schema\/logo\/image\/","url":"https:\/\/energizer.com\/eu\/italy\/wp-content\/uploads\/sites\/7\/2024\/04\/Energizer_brand.png","contentUrl":"https:\/\/energizer.com\/eu\/italy\/wp-content\/uploads\/sites\/7\/2024\/04\/Energizer_brand.png","width":267,"height":100,"caption":"Energizer Italy"},"image":{"@id":"https:\/\/energizer.com\/eu\/italy\/#\/schema\/logo\/image\/"}}]}},"_links":{"self":[{"href":"https:\/\/energizer.com\/eu\/italy\/wp-json\/wp\/v2\/product\/7272","targetHints":{"allow":["GET"]}}],"collection":[{"href":"https:\/\/energizer.com\/eu\/italy\/wp-json\/wp\/v2\/product"}],"about":[{"href":"https:\/\/energizer.com\/eu\/italy\/wp-json\/wp\/v2\/types\/product"}],"replies":[{"embeddable":true,"href":"https:\/\/energizer.com\/eu\/italy\/wp-json\/wp\/v2\/comments?post=7272"}],"version-history":[{"count":8,"href":"https:\/\/energizer.com\/eu\/italy\/wp-json\/wp\/v2\/product\/7272\/revisions"}],"predecessor-version":[{"id":10490,"href":"https:\/\/energizer.com\/eu\/italy\/wp-json\/wp\/v2\/product\/7272\/revisions\/10490"}],"wp:attachment":[{"href":"https:\/\/energizer.com\/eu\/italy\/wp-json\/wp\/v2\/media?parent=7272"}],"wp:term":[{"taxonomy":"product_brand","embeddable":true,"href":"https:\/\/energizer.com\/eu\/italy\/wp-json\/wp\/v2\/product_brand?post=7272"},{"taxonomy":"product_cat","embeddable":true,"href":"https:\/\/energizer.com\/eu\/italy\/wp-json\/wp\/v2\/product_cat?post=7272"},{"taxonomy":"product_tag","embeddable":true,"href":"https:\/\/energizer.com\/eu\/italy\/wp-json\/wp\/v2\/product_tag?post=7272"}],"curies":[{"name":"wp","href":"https:\/\/api.w.org\/{rel}","templated":true}]}}