{"id":7274,"date":"2024-06-03T05:38:11","date_gmt":"2024-06-03T05:38:11","guid":{"rendered":"https:\/\/23b13e8ab3.nxcli.io\/italy\/?post_type=product&#038;p=7274"},"modified":"2024-11-19T12:24:50","modified_gmt":"2024-11-19T12:24:50","slug":"energizer-hearing-aid-batteries-675","status":"publish","type":"product","link":"https:\/\/energizer.com\/eu\/italy\/product\/energizer-hearing-aid-batteries-675\/","title":{"rendered":"ENERGIZER\u00ae BATTERIE ACUSTICHE \u2013 675"},"content":{"rendered":"<ul>\n<li>Pile Energizer 675 per apparecchi acustici, linguetta blu<\/li>\n<li>La durata pi\u00f9 lunga: Queste pile 675 per apparecchi acustici di lunga durata di Energizer sono adatte a una variet\u00e0 di dispositivi acustici<\/li>\n<li>Potenza di cui fidarsi: Ogni pila Energizer 675 vanta una durata di conservazione fino a 4 anni, per essere sempre pronta quando ne avrai bisogno<\/li>\n<li>Pratica: La confezione mantiene le pile degli apparecchi acustici zinco-aria protette e in posizione, e le lunghe linguette colorate le rendono facili da maneggiare<\/li>\n<li>Innovazione targata Energizer: Dai produttori della prima pila per apparecchi acustici senza mercurio disponibile in commercio<\/li>\n<\/ul>\n","protected":false},"excerpt":{"rendered":"<p>Ottieni il massimo dal tuo apparecchio acustico con la potenza affidabile delle pile Energizer 675. Le pile Energizer 675 con linguetta blu offrono una qualit\u00e0 del suono costante per tutta la loro durata per una migliore esperienza uditiva. La confezione perforata di alta qualit\u00e0 \u00e8 discreta e portatile. Basta ruotare il quadrante a doppia faccia per accedere alla pila, installarla nel dispositivo con le pratiche linguette lunghe e chiudere lo sportello per tenere le rimanenti pile al sicuro. La gamma Energizer per apparecchi acustici include inoltre le pile nei formati 13, 10 e 312, perci\u00f2 \u00e8 facile trovare un&#8217;alimentazione affidabile per ogni tua esigenza.<\/p>\n","protected":false},"featured_media":0,"comment_status":"open","ping_status":"closed","template":"","meta":{"_acf_changed":false},"product_brand":[],"product_cat":[32],"product_tag":[],"class_list":{"0":"post-7274","1":"product","2":"type-product","3":"status-publish","5":"product_cat-hearing-aid","7":"first","8":"instock","9":"shipping-taxable","10":"product-type-simple"},"acf":[],"yoast_head":"<!-- This site is optimized with the Yoast SEO plugin v27.4 - https:\/\/yoast.com\/product\/yoast-seo-wordpress\/ -->\n<title>ENERGIZER\u00ae BATTERIE ACUSTICHE \u2013 675 - Italy<\/title>\n<meta name=\"robots\" content=\"index, follow, max-snippet:-1, max-image-preview:large, max-video-preview:-1\" \/>\n<link rel=\"canonical\" href=\"https:\/\/energizer.com\/eu\/italy\/product\/energizer-hearing-aid-batteries-675\/\" \/>\n<meta property=\"og:locale\" content=\"en_US\" \/>\n<meta property=\"og:type\" content=\"article\" \/>\n<meta property=\"og:title\" content=\"ENERGIZER\u00ae BATTERIE ACUSTICHE \u2013 675 - Italy\" \/>\n<meta property=\"og:description\" content=\"Ottieni il massimo dal tuo apparecchio acustico con la potenza affidabile delle pile Energizer 675. Le pile Energizer 675 con linguetta blu offrono una qualit\u00e0 del suono costante per tutta la loro durata per una migliore esperienza uditiva. La confezione perforata di alta qualit\u00e0 \u00e8 discreta e portatile. Basta ruotare il quadrante a doppia faccia per accedere alla pila, installarla nel dispositivo con le pratiche linguette lunghe e chiudere lo sportello per tenere le rimanenti pile al sicuro. La gamma Energizer per apparecchi acustici include inoltre le pile nei formati 13, 10 e 312, perci\u00f2 \u00e8 facile trovare un&#039;alimentazione affidabile per ogni tua esigenza.\" \/>\n<meta property=\"og:url\" content=\"https:\/\/energizer.com\/eu\/italy\/product\/energizer-hearing-aid-batteries-675\/\" \/>\n<meta property=\"og:site_name\" content=\"Italy\" \/>\n<meta property=\"article:modified_time\" content=\"2024-11-19T12:24:50+00:00\" \/>\n<meta name=\"twitter:card\" content=\"summary_large_image\" \/>\n<script type=\"application\/ld+json\" class=\"yoast-schema-graph\">{\"@context\":\"https:\\\/\\\/schema.org\",\"@graph\":[{\"@type\":\"WebPage\",\"@id\":\"https:\\\/\\\/energizer.com\\\/eu\\\/italy\\\/product\\\/energizer-hearing-aid-batteries-675\\\/\",\"url\":\"https:\\\/\\\/energizer.com\\\/eu\\\/italy\\\/product\\\/energizer-hearing-aid-batteries-675\\\/\",\"name\":\"ENERGIZER\u00ae BATTERIE ACUSTICHE \u2013 675 - Italy\",\"isPartOf\":{\"@id\":\"https:\\\/\\\/energizer.com\\\/eu\\\/italy\\\/#website\"},\"datePublished\":\"2024-06-03T05:38:11+00:00\",\"dateModified\":\"2024-11-19T12:24:50+00:00\",\"breadcrumb\":{\"@id\":\"https:\\\/\\\/energizer.com\\\/eu\\\/italy\\\/product\\\/energizer-hearing-aid-batteries-675\\\/#breadcrumb\"},\"inLanguage\":\"en-US\",\"potentialAction\":[{\"@type\":\"ReadAction\",\"target\":[\"https:\\\/\\\/energizer.com\\\/eu\\\/italy\\\/product\\\/energizer-hearing-aid-batteries-675\\\/\"]}]},{\"@type\":\"BreadcrumbList\",\"@id\":\"https:\\\/\\\/energizer.com\\\/eu\\\/italy\\\/product\\\/energizer-hearing-aid-batteries-675\\\/#breadcrumb\",\"itemListElement\":[{\"@type\":\"ListItem\",\"position\":1,\"name\":\"Home\",\"item\":\"https:\\\/\\\/energizer.com\\\/eu\\\/italy\\\/\"},{\"@type\":\"ListItem\",\"position\":2,\"name\":\"ENERGIZER\u00ae HEARING AID BATTERIES \u2013 675\"}]},{\"@type\":\"WebSite\",\"@id\":\"https:\\\/\\\/energizer.com\\\/eu\\\/italy\\\/#website\",\"url\":\"https:\\\/\\\/energizer.com\\\/eu\\\/italy\\\/\",\"name\":\"Energizer Italy\",\"description\":\"\",\"publisher\":{\"@id\":\"https:\\\/\\\/energizer.com\\\/eu\\\/italy\\\/#organization\"},\"potentialAction\":[{\"@type\":\"SearchAction\",\"target\":{\"@type\":\"EntryPoint\",\"urlTemplate\":\"https:\\\/\\\/energizer.com\\\/eu\\\/italy\\\/?s={search_term_string}\"},\"query-input\":{\"@type\":\"PropertyValueSpecification\",\"valueRequired\":true,\"valueName\":\"search_term_string\"}}],\"inLanguage\":\"en-US\"},{\"@type\":\"Organization\",\"@id\":\"https:\\\/\\\/energizer.com\\\/eu\\\/italy\\\/#organization\",\"name\":\"Energizer Italy\",\"url\":\"https:\\\/\\\/energizer.com\\\/eu\\\/italy\\\/\",\"logo\":{\"@type\":\"ImageObject\",\"inLanguage\":\"en-US\",\"@id\":\"https:\\\/\\\/energizer.com\\\/eu\\\/italy\\\/#\\\/schema\\\/logo\\\/image\\\/\",\"url\":\"https:\\\/\\\/energizer.com\\\/eu\\\/italy\\\/wp-content\\\/uploads\\\/sites\\\/7\\\/2024\\\/04\\\/Energizer_brand.png\",\"contentUrl\":\"https:\\\/\\\/energizer.com\\\/eu\\\/italy\\\/wp-content\\\/uploads\\\/sites\\\/7\\\/2024\\\/04\\\/Energizer_brand.png\",\"width\":267,\"height\":100,\"caption\":\"Energizer Italy\"},\"image\":{\"@id\":\"https:\\\/\\\/energizer.com\\\/eu\\\/italy\\\/#\\\/schema\\\/logo\\\/image\\\/\"}}]}<\/script>\n<!-- \/ Yoast SEO plugin. -->","yoast_head_json":{"title":"ENERGIZER\u00ae BATTERIE ACUSTICHE \u2013 675 - Italy","robots":{"index":"index","follow":"follow","max-snippet":"max-snippet:-1","max-image-preview":"max-image-preview:large","max-video-preview":"max-video-preview:-1"},"canonical":"https:\/\/energizer.com\/eu\/italy\/product\/energizer-hearing-aid-batteries-675\/","og_locale":"en_US","og_type":"article","og_title":"ENERGIZER\u00ae BATTERIE ACUSTICHE \u2013 675 - Italy","og_description":"Ottieni il massimo dal tuo apparecchio acustico con la potenza affidabile delle pile Energizer 675. Le pile Energizer 675 con linguetta blu offrono una qualit\u00e0 del suono costante per tutta la loro durata per una migliore esperienza uditiva. La confezione perforata di alta qualit\u00e0 \u00e8 discreta e portatile. Basta ruotare il quadrante a doppia faccia per accedere alla pila, installarla nel dispositivo con le pratiche linguette lunghe e chiudere lo sportello per tenere le rimanenti pile al sicuro. La gamma Energizer per apparecchi acustici include inoltre le pile nei formati 13, 10 e 312, perci\u00f2 \u00e8 facile trovare un'alimentazione affidabile per ogni tua esigenza.","og_url":"https:\/\/energizer.com\/eu\/italy\/product\/energizer-hearing-aid-batteries-675\/","og_site_name":"Italy","article_modified_time":"2024-11-19T12:24:50+00:00","twitter_card":"summary_large_image","schema":{"@context":"https:\/\/schema.org","@graph":[{"@type":"WebPage","@id":"https:\/\/energizer.com\/eu\/italy\/product\/energizer-hearing-aid-batteries-675\/","url":"https:\/\/energizer.com\/eu\/italy\/product\/energizer-hearing-aid-batteries-675\/","name":"ENERGIZER\u00ae BATTERIE ACUSTICHE \u2013 675 - Italy","isPartOf":{"@id":"https:\/\/energizer.com\/eu\/italy\/#website"},"datePublished":"2024-06-03T05:38:11+00:00","dateModified":"2024-11-19T12:24:50+00:00","breadcrumb":{"@id":"https:\/\/energizer.com\/eu\/italy\/product\/energizer-hearing-aid-batteries-675\/#breadcrumb"},"inLanguage":"en-US","potentialAction":[{"@type":"ReadAction","target":["https:\/\/energizer.com\/eu\/italy\/product\/energizer-hearing-aid-batteries-675\/"]}]},{"@type":"BreadcrumbList","@id":"https:\/\/energizer.com\/eu\/italy\/product\/energizer-hearing-aid-batteries-675\/#breadcrumb","itemListElement":[{"@type":"ListItem","position":1,"name":"Home","item":"https:\/\/energizer.com\/eu\/italy\/"},{"@type":"ListItem","position":2,"name":"ENERGIZER\u00ae HEARING AID BATTERIES \u2013 675"}]},{"@type":"WebSite","@id":"https:\/\/energizer.com\/eu\/italy\/#website","url":"https:\/\/energizer.com\/eu\/italy\/","name":"Energizer Italy","description":"","publisher":{"@id":"https:\/\/energizer.com\/eu\/italy\/#organization"},"potentialAction":[{"@type":"SearchAction","target":{"@type":"EntryPoint","urlTemplate":"https:\/\/energizer.com\/eu\/italy\/?s={search_term_string}"},"query-input":{"@type":"PropertyValueSpecification","valueRequired":true,"valueName":"search_term_string"}}],"inLanguage":"en-US"},{"@type":"Organization","@id":"https:\/\/energizer.com\/eu\/italy\/#organization","name":"Energizer Italy","url":"https:\/\/energizer.com\/eu\/italy\/","logo":{"@type":"ImageObject","inLanguage":"en-US","@id":"https:\/\/energizer.com\/eu\/italy\/#\/schema\/logo\/image\/","url":"https:\/\/energizer.com\/eu\/italy\/wp-content\/uploads\/sites\/7\/2024\/04\/Energizer_brand.png","contentUrl":"https:\/\/energizer.com\/eu\/italy\/wp-content\/uploads\/sites\/7\/2024\/04\/Energizer_brand.png","width":267,"height":100,"caption":"Energizer Italy"},"image":{"@id":"https:\/\/energizer.com\/eu\/italy\/#\/schema\/logo\/image\/"}}]}},"_links":{"self":[{"href":"https:\/\/energizer.com\/eu\/italy\/wp-json\/wp\/v2\/product\/7274","targetHints":{"allow":["GET"]}}],"collection":[{"href":"https:\/\/energizer.com\/eu\/italy\/wp-json\/wp\/v2\/product"}],"about":[{"href":"https:\/\/energizer.com\/eu\/italy\/wp-json\/wp\/v2\/types\/product"}],"replies":[{"embeddable":true,"href":"https:\/\/energizer.com\/eu\/italy\/wp-json\/wp\/v2\/comments?post=7274"}],"version-history":[{"count":4,"href":"https:\/\/energizer.com\/eu\/italy\/wp-json\/wp\/v2\/product\/7274\/revisions"}],"predecessor-version":[{"id":10507,"href":"https:\/\/energizer.com\/eu\/italy\/wp-json\/wp\/v2\/product\/7274\/revisions\/10507"}],"wp:attachment":[{"href":"https:\/\/energizer.com\/eu\/italy\/wp-json\/wp\/v2\/media?parent=7274"}],"wp:term":[{"taxonomy":"product_brand","embeddable":true,"href":"https:\/\/energizer.com\/eu\/italy\/wp-json\/wp\/v2\/product_brand?post=7274"},{"taxonomy":"product_cat","embeddable":true,"href":"https:\/\/energizer.com\/eu\/italy\/wp-json\/wp\/v2\/product_cat?post=7274"},{"taxonomy":"product_tag","embeddable":true,"href":"https:\/\/energizer.com\/eu\/italy\/wp-json\/wp\/v2\/product_tag?post=7274"}],"curies":[{"name":"wp","href":"https:\/\/api.w.org\/{rel}","templated":true}]}}