{"id":7281,"date":"2024-06-03T05:38:12","date_gmt":"2024-06-03T05:38:12","guid":{"rendered":"https:\/\/23b13e8ab3.nxcli.io\/italy\/?post_type=product&#038;p=7281"},"modified":"2024-08-27T06:29:43","modified_gmt":"2024-08-27T06:29:43","slug":"nergizer-electronic-batteries-lr44-a76","status":"publish","type":"product","link":"https:\/\/energizer.com\/eu\/italy\/product\/nergizer-electronic-batteries-lr44-a76\/","title":{"rendered":"ENERGIZER\u00ae ELECTRONIC BATTERIES \u2013 LR44\/A76"},"content":{"rendered":"<ul>\n<li>Batteria a bottone alcalina Energizer LR44\/A76<\/li>\n<li>Di lunga durata: Potenza affidabile per far funzionare i tuoi dispositivi<\/li>\n<li>Potenza di cui fidarsi: Fornisce prestazioni affidabili e di lunga durata in dispositivi speciali come puntatori laser, telecomandi, sistemi di accesso senza chiave, orologi e giocattoli<\/li>\n<li>Affidabilit\u00e0: Ogni batteria LR44\/A76 conserva l&#8217;energia fino a 3 anni se conservata, quindi sono sempre pronte quando ne hai bisogno<\/li>\n<li>Specifiche: Formato LR44\/A76 (o V13GA, 4276, KA76), moneta alcalina, 1.5 volt<\/li>\n<li>Innovazione targata Energizer: Dai produttori delle batterie AA pi\u00f9 durature al mondo, Energizer Ultimate Lithium<\/li>\n<\/ul>\n","protected":false},"excerpt":{"rendered":"<p>Ottieni il massimo dai tuoi dispositivi essenziali con energia affidabile e di lunga durata, sinonimo di Energizer. Fai scorta di pile alcaline Energizer LR44\/A76 per orologi, cardiofrequenzimetri, telecomandi, dispositivi di accesso senza chiave e giocattoli. Le pile alcaline Energizer LR44\/A76 mantengono la carica fino a 3 anni quando conservate, per essere sempre pronte a fornirti energia quando ti servir\u00e0. La gamma Energizer include inoltre pile 2032, 2025 e 2016, perci\u00f2 \u00e8 facile trovare un&#8217;alimentazione affidabile per ogni tua esigenza. Se sei in cerca di pile ricaricabili, prova Energizer Recharge, ideale per i dispositivi high-tech.<\/p>\n","protected":false},"featured_media":0,"comment_status":"open","ping_status":"closed","template":"","meta":{"_acf_changed":false},"product_brand":[],"product_cat":[58],"product_tag":[],"class_list":{"0":"post-7281","1":"product","2":"type-product","3":"status-publish","5":"product_cat-speciality","7":"first","8":"instock","9":"shipping-taxable","10":"product-type-simple"},"acf":[],"yoast_head":"<!-- This site is optimized with the Yoast SEO plugin v27.2 - https:\/\/yoast.com\/product\/yoast-seo-wordpress\/ -->\n<title>ENERGIZER\u00ae ELECTRONIC BATTERIES \u2013 LR44\/A76 - Italy<\/title>\n<meta name=\"robots\" content=\"index, follow, max-snippet:-1, max-image-preview:large, max-video-preview:-1\" \/>\n<link rel=\"canonical\" href=\"https:\/\/energizer.com\/eu\/italy\/product\/nergizer-electronic-batteries-lr44-a76\/\" \/>\n<meta property=\"og:locale\" content=\"en_US\" \/>\n<meta property=\"og:type\" content=\"article\" \/>\n<meta property=\"og:title\" content=\"ENERGIZER\u00ae ELECTRONIC BATTERIES \u2013 LR44\/A76 - Italy\" \/>\n<meta property=\"og:description\" content=\"Ottieni il massimo dai tuoi dispositivi essenziali con energia affidabile e di lunga durata, sinonimo di Energizer. Fai scorta di pile alcaline Energizer LR44\/A76 per orologi, cardiofrequenzimetri, telecomandi, dispositivi di accesso senza chiave e giocattoli. Le pile alcaline Energizer LR44\/A76 mantengono la carica fino a 3 anni quando conservate, per essere sempre pronte a fornirti energia quando ti servir\u00e0. La gamma Energizer include inoltre pile 2032, 2025 e 2016, perci\u00f2 \u00e8 facile trovare un&#039;alimentazione affidabile per ogni tua esigenza. Se sei in cerca di pile ricaricabili, prova Energizer Recharge, ideale per i dispositivi high-tech.\" \/>\n<meta property=\"og:url\" content=\"https:\/\/energizer.com\/eu\/italy\/product\/nergizer-electronic-batteries-lr44-a76\/\" \/>\n<meta property=\"og:site_name\" content=\"Italy\" \/>\n<meta property=\"article:modified_time\" content=\"2024-08-27T06:29:43+00:00\" \/>\n<meta name=\"twitter:card\" content=\"summary_large_image\" \/>\n<script type=\"application\/ld+json\" class=\"yoast-schema-graph\">{\"@context\":\"https:\/\/schema.org\",\"@graph\":[{\"@type\":\"WebPage\",\"@id\":\"https:\/\/energizer.com\/eu\/italy\/product\/nergizer-electronic-batteries-lr44-a76\/\",\"url\":\"https:\/\/energizer.com\/eu\/italy\/product\/nergizer-electronic-batteries-lr44-a76\/\",\"name\":\"ENERGIZER\u00ae ELECTRONIC BATTERIES \u2013 LR44\/A76 - Italy\",\"isPartOf\":{\"@id\":\"https:\/\/energizer.com\/eu\/italy\/#website\"},\"datePublished\":\"2024-06-03T05:38:12+00:00\",\"dateModified\":\"2024-08-27T06:29:43+00:00\",\"breadcrumb\":{\"@id\":\"https:\/\/energizer.com\/eu\/italy\/product\/nergizer-electronic-batteries-lr44-a76\/#breadcrumb\"},\"inLanguage\":\"en-US\",\"potentialAction\":[{\"@type\":\"ReadAction\",\"target\":[\"https:\/\/energizer.com\/eu\/italy\/product\/nergizer-electronic-batteries-lr44-a76\/\"]}]},{\"@type\":\"BreadcrumbList\",\"@id\":\"https:\/\/energizer.com\/eu\/italy\/product\/nergizer-electronic-batteries-lr44-a76\/#breadcrumb\",\"itemListElement\":[{\"@type\":\"ListItem\",\"position\":1,\"name\":\"Home\",\"item\":\"https:\/\/energizer.com\/eu\/italy\/\"},{\"@type\":\"ListItem\",\"position\":2,\"name\":\"ENERGIZER\u00ae ELECTRONIC BATTERIES \u2013 LR44\/A76\"}]},{\"@type\":\"WebSite\",\"@id\":\"https:\/\/energizer.com\/eu\/italy\/#website\",\"url\":\"https:\/\/energizer.com\/eu\/italy\/\",\"name\":\"Energizer Italy\",\"description\":\"\",\"publisher\":{\"@id\":\"https:\/\/energizer.com\/eu\/italy\/#organization\"},\"potentialAction\":[{\"@type\":\"SearchAction\",\"target\":{\"@type\":\"EntryPoint\",\"urlTemplate\":\"https:\/\/energizer.com\/eu\/italy\/?s={search_term_string}\"},\"query-input\":{\"@type\":\"PropertyValueSpecification\",\"valueRequired\":true,\"valueName\":\"search_term_string\"}}],\"inLanguage\":\"en-US\"},{\"@type\":\"Organization\",\"@id\":\"https:\/\/energizer.com\/eu\/italy\/#organization\",\"name\":\"Energizer Italy\",\"url\":\"https:\/\/energizer.com\/eu\/italy\/\",\"logo\":{\"@type\":\"ImageObject\",\"inLanguage\":\"en-US\",\"@id\":\"https:\/\/energizer.com\/eu\/italy\/#\/schema\/logo\/image\/\",\"url\":\"https:\/\/energizer.com\/eu\/italy\/wp-content\/uploads\/sites\/7\/2024\/04\/Energizer_brand.png\",\"contentUrl\":\"https:\/\/energizer.com\/eu\/italy\/wp-content\/uploads\/sites\/7\/2024\/04\/Energizer_brand.png\",\"width\":267,\"height\":100,\"caption\":\"Energizer Italy\"},\"image\":{\"@id\":\"https:\/\/energizer.com\/eu\/italy\/#\/schema\/logo\/image\/\"}}]}<\/script>\n<!-- \/ Yoast SEO plugin. -->","yoast_head_json":{"title":"ENERGIZER\u00ae ELECTRONIC BATTERIES \u2013 LR44\/A76 - Italy","robots":{"index":"index","follow":"follow","max-snippet":"max-snippet:-1","max-image-preview":"max-image-preview:large","max-video-preview":"max-video-preview:-1"},"canonical":"https:\/\/energizer.com\/eu\/italy\/product\/nergizer-electronic-batteries-lr44-a76\/","og_locale":"en_US","og_type":"article","og_title":"ENERGIZER\u00ae ELECTRONIC BATTERIES \u2013 LR44\/A76 - Italy","og_description":"Ottieni il massimo dai tuoi dispositivi essenziali con energia affidabile e di lunga durata, sinonimo di Energizer. Fai scorta di pile alcaline Energizer LR44\/A76 per orologi, cardiofrequenzimetri, telecomandi, dispositivi di accesso senza chiave e giocattoli. Le pile alcaline Energizer LR44\/A76 mantengono la carica fino a 3 anni quando conservate, per essere sempre pronte a fornirti energia quando ti servir\u00e0. La gamma Energizer include inoltre pile 2032, 2025 e 2016, perci\u00f2 \u00e8 facile trovare un'alimentazione affidabile per ogni tua esigenza. Se sei in cerca di pile ricaricabili, prova Energizer Recharge, ideale per i dispositivi high-tech.","og_url":"https:\/\/energizer.com\/eu\/italy\/product\/nergizer-electronic-batteries-lr44-a76\/","og_site_name":"Italy","article_modified_time":"2024-08-27T06:29:43+00:00","twitter_card":"summary_large_image","schema":{"@context":"https:\/\/schema.org","@graph":[{"@type":"WebPage","@id":"https:\/\/energizer.com\/eu\/italy\/product\/nergizer-electronic-batteries-lr44-a76\/","url":"https:\/\/energizer.com\/eu\/italy\/product\/nergizer-electronic-batteries-lr44-a76\/","name":"ENERGIZER\u00ae ELECTRONIC BATTERIES \u2013 LR44\/A76 - Italy","isPartOf":{"@id":"https:\/\/energizer.com\/eu\/italy\/#website"},"datePublished":"2024-06-03T05:38:12+00:00","dateModified":"2024-08-27T06:29:43+00:00","breadcrumb":{"@id":"https:\/\/energizer.com\/eu\/italy\/product\/nergizer-electronic-batteries-lr44-a76\/#breadcrumb"},"inLanguage":"en-US","potentialAction":[{"@type":"ReadAction","target":["https:\/\/energizer.com\/eu\/italy\/product\/nergizer-electronic-batteries-lr44-a76\/"]}]},{"@type":"BreadcrumbList","@id":"https:\/\/energizer.com\/eu\/italy\/product\/nergizer-electronic-batteries-lr44-a76\/#breadcrumb","itemListElement":[{"@type":"ListItem","position":1,"name":"Home","item":"https:\/\/energizer.com\/eu\/italy\/"},{"@type":"ListItem","position":2,"name":"ENERGIZER\u00ae ELECTRONIC BATTERIES \u2013 LR44\/A76"}]},{"@type":"WebSite","@id":"https:\/\/energizer.com\/eu\/italy\/#website","url":"https:\/\/energizer.com\/eu\/italy\/","name":"Energizer Italy","description":"","publisher":{"@id":"https:\/\/energizer.com\/eu\/italy\/#organization"},"potentialAction":[{"@type":"SearchAction","target":{"@type":"EntryPoint","urlTemplate":"https:\/\/energizer.com\/eu\/italy\/?s={search_term_string}"},"query-input":{"@type":"PropertyValueSpecification","valueRequired":true,"valueName":"search_term_string"}}],"inLanguage":"en-US"},{"@type":"Organization","@id":"https:\/\/energizer.com\/eu\/italy\/#organization","name":"Energizer Italy","url":"https:\/\/energizer.com\/eu\/italy\/","logo":{"@type":"ImageObject","inLanguage":"en-US","@id":"https:\/\/energizer.com\/eu\/italy\/#\/schema\/logo\/image\/","url":"https:\/\/energizer.com\/eu\/italy\/wp-content\/uploads\/sites\/7\/2024\/04\/Energizer_brand.png","contentUrl":"https:\/\/energizer.com\/eu\/italy\/wp-content\/uploads\/sites\/7\/2024\/04\/Energizer_brand.png","width":267,"height":100,"caption":"Energizer Italy"},"image":{"@id":"https:\/\/energizer.com\/eu\/italy\/#\/schema\/logo\/image\/"}}]}},"_links":{"self":[{"href":"https:\/\/energizer.com\/eu\/italy\/wp-json\/wp\/v2\/product\/7281","targetHints":{"allow":["GET"]}}],"collection":[{"href":"https:\/\/energizer.com\/eu\/italy\/wp-json\/wp\/v2\/product"}],"about":[{"href":"https:\/\/energizer.com\/eu\/italy\/wp-json\/wp\/v2\/types\/product"}],"replies":[{"embeddable":true,"href":"https:\/\/energizer.com\/eu\/italy\/wp-json\/wp\/v2\/comments?post=7281"}],"version-history":[{"count":6,"href":"https:\/\/energizer.com\/eu\/italy\/wp-json\/wp\/v2\/product\/7281\/revisions"}],"predecessor-version":[{"id":10393,"href":"https:\/\/energizer.com\/eu\/italy\/wp-json\/wp\/v2\/product\/7281\/revisions\/10393"}],"wp:attachment":[{"href":"https:\/\/energizer.com\/eu\/italy\/wp-json\/wp\/v2\/media?parent=7281"}],"wp:term":[{"taxonomy":"product_brand","embeddable":true,"href":"https:\/\/energizer.com\/eu\/italy\/wp-json\/wp\/v2\/product_brand?post=7281"},{"taxonomy":"product_cat","embeddable":true,"href":"https:\/\/energizer.com\/eu\/italy\/wp-json\/wp\/v2\/product_cat?post=7281"},{"taxonomy":"product_tag","embeddable":true,"href":"https:\/\/energizer.com\/eu\/italy\/wp-json\/wp\/v2\/product_tag?post=7281"}],"curies":[{"name":"wp","href":"https:\/\/api.w.org\/{rel}","templated":true}]}}