{"id":7443,"date":"2024-06-03T05:38:26","date_gmt":"2024-06-03T05:38:26","guid":{"rendered":"https:\/\/23b13e8ab3.nxcli.io\/italy\/?post_type=product&#038;p=7443"},"modified":"2024-08-24T04:21:03","modified_gmt":"2024-08-24T04:21:03","slug":"energizer-torch","status":"publish","type":"product","link":"https:\/\/energizer.com\/eu\/italy\/product\/energizer-torch\/","title":{"rendered":"Energizer Torch"},"content":{"rendered":"<ul>\n<li>Torcia portatile in gomma Energizer con 2 batterie AA incluse<\/li>\n<li>Tecnologia a LED: Questa potente torcia da 125 lumen ha una portata di 100 metri e fornisce una luce 10 volte pi\u00f9 brillante rispetto alla tecnologia LED standard<\/li>\n<li>Uso versatile a mani libere: Il comodo supporto integrato e l&#8217;anello per laccio integrato di questa torcia in gomma la rendono ideale per progetti fai da te e qualsiasi attivit\u00e0 che richieda entrambe le mani<\/li>\n<li>Durevole costruzione in gomma: La struttura robusta con lente infrangibile protegge dalla rottura<\/li>\n<li>Ore di autonomia: La torcia LED Energizer \u00e8 caratterizzata da un tempo di funzionamento di lunga durata, che brilla fino a 12 ore<\/li>\n<li>Dimensioni pratiche: Tieni questa torcia leggera e potente nel cassetto, in macchina, nel kit di emergenza domestico o portala nella borsa<\/li>\n<li>Potenza affidabile: Affidati a Energizer per offrire le potenti prestazioni promesse<\/li>\n<\/ul>\n","protected":false},"excerpt":{"rendered":"<p>Illumina l&#8217;ambiente circostante senza sforzo con questa torcia potente e ad alte prestazioni. La torcia portatile Energizer in gomma offre eccezionale luminosit\u00e0 fino a 12 ore per le tue avventure o per le emergenze domestiche. Ideale per il campeggio, il bricolage o durante le interruzioni di corrente, questa torcia portatile da 125 lumen pu\u00f2 illuminare gli spazi pi\u00f9 bui fino a 100 metri. Puoi usarla come lampada a mani libere per il bricolage o qualsiasi attivit\u00e0 che richieda entrambe le mani, grazie al suo supporto integrato. Il passante integrato la rende facile da attaccare a un cordino o a un moschettone per una maggiore comodit\u00e0.<\/p>\n","protected":false},"featured_media":0,"comment_status":"open","ping_status":"closed","template":"","meta":{"_acf_changed":false},"product_brand":[],"product_cat":[97],"product_tag":[],"class_list":{"0":"post-7443","1":"product","2":"type-product","3":"status-publish","5":"product_cat-handheld","6":"pa_uses-everyday","8":"first","9":"instock","10":"shipping-taxable","11":"product-type-simple"},"acf":[],"yoast_head":"<!-- This site is optimized with the Yoast SEO plugin v27.4 - https:\/\/yoast.com\/product\/yoast-seo-wordpress\/ -->\n<title>Energizer Torch - Italy<\/title>\n<meta name=\"robots\" content=\"index, follow, max-snippet:-1, max-image-preview:large, max-video-preview:-1\" \/>\n<link rel=\"canonical\" href=\"https:\/\/energizer.com\/eu\/italy\/product\/energizer-torch\/\" \/>\n<meta property=\"og:locale\" content=\"en_US\" \/>\n<meta property=\"og:type\" content=\"article\" \/>\n<meta property=\"og:title\" content=\"Energizer Torch - Italy\" \/>\n<meta property=\"og:description\" content=\"Illumina l&#039;ambiente circostante senza sforzo con questa torcia potente e ad alte prestazioni. La torcia portatile Energizer in gomma offre eccezionale luminosit\u00e0 fino a 12 ore per le tue avventure o per le emergenze domestiche. Ideale per il campeggio, il bricolage o durante le interruzioni di corrente, questa torcia portatile da 125 lumen pu\u00f2 illuminare gli spazi pi\u00f9 bui fino a 100 metri. Puoi usarla come lampada a mani libere per il bricolage o qualsiasi attivit\u00e0 che richieda entrambe le mani, grazie al suo supporto integrato. Il passante integrato la rende facile da attaccare a un cordino o a un moschettone per una maggiore comodit\u00e0.\" \/>\n<meta property=\"og:url\" content=\"https:\/\/energizer.com\/eu\/italy\/product\/energizer-torch\/\" \/>\n<meta property=\"og:site_name\" content=\"Italy\" \/>\n<meta property=\"article:modified_time\" content=\"2024-08-24T04:21:03+00:00\" \/>\n<meta name=\"twitter:card\" content=\"summary_large_image\" \/>\n<script type=\"application\/ld+json\" class=\"yoast-schema-graph\">{\"@context\":\"https:\\\/\\\/schema.org\",\"@graph\":[{\"@type\":\"WebPage\",\"@id\":\"https:\\\/\\\/energizer.com\\\/eu\\\/italy\\\/product\\\/energizer-torch\\\/\",\"url\":\"https:\\\/\\\/energizer.com\\\/eu\\\/italy\\\/product\\\/energizer-torch\\\/\",\"name\":\"Energizer Torch - Italy\",\"isPartOf\":{\"@id\":\"https:\\\/\\\/energizer.com\\\/eu\\\/italy\\\/#website\"},\"datePublished\":\"2024-06-03T05:38:26+00:00\",\"dateModified\":\"2024-08-24T04:21:03+00:00\",\"breadcrumb\":{\"@id\":\"https:\\\/\\\/energizer.com\\\/eu\\\/italy\\\/product\\\/energizer-torch\\\/#breadcrumb\"},\"inLanguage\":\"en-US\",\"potentialAction\":[{\"@type\":\"ReadAction\",\"target\":[\"https:\\\/\\\/energizer.com\\\/eu\\\/italy\\\/product\\\/energizer-torch\\\/\"]}]},{\"@type\":\"BreadcrumbList\",\"@id\":\"https:\\\/\\\/energizer.com\\\/eu\\\/italy\\\/product\\\/energizer-torch\\\/#breadcrumb\",\"itemListElement\":[{\"@type\":\"ListItem\",\"position\":1,\"name\":\"Home\",\"item\":\"https:\\\/\\\/energizer.com\\\/eu\\\/italy\\\/\"},{\"@type\":\"ListItem\",\"position\":2,\"name\":\"Energizer Torch\"}]},{\"@type\":\"WebSite\",\"@id\":\"https:\\\/\\\/energizer.com\\\/eu\\\/italy\\\/#website\",\"url\":\"https:\\\/\\\/energizer.com\\\/eu\\\/italy\\\/\",\"name\":\"Energizer Italy\",\"description\":\"\",\"publisher\":{\"@id\":\"https:\\\/\\\/energizer.com\\\/eu\\\/italy\\\/#organization\"},\"potentialAction\":[{\"@type\":\"SearchAction\",\"target\":{\"@type\":\"EntryPoint\",\"urlTemplate\":\"https:\\\/\\\/energizer.com\\\/eu\\\/italy\\\/?s={search_term_string}\"},\"query-input\":{\"@type\":\"PropertyValueSpecification\",\"valueRequired\":true,\"valueName\":\"search_term_string\"}}],\"inLanguage\":\"en-US\"},{\"@type\":\"Organization\",\"@id\":\"https:\\\/\\\/energizer.com\\\/eu\\\/italy\\\/#organization\",\"name\":\"Energizer Italy\",\"url\":\"https:\\\/\\\/energizer.com\\\/eu\\\/italy\\\/\",\"logo\":{\"@type\":\"ImageObject\",\"inLanguage\":\"en-US\",\"@id\":\"https:\\\/\\\/energizer.com\\\/eu\\\/italy\\\/#\\\/schema\\\/logo\\\/image\\\/\",\"url\":\"https:\\\/\\\/energizer.com\\\/eu\\\/italy\\\/wp-content\\\/uploads\\\/sites\\\/7\\\/2024\\\/04\\\/Energizer_brand.png\",\"contentUrl\":\"https:\\\/\\\/energizer.com\\\/eu\\\/italy\\\/wp-content\\\/uploads\\\/sites\\\/7\\\/2024\\\/04\\\/Energizer_brand.png\",\"width\":267,\"height\":100,\"caption\":\"Energizer Italy\"},\"image\":{\"@id\":\"https:\\\/\\\/energizer.com\\\/eu\\\/italy\\\/#\\\/schema\\\/logo\\\/image\\\/\"}}]}<\/script>\n<!-- \/ Yoast SEO plugin. -->","yoast_head_json":{"title":"Energizer Torch - Italy","robots":{"index":"index","follow":"follow","max-snippet":"max-snippet:-1","max-image-preview":"max-image-preview:large","max-video-preview":"max-video-preview:-1"},"canonical":"https:\/\/energizer.com\/eu\/italy\/product\/energizer-torch\/","og_locale":"en_US","og_type":"article","og_title":"Energizer Torch - Italy","og_description":"Illumina l'ambiente circostante senza sforzo con questa torcia potente e ad alte prestazioni. La torcia portatile Energizer in gomma offre eccezionale luminosit\u00e0 fino a 12 ore per le tue avventure o per le emergenze domestiche. Ideale per il campeggio, il bricolage o durante le interruzioni di corrente, questa torcia portatile da 125 lumen pu\u00f2 illuminare gli spazi pi\u00f9 bui fino a 100 metri. Puoi usarla come lampada a mani libere per il bricolage o qualsiasi attivit\u00e0 che richieda entrambe le mani, grazie al suo supporto integrato. Il passante integrato la rende facile da attaccare a un cordino o a un moschettone per una maggiore comodit\u00e0.","og_url":"https:\/\/energizer.com\/eu\/italy\/product\/energizer-torch\/","og_site_name":"Italy","article_modified_time":"2024-08-24T04:21:03+00:00","twitter_card":"summary_large_image","schema":{"@context":"https:\/\/schema.org","@graph":[{"@type":"WebPage","@id":"https:\/\/energizer.com\/eu\/italy\/product\/energizer-torch\/","url":"https:\/\/energizer.com\/eu\/italy\/product\/energizer-torch\/","name":"Energizer Torch - Italy","isPartOf":{"@id":"https:\/\/energizer.com\/eu\/italy\/#website"},"datePublished":"2024-06-03T05:38:26+00:00","dateModified":"2024-08-24T04:21:03+00:00","breadcrumb":{"@id":"https:\/\/energizer.com\/eu\/italy\/product\/energizer-torch\/#breadcrumb"},"inLanguage":"en-US","potentialAction":[{"@type":"ReadAction","target":["https:\/\/energizer.com\/eu\/italy\/product\/energizer-torch\/"]}]},{"@type":"BreadcrumbList","@id":"https:\/\/energizer.com\/eu\/italy\/product\/energizer-torch\/#breadcrumb","itemListElement":[{"@type":"ListItem","position":1,"name":"Home","item":"https:\/\/energizer.com\/eu\/italy\/"},{"@type":"ListItem","position":2,"name":"Energizer Torch"}]},{"@type":"WebSite","@id":"https:\/\/energizer.com\/eu\/italy\/#website","url":"https:\/\/energizer.com\/eu\/italy\/","name":"Energizer Italy","description":"","publisher":{"@id":"https:\/\/energizer.com\/eu\/italy\/#organization"},"potentialAction":[{"@type":"SearchAction","target":{"@type":"EntryPoint","urlTemplate":"https:\/\/energizer.com\/eu\/italy\/?s={search_term_string}"},"query-input":{"@type":"PropertyValueSpecification","valueRequired":true,"valueName":"search_term_string"}}],"inLanguage":"en-US"},{"@type":"Organization","@id":"https:\/\/energizer.com\/eu\/italy\/#organization","name":"Energizer Italy","url":"https:\/\/energizer.com\/eu\/italy\/","logo":{"@type":"ImageObject","inLanguage":"en-US","@id":"https:\/\/energizer.com\/eu\/italy\/#\/schema\/logo\/image\/","url":"https:\/\/energizer.com\/eu\/italy\/wp-content\/uploads\/sites\/7\/2024\/04\/Energizer_brand.png","contentUrl":"https:\/\/energizer.com\/eu\/italy\/wp-content\/uploads\/sites\/7\/2024\/04\/Energizer_brand.png","width":267,"height":100,"caption":"Energizer Italy"},"image":{"@id":"https:\/\/energizer.com\/eu\/italy\/#\/schema\/logo\/image\/"}}]}},"_links":{"self":[{"href":"https:\/\/energizer.com\/eu\/italy\/wp-json\/wp\/v2\/product\/7443","targetHints":{"allow":["GET"]}}],"collection":[{"href":"https:\/\/energizer.com\/eu\/italy\/wp-json\/wp\/v2\/product"}],"about":[{"href":"https:\/\/energizer.com\/eu\/italy\/wp-json\/wp\/v2\/types\/product"}],"replies":[{"embeddable":true,"href":"https:\/\/energizer.com\/eu\/italy\/wp-json\/wp\/v2\/comments?post=7443"}],"version-history":[{"count":4,"href":"https:\/\/energizer.com\/eu\/italy\/wp-json\/wp\/v2\/product\/7443\/revisions"}],"predecessor-version":[{"id":10305,"href":"https:\/\/energizer.com\/eu\/italy\/wp-json\/wp\/v2\/product\/7443\/revisions\/10305"}],"wp:attachment":[{"href":"https:\/\/energizer.com\/eu\/italy\/wp-json\/wp\/v2\/media?parent=7443"}],"wp:term":[{"taxonomy":"product_brand","embeddable":true,"href":"https:\/\/energizer.com\/eu\/italy\/wp-json\/wp\/v2\/product_brand?post=7443"},{"taxonomy":"product_cat","embeddable":true,"href":"https:\/\/energizer.com\/eu\/italy\/wp-json\/wp\/v2\/product_cat?post=7443"},{"taxonomy":"product_tag","embeddable":true,"href":"https:\/\/energizer.com\/eu\/italy\/wp-json\/wp\/v2\/product_tag?post=7443"}],"curies":[{"name":"wp","href":"https:\/\/api.w.org\/{rel}","templated":true}]}}