{"id":7444,"date":"2024-06-03T05:38:26","date_gmt":"2024-06-03T05:38:26","guid":{"rendered":"https:\/\/23b13e8ab3.nxcli.io\/italy\/?post_type=product&#038;p=7444"},"modified":"2024-08-24T04:21:06","modified_gmt":"2024-08-24T04:21:06","slug":"energizer-rubber-impact-torch","status":"publish","type":"product","link":"https:\/\/energizer.com\/eu\/italy\/product\/energizer-rubber-impact-torch\/","title":{"rendered":"Energizer Rubber Impact Torch"},"content":{"rendered":"<ul>\n<li>Alimentato da due batterie AAA (incluse)<\/li>\n<li>Costruzione in gomma durevole con impugnatura antiscivolo<\/li>\n<li>Si attacca a un cordino o a un moschettone<\/li>\n<li>Fino a dieci volte pi\u00f9 luminoso in<\/li>\n<li>Rispetto alla tecnologia LED convenzionale<\/li>\n<li>Comodo supporto integrato<\/li>\n<li>Ha 60 lumen e una portata fino a 50 m per un&#8217;autonomia di 18 ore<\/li>\n<\/ul>\n","protected":false},"excerpt":{"rendered":"<p>La torcia in gomma compatta Energizer \u00e8 dotata di tecnologia LED luminosa e di un design durevole ed ergonomico. Questa luce ha un&#8217;impugnatura in gomma testurizzata antiscivolo per ergonomia e maggiore durevolezza. Grazie al pratico supporto integrato, la torcia pu\u00f2 essere utilizzata a mani libere ogni volta che serve. Pu\u00f2 essere facilmente fissato al passante integrato per una tracolla. Il durevole interruttore a pulsante \u00e8 indistruttibile. La torcia elettrica in gomma compatta Energizer \u00e8 la torcia fai-da-te definitiva con un&#8217;emissione luminosa eccellente e affidabilit\u00e0 per tutti i tipi di progetti.<\/p>\n","protected":false},"featured_media":0,"comment_status":"open","ping_status":"closed","template":"","meta":{"_acf_changed":false},"product_brand":[],"product_cat":[97],"product_tag":[],"class_list":{"0":"post-7444","1":"product","2":"type-product","3":"status-publish","5":"product_cat-handheld","6":"pa_uses-everyday","8":"first","9":"instock","10":"shipping-taxable","11":"product-type-simple"},"acf":[],"yoast_head":"<!-- This site is optimized with the Yoast SEO plugin v27.4 - https:\/\/yoast.com\/product\/yoast-seo-wordpress\/ -->\n<title>Energizer Rubber Impact Torch - Italy<\/title>\n<meta name=\"robots\" content=\"index, follow, max-snippet:-1, max-image-preview:large, max-video-preview:-1\" \/>\n<link rel=\"canonical\" href=\"https:\/\/energizer.com\/eu\/italy\/product\/energizer-rubber-impact-torch\/\" \/>\n<meta property=\"og:locale\" content=\"en_US\" \/>\n<meta property=\"og:type\" content=\"article\" \/>\n<meta property=\"og:title\" content=\"Energizer Rubber Impact Torch - Italy\" \/>\n<meta property=\"og:description\" content=\"La torcia in gomma compatta Energizer \u00e8 dotata di tecnologia LED luminosa e di un design durevole ed ergonomico. Questa luce ha un&#039;impugnatura in gomma testurizzata antiscivolo per ergonomia e maggiore durevolezza. Grazie al pratico supporto integrato, la torcia pu\u00f2 essere utilizzata a mani libere ogni volta che serve. Pu\u00f2 essere facilmente fissato al passante integrato per una tracolla. Il durevole interruttore a pulsante \u00e8 indistruttibile. La torcia elettrica in gomma compatta Energizer \u00e8 la torcia fai-da-te definitiva con un&#039;emissione luminosa eccellente e affidabilit\u00e0 per tutti i tipi di progetti.\" \/>\n<meta property=\"og:url\" content=\"https:\/\/energizer.com\/eu\/italy\/product\/energizer-rubber-impact-torch\/\" \/>\n<meta property=\"og:site_name\" content=\"Italy\" \/>\n<meta property=\"article:modified_time\" content=\"2024-08-24T04:21:06+00:00\" \/>\n<meta name=\"twitter:card\" content=\"summary_large_image\" \/>\n<script type=\"application\/ld+json\" class=\"yoast-schema-graph\">{\"@context\":\"https:\\\/\\\/schema.org\",\"@graph\":[{\"@type\":\"WebPage\",\"@id\":\"https:\\\/\\\/energizer.com\\\/eu\\\/italy\\\/product\\\/energizer-rubber-impact-torch\\\/\",\"url\":\"https:\\\/\\\/energizer.com\\\/eu\\\/italy\\\/product\\\/energizer-rubber-impact-torch\\\/\",\"name\":\"Energizer Rubber Impact Torch - Italy\",\"isPartOf\":{\"@id\":\"https:\\\/\\\/energizer.com\\\/eu\\\/italy\\\/#website\"},\"datePublished\":\"2024-06-03T05:38:26+00:00\",\"dateModified\":\"2024-08-24T04:21:06+00:00\",\"breadcrumb\":{\"@id\":\"https:\\\/\\\/energizer.com\\\/eu\\\/italy\\\/product\\\/energizer-rubber-impact-torch\\\/#breadcrumb\"},\"inLanguage\":\"en-US\",\"potentialAction\":[{\"@type\":\"ReadAction\",\"target\":[\"https:\\\/\\\/energizer.com\\\/eu\\\/italy\\\/product\\\/energizer-rubber-impact-torch\\\/\"]}]},{\"@type\":\"BreadcrumbList\",\"@id\":\"https:\\\/\\\/energizer.com\\\/eu\\\/italy\\\/product\\\/energizer-rubber-impact-torch\\\/#breadcrumb\",\"itemListElement\":[{\"@type\":\"ListItem\",\"position\":1,\"name\":\"Home\",\"item\":\"https:\\\/\\\/energizer.com\\\/eu\\\/italy\\\/\"},{\"@type\":\"ListItem\",\"position\":2,\"name\":\"Energizer Rubber Impact Torch\"}]},{\"@type\":\"WebSite\",\"@id\":\"https:\\\/\\\/energizer.com\\\/eu\\\/italy\\\/#website\",\"url\":\"https:\\\/\\\/energizer.com\\\/eu\\\/italy\\\/\",\"name\":\"Energizer Italy\",\"description\":\"\",\"publisher\":{\"@id\":\"https:\\\/\\\/energizer.com\\\/eu\\\/italy\\\/#organization\"},\"potentialAction\":[{\"@type\":\"SearchAction\",\"target\":{\"@type\":\"EntryPoint\",\"urlTemplate\":\"https:\\\/\\\/energizer.com\\\/eu\\\/italy\\\/?s={search_term_string}\"},\"query-input\":{\"@type\":\"PropertyValueSpecification\",\"valueRequired\":true,\"valueName\":\"search_term_string\"}}],\"inLanguage\":\"en-US\"},{\"@type\":\"Organization\",\"@id\":\"https:\\\/\\\/energizer.com\\\/eu\\\/italy\\\/#organization\",\"name\":\"Energizer Italy\",\"url\":\"https:\\\/\\\/energizer.com\\\/eu\\\/italy\\\/\",\"logo\":{\"@type\":\"ImageObject\",\"inLanguage\":\"en-US\",\"@id\":\"https:\\\/\\\/energizer.com\\\/eu\\\/italy\\\/#\\\/schema\\\/logo\\\/image\\\/\",\"url\":\"https:\\\/\\\/energizer.com\\\/eu\\\/italy\\\/wp-content\\\/uploads\\\/sites\\\/7\\\/2024\\\/04\\\/Energizer_brand.png\",\"contentUrl\":\"https:\\\/\\\/energizer.com\\\/eu\\\/italy\\\/wp-content\\\/uploads\\\/sites\\\/7\\\/2024\\\/04\\\/Energizer_brand.png\",\"width\":267,\"height\":100,\"caption\":\"Energizer Italy\"},\"image\":{\"@id\":\"https:\\\/\\\/energizer.com\\\/eu\\\/italy\\\/#\\\/schema\\\/logo\\\/image\\\/\"}}]}<\/script>\n<!-- \/ Yoast SEO plugin. -->","yoast_head_json":{"title":"Energizer Rubber Impact Torch - Italy","robots":{"index":"index","follow":"follow","max-snippet":"max-snippet:-1","max-image-preview":"max-image-preview:large","max-video-preview":"max-video-preview:-1"},"canonical":"https:\/\/energizer.com\/eu\/italy\/product\/energizer-rubber-impact-torch\/","og_locale":"en_US","og_type":"article","og_title":"Energizer Rubber Impact Torch - Italy","og_description":"La torcia in gomma compatta Energizer \u00e8 dotata di tecnologia LED luminosa e di un design durevole ed ergonomico. Questa luce ha un'impugnatura in gomma testurizzata antiscivolo per ergonomia e maggiore durevolezza. Grazie al pratico supporto integrato, la torcia pu\u00f2 essere utilizzata a mani libere ogni volta che serve. Pu\u00f2 essere facilmente fissato al passante integrato per una tracolla. Il durevole interruttore a pulsante \u00e8 indistruttibile. La torcia elettrica in gomma compatta Energizer \u00e8 la torcia fai-da-te definitiva con un'emissione luminosa eccellente e affidabilit\u00e0 per tutti i tipi di progetti.","og_url":"https:\/\/energizer.com\/eu\/italy\/product\/energizer-rubber-impact-torch\/","og_site_name":"Italy","article_modified_time":"2024-08-24T04:21:06+00:00","twitter_card":"summary_large_image","schema":{"@context":"https:\/\/schema.org","@graph":[{"@type":"WebPage","@id":"https:\/\/energizer.com\/eu\/italy\/product\/energizer-rubber-impact-torch\/","url":"https:\/\/energizer.com\/eu\/italy\/product\/energizer-rubber-impact-torch\/","name":"Energizer Rubber Impact Torch - Italy","isPartOf":{"@id":"https:\/\/energizer.com\/eu\/italy\/#website"},"datePublished":"2024-06-03T05:38:26+00:00","dateModified":"2024-08-24T04:21:06+00:00","breadcrumb":{"@id":"https:\/\/energizer.com\/eu\/italy\/product\/energizer-rubber-impact-torch\/#breadcrumb"},"inLanguage":"en-US","potentialAction":[{"@type":"ReadAction","target":["https:\/\/energizer.com\/eu\/italy\/product\/energizer-rubber-impact-torch\/"]}]},{"@type":"BreadcrumbList","@id":"https:\/\/energizer.com\/eu\/italy\/product\/energizer-rubber-impact-torch\/#breadcrumb","itemListElement":[{"@type":"ListItem","position":1,"name":"Home","item":"https:\/\/energizer.com\/eu\/italy\/"},{"@type":"ListItem","position":2,"name":"Energizer Rubber Impact Torch"}]},{"@type":"WebSite","@id":"https:\/\/energizer.com\/eu\/italy\/#website","url":"https:\/\/energizer.com\/eu\/italy\/","name":"Energizer Italy","description":"","publisher":{"@id":"https:\/\/energizer.com\/eu\/italy\/#organization"},"potentialAction":[{"@type":"SearchAction","target":{"@type":"EntryPoint","urlTemplate":"https:\/\/energizer.com\/eu\/italy\/?s={search_term_string}"},"query-input":{"@type":"PropertyValueSpecification","valueRequired":true,"valueName":"search_term_string"}}],"inLanguage":"en-US"},{"@type":"Organization","@id":"https:\/\/energizer.com\/eu\/italy\/#organization","name":"Energizer Italy","url":"https:\/\/energizer.com\/eu\/italy\/","logo":{"@type":"ImageObject","inLanguage":"en-US","@id":"https:\/\/energizer.com\/eu\/italy\/#\/schema\/logo\/image\/","url":"https:\/\/energizer.com\/eu\/italy\/wp-content\/uploads\/sites\/7\/2024\/04\/Energizer_brand.png","contentUrl":"https:\/\/energizer.com\/eu\/italy\/wp-content\/uploads\/sites\/7\/2024\/04\/Energizer_brand.png","width":267,"height":100,"caption":"Energizer Italy"},"image":{"@id":"https:\/\/energizer.com\/eu\/italy\/#\/schema\/logo\/image\/"}}]}},"_links":{"self":[{"href":"https:\/\/energizer.com\/eu\/italy\/wp-json\/wp\/v2\/product\/7444","targetHints":{"allow":["GET"]}}],"collection":[{"href":"https:\/\/energizer.com\/eu\/italy\/wp-json\/wp\/v2\/product"}],"about":[{"href":"https:\/\/energizer.com\/eu\/italy\/wp-json\/wp\/v2\/types\/product"}],"replies":[{"embeddable":true,"href":"https:\/\/energizer.com\/eu\/italy\/wp-json\/wp\/v2\/comments?post=7444"}],"version-history":[{"count":3,"href":"https:\/\/energizer.com\/eu\/italy\/wp-json\/wp\/v2\/product\/7444\/revisions"}],"predecessor-version":[{"id":9521,"href":"https:\/\/energizer.com\/eu\/italy\/wp-json\/wp\/v2\/product\/7444\/revisions\/9521"}],"wp:attachment":[{"href":"https:\/\/energizer.com\/eu\/italy\/wp-json\/wp\/v2\/media?parent=7444"}],"wp:term":[{"taxonomy":"product_brand","embeddable":true,"href":"https:\/\/energizer.com\/eu\/italy\/wp-json\/wp\/v2\/product_brand?post=7444"},{"taxonomy":"product_cat","embeddable":true,"href":"https:\/\/energizer.com\/eu\/italy\/wp-json\/wp\/v2\/product_cat?post=7444"},{"taxonomy":"product_tag","embeddable":true,"href":"https:\/\/energizer.com\/eu\/italy\/wp-json\/wp\/v2\/product_tag?post=7444"}],"curies":[{"name":"wp","href":"https:\/\/api.w.org\/{rel}","templated":true}]}}