{"id":7445,"date":"2024-06-03T05:38:26","date_gmt":"2024-06-03T05:38:26","guid":{"rendered":"https:\/\/23b13e8ab3.nxcli.io\/italy\/?post_type=product&#038;p=7445"},"modified":"2024-08-24T04:21:27","modified_gmt":"2024-08-24T04:21:27","slug":"energizer-led-pocket-torch","status":"publish","type":"product","link":"https:\/\/energizer.com\/eu\/italy\/product\/energizer-led-pocket-torch\/","title":{"rendered":"Energizer LED Pocket Torch"},"content":{"rendered":"<ul>\n<li>La torcia LED compatta e leggera funziona con 2 batterie Energizer MAX AAA (incluse)<\/li>\n<li>La torcia tascabile offre fino a 19 ore di autonomia e fino a 45 lumen, luce 10 volte pi\u00f9 brillante rispetto alla tecnologia LED standard<\/li>\n<li>Brilla fino a 44 metri, rendendolo ideale per tutto, dai progetti fai da te in casa alle attivit\u00e0 all&#8217;aperto come le passeggiate notturne con il cane<\/li>\n<li>Resistente agli urti e alle cadute fino a 1 metro, questa mini torcia LED \u00e8 perfetta per tasche, borse e zaini<\/li>\n<li>Questa piccola torcia \u00e8 dotata di un interruttore testurizzato facile da trovare e di un anello per cordini o anelli portachiavi<\/li>\n<\/ul>\n","protected":false},"excerpt":{"rendered":"<p>Compatto, leggero, dalle prestazioni affidabili. Questo descrive perfettamente la Energizer Torcia tascabile LED. Estrai questa piccola torcia e alimenta fino a 45 lumen con una luce 10 volte pi\u00f9 brillante rispetto alla tecnologia LED standard. Ha un&#8217;autonomia fino a 19 ore, quindi non \u00e8 necessario usarlo con parsimonia. \u00c8 una torcia tascabile affidabile con resistenza agli urti contro cadute fino a 1 metro. Questo mini-LED ha un interruttore, ovviamente, ed \u00e8 texturizzato in modo da poterlo trovare e azionare al tatto. Tienine uno a portata di mano per i progetti fai-da-te: con una base piatta, funziona bene come luce da lavoro. Mettine uno nella borsa per le situazioni di emergenza. Si infila direttamente negli zaini dei bambini (a loro piacciono le torce elettriche).<\/p>\n","protected":false},"featured_media":0,"comment_status":"open","ping_status":"closed","template":"","meta":{"_acf_changed":false},"product_brand":[],"product_cat":[97],"product_tag":[],"class_list":{"0":"post-7445","1":"product","2":"type-product","3":"status-publish","5":"product_cat-handheld","6":"pa_uses-everyday","8":"first","9":"instock","10":"shipping-taxable","11":"product-type-simple"},"acf":[],"yoast_head":"<!-- This site is optimized with the Yoast SEO plugin v27.4 - https:\/\/yoast.com\/product\/yoast-seo-wordpress\/ -->\n<title>Energizer LED Pocket Torch - Italy<\/title>\n<meta name=\"robots\" content=\"index, follow, max-snippet:-1, max-image-preview:large, max-video-preview:-1\" \/>\n<link rel=\"canonical\" href=\"https:\/\/energizer.com\/eu\/italy\/product\/energizer-led-pocket-torch\/\" \/>\n<meta property=\"og:locale\" content=\"en_US\" \/>\n<meta property=\"og:type\" content=\"article\" \/>\n<meta property=\"og:title\" content=\"Energizer LED Pocket Torch - Italy\" \/>\n<meta property=\"og:description\" content=\"Compatto, leggero, dalle prestazioni affidabili. Questo descrive perfettamente la Energizer Torcia tascabile LED. Estrai questa piccola torcia e alimenta fino a 45 lumen con una luce 10 volte pi\u00f9 brillante rispetto alla tecnologia LED standard. Ha un&#039;autonomia fino a 19 ore, quindi non \u00e8 necessario usarlo con parsimonia. \u00c8 una torcia tascabile affidabile con resistenza agli urti contro cadute fino a 1 metro. Questo mini-LED ha un interruttore, ovviamente, ed \u00e8 texturizzato in modo da poterlo trovare e azionare al tatto. Tienine uno a portata di mano per i progetti fai-da-te: con una base piatta, funziona bene come luce da lavoro. Mettine uno nella borsa per le situazioni di emergenza. Si infila direttamente negli zaini dei bambini (a loro piacciono le torce elettriche).\" \/>\n<meta property=\"og:url\" content=\"https:\/\/energizer.com\/eu\/italy\/product\/energizer-led-pocket-torch\/\" \/>\n<meta property=\"og:site_name\" content=\"Italy\" \/>\n<meta property=\"article:modified_time\" content=\"2024-08-24T04:21:27+00:00\" \/>\n<meta name=\"twitter:card\" content=\"summary_large_image\" \/>\n<script type=\"application\/ld+json\" class=\"yoast-schema-graph\">{\"@context\":\"https:\\\/\\\/schema.org\",\"@graph\":[{\"@type\":\"WebPage\",\"@id\":\"https:\\\/\\\/energizer.com\\\/eu\\\/italy\\\/product\\\/energizer-led-pocket-torch\\\/\",\"url\":\"https:\\\/\\\/energizer.com\\\/eu\\\/italy\\\/product\\\/energizer-led-pocket-torch\\\/\",\"name\":\"Energizer LED Pocket Torch - Italy\",\"isPartOf\":{\"@id\":\"https:\\\/\\\/energizer.com\\\/eu\\\/italy\\\/#website\"},\"datePublished\":\"2024-06-03T05:38:26+00:00\",\"dateModified\":\"2024-08-24T04:21:27+00:00\",\"breadcrumb\":{\"@id\":\"https:\\\/\\\/energizer.com\\\/eu\\\/italy\\\/product\\\/energizer-led-pocket-torch\\\/#breadcrumb\"},\"inLanguage\":\"en-US\",\"potentialAction\":[{\"@type\":\"ReadAction\",\"target\":[\"https:\\\/\\\/energizer.com\\\/eu\\\/italy\\\/product\\\/energizer-led-pocket-torch\\\/\"]}]},{\"@type\":\"BreadcrumbList\",\"@id\":\"https:\\\/\\\/energizer.com\\\/eu\\\/italy\\\/product\\\/energizer-led-pocket-torch\\\/#breadcrumb\",\"itemListElement\":[{\"@type\":\"ListItem\",\"position\":1,\"name\":\"Home\",\"item\":\"https:\\\/\\\/energizer.com\\\/eu\\\/italy\\\/\"},{\"@type\":\"ListItem\",\"position\":2,\"name\":\"Energizer LED Pocket Torch\"}]},{\"@type\":\"WebSite\",\"@id\":\"https:\\\/\\\/energizer.com\\\/eu\\\/italy\\\/#website\",\"url\":\"https:\\\/\\\/energizer.com\\\/eu\\\/italy\\\/\",\"name\":\"Energizer Italy\",\"description\":\"\",\"publisher\":{\"@id\":\"https:\\\/\\\/energizer.com\\\/eu\\\/italy\\\/#organization\"},\"potentialAction\":[{\"@type\":\"SearchAction\",\"target\":{\"@type\":\"EntryPoint\",\"urlTemplate\":\"https:\\\/\\\/energizer.com\\\/eu\\\/italy\\\/?s={search_term_string}\"},\"query-input\":{\"@type\":\"PropertyValueSpecification\",\"valueRequired\":true,\"valueName\":\"search_term_string\"}}],\"inLanguage\":\"en-US\"},{\"@type\":\"Organization\",\"@id\":\"https:\\\/\\\/energizer.com\\\/eu\\\/italy\\\/#organization\",\"name\":\"Energizer Italy\",\"url\":\"https:\\\/\\\/energizer.com\\\/eu\\\/italy\\\/\",\"logo\":{\"@type\":\"ImageObject\",\"inLanguage\":\"en-US\",\"@id\":\"https:\\\/\\\/energizer.com\\\/eu\\\/italy\\\/#\\\/schema\\\/logo\\\/image\\\/\",\"url\":\"https:\\\/\\\/energizer.com\\\/eu\\\/italy\\\/wp-content\\\/uploads\\\/sites\\\/7\\\/2024\\\/04\\\/Energizer_brand.png\",\"contentUrl\":\"https:\\\/\\\/energizer.com\\\/eu\\\/italy\\\/wp-content\\\/uploads\\\/sites\\\/7\\\/2024\\\/04\\\/Energizer_brand.png\",\"width\":267,\"height\":100,\"caption\":\"Energizer Italy\"},\"image\":{\"@id\":\"https:\\\/\\\/energizer.com\\\/eu\\\/italy\\\/#\\\/schema\\\/logo\\\/image\\\/\"}}]}<\/script>\n<!-- \/ Yoast SEO plugin. -->","yoast_head_json":{"title":"Energizer LED Pocket Torch - Italy","robots":{"index":"index","follow":"follow","max-snippet":"max-snippet:-1","max-image-preview":"max-image-preview:large","max-video-preview":"max-video-preview:-1"},"canonical":"https:\/\/energizer.com\/eu\/italy\/product\/energizer-led-pocket-torch\/","og_locale":"en_US","og_type":"article","og_title":"Energizer LED Pocket Torch - Italy","og_description":"Compatto, leggero, dalle prestazioni affidabili. Questo descrive perfettamente la Energizer Torcia tascabile LED. Estrai questa piccola torcia e alimenta fino a 45 lumen con una luce 10 volte pi\u00f9 brillante rispetto alla tecnologia LED standard. Ha un'autonomia fino a 19 ore, quindi non \u00e8 necessario usarlo con parsimonia. \u00c8 una torcia tascabile affidabile con resistenza agli urti contro cadute fino a 1 metro. Questo mini-LED ha un interruttore, ovviamente, ed \u00e8 texturizzato in modo da poterlo trovare e azionare al tatto. Tienine uno a portata di mano per i progetti fai-da-te: con una base piatta, funziona bene come luce da lavoro. Mettine uno nella borsa per le situazioni di emergenza. Si infila direttamente negli zaini dei bambini (a loro piacciono le torce elettriche).","og_url":"https:\/\/energizer.com\/eu\/italy\/product\/energizer-led-pocket-torch\/","og_site_name":"Italy","article_modified_time":"2024-08-24T04:21:27+00:00","twitter_card":"summary_large_image","schema":{"@context":"https:\/\/schema.org","@graph":[{"@type":"WebPage","@id":"https:\/\/energizer.com\/eu\/italy\/product\/energizer-led-pocket-torch\/","url":"https:\/\/energizer.com\/eu\/italy\/product\/energizer-led-pocket-torch\/","name":"Energizer LED Pocket Torch - Italy","isPartOf":{"@id":"https:\/\/energizer.com\/eu\/italy\/#website"},"datePublished":"2024-06-03T05:38:26+00:00","dateModified":"2024-08-24T04:21:27+00:00","breadcrumb":{"@id":"https:\/\/energizer.com\/eu\/italy\/product\/energizer-led-pocket-torch\/#breadcrumb"},"inLanguage":"en-US","potentialAction":[{"@type":"ReadAction","target":["https:\/\/energizer.com\/eu\/italy\/product\/energizer-led-pocket-torch\/"]}]},{"@type":"BreadcrumbList","@id":"https:\/\/energizer.com\/eu\/italy\/product\/energizer-led-pocket-torch\/#breadcrumb","itemListElement":[{"@type":"ListItem","position":1,"name":"Home","item":"https:\/\/energizer.com\/eu\/italy\/"},{"@type":"ListItem","position":2,"name":"Energizer LED Pocket Torch"}]},{"@type":"WebSite","@id":"https:\/\/energizer.com\/eu\/italy\/#website","url":"https:\/\/energizer.com\/eu\/italy\/","name":"Energizer Italy","description":"","publisher":{"@id":"https:\/\/energizer.com\/eu\/italy\/#organization"},"potentialAction":[{"@type":"SearchAction","target":{"@type":"EntryPoint","urlTemplate":"https:\/\/energizer.com\/eu\/italy\/?s={search_term_string}"},"query-input":{"@type":"PropertyValueSpecification","valueRequired":true,"valueName":"search_term_string"}}],"inLanguage":"en-US"},{"@type":"Organization","@id":"https:\/\/energizer.com\/eu\/italy\/#organization","name":"Energizer Italy","url":"https:\/\/energizer.com\/eu\/italy\/","logo":{"@type":"ImageObject","inLanguage":"en-US","@id":"https:\/\/energizer.com\/eu\/italy\/#\/schema\/logo\/image\/","url":"https:\/\/energizer.com\/eu\/italy\/wp-content\/uploads\/sites\/7\/2024\/04\/Energizer_brand.png","contentUrl":"https:\/\/energizer.com\/eu\/italy\/wp-content\/uploads\/sites\/7\/2024\/04\/Energizer_brand.png","width":267,"height":100,"caption":"Energizer Italy"},"image":{"@id":"https:\/\/energizer.com\/eu\/italy\/#\/schema\/logo\/image\/"}}]}},"_links":{"self":[{"href":"https:\/\/energizer.com\/eu\/italy\/wp-json\/wp\/v2\/product\/7445","targetHints":{"allow":["GET"]}}],"collection":[{"href":"https:\/\/energizer.com\/eu\/italy\/wp-json\/wp\/v2\/product"}],"about":[{"href":"https:\/\/energizer.com\/eu\/italy\/wp-json\/wp\/v2\/types\/product"}],"replies":[{"embeddable":true,"href":"https:\/\/energizer.com\/eu\/italy\/wp-json\/wp\/v2\/comments?post=7445"}],"version-history":[{"count":4,"href":"https:\/\/energizer.com\/eu\/italy\/wp-json\/wp\/v2\/product\/7445\/revisions"}],"predecessor-version":[{"id":10307,"href":"https:\/\/energizer.com\/eu\/italy\/wp-json\/wp\/v2\/product\/7445\/revisions\/10307"}],"wp:attachment":[{"href":"https:\/\/energizer.com\/eu\/italy\/wp-json\/wp\/v2\/media?parent=7445"}],"wp:term":[{"taxonomy":"product_brand","embeddable":true,"href":"https:\/\/energizer.com\/eu\/italy\/wp-json\/wp\/v2\/product_brand?post=7445"},{"taxonomy":"product_cat","embeddable":true,"href":"https:\/\/energizer.com\/eu\/italy\/wp-json\/wp\/v2\/product_cat?post=7445"},{"taxonomy":"product_tag","embeddable":true,"href":"https:\/\/energizer.com\/eu\/italy\/wp-json\/wp\/v2\/product_tag?post=7445"}],"curies":[{"name":"wp","href":"https:\/\/api.w.org\/{rel}","templated":true}]}}