{"id":7446,"date":"2024-06-03T05:38:26","date_gmt":"2024-06-03T05:38:26","guid":{"rendered":"https:\/\/23b13e8ab3.nxcli.io\/italy\/?post_type=product&#038;p=7446"},"modified":"2024-08-24T04:21:31","modified_gmt":"2024-08-24T04:21:31","slug":"energizer-led-torch","status":"publish","type":"product","link":"https:\/\/energizer.com\/eu\/italy\/product\/energizer-led-torch\/","title":{"rendered":"Energizer LED Torch 90"},"content":{"rendered":"<ul>\n<li>Torcia Energizer in Metallo con 1 LED bianco e 2 batterie alcaline AA incluse<\/li>\n<li>Torcia super brillante: Questa torcia LED da 90 lumen offre luminosit\u00e0 eccezionale e prestazioni elevate, consentendo di vedere fino a 45<\/li>\n<li>metri, fornendo una luce 4 volte pi\u00f9 brillante rispetto alla tecnologia LED standard<\/li>\n<li>Altamente versatile: Questa torcia LED compatta e facile da usare ti copre in caso di interruzioni di corrente, fai da te e altro ancora<\/li>\n<li>Struttura durevole: Ideale per un uso di lunga durata, questa robusta torcia \u00e8 resistente agli urti fino a 1 metro<\/li>\n<li>Ore di autonomia:\u202fLa torcia LED Energizer pu\u00f2 brillare fino a 25 ore<\/li>\n<li>Leggera: Tieni questa versatile torcia sottile nel cassetto, in macchina, nel kit di emergenza domestico o portala nella borsa<\/li>\n<li>Design facile da impugnare: Il suo pratico design con superficie ruvida per una presa salda e un interruttore a pulsante sulla coda ti consente di tenerlo e utilizzarlo facilmente<\/li>\n<\/ul>\n","protected":false},"excerpt":{"rendered":"<p>Illumina l&#8217;ambiente circostante senza sforzo con questa torcia portatile ad alte prestazioni e super brillante. La torcia a LED Energizer in metallo offre eccezionale luminosit\u00e0 fino a 25 ore per le tue avventure o per le emergenze domestiche. Ideale per il campeggio, il bricolage o per le interruzioni di corrente, la torcia Energizer \u00e8 sempre a portata di mano per aiutarti a trovare la tua strada nel buio. Questa torcia a LED da 90 lumen pu\u00f2 illuminare gli spazi pi\u00f9 bui fino a 45 metri in modalit\u00e0 ad alta potenza e fornisce una luce 4 volte pi\u00f9 luminosa rispetto alla tecnologia a LED standard. \u00c8 facile da impugnare e utilizzare grazie al pratico design che favorisce l&#8217;impugnatura, con un interruttore a pulsante sull&#8217;estremit\u00e0.<\/p>\n","protected":false},"featured_media":0,"comment_status":"open","ping_status":"closed","template":"","meta":{"_acf_changed":false},"product_brand":[],"product_cat":[97],"product_tag":[],"class_list":{"0":"post-7446","1":"product","2":"type-product","3":"status-publish","5":"product_cat-handheld","6":"pa_uses-everyday","8":"first","9":"instock","10":"shipping-taxable","11":"product-type-simple"},"acf":[],"yoast_head":"<!-- This site is optimized with the Yoast SEO plugin v27.4 - https:\/\/yoast.com\/product\/yoast-seo-wordpress\/ -->\n<title>Energizer LED Torch 90 - Italy<\/title>\n<meta name=\"robots\" content=\"index, follow, max-snippet:-1, max-image-preview:large, max-video-preview:-1\" \/>\n<link rel=\"canonical\" href=\"https:\/\/energizer.com\/eu\/italy\/product\/energizer-led-torch\/\" \/>\n<meta property=\"og:locale\" content=\"en_US\" \/>\n<meta property=\"og:type\" content=\"article\" \/>\n<meta property=\"og:title\" content=\"Energizer LED Torch 90 - Italy\" \/>\n<meta property=\"og:description\" content=\"Illumina l&#039;ambiente circostante senza sforzo con questa torcia portatile ad alte prestazioni e super brillante. La torcia a LED Energizer in metallo offre eccezionale luminosit\u00e0 fino a 25 ore per le tue avventure o per le emergenze domestiche. Ideale per il campeggio, il bricolage o per le interruzioni di corrente, la torcia Energizer \u00e8 sempre a portata di mano per aiutarti a trovare la tua strada nel buio. Questa torcia a LED da 90 lumen pu\u00f2 illuminare gli spazi pi\u00f9 bui fino a 45 metri in modalit\u00e0 ad alta potenza e fornisce una luce 4 volte pi\u00f9 luminosa rispetto alla tecnologia a LED standard. \u00c8 facile da impugnare e utilizzare grazie al pratico design che favorisce l&#039;impugnatura, con un interruttore a pulsante sull&#039;estremit\u00e0.\" \/>\n<meta property=\"og:url\" content=\"https:\/\/energizer.com\/eu\/italy\/product\/energizer-led-torch\/\" \/>\n<meta property=\"og:site_name\" content=\"Italy\" \/>\n<meta property=\"article:modified_time\" content=\"2024-08-24T04:21:31+00:00\" \/>\n<meta name=\"twitter:card\" content=\"summary_large_image\" \/>\n<script type=\"application\/ld+json\" class=\"yoast-schema-graph\">{\"@context\":\"https:\\\/\\\/schema.org\",\"@graph\":[{\"@type\":\"WebPage\",\"@id\":\"https:\\\/\\\/energizer.com\\\/eu\\\/italy\\\/product\\\/energizer-led-torch\\\/\",\"url\":\"https:\\\/\\\/energizer.com\\\/eu\\\/italy\\\/product\\\/energizer-led-torch\\\/\",\"name\":\"Energizer LED Torch 90 - Italy\",\"isPartOf\":{\"@id\":\"https:\\\/\\\/energizer.com\\\/eu\\\/italy\\\/#website\"},\"datePublished\":\"2024-06-03T05:38:26+00:00\",\"dateModified\":\"2024-08-24T04:21:31+00:00\",\"breadcrumb\":{\"@id\":\"https:\\\/\\\/energizer.com\\\/eu\\\/italy\\\/product\\\/energizer-led-torch\\\/#breadcrumb\"},\"inLanguage\":\"en-US\",\"potentialAction\":[{\"@type\":\"ReadAction\",\"target\":[\"https:\\\/\\\/energizer.com\\\/eu\\\/italy\\\/product\\\/energizer-led-torch\\\/\"]}]},{\"@type\":\"BreadcrumbList\",\"@id\":\"https:\\\/\\\/energizer.com\\\/eu\\\/italy\\\/product\\\/energizer-led-torch\\\/#breadcrumb\",\"itemListElement\":[{\"@type\":\"ListItem\",\"position\":1,\"name\":\"Home\",\"item\":\"https:\\\/\\\/energizer.com\\\/eu\\\/italy\\\/\"},{\"@type\":\"ListItem\",\"position\":2,\"name\":\"Energizer LED Torch 90\"}]},{\"@type\":\"WebSite\",\"@id\":\"https:\\\/\\\/energizer.com\\\/eu\\\/italy\\\/#website\",\"url\":\"https:\\\/\\\/energizer.com\\\/eu\\\/italy\\\/\",\"name\":\"Energizer Italy\",\"description\":\"\",\"publisher\":{\"@id\":\"https:\\\/\\\/energizer.com\\\/eu\\\/italy\\\/#organization\"},\"potentialAction\":[{\"@type\":\"SearchAction\",\"target\":{\"@type\":\"EntryPoint\",\"urlTemplate\":\"https:\\\/\\\/energizer.com\\\/eu\\\/italy\\\/?s={search_term_string}\"},\"query-input\":{\"@type\":\"PropertyValueSpecification\",\"valueRequired\":true,\"valueName\":\"search_term_string\"}}],\"inLanguage\":\"en-US\"},{\"@type\":\"Organization\",\"@id\":\"https:\\\/\\\/energizer.com\\\/eu\\\/italy\\\/#organization\",\"name\":\"Energizer Italy\",\"url\":\"https:\\\/\\\/energizer.com\\\/eu\\\/italy\\\/\",\"logo\":{\"@type\":\"ImageObject\",\"inLanguage\":\"en-US\",\"@id\":\"https:\\\/\\\/energizer.com\\\/eu\\\/italy\\\/#\\\/schema\\\/logo\\\/image\\\/\",\"url\":\"https:\\\/\\\/energizer.com\\\/eu\\\/italy\\\/wp-content\\\/uploads\\\/sites\\\/7\\\/2024\\\/04\\\/Energizer_brand.png\",\"contentUrl\":\"https:\\\/\\\/energizer.com\\\/eu\\\/italy\\\/wp-content\\\/uploads\\\/sites\\\/7\\\/2024\\\/04\\\/Energizer_brand.png\",\"width\":267,\"height\":100,\"caption\":\"Energizer Italy\"},\"image\":{\"@id\":\"https:\\\/\\\/energizer.com\\\/eu\\\/italy\\\/#\\\/schema\\\/logo\\\/image\\\/\"}}]}<\/script>\n<!-- \/ Yoast SEO plugin. -->","yoast_head_json":{"title":"Energizer LED Torch 90 - Italy","robots":{"index":"index","follow":"follow","max-snippet":"max-snippet:-1","max-image-preview":"max-image-preview:large","max-video-preview":"max-video-preview:-1"},"canonical":"https:\/\/energizer.com\/eu\/italy\/product\/energizer-led-torch\/","og_locale":"en_US","og_type":"article","og_title":"Energizer LED Torch 90 - Italy","og_description":"Illumina l'ambiente circostante senza sforzo con questa torcia portatile ad alte prestazioni e super brillante. La torcia a LED Energizer in metallo offre eccezionale luminosit\u00e0 fino a 25 ore per le tue avventure o per le emergenze domestiche. Ideale per il campeggio, il bricolage o per le interruzioni di corrente, la torcia Energizer \u00e8 sempre a portata di mano per aiutarti a trovare la tua strada nel buio. Questa torcia a LED da 90 lumen pu\u00f2 illuminare gli spazi pi\u00f9 bui fino a 45 metri in modalit\u00e0 ad alta potenza e fornisce una luce 4 volte pi\u00f9 luminosa rispetto alla tecnologia a LED standard. \u00c8 facile da impugnare e utilizzare grazie al pratico design che favorisce l'impugnatura, con un interruttore a pulsante sull'estremit\u00e0.","og_url":"https:\/\/energizer.com\/eu\/italy\/product\/energizer-led-torch\/","og_site_name":"Italy","article_modified_time":"2024-08-24T04:21:31+00:00","twitter_card":"summary_large_image","schema":{"@context":"https:\/\/schema.org","@graph":[{"@type":"WebPage","@id":"https:\/\/energizer.com\/eu\/italy\/product\/energizer-led-torch\/","url":"https:\/\/energizer.com\/eu\/italy\/product\/energizer-led-torch\/","name":"Energizer LED Torch 90 - Italy","isPartOf":{"@id":"https:\/\/energizer.com\/eu\/italy\/#website"},"datePublished":"2024-06-03T05:38:26+00:00","dateModified":"2024-08-24T04:21:31+00:00","breadcrumb":{"@id":"https:\/\/energizer.com\/eu\/italy\/product\/energizer-led-torch\/#breadcrumb"},"inLanguage":"en-US","potentialAction":[{"@type":"ReadAction","target":["https:\/\/energizer.com\/eu\/italy\/product\/energizer-led-torch\/"]}]},{"@type":"BreadcrumbList","@id":"https:\/\/energizer.com\/eu\/italy\/product\/energizer-led-torch\/#breadcrumb","itemListElement":[{"@type":"ListItem","position":1,"name":"Home","item":"https:\/\/energizer.com\/eu\/italy\/"},{"@type":"ListItem","position":2,"name":"Energizer LED Torch 90"}]},{"@type":"WebSite","@id":"https:\/\/energizer.com\/eu\/italy\/#website","url":"https:\/\/energizer.com\/eu\/italy\/","name":"Energizer Italy","description":"","publisher":{"@id":"https:\/\/energizer.com\/eu\/italy\/#organization"},"potentialAction":[{"@type":"SearchAction","target":{"@type":"EntryPoint","urlTemplate":"https:\/\/energizer.com\/eu\/italy\/?s={search_term_string}"},"query-input":{"@type":"PropertyValueSpecification","valueRequired":true,"valueName":"search_term_string"}}],"inLanguage":"en-US"},{"@type":"Organization","@id":"https:\/\/energizer.com\/eu\/italy\/#organization","name":"Energizer Italy","url":"https:\/\/energizer.com\/eu\/italy\/","logo":{"@type":"ImageObject","inLanguage":"en-US","@id":"https:\/\/energizer.com\/eu\/italy\/#\/schema\/logo\/image\/","url":"https:\/\/energizer.com\/eu\/italy\/wp-content\/uploads\/sites\/7\/2024\/04\/Energizer_brand.png","contentUrl":"https:\/\/energizer.com\/eu\/italy\/wp-content\/uploads\/sites\/7\/2024\/04\/Energizer_brand.png","width":267,"height":100,"caption":"Energizer Italy"},"image":{"@id":"https:\/\/energizer.com\/eu\/italy\/#\/schema\/logo\/image\/"}}]}},"_links":{"self":[{"href":"https:\/\/energizer.com\/eu\/italy\/wp-json\/wp\/v2\/product\/7446","targetHints":{"allow":["GET"]}}],"collection":[{"href":"https:\/\/energizer.com\/eu\/italy\/wp-json\/wp\/v2\/product"}],"about":[{"href":"https:\/\/energizer.com\/eu\/italy\/wp-json\/wp\/v2\/types\/product"}],"replies":[{"embeddable":true,"href":"https:\/\/energizer.com\/eu\/italy\/wp-json\/wp\/v2\/comments?post=7446"}],"version-history":[{"count":4,"href":"https:\/\/energizer.com\/eu\/italy\/wp-json\/wp\/v2\/product\/7446\/revisions"}],"predecessor-version":[{"id":10308,"href":"https:\/\/energizer.com\/eu\/italy\/wp-json\/wp\/v2\/product\/7446\/revisions\/10308"}],"wp:attachment":[{"href":"https:\/\/energizer.com\/eu\/italy\/wp-json\/wp\/v2\/media?parent=7446"}],"wp:term":[{"taxonomy":"product_brand","embeddable":true,"href":"https:\/\/energizer.com\/eu\/italy\/wp-json\/wp\/v2\/product_brand?post=7446"},{"taxonomy":"product_cat","embeddable":true,"href":"https:\/\/energizer.com\/eu\/italy\/wp-json\/wp\/v2\/product_cat?post=7446"},{"taxonomy":"product_tag","embeddable":true,"href":"https:\/\/energizer.com\/eu\/italy\/wp-json\/wp\/v2\/product_tag?post=7446"}],"curies":[{"name":"wp","href":"https:\/\/api.w.org\/{rel}","templated":true}]}}