{"id":7460,"date":"2024-06-03T05:38:27","date_gmt":"2024-06-03T05:38:27","guid":{"rendered":"https:\/\/23b13e8ab3.nxcli.io\/italy\/?post_type=product&#038;p=7460"},"modified":"2024-08-24T04:23:27","modified_gmt":"2024-08-24T04:23:27","slug":"energizer-compact-sport-led-headlamp","status":"publish","type":"product","link":"https:\/\/energizer.com\/eu\/italy\/product\/energizer-compact-sport-led-headlamp\/","title":{"rendered":"Energizer Compact Sport LED Headlamp"},"content":{"rendered":"<ul>\n<li>La lampada frontale Energizer Compact Sport LED viene fornita con 2 batterie AAA<\/li>\n<li>Illumina la tua corsa con una luminosit\u00e0 fino a 125 lumen (in modalit\u00e0 alta)<\/li>\n<li>La fascia sportiva appositamente realizzata offre un comfort eccezionale&#8230; ed \u00e8 lavabile per un facile riutilizzo<\/li>\n<li>Passa tra 2 modalit\u00e0 di illuminazione per un uso esterno ottimale: alta e bassa<\/li>\n<li>Fai jogging o cammina per tutto il tempo che desideri con 7 ore di autonomia (in modalit\u00e0 elevata)<\/li>\n<li>Ideale per correre grazie al suo ampio raggio<\/li>\n<\/ul>\n","protected":false},"excerpt":{"rendered":"<p>Sentiti sicuro facendo jogging ed escursioni al buio: La lampada frontale Energizer Compact Sport LED ti mostra la strada con una luce facile da usare. Basta accendere la lampada frontale e iniziare a correre con una luminosit\u00e0 fino a 100 lumen (in modalit\u00e0 alta) per illuminare il tuo percorso. Il tuo comfort \u00e8 garantito con una fascia sportiva unica che rimane in posizione indipendentemente dalla durata del tuo allenamento. Questa lampada frontale \u00e8 ideale anche quando si attende un&#8217;interruzione di corrente o anche per attivit\u00e0 da vicino come progetti fai-da-te. Rimani sportivo e sicuro con la lampada frontale Energizer Compact Sport LED.<\/p>\n","protected":false},"featured_media":0,"comment_status":"open","ping_status":"closed","template":"","meta":{"_acf_changed":false},"product_brand":[],"product_cat":[43],"product_tag":[],"class_list":{"0":"post-7460","1":"product","2":"type-product","3":"status-publish","5":"product_cat-hands-free","6":"pa_uses-everyday","8":"first","9":"instock","10":"shipping-taxable","11":"product-type-simple"},"acf":[],"yoast_head":"<!-- This site is optimized with the Yoast SEO plugin v27.4 - https:\/\/yoast.com\/product\/yoast-seo-wordpress\/ -->\n<title>Energizer Compact Sport LED Headlamp - Italy<\/title>\n<meta name=\"robots\" content=\"index, follow, max-snippet:-1, max-image-preview:large, max-video-preview:-1\" \/>\n<link rel=\"canonical\" href=\"https:\/\/energizer.com\/eu\/italy\/product\/energizer-compact-sport-led-headlamp\/\" \/>\n<meta property=\"og:locale\" content=\"en_US\" \/>\n<meta property=\"og:type\" content=\"article\" \/>\n<meta property=\"og:title\" content=\"Energizer Compact Sport LED Headlamp - Italy\" \/>\n<meta property=\"og:description\" content=\"Sentiti sicuro facendo jogging ed escursioni al buio: La lampada frontale Energizer Compact Sport LED ti mostra la strada con una luce facile da usare. Basta accendere la lampada frontale e iniziare a correre con una luminosit\u00e0 fino a 100 lumen (in modalit\u00e0 alta) per illuminare il tuo percorso. Il tuo comfort \u00e8 garantito con una fascia sportiva unica che rimane in posizione indipendentemente dalla durata del tuo allenamento. Questa lampada frontale \u00e8 ideale anche quando si attende un&#039;interruzione di corrente o anche per attivit\u00e0 da vicino come progetti fai-da-te. Rimani sportivo e sicuro con la lampada frontale Energizer Compact Sport LED.\" \/>\n<meta property=\"og:url\" content=\"https:\/\/energizer.com\/eu\/italy\/product\/energizer-compact-sport-led-headlamp\/\" \/>\n<meta property=\"og:site_name\" content=\"Italy\" \/>\n<meta property=\"article:modified_time\" content=\"2024-08-24T04:23:27+00:00\" \/>\n<meta name=\"twitter:card\" content=\"summary_large_image\" \/>\n<script type=\"application\/ld+json\" class=\"yoast-schema-graph\">{\"@context\":\"https:\\\/\\\/schema.org\",\"@graph\":[{\"@type\":\"WebPage\",\"@id\":\"https:\\\/\\\/energizer.com\\\/eu\\\/italy\\\/product\\\/energizer-compact-sport-led-headlamp\\\/\",\"url\":\"https:\\\/\\\/energizer.com\\\/eu\\\/italy\\\/product\\\/energizer-compact-sport-led-headlamp\\\/\",\"name\":\"Energizer Compact Sport LED Headlamp - Italy\",\"isPartOf\":{\"@id\":\"https:\\\/\\\/energizer.com\\\/eu\\\/italy\\\/#website\"},\"datePublished\":\"2024-06-03T05:38:27+00:00\",\"dateModified\":\"2024-08-24T04:23:27+00:00\",\"breadcrumb\":{\"@id\":\"https:\\\/\\\/energizer.com\\\/eu\\\/italy\\\/product\\\/energizer-compact-sport-led-headlamp\\\/#breadcrumb\"},\"inLanguage\":\"en-US\",\"potentialAction\":[{\"@type\":\"ReadAction\",\"target\":[\"https:\\\/\\\/energizer.com\\\/eu\\\/italy\\\/product\\\/energizer-compact-sport-led-headlamp\\\/\"]}]},{\"@type\":\"BreadcrumbList\",\"@id\":\"https:\\\/\\\/energizer.com\\\/eu\\\/italy\\\/product\\\/energizer-compact-sport-led-headlamp\\\/#breadcrumb\",\"itemListElement\":[{\"@type\":\"ListItem\",\"position\":1,\"name\":\"Home\",\"item\":\"https:\\\/\\\/energizer.com\\\/eu\\\/italy\\\/\"},{\"@type\":\"ListItem\",\"position\":2,\"name\":\"Energizer Compact Sport LED Headlamp\"}]},{\"@type\":\"WebSite\",\"@id\":\"https:\\\/\\\/energizer.com\\\/eu\\\/italy\\\/#website\",\"url\":\"https:\\\/\\\/energizer.com\\\/eu\\\/italy\\\/\",\"name\":\"Energizer Italy\",\"description\":\"\",\"publisher\":{\"@id\":\"https:\\\/\\\/energizer.com\\\/eu\\\/italy\\\/#organization\"},\"potentialAction\":[{\"@type\":\"SearchAction\",\"target\":{\"@type\":\"EntryPoint\",\"urlTemplate\":\"https:\\\/\\\/energizer.com\\\/eu\\\/italy\\\/?s={search_term_string}\"},\"query-input\":{\"@type\":\"PropertyValueSpecification\",\"valueRequired\":true,\"valueName\":\"search_term_string\"}}],\"inLanguage\":\"en-US\"},{\"@type\":\"Organization\",\"@id\":\"https:\\\/\\\/energizer.com\\\/eu\\\/italy\\\/#organization\",\"name\":\"Energizer Italy\",\"url\":\"https:\\\/\\\/energizer.com\\\/eu\\\/italy\\\/\",\"logo\":{\"@type\":\"ImageObject\",\"inLanguage\":\"en-US\",\"@id\":\"https:\\\/\\\/energizer.com\\\/eu\\\/italy\\\/#\\\/schema\\\/logo\\\/image\\\/\",\"url\":\"https:\\\/\\\/energizer.com\\\/eu\\\/italy\\\/wp-content\\\/uploads\\\/sites\\\/7\\\/2024\\\/04\\\/Energizer_brand.png\",\"contentUrl\":\"https:\\\/\\\/energizer.com\\\/eu\\\/italy\\\/wp-content\\\/uploads\\\/sites\\\/7\\\/2024\\\/04\\\/Energizer_brand.png\",\"width\":267,\"height\":100,\"caption\":\"Energizer Italy\"},\"image\":{\"@id\":\"https:\\\/\\\/energizer.com\\\/eu\\\/italy\\\/#\\\/schema\\\/logo\\\/image\\\/\"}}]}<\/script>\n<!-- \/ Yoast SEO plugin. -->","yoast_head_json":{"title":"Energizer Compact Sport LED Headlamp - Italy","robots":{"index":"index","follow":"follow","max-snippet":"max-snippet:-1","max-image-preview":"max-image-preview:large","max-video-preview":"max-video-preview:-1"},"canonical":"https:\/\/energizer.com\/eu\/italy\/product\/energizer-compact-sport-led-headlamp\/","og_locale":"en_US","og_type":"article","og_title":"Energizer Compact Sport LED Headlamp - Italy","og_description":"Sentiti sicuro facendo jogging ed escursioni al buio: La lampada frontale Energizer Compact Sport LED ti mostra la strada con una luce facile da usare. Basta accendere la lampada frontale e iniziare a correre con una luminosit\u00e0 fino a 100 lumen (in modalit\u00e0 alta) per illuminare il tuo percorso. Il tuo comfort \u00e8 garantito con una fascia sportiva unica che rimane in posizione indipendentemente dalla durata del tuo allenamento. Questa lampada frontale \u00e8 ideale anche quando si attende un'interruzione di corrente o anche per attivit\u00e0 da vicino come progetti fai-da-te. Rimani sportivo e sicuro con la lampada frontale Energizer Compact Sport LED.","og_url":"https:\/\/energizer.com\/eu\/italy\/product\/energizer-compact-sport-led-headlamp\/","og_site_name":"Italy","article_modified_time":"2024-08-24T04:23:27+00:00","twitter_card":"summary_large_image","schema":{"@context":"https:\/\/schema.org","@graph":[{"@type":"WebPage","@id":"https:\/\/energizer.com\/eu\/italy\/product\/energizer-compact-sport-led-headlamp\/","url":"https:\/\/energizer.com\/eu\/italy\/product\/energizer-compact-sport-led-headlamp\/","name":"Energizer Compact Sport LED Headlamp - Italy","isPartOf":{"@id":"https:\/\/energizer.com\/eu\/italy\/#website"},"datePublished":"2024-06-03T05:38:27+00:00","dateModified":"2024-08-24T04:23:27+00:00","breadcrumb":{"@id":"https:\/\/energizer.com\/eu\/italy\/product\/energizer-compact-sport-led-headlamp\/#breadcrumb"},"inLanguage":"en-US","potentialAction":[{"@type":"ReadAction","target":["https:\/\/energizer.com\/eu\/italy\/product\/energizer-compact-sport-led-headlamp\/"]}]},{"@type":"BreadcrumbList","@id":"https:\/\/energizer.com\/eu\/italy\/product\/energizer-compact-sport-led-headlamp\/#breadcrumb","itemListElement":[{"@type":"ListItem","position":1,"name":"Home","item":"https:\/\/energizer.com\/eu\/italy\/"},{"@type":"ListItem","position":2,"name":"Energizer Compact Sport LED Headlamp"}]},{"@type":"WebSite","@id":"https:\/\/energizer.com\/eu\/italy\/#website","url":"https:\/\/energizer.com\/eu\/italy\/","name":"Energizer Italy","description":"","publisher":{"@id":"https:\/\/energizer.com\/eu\/italy\/#organization"},"potentialAction":[{"@type":"SearchAction","target":{"@type":"EntryPoint","urlTemplate":"https:\/\/energizer.com\/eu\/italy\/?s={search_term_string}"},"query-input":{"@type":"PropertyValueSpecification","valueRequired":true,"valueName":"search_term_string"}}],"inLanguage":"en-US"},{"@type":"Organization","@id":"https:\/\/energizer.com\/eu\/italy\/#organization","name":"Energizer Italy","url":"https:\/\/energizer.com\/eu\/italy\/","logo":{"@type":"ImageObject","inLanguage":"en-US","@id":"https:\/\/energizer.com\/eu\/italy\/#\/schema\/logo\/image\/","url":"https:\/\/energizer.com\/eu\/italy\/wp-content\/uploads\/sites\/7\/2024\/04\/Energizer_brand.png","contentUrl":"https:\/\/energizer.com\/eu\/italy\/wp-content\/uploads\/sites\/7\/2024\/04\/Energizer_brand.png","width":267,"height":100,"caption":"Energizer Italy"},"image":{"@id":"https:\/\/energizer.com\/eu\/italy\/#\/schema\/logo\/image\/"}}]}},"_links":{"self":[{"href":"https:\/\/energizer.com\/eu\/italy\/wp-json\/wp\/v2\/product\/7460","targetHints":{"allow":["GET"]}}],"collection":[{"href":"https:\/\/energizer.com\/eu\/italy\/wp-json\/wp\/v2\/product"}],"about":[{"href":"https:\/\/energizer.com\/eu\/italy\/wp-json\/wp\/v2\/types\/product"}],"replies":[{"embeddable":true,"href":"https:\/\/energizer.com\/eu\/italy\/wp-json\/wp\/v2\/comments?post=7460"}],"version-history":[{"count":4,"href":"https:\/\/energizer.com\/eu\/italy\/wp-json\/wp\/v2\/product\/7460\/revisions"}],"predecessor-version":[{"id":10312,"href":"https:\/\/energizer.com\/eu\/italy\/wp-json\/wp\/v2\/product\/7460\/revisions\/10312"}],"wp:attachment":[{"href":"https:\/\/energizer.com\/eu\/italy\/wp-json\/wp\/v2\/media?parent=7460"}],"wp:term":[{"taxonomy":"product_brand","embeddable":true,"href":"https:\/\/energizer.com\/eu\/italy\/wp-json\/wp\/v2\/product_brand?post=7460"},{"taxonomy":"product_cat","embeddable":true,"href":"https:\/\/energizer.com\/eu\/italy\/wp-json\/wp\/v2\/product_cat?post=7460"},{"taxonomy":"product_tag","embeddable":true,"href":"https:\/\/energizer.com\/eu\/italy\/wp-json\/wp\/v2\/product_tag?post=7460"}],"curies":[{"name":"wp","href":"https:\/\/api.w.org\/{rel}","templated":true}]}}