{"id":7461,"date":"2024-06-03T05:38:27","date_gmt":"2024-06-03T05:38:27","guid":{"rendered":"https:\/\/23b13e8ab3.nxcli.io\/italy\/?post_type=product&#038;p=7461"},"modified":"2024-08-24T04:23:34","modified_gmt":"2024-08-24T04:23:34","slug":"energizer-led-clip-light","status":"publish","type":"product","link":"https:\/\/energizer.com\/eu\/italy\/product\/energizer-led-clip-light\/","title":{"rendered":"Energizer LED Clip Light"},"content":{"rendered":"<ul>\n<li>Energizer Lampada indossabile con clip integrata e batterie al litio CR2032 incluse<\/li>\n<li>Luce potente: Questa luce LED offre luminosit\u00e0 eccezionale e prestazioni elevate<\/li>\n<li>Illuminazione versatile a mani libere: Questa luce compatta e facile da usare fa al caso tuo, sia che tu abbia bisogno di luce mentre corri, fai un&#8217;escursione o leggi<\/li>\n<li>Leggera: Il design compatto della lampada a clip Energizer LED ti consente di portarla facilmente con te<\/li>\n<li>Utilizzo versatile: Perfetto da agganciare ai vestiti, alla borsa, allo zaino o a qualsiasi altra superficie<\/li>\n<li>Struttura durevole: La sua struttura in plastica durevole fornisce protezione dai danni<\/li>\n<li>Visione notturna: Scegli la modalit\u00e0 rossa per la visione notturna o la modalit\u00e0 rossa lampeggiante per la visibilit\u00e0 in caso di emergenza<\/li>\n<\/ul>\n","protected":false},"excerpt":{"rendered":"<p>Illumina senza sforzo l&#8217;ambiente circostante con questa lampada indossabile ad alte prestazioni. La lampada a LED Energizer a clip offre eccezionale luminosit\u00e0 per varie attivit\u00e0 indoor e outdoor, oltre a risultare utile in caso di emergenza. Per correre, leggere o lavorare a un progetto di bricolage, la lampada a LED Energizer a clip sar\u00e0 sempre a portata di mano per aiutarti a trovare la tua strada. Questa versatile e affidabile lampada \u00e8 dotata di clip incorporata che ti consente di tenere le mani libere e goderti il massimo da ogni attivit\u00e0. Puoi portarla con te ovunque facilmente, attaccandola agli abiti, alla borsa o allo zaino o agganciandola a qualsiasi tipo di superficie, come le pagine di un libro.<\/p>\n","protected":false},"featured_media":0,"comment_status":"open","ping_status":"closed","template":"","meta":{"_acf_changed":false},"product_brand":[],"product_cat":[43],"product_tag":[],"class_list":{"0":"post-7461","1":"product","2":"type-product","3":"status-publish","5":"product_cat-hands-free","6":"pa_uses-everyday","8":"first","9":"instock","10":"shipping-taxable","11":"product-type-simple"},"acf":[],"yoast_head":"<!-- This site is optimized with the Yoast SEO plugin v27.4 - https:\/\/yoast.com\/product\/yoast-seo-wordpress\/ -->\n<title>Energizer LED Clip Light - Italy<\/title>\n<meta name=\"robots\" content=\"index, follow, max-snippet:-1, max-image-preview:large, max-video-preview:-1\" \/>\n<link rel=\"canonical\" href=\"https:\/\/energizer.com\/eu\/italy\/product\/energizer-led-clip-light\/\" \/>\n<meta property=\"og:locale\" content=\"en_US\" \/>\n<meta property=\"og:type\" content=\"article\" \/>\n<meta property=\"og:title\" content=\"Energizer LED Clip Light - Italy\" \/>\n<meta property=\"og:description\" content=\"Illumina senza sforzo l&#039;ambiente circostante con questa lampada indossabile ad alte prestazioni. La lampada a LED Energizer a clip offre eccezionale luminosit\u00e0 per varie attivit\u00e0 indoor e outdoor, oltre a risultare utile in caso di emergenza. Per correre, leggere o lavorare a un progetto di bricolage, la lampada a LED Energizer a clip sar\u00e0 sempre a portata di mano per aiutarti a trovare la tua strada. Questa versatile e affidabile lampada \u00e8 dotata di clip incorporata che ti consente di tenere le mani libere e goderti il massimo da ogni attivit\u00e0. Puoi portarla con te ovunque facilmente, attaccandola agli abiti, alla borsa o allo zaino o agganciandola a qualsiasi tipo di superficie, come le pagine di un libro.\" \/>\n<meta property=\"og:url\" content=\"https:\/\/energizer.com\/eu\/italy\/product\/energizer-led-clip-light\/\" \/>\n<meta property=\"og:site_name\" content=\"Italy\" \/>\n<meta property=\"article:modified_time\" content=\"2024-08-24T04:23:34+00:00\" \/>\n<meta name=\"twitter:card\" content=\"summary_large_image\" \/>\n<script type=\"application\/ld+json\" class=\"yoast-schema-graph\">{\"@context\":\"https:\\\/\\\/schema.org\",\"@graph\":[{\"@type\":\"WebPage\",\"@id\":\"https:\\\/\\\/energizer.com\\\/eu\\\/italy\\\/product\\\/energizer-led-clip-light\\\/\",\"url\":\"https:\\\/\\\/energizer.com\\\/eu\\\/italy\\\/product\\\/energizer-led-clip-light\\\/\",\"name\":\"Energizer LED Clip Light - Italy\",\"isPartOf\":{\"@id\":\"https:\\\/\\\/energizer.com\\\/eu\\\/italy\\\/#website\"},\"datePublished\":\"2024-06-03T05:38:27+00:00\",\"dateModified\":\"2024-08-24T04:23:34+00:00\",\"breadcrumb\":{\"@id\":\"https:\\\/\\\/energizer.com\\\/eu\\\/italy\\\/product\\\/energizer-led-clip-light\\\/#breadcrumb\"},\"inLanguage\":\"en-US\",\"potentialAction\":[{\"@type\":\"ReadAction\",\"target\":[\"https:\\\/\\\/energizer.com\\\/eu\\\/italy\\\/product\\\/energizer-led-clip-light\\\/\"]}]},{\"@type\":\"BreadcrumbList\",\"@id\":\"https:\\\/\\\/energizer.com\\\/eu\\\/italy\\\/product\\\/energizer-led-clip-light\\\/#breadcrumb\",\"itemListElement\":[{\"@type\":\"ListItem\",\"position\":1,\"name\":\"Home\",\"item\":\"https:\\\/\\\/energizer.com\\\/eu\\\/italy\\\/\"},{\"@type\":\"ListItem\",\"position\":2,\"name\":\"Energizer LED Clip Light\"}]},{\"@type\":\"WebSite\",\"@id\":\"https:\\\/\\\/energizer.com\\\/eu\\\/italy\\\/#website\",\"url\":\"https:\\\/\\\/energizer.com\\\/eu\\\/italy\\\/\",\"name\":\"Energizer Italy\",\"description\":\"\",\"publisher\":{\"@id\":\"https:\\\/\\\/energizer.com\\\/eu\\\/italy\\\/#organization\"},\"potentialAction\":[{\"@type\":\"SearchAction\",\"target\":{\"@type\":\"EntryPoint\",\"urlTemplate\":\"https:\\\/\\\/energizer.com\\\/eu\\\/italy\\\/?s={search_term_string}\"},\"query-input\":{\"@type\":\"PropertyValueSpecification\",\"valueRequired\":true,\"valueName\":\"search_term_string\"}}],\"inLanguage\":\"en-US\"},{\"@type\":\"Organization\",\"@id\":\"https:\\\/\\\/energizer.com\\\/eu\\\/italy\\\/#organization\",\"name\":\"Energizer Italy\",\"url\":\"https:\\\/\\\/energizer.com\\\/eu\\\/italy\\\/\",\"logo\":{\"@type\":\"ImageObject\",\"inLanguage\":\"en-US\",\"@id\":\"https:\\\/\\\/energizer.com\\\/eu\\\/italy\\\/#\\\/schema\\\/logo\\\/image\\\/\",\"url\":\"https:\\\/\\\/energizer.com\\\/eu\\\/italy\\\/wp-content\\\/uploads\\\/sites\\\/7\\\/2024\\\/04\\\/Energizer_brand.png\",\"contentUrl\":\"https:\\\/\\\/energizer.com\\\/eu\\\/italy\\\/wp-content\\\/uploads\\\/sites\\\/7\\\/2024\\\/04\\\/Energizer_brand.png\",\"width\":267,\"height\":100,\"caption\":\"Energizer Italy\"},\"image\":{\"@id\":\"https:\\\/\\\/energizer.com\\\/eu\\\/italy\\\/#\\\/schema\\\/logo\\\/image\\\/\"}}]}<\/script>\n<!-- \/ Yoast SEO plugin. -->","yoast_head_json":{"title":"Energizer LED Clip Light - Italy","robots":{"index":"index","follow":"follow","max-snippet":"max-snippet:-1","max-image-preview":"max-image-preview:large","max-video-preview":"max-video-preview:-1"},"canonical":"https:\/\/energizer.com\/eu\/italy\/product\/energizer-led-clip-light\/","og_locale":"en_US","og_type":"article","og_title":"Energizer LED Clip Light - Italy","og_description":"Illumina senza sforzo l'ambiente circostante con questa lampada indossabile ad alte prestazioni. La lampada a LED Energizer a clip offre eccezionale luminosit\u00e0 per varie attivit\u00e0 indoor e outdoor, oltre a risultare utile in caso di emergenza. Per correre, leggere o lavorare a un progetto di bricolage, la lampada a LED Energizer a clip sar\u00e0 sempre a portata di mano per aiutarti a trovare la tua strada. Questa versatile e affidabile lampada \u00e8 dotata di clip incorporata che ti consente di tenere le mani libere e goderti il massimo da ogni attivit\u00e0. Puoi portarla con te ovunque facilmente, attaccandola agli abiti, alla borsa o allo zaino o agganciandola a qualsiasi tipo di superficie, come le pagine di un libro.","og_url":"https:\/\/energizer.com\/eu\/italy\/product\/energizer-led-clip-light\/","og_site_name":"Italy","article_modified_time":"2024-08-24T04:23:34+00:00","twitter_card":"summary_large_image","schema":{"@context":"https:\/\/schema.org","@graph":[{"@type":"WebPage","@id":"https:\/\/energizer.com\/eu\/italy\/product\/energizer-led-clip-light\/","url":"https:\/\/energizer.com\/eu\/italy\/product\/energizer-led-clip-light\/","name":"Energizer LED Clip Light - Italy","isPartOf":{"@id":"https:\/\/energizer.com\/eu\/italy\/#website"},"datePublished":"2024-06-03T05:38:27+00:00","dateModified":"2024-08-24T04:23:34+00:00","breadcrumb":{"@id":"https:\/\/energizer.com\/eu\/italy\/product\/energizer-led-clip-light\/#breadcrumb"},"inLanguage":"en-US","potentialAction":[{"@type":"ReadAction","target":["https:\/\/energizer.com\/eu\/italy\/product\/energizer-led-clip-light\/"]}]},{"@type":"BreadcrumbList","@id":"https:\/\/energizer.com\/eu\/italy\/product\/energizer-led-clip-light\/#breadcrumb","itemListElement":[{"@type":"ListItem","position":1,"name":"Home","item":"https:\/\/energizer.com\/eu\/italy\/"},{"@type":"ListItem","position":2,"name":"Energizer LED Clip Light"}]},{"@type":"WebSite","@id":"https:\/\/energizer.com\/eu\/italy\/#website","url":"https:\/\/energizer.com\/eu\/italy\/","name":"Energizer Italy","description":"","publisher":{"@id":"https:\/\/energizer.com\/eu\/italy\/#organization"},"potentialAction":[{"@type":"SearchAction","target":{"@type":"EntryPoint","urlTemplate":"https:\/\/energizer.com\/eu\/italy\/?s={search_term_string}"},"query-input":{"@type":"PropertyValueSpecification","valueRequired":true,"valueName":"search_term_string"}}],"inLanguage":"en-US"},{"@type":"Organization","@id":"https:\/\/energizer.com\/eu\/italy\/#organization","name":"Energizer Italy","url":"https:\/\/energizer.com\/eu\/italy\/","logo":{"@type":"ImageObject","inLanguage":"en-US","@id":"https:\/\/energizer.com\/eu\/italy\/#\/schema\/logo\/image\/","url":"https:\/\/energizer.com\/eu\/italy\/wp-content\/uploads\/sites\/7\/2024\/04\/Energizer_brand.png","contentUrl":"https:\/\/energizer.com\/eu\/italy\/wp-content\/uploads\/sites\/7\/2024\/04\/Energizer_brand.png","width":267,"height":100,"caption":"Energizer Italy"},"image":{"@id":"https:\/\/energizer.com\/eu\/italy\/#\/schema\/logo\/image\/"}}]}},"_links":{"self":[{"href":"https:\/\/energizer.com\/eu\/italy\/wp-json\/wp\/v2\/product\/7461","targetHints":{"allow":["GET"]}}],"collection":[{"href":"https:\/\/energizer.com\/eu\/italy\/wp-json\/wp\/v2\/product"}],"about":[{"href":"https:\/\/energizer.com\/eu\/italy\/wp-json\/wp\/v2\/types\/product"}],"replies":[{"embeddable":true,"href":"https:\/\/energizer.com\/eu\/italy\/wp-json\/wp\/v2\/comments?post=7461"}],"version-history":[{"count":4,"href":"https:\/\/energizer.com\/eu\/italy\/wp-json\/wp\/v2\/product\/7461\/revisions"}],"predecessor-version":[{"id":10316,"href":"https:\/\/energizer.com\/eu\/italy\/wp-json\/wp\/v2\/product\/7461\/revisions\/10316"}],"wp:attachment":[{"href":"https:\/\/energizer.com\/eu\/italy\/wp-json\/wp\/v2\/media?parent=7461"}],"wp:term":[{"taxonomy":"product_brand","embeddable":true,"href":"https:\/\/energizer.com\/eu\/italy\/wp-json\/wp\/v2\/product_brand?post=7461"},{"taxonomy":"product_cat","embeddable":true,"href":"https:\/\/energizer.com\/eu\/italy\/wp-json\/wp\/v2\/product_cat?post=7461"},{"taxonomy":"product_tag","embeddable":true,"href":"https:\/\/energizer.com\/eu\/italy\/wp-json\/wp\/v2\/product_tag?post=7461"}],"curies":[{"name":"wp","href":"https:\/\/api.w.org\/{rel}","templated":true}]}}