{"id":7506,"date":"2024-06-03T05:38:32","date_gmt":"2024-06-03T05:38:32","guid":{"rendered":"https:\/\/23b13e8ab3.nxcli.io\/italy\/?post_type=product&#038;p=7506"},"modified":"2024-08-24T04:22:57","modified_gmt":"2024-08-24T04:22:57","slug":"energizer-vision-hd-350-headlight","status":"publish","type":"product","link":"https:\/\/energizer.com\/eu\/italy\/product\/energizer-vision-hd-350-headlight\/","title":{"rendered":"Energizer VISION HD+ 350 Headlight"},"content":{"rendered":"<ul>\n<li>Lampada frontale Energizer Vision HD+ LED con 3 batterie AAA incluse<\/li>\n<li>Tecnologia a LED: Questa potente torcia frontale da 350 lumen ha una portata di 80 metri e fornisce una luce 4 volte pi\u00f9 brillante rispetto alla tecnologia LED standard<\/li>\n<li>Tecnologia Next Push Off: Evita di eseguire passaggi aggiuntivi e spegni immediatamente la lampada frontale Energizer LED con una sola pressione<\/li>\n<li>Struttura durevole: Ideale per un uso di lunga durata, questa torcia da testa Energizer resistente all&#8217;acqua IPX4 resiste al test di caduta da 1 metro<\/li>\n<li>Illuminazione versatile a mani libere: Questa torcia compatta e facile da usare a mani libere ti copre in caso di interruzioni di corrente, fai da te e altro ancora<\/li>\n<li>Pratico design: Dirigi la luce dove serve utilizzando questa torcia da testa leggera con testa girevole<\/li>\n<li>Potenza affidabile: Affidati a Energizer per offrire le potenti prestazioni che promettiamo: tutte le luci Energizer sono testate e aderiscono a standard ANSI rigorosi e affidabili<\/li>\n<\/ul>\n","protected":false},"excerpt":{"rendered":"<p>Tieni le mani libere e goditi il massimo da ogni avventura con questa leggera e versatile lampada. La lampada a LED Energizer Vision HD+ \u00e8 compatta e consente l&#8217;uso a mani libere, ideale per il bricolage e le attivit\u00e0 che richiedono entrambe le mani. E illuminer\u00e0 la tua strada in ogni tua avventura dopo il tramonto, in campeggio, durante le escursioni o la corsa. Questa torcia frontale a LED da 350 lumen illuminer\u00e0 anche gli spazi pi\u00f9 bui fino a 80 metri in modalit\u00e0 ad alta potenza, offrendoti molta luce l\u00e0 dove pi\u00f9 ti occorre. Evita di passare tra i vari cicli grazie all&#8217;esclusiva funzione Next Push Off e controlla l&#8217;intensit\u00e0 della luce con l&#8217;opzione di commutazione dimmerabile. Applica la modalit\u00e0 di illuminazione perfetta per la tua attivit\u00e0, scegliendo tra rossa, faretto alto, faretto floodlight, faretto basso, floodlight oppure faretto alto con modalit\u00e0 floodlight bassa. Il pratico design e la durevole costruzione resistente all&#8217;acqua di questa lampada frontale Energizer offrono comfort e versatilit\u00e0 ottimali per tutte le tue attivit\u00e0 indoor o outdoor. Capofila nell&#8217;illuminazione portatile da oltre 120 anni, Energizer ha introdotto la prima torcia impermeabile al mondo nel 1970. Energizer semplifica l&#8217;illuminazione.<\/p>\n","protected":false},"featured_media":0,"comment_status":"open","ping_status":"closed","template":"","meta":{"_acf_changed":false},"product_brand":[],"product_cat":[43],"product_tag":[],"class_list":{"0":"post-7506","1":"product","2":"type-product","3":"status-publish","5":"product_cat-hands-free","6":"pa_uses-outdoor","8":"first","9":"instock","10":"shipping-taxable","11":"product-type-simple"},"acf":[],"yoast_head":"<!-- This site is optimized with the Yoast SEO plugin v27.4 - https:\/\/yoast.com\/product\/yoast-seo-wordpress\/ -->\n<title>Energizer VISION HD+ 350 Headlight - Italy<\/title>\n<meta name=\"robots\" content=\"index, follow, max-snippet:-1, max-image-preview:large, max-video-preview:-1\" \/>\n<link rel=\"canonical\" href=\"https:\/\/energizer.com\/eu\/italy\/product\/energizer-vision-hd-350-headlight\/\" \/>\n<meta property=\"og:locale\" content=\"en_US\" \/>\n<meta property=\"og:type\" content=\"article\" \/>\n<meta property=\"og:title\" content=\"Energizer VISION HD+ 350 Headlight - Italy\" \/>\n<meta property=\"og:description\" content=\"Tieni le mani libere e goditi il massimo da ogni avventura con questa leggera e versatile lampada. La lampada a LED Energizer Vision HD+ \u00e8 compatta e consente l&#039;uso a mani libere, ideale per il bricolage e le attivit\u00e0 che richiedono entrambe le mani. E illuminer\u00e0 la tua strada in ogni tua avventura dopo il tramonto, in campeggio, durante le escursioni o la corsa. Questa torcia frontale a LED da 350 lumen illuminer\u00e0 anche gli spazi pi\u00f9 bui fino a 80 metri in modalit\u00e0 ad alta potenza, offrendoti molta luce l\u00e0 dove pi\u00f9 ti occorre. Evita di passare tra i vari cicli grazie all&#039;esclusiva funzione Next Push Off e controlla l&#039;intensit\u00e0 della luce con l&#039;opzione di commutazione dimmerabile. Applica la modalit\u00e0 di illuminazione perfetta per la tua attivit\u00e0, scegliendo tra rossa, faretto alto, faretto floodlight, faretto basso, floodlight oppure faretto alto con modalit\u00e0 floodlight bassa. Il pratico design e la durevole costruzione resistente all&#039;acqua di questa lampada frontale Energizer offrono comfort e versatilit\u00e0 ottimali per tutte le tue attivit\u00e0 indoor o outdoor. Capofila nell&#039;illuminazione portatile da oltre 120 anni, Energizer ha introdotto la prima torcia impermeabile al mondo nel 1970. Energizer semplifica l&#039;illuminazione.\" \/>\n<meta property=\"og:url\" content=\"https:\/\/energizer.com\/eu\/italy\/product\/energizer-vision-hd-350-headlight\/\" \/>\n<meta property=\"og:site_name\" content=\"Italy\" \/>\n<meta property=\"article:modified_time\" content=\"2024-08-24T04:22:57+00:00\" \/>\n<meta name=\"twitter:card\" content=\"summary_large_image\" \/>\n<script type=\"application\/ld+json\" class=\"yoast-schema-graph\">{\"@context\":\"https:\\\/\\\/schema.org\",\"@graph\":[{\"@type\":\"WebPage\",\"@id\":\"https:\\\/\\\/energizer.com\\\/eu\\\/italy\\\/product\\\/energizer-vision-hd-350-headlight\\\/\",\"url\":\"https:\\\/\\\/energizer.com\\\/eu\\\/italy\\\/product\\\/energizer-vision-hd-350-headlight\\\/\",\"name\":\"Energizer VISION HD+ 350 Headlight - Italy\",\"isPartOf\":{\"@id\":\"https:\\\/\\\/energizer.com\\\/eu\\\/italy\\\/#website\"},\"datePublished\":\"2024-06-03T05:38:32+00:00\",\"dateModified\":\"2024-08-24T04:22:57+00:00\",\"breadcrumb\":{\"@id\":\"https:\\\/\\\/energizer.com\\\/eu\\\/italy\\\/product\\\/energizer-vision-hd-350-headlight\\\/#breadcrumb\"},\"inLanguage\":\"en-US\",\"potentialAction\":[{\"@type\":\"ReadAction\",\"target\":[\"https:\\\/\\\/energizer.com\\\/eu\\\/italy\\\/product\\\/energizer-vision-hd-350-headlight\\\/\"]}]},{\"@type\":\"BreadcrumbList\",\"@id\":\"https:\\\/\\\/energizer.com\\\/eu\\\/italy\\\/product\\\/energizer-vision-hd-350-headlight\\\/#breadcrumb\",\"itemListElement\":[{\"@type\":\"ListItem\",\"position\":1,\"name\":\"Home\",\"item\":\"https:\\\/\\\/energizer.com\\\/eu\\\/italy\\\/\"},{\"@type\":\"ListItem\",\"position\":2,\"name\":\"Energizer VISION HD+ 350 Headlight\"}]},{\"@type\":\"WebSite\",\"@id\":\"https:\\\/\\\/energizer.com\\\/eu\\\/italy\\\/#website\",\"url\":\"https:\\\/\\\/energizer.com\\\/eu\\\/italy\\\/\",\"name\":\"Energizer Italy\",\"description\":\"\",\"publisher\":{\"@id\":\"https:\\\/\\\/energizer.com\\\/eu\\\/italy\\\/#organization\"},\"potentialAction\":[{\"@type\":\"SearchAction\",\"target\":{\"@type\":\"EntryPoint\",\"urlTemplate\":\"https:\\\/\\\/energizer.com\\\/eu\\\/italy\\\/?s={search_term_string}\"},\"query-input\":{\"@type\":\"PropertyValueSpecification\",\"valueRequired\":true,\"valueName\":\"search_term_string\"}}],\"inLanguage\":\"en-US\"},{\"@type\":\"Organization\",\"@id\":\"https:\\\/\\\/energizer.com\\\/eu\\\/italy\\\/#organization\",\"name\":\"Energizer Italy\",\"url\":\"https:\\\/\\\/energizer.com\\\/eu\\\/italy\\\/\",\"logo\":{\"@type\":\"ImageObject\",\"inLanguage\":\"en-US\",\"@id\":\"https:\\\/\\\/energizer.com\\\/eu\\\/italy\\\/#\\\/schema\\\/logo\\\/image\\\/\",\"url\":\"https:\\\/\\\/energizer.com\\\/eu\\\/italy\\\/wp-content\\\/uploads\\\/sites\\\/7\\\/2024\\\/04\\\/Energizer_brand.png\",\"contentUrl\":\"https:\\\/\\\/energizer.com\\\/eu\\\/italy\\\/wp-content\\\/uploads\\\/sites\\\/7\\\/2024\\\/04\\\/Energizer_brand.png\",\"width\":267,\"height\":100,\"caption\":\"Energizer Italy\"},\"image\":{\"@id\":\"https:\\\/\\\/energizer.com\\\/eu\\\/italy\\\/#\\\/schema\\\/logo\\\/image\\\/\"}}]}<\/script>\n<!-- \/ Yoast SEO plugin. -->","yoast_head_json":{"title":"Energizer VISION HD+ 350 Headlight - Italy","robots":{"index":"index","follow":"follow","max-snippet":"max-snippet:-1","max-image-preview":"max-image-preview:large","max-video-preview":"max-video-preview:-1"},"canonical":"https:\/\/energizer.com\/eu\/italy\/product\/energizer-vision-hd-350-headlight\/","og_locale":"en_US","og_type":"article","og_title":"Energizer VISION HD+ 350 Headlight - Italy","og_description":"Tieni le mani libere e goditi il massimo da ogni avventura con questa leggera e versatile lampada. La lampada a LED Energizer Vision HD+ \u00e8 compatta e consente l'uso a mani libere, ideale per il bricolage e le attivit\u00e0 che richiedono entrambe le mani. E illuminer\u00e0 la tua strada in ogni tua avventura dopo il tramonto, in campeggio, durante le escursioni o la corsa. Questa torcia frontale a LED da 350 lumen illuminer\u00e0 anche gli spazi pi\u00f9 bui fino a 80 metri in modalit\u00e0 ad alta potenza, offrendoti molta luce l\u00e0 dove pi\u00f9 ti occorre. Evita di passare tra i vari cicli grazie all'esclusiva funzione Next Push Off e controlla l'intensit\u00e0 della luce con l'opzione di commutazione dimmerabile. Applica la modalit\u00e0 di illuminazione perfetta per la tua attivit\u00e0, scegliendo tra rossa, faretto alto, faretto floodlight, faretto basso, floodlight oppure faretto alto con modalit\u00e0 floodlight bassa. Il pratico design e la durevole costruzione resistente all'acqua di questa lampada frontale Energizer offrono comfort e versatilit\u00e0 ottimali per tutte le tue attivit\u00e0 indoor o outdoor. Capofila nell'illuminazione portatile da oltre 120 anni, Energizer ha introdotto la prima torcia impermeabile al mondo nel 1970. Energizer semplifica l'illuminazione.","og_url":"https:\/\/energizer.com\/eu\/italy\/product\/energizer-vision-hd-350-headlight\/","og_site_name":"Italy","article_modified_time":"2024-08-24T04:22:57+00:00","twitter_card":"summary_large_image","schema":{"@context":"https:\/\/schema.org","@graph":[{"@type":"WebPage","@id":"https:\/\/energizer.com\/eu\/italy\/product\/energizer-vision-hd-350-headlight\/","url":"https:\/\/energizer.com\/eu\/italy\/product\/energizer-vision-hd-350-headlight\/","name":"Energizer VISION HD+ 350 Headlight - Italy","isPartOf":{"@id":"https:\/\/energizer.com\/eu\/italy\/#website"},"datePublished":"2024-06-03T05:38:32+00:00","dateModified":"2024-08-24T04:22:57+00:00","breadcrumb":{"@id":"https:\/\/energizer.com\/eu\/italy\/product\/energizer-vision-hd-350-headlight\/#breadcrumb"},"inLanguage":"en-US","potentialAction":[{"@type":"ReadAction","target":["https:\/\/energizer.com\/eu\/italy\/product\/energizer-vision-hd-350-headlight\/"]}]},{"@type":"BreadcrumbList","@id":"https:\/\/energizer.com\/eu\/italy\/product\/energizer-vision-hd-350-headlight\/#breadcrumb","itemListElement":[{"@type":"ListItem","position":1,"name":"Home","item":"https:\/\/energizer.com\/eu\/italy\/"},{"@type":"ListItem","position":2,"name":"Energizer VISION HD+ 350 Headlight"}]},{"@type":"WebSite","@id":"https:\/\/energizer.com\/eu\/italy\/#website","url":"https:\/\/energizer.com\/eu\/italy\/","name":"Energizer Italy","description":"","publisher":{"@id":"https:\/\/energizer.com\/eu\/italy\/#organization"},"potentialAction":[{"@type":"SearchAction","target":{"@type":"EntryPoint","urlTemplate":"https:\/\/energizer.com\/eu\/italy\/?s={search_term_string}"},"query-input":{"@type":"PropertyValueSpecification","valueRequired":true,"valueName":"search_term_string"}}],"inLanguage":"en-US"},{"@type":"Organization","@id":"https:\/\/energizer.com\/eu\/italy\/#organization","name":"Energizer Italy","url":"https:\/\/energizer.com\/eu\/italy\/","logo":{"@type":"ImageObject","inLanguage":"en-US","@id":"https:\/\/energizer.com\/eu\/italy\/#\/schema\/logo\/image\/","url":"https:\/\/energizer.com\/eu\/italy\/wp-content\/uploads\/sites\/7\/2024\/04\/Energizer_brand.png","contentUrl":"https:\/\/energizer.com\/eu\/italy\/wp-content\/uploads\/sites\/7\/2024\/04\/Energizer_brand.png","width":267,"height":100,"caption":"Energizer Italy"},"image":{"@id":"https:\/\/energizer.com\/eu\/italy\/#\/schema\/logo\/image\/"}}]}},"_links":{"self":[{"href":"https:\/\/energizer.com\/eu\/italy\/wp-json\/wp\/v2\/product\/7506","targetHints":{"allow":["GET"]}}],"collection":[{"href":"https:\/\/energizer.com\/eu\/italy\/wp-json\/wp\/v2\/product"}],"about":[{"href":"https:\/\/energizer.com\/eu\/italy\/wp-json\/wp\/v2\/types\/product"}],"replies":[{"embeddable":true,"href":"https:\/\/energizer.com\/eu\/italy\/wp-json\/wp\/v2\/comments?post=7506"}],"version-history":[{"count":3,"href":"https:\/\/energizer.com\/eu\/italy\/wp-json\/wp\/v2\/product\/7506\/revisions"}],"predecessor-version":[{"id":9550,"href":"https:\/\/energizer.com\/eu\/italy\/wp-json\/wp\/v2\/product\/7506\/revisions\/9550"}],"wp:attachment":[{"href":"https:\/\/energizer.com\/eu\/italy\/wp-json\/wp\/v2\/media?parent=7506"}],"wp:term":[{"taxonomy":"product_brand","embeddable":true,"href":"https:\/\/energizer.com\/eu\/italy\/wp-json\/wp\/v2\/product_brand?post=7506"},{"taxonomy":"product_cat","embeddable":true,"href":"https:\/\/energizer.com\/eu\/italy\/wp-json\/wp\/v2\/product_cat?post=7506"},{"taxonomy":"product_tag","embeddable":true,"href":"https:\/\/energizer.com\/eu\/italy\/wp-json\/wp\/v2\/product_tag?post=7506"}],"curies":[{"name":"wp","href":"https:\/\/api.w.org\/{rel}","templated":true}]}}