{"id":7508,"date":"2024-06-03T05:38:32","date_gmt":"2024-06-03T05:38:32","guid":{"rendered":"https:\/\/23b13e8ab3.nxcli.io\/italy\/?post_type=product&#038;p=7508"},"modified":"2024-08-24T04:18:44","modified_gmt":"2024-08-24T04:18:44","slug":"energizer-fusioncompact2in1","status":"publish","type":"product","link":"https:\/\/energizer.com\/eu\/italy\/product\/energizer-fusioncompact2in1\/","title":{"rendered":"Energizer Fusion Compact 2 in 1"},"content":{"rendered":"<ul>\n<li>Due luci in una: torcia e lanterna a doppia funzione funzionano con 2 batterie Energizer MAX AAA (incluse)<\/li>\n<li>Fornisce 60 lumen* di luce LED vibrante che dura 15 ore,** il tutto in una comoda custodia tascabile<\/li>\n<li>La struttura robusta e resistente all&#8217;acqua e uno slot per cordino lo rendono perfetto sia per l&#8217;uso domestico che per quello esterno, dalle interruzioni di corrente alle passeggiate notturne con il cane<\/li>\n<li>Passa facilmente dalla modalit\u00e0 spot a quella ad area con il semplice tocco di un pulsante<\/li>\n<li>Il design sottile e leggero \u00e8 ideale da tenere ovunque ti serva una lanterna di emergenza o una torcia a LED<\/li>\n<\/ul>\n","protected":false},"excerpt":{"rendered":"<p>Perfetta per tasche, borse, console dell&#8217;auto e cartelle da lavoro, la luce Energizer Compact 2 in 1 \u00e8 pronta per l&#8217;uso con 60 lumen* di vibrante luce LED. Passa facilmente dalla modalit\u00e0 spot a quella ad area con il semplice tocco di un pulsante. Con un design sottile e una struttura leggera, questa luce compatta si inserisce e si porta ovunque. I lati piatti ti consentono di appoggiarlo, posizionarlo e lavorare a mani libere. \u00c8 perfetta per trovare i ricordi conservati nel soppalco, controllare sotto il letto per vedere se ci sono mostri o fare il conteggio delle persone durante un&#8217;interruzione di corrente. Con 15 ore di autonomia** e una custodia resistente all&#8217;acqua, \u00e8 altrettanto utile all&#8217;aperto durante i campeggi e le passeggiate con cani a tarda notte, o in situazioni che richiedono luce di emergenza, come i problemi con l&#8217;auto. \u00c8 una mini torcia. \u00c8 una lanterna a LED. \u00c8 la versatile luce Energizer Compact 2 in 1. Include 2 batterie Energizer MAX AAA.<\/p>\n","protected":false},"featured_media":0,"comment_status":"open","ping_status":"closed","template":"","meta":{"_acf_changed":false},"product_brand":[],"product_cat":[97],"product_tag":[],"class_list":{"0":"post-7508","1":"product","2":"type-product","3":"status-publish","5":"product_cat-handheld","6":"pa_uses-outdoor","8":"first","9":"instock","10":"shipping-taxable","11":"product-type-simple"},"acf":[],"yoast_head":"<!-- This site is optimized with the Yoast SEO plugin v27.4 - https:\/\/yoast.com\/product\/yoast-seo-wordpress\/ -->\n<title>Energizer Fusion Compact 2 in 1 - Italy<\/title>\n<meta name=\"robots\" content=\"index, follow, max-snippet:-1, max-image-preview:large, max-video-preview:-1\" \/>\n<link rel=\"canonical\" href=\"https:\/\/energizer.com\/eu\/italy\/product\/energizer-fusioncompact2in1\/\" \/>\n<meta property=\"og:locale\" content=\"en_US\" \/>\n<meta property=\"og:type\" content=\"article\" \/>\n<meta property=\"og:title\" content=\"Energizer Fusion Compact 2 in 1 - Italy\" \/>\n<meta property=\"og:description\" content=\"Perfetta per tasche, borse, console dell&#039;auto e cartelle da lavoro, la luce Energizer Compact 2 in 1 \u00e8 pronta per l&#039;uso con 60 lumen* di vibrante luce LED. Passa facilmente dalla modalit\u00e0 spot a quella ad area con il semplice tocco di un pulsante. Con un design sottile e una struttura leggera, questa luce compatta si inserisce e si porta ovunque. I lati piatti ti consentono di appoggiarlo, posizionarlo e lavorare a mani libere. \u00c8 perfetta per trovare i ricordi conservati nel soppalco, controllare sotto il letto per vedere se ci sono mostri o fare il conteggio delle persone durante un&#039;interruzione di corrente. Con 15 ore di autonomia** e una custodia resistente all&#039;acqua, \u00e8 altrettanto utile all&#039;aperto durante i campeggi e le passeggiate con cani a tarda notte, o in situazioni che richiedono luce di emergenza, come i problemi con l&#039;auto. \u00c8 una mini torcia. \u00c8 una lanterna a LED. \u00c8 la versatile luce Energizer Compact 2 in 1. Include 2 batterie Energizer MAX AAA.\" \/>\n<meta property=\"og:url\" content=\"https:\/\/energizer.com\/eu\/italy\/product\/energizer-fusioncompact2in1\/\" \/>\n<meta property=\"og:site_name\" content=\"Italy\" \/>\n<meta property=\"article:modified_time\" content=\"2024-08-24T04:18:44+00:00\" \/>\n<meta name=\"twitter:card\" content=\"summary_large_image\" \/>\n<script type=\"application\/ld+json\" class=\"yoast-schema-graph\">{\"@context\":\"https:\\\/\\\/schema.org\",\"@graph\":[{\"@type\":\"WebPage\",\"@id\":\"https:\\\/\\\/energizer.com\\\/eu\\\/italy\\\/product\\\/energizer-fusioncompact2in1\\\/\",\"url\":\"https:\\\/\\\/energizer.com\\\/eu\\\/italy\\\/product\\\/energizer-fusioncompact2in1\\\/\",\"name\":\"Energizer Fusion Compact 2 in 1 - Italy\",\"isPartOf\":{\"@id\":\"https:\\\/\\\/energizer.com\\\/eu\\\/italy\\\/#website\"},\"datePublished\":\"2024-06-03T05:38:32+00:00\",\"dateModified\":\"2024-08-24T04:18:44+00:00\",\"breadcrumb\":{\"@id\":\"https:\\\/\\\/energizer.com\\\/eu\\\/italy\\\/product\\\/energizer-fusioncompact2in1\\\/#breadcrumb\"},\"inLanguage\":\"en-US\",\"potentialAction\":[{\"@type\":\"ReadAction\",\"target\":[\"https:\\\/\\\/energizer.com\\\/eu\\\/italy\\\/product\\\/energizer-fusioncompact2in1\\\/\"]}]},{\"@type\":\"BreadcrumbList\",\"@id\":\"https:\\\/\\\/energizer.com\\\/eu\\\/italy\\\/product\\\/energizer-fusioncompact2in1\\\/#breadcrumb\",\"itemListElement\":[{\"@type\":\"ListItem\",\"position\":1,\"name\":\"Home\",\"item\":\"https:\\\/\\\/energizer.com\\\/eu\\\/italy\\\/\"},{\"@type\":\"ListItem\",\"position\":2,\"name\":\"Energizer Fusion Compact 2 in 1\"}]},{\"@type\":\"WebSite\",\"@id\":\"https:\\\/\\\/energizer.com\\\/eu\\\/italy\\\/#website\",\"url\":\"https:\\\/\\\/energizer.com\\\/eu\\\/italy\\\/\",\"name\":\"Energizer Italy\",\"description\":\"\",\"publisher\":{\"@id\":\"https:\\\/\\\/energizer.com\\\/eu\\\/italy\\\/#organization\"},\"potentialAction\":[{\"@type\":\"SearchAction\",\"target\":{\"@type\":\"EntryPoint\",\"urlTemplate\":\"https:\\\/\\\/energizer.com\\\/eu\\\/italy\\\/?s={search_term_string}\"},\"query-input\":{\"@type\":\"PropertyValueSpecification\",\"valueRequired\":true,\"valueName\":\"search_term_string\"}}],\"inLanguage\":\"en-US\"},{\"@type\":\"Organization\",\"@id\":\"https:\\\/\\\/energizer.com\\\/eu\\\/italy\\\/#organization\",\"name\":\"Energizer Italy\",\"url\":\"https:\\\/\\\/energizer.com\\\/eu\\\/italy\\\/\",\"logo\":{\"@type\":\"ImageObject\",\"inLanguage\":\"en-US\",\"@id\":\"https:\\\/\\\/energizer.com\\\/eu\\\/italy\\\/#\\\/schema\\\/logo\\\/image\\\/\",\"url\":\"https:\\\/\\\/energizer.com\\\/eu\\\/italy\\\/wp-content\\\/uploads\\\/sites\\\/7\\\/2024\\\/04\\\/Energizer_brand.png\",\"contentUrl\":\"https:\\\/\\\/energizer.com\\\/eu\\\/italy\\\/wp-content\\\/uploads\\\/sites\\\/7\\\/2024\\\/04\\\/Energizer_brand.png\",\"width\":267,\"height\":100,\"caption\":\"Energizer Italy\"},\"image\":{\"@id\":\"https:\\\/\\\/energizer.com\\\/eu\\\/italy\\\/#\\\/schema\\\/logo\\\/image\\\/\"}}]}<\/script>\n<!-- \/ Yoast SEO plugin. -->","yoast_head_json":{"title":"Energizer Fusion Compact 2 in 1 - Italy","robots":{"index":"index","follow":"follow","max-snippet":"max-snippet:-1","max-image-preview":"max-image-preview:large","max-video-preview":"max-video-preview:-1"},"canonical":"https:\/\/energizer.com\/eu\/italy\/product\/energizer-fusioncompact2in1\/","og_locale":"en_US","og_type":"article","og_title":"Energizer Fusion Compact 2 in 1 - Italy","og_description":"Perfetta per tasche, borse, console dell'auto e cartelle da lavoro, la luce Energizer Compact 2 in 1 \u00e8 pronta per l'uso con 60 lumen* di vibrante luce LED. Passa facilmente dalla modalit\u00e0 spot a quella ad area con il semplice tocco di un pulsante. Con un design sottile e una struttura leggera, questa luce compatta si inserisce e si porta ovunque. I lati piatti ti consentono di appoggiarlo, posizionarlo e lavorare a mani libere. \u00c8 perfetta per trovare i ricordi conservati nel soppalco, controllare sotto il letto per vedere se ci sono mostri o fare il conteggio delle persone durante un'interruzione di corrente. Con 15 ore di autonomia** e una custodia resistente all'acqua, \u00e8 altrettanto utile all'aperto durante i campeggi e le passeggiate con cani a tarda notte, o in situazioni che richiedono luce di emergenza, come i problemi con l'auto. \u00c8 una mini torcia. \u00c8 una lanterna a LED. \u00c8 la versatile luce Energizer Compact 2 in 1. Include 2 batterie Energizer MAX AAA.","og_url":"https:\/\/energizer.com\/eu\/italy\/product\/energizer-fusioncompact2in1\/","og_site_name":"Italy","article_modified_time":"2024-08-24T04:18:44+00:00","twitter_card":"summary_large_image","schema":{"@context":"https:\/\/schema.org","@graph":[{"@type":"WebPage","@id":"https:\/\/energizer.com\/eu\/italy\/product\/energizer-fusioncompact2in1\/","url":"https:\/\/energizer.com\/eu\/italy\/product\/energizer-fusioncompact2in1\/","name":"Energizer Fusion Compact 2 in 1 - Italy","isPartOf":{"@id":"https:\/\/energizer.com\/eu\/italy\/#website"},"datePublished":"2024-06-03T05:38:32+00:00","dateModified":"2024-08-24T04:18:44+00:00","breadcrumb":{"@id":"https:\/\/energizer.com\/eu\/italy\/product\/energizer-fusioncompact2in1\/#breadcrumb"},"inLanguage":"en-US","potentialAction":[{"@type":"ReadAction","target":["https:\/\/energizer.com\/eu\/italy\/product\/energizer-fusioncompact2in1\/"]}]},{"@type":"BreadcrumbList","@id":"https:\/\/energizer.com\/eu\/italy\/product\/energizer-fusioncompact2in1\/#breadcrumb","itemListElement":[{"@type":"ListItem","position":1,"name":"Home","item":"https:\/\/energizer.com\/eu\/italy\/"},{"@type":"ListItem","position":2,"name":"Energizer Fusion Compact 2 in 1"}]},{"@type":"WebSite","@id":"https:\/\/energizer.com\/eu\/italy\/#website","url":"https:\/\/energizer.com\/eu\/italy\/","name":"Energizer Italy","description":"","publisher":{"@id":"https:\/\/energizer.com\/eu\/italy\/#organization"},"potentialAction":[{"@type":"SearchAction","target":{"@type":"EntryPoint","urlTemplate":"https:\/\/energizer.com\/eu\/italy\/?s={search_term_string}"},"query-input":{"@type":"PropertyValueSpecification","valueRequired":true,"valueName":"search_term_string"}}],"inLanguage":"en-US"},{"@type":"Organization","@id":"https:\/\/energizer.com\/eu\/italy\/#organization","name":"Energizer Italy","url":"https:\/\/energizer.com\/eu\/italy\/","logo":{"@type":"ImageObject","inLanguage":"en-US","@id":"https:\/\/energizer.com\/eu\/italy\/#\/schema\/logo\/image\/","url":"https:\/\/energizer.com\/eu\/italy\/wp-content\/uploads\/sites\/7\/2024\/04\/Energizer_brand.png","contentUrl":"https:\/\/energizer.com\/eu\/italy\/wp-content\/uploads\/sites\/7\/2024\/04\/Energizer_brand.png","width":267,"height":100,"caption":"Energizer Italy"},"image":{"@id":"https:\/\/energizer.com\/eu\/italy\/#\/schema\/logo\/image\/"}}]}},"_links":{"self":[{"href":"https:\/\/energizer.com\/eu\/italy\/wp-json\/wp\/v2\/product\/7508","targetHints":{"allow":["GET"]}}],"collection":[{"href":"https:\/\/energizer.com\/eu\/italy\/wp-json\/wp\/v2\/product"}],"about":[{"href":"https:\/\/energizer.com\/eu\/italy\/wp-json\/wp\/v2\/types\/product"}],"replies":[{"embeddable":true,"href":"https:\/\/energizer.com\/eu\/italy\/wp-json\/wp\/v2\/comments?post=7508"}],"version-history":[{"count":3,"href":"https:\/\/energizer.com\/eu\/italy\/wp-json\/wp\/v2\/product\/7508\/revisions"}],"predecessor-version":[{"id":9552,"href":"https:\/\/energizer.com\/eu\/italy\/wp-json\/wp\/v2\/product\/7508\/revisions\/9552"}],"wp:attachment":[{"href":"https:\/\/energizer.com\/eu\/italy\/wp-json\/wp\/v2\/media?parent=7508"}],"wp:term":[{"taxonomy":"product_brand","embeddable":true,"href":"https:\/\/energizer.com\/eu\/italy\/wp-json\/wp\/v2\/product_brand?post=7508"},{"taxonomy":"product_cat","embeddable":true,"href":"https:\/\/energizer.com\/eu\/italy\/wp-json\/wp\/v2\/product_cat?post=7508"},{"taxonomy":"product_tag","embeddable":true,"href":"https:\/\/energizer.com\/eu\/italy\/wp-json\/wp\/v2\/product_tag?post=7508"}],"curies":[{"name":"wp","href":"https:\/\/api.w.org\/{rel}","templated":true}]}}