{"id":7511,"date":"2024-06-03T05:38:32","date_gmt":"2024-06-03T05:38:32","guid":{"rendered":"https:\/\/23b13e8ab3.nxcli.io\/italy\/?post_type=product&#038;p=7511"},"modified":"2024-08-24T04:23:00","modified_gmt":"2024-08-24T04:23:00","slug":"energizer-vision-450-ultra-headlight","status":"publish","type":"product","link":"https:\/\/energizer.com\/eu\/italy\/product\/energizer-vision-450-ultra-headlight\/","title":{"rendered":"Energizer VISION 450 ULTRA Headlight"},"content":{"rendered":"<ul>\n<li>Lampada frontale LED Energizer Vision Ultra HD con tecnologia LED e 3 batterie Energizer MAX AAA incluse<\/li>\n<li>Tecnologia a LED: Questa potente torcia frontale da 450 lumen ha una portata di 85 metri in modalit\u00e0 alta \u2015 15 volte pi\u00f9 luminosa della tecnologia LED standard<\/li>\n<li>Modalit\u00e0 luce rossa notturna: La luce rossa migliora la tua visione notturna per attivit\u00e0 come il campeggio, le passeggiate con i cani e le escursioni notturne<\/li>\n<li>Costruzione durevole Ideale per un uso di lunga durata, questa torcia frontale Energizer resiste al test di caduta da 1 metro, con lente infrangibile e corpo resistente all&#8217;acqua<\/li>\n<li>Illuminazione versatile a mani libere: Questa torcia compatta e facile da usare a mani libere ti copre in caso di interruzioni di corrente, fai da te e altro ancora<\/li>\n<li>Pratico design: Dirigi la luce dove serve utilizzando questa lampada frontale leggera, che offre una vestibilit\u00e0 salda con archetto regolabile e testa girevole<\/li>\n<li>Tecnologia Smart Dimming: Regola l&#8217;intensit\u00e0 dal 10% al 100% in tutte le modalit\u00e0, incluse alta, spot e ampia<\/li>\n<\/ul>\n","protected":false},"excerpt":{"rendered":"<p>Tieni le mani libere e goditi il massimo da ogni avventura con questa leggera e versatile torcia da testa. La lampada frontale a LED Energizer Vision Ultra HD offre un&#8217;illuminazione compatta e a mani libere, ideale per il bricolage e le attivit\u00e0 che richiedono due mani. Illuminer\u00e0 il tuo cammino in qualsiasi avventura dopo il tramonto, in campeggio, durante le escursioni o la corsa. Questa torcia frontale a LED da 450 lumen illuminer\u00e0 anche gli spazi pi\u00f9 bui fino a 85 metri in modalit\u00e0 ad alta potenza, consentendoti di regolare l&#8217;intensit\u00e0 dal 100% al 10% grazie alla tecnologia Smart Dimming. Applica la modalit\u00e0 di illuminazione perfetta per la tua attivit\u00e0, scegliendo tra 7 diverse modalit\u00e0 (incluse 2 modalit\u00e0 di visione notturna a LED): alta, bassa, ampia, ampia bassa (soffusa), rossa, rossa lampeggiante e verde. Usa la modalit\u00e0 di visione notturna rossa per vedere meglio al buio e controllare facilmente se \u00e8 necessario ricaricarla grazie all&#8217;indicatore rosso di pila scarica. Puoi persino ridurre al minimo l&#8217;abbagliamento delle persone vicine aumentando lentamente l&#8217;intensit\u00e0 della luce con la funzione VisionGuard. Il pratico design e la durevole costruzione della lampada frontale a LED Energizer Vision Ultra HD offrono comfort e versatilit\u00e0 ottimali. La fascia regolabile, la testina orientabile e la lente infrangibile la rendono una comoda opzione per qualsiasi avventura indoor o outdoor. Capofila nell&#8217;illuminazione portatile da oltre 120 anni, Energizer ha introdotto la prima torcia impermeabile al mondo nel 1970. Energizer semplifica l&#8217;illuminazione.<\/p>\n","protected":false},"featured_media":0,"comment_status":"open","ping_status":"closed","template":"","meta":{"_acf_changed":false},"product_brand":[],"product_cat":[43],"product_tag":[],"class_list":{"0":"post-7511","1":"product","2":"type-product","3":"status-publish","5":"product_cat-hands-free","6":"pa_uses-outdoor","8":"first","9":"instock","10":"shipping-taxable","11":"product-type-simple"},"acf":[],"yoast_head":"<!-- This site is optimized with the Yoast SEO plugin v27.4 - https:\/\/yoast.com\/product\/yoast-seo-wordpress\/ -->\n<title>Energizer VISION 450 ULTRA Headlight - Italy<\/title>\n<meta name=\"robots\" content=\"index, follow, max-snippet:-1, max-image-preview:large, max-video-preview:-1\" \/>\n<link rel=\"canonical\" href=\"https:\/\/energizer.com\/eu\/italy\/product\/energizer-vision-450-ultra-headlight\/\" \/>\n<meta property=\"og:locale\" content=\"en_US\" \/>\n<meta property=\"og:type\" content=\"article\" \/>\n<meta property=\"og:title\" content=\"Energizer VISION 450 ULTRA Headlight - Italy\" \/>\n<meta property=\"og:description\" content=\"Tieni le mani libere e goditi il massimo da ogni avventura con questa leggera e versatile torcia da testa. La lampada frontale a LED Energizer Vision Ultra HD offre un&#039;illuminazione compatta e a mani libere, ideale per il bricolage e le attivit\u00e0 che richiedono due mani. Illuminer\u00e0 il tuo cammino in qualsiasi avventura dopo il tramonto, in campeggio, durante le escursioni o la corsa. Questa torcia frontale a LED da 450 lumen illuminer\u00e0 anche gli spazi pi\u00f9 bui fino a 85 metri in modalit\u00e0 ad alta potenza, consentendoti di regolare l&#039;intensit\u00e0 dal 100% al 10% grazie alla tecnologia Smart Dimming. Applica la modalit\u00e0 di illuminazione perfetta per la tua attivit\u00e0, scegliendo tra 7 diverse modalit\u00e0 (incluse 2 modalit\u00e0 di visione notturna a LED): alta, bassa, ampia, ampia bassa (soffusa), rossa, rossa lampeggiante e verde. Usa la modalit\u00e0 di visione notturna rossa per vedere meglio al buio e controllare facilmente se \u00e8 necessario ricaricarla grazie all&#039;indicatore rosso di pila scarica. Puoi persino ridurre al minimo l&#039;abbagliamento delle persone vicine aumentando lentamente l&#039;intensit\u00e0 della luce con la funzione VisionGuard. Il pratico design e la durevole costruzione della lampada frontale a LED Energizer Vision Ultra HD offrono comfort e versatilit\u00e0 ottimali. La fascia regolabile, la testina orientabile e la lente infrangibile la rendono una comoda opzione per qualsiasi avventura indoor o outdoor. Capofila nell&#039;illuminazione portatile da oltre 120 anni, Energizer ha introdotto la prima torcia impermeabile al mondo nel 1970. Energizer semplifica l&#039;illuminazione.\" \/>\n<meta property=\"og:url\" content=\"https:\/\/energizer.com\/eu\/italy\/product\/energizer-vision-450-ultra-headlight\/\" \/>\n<meta property=\"og:site_name\" content=\"Italy\" \/>\n<meta property=\"article:modified_time\" content=\"2024-08-24T04:23:00+00:00\" \/>\n<meta name=\"twitter:card\" content=\"summary_large_image\" \/>\n<script type=\"application\/ld+json\" class=\"yoast-schema-graph\">{\"@context\":\"https:\\\/\\\/schema.org\",\"@graph\":[{\"@type\":\"WebPage\",\"@id\":\"https:\\\/\\\/energizer.com\\\/eu\\\/italy\\\/product\\\/energizer-vision-450-ultra-headlight\\\/\",\"url\":\"https:\\\/\\\/energizer.com\\\/eu\\\/italy\\\/product\\\/energizer-vision-450-ultra-headlight\\\/\",\"name\":\"Energizer VISION 450 ULTRA Headlight - Italy\",\"isPartOf\":{\"@id\":\"https:\\\/\\\/energizer.com\\\/eu\\\/italy\\\/#website\"},\"datePublished\":\"2024-06-03T05:38:32+00:00\",\"dateModified\":\"2024-08-24T04:23:00+00:00\",\"breadcrumb\":{\"@id\":\"https:\\\/\\\/energizer.com\\\/eu\\\/italy\\\/product\\\/energizer-vision-450-ultra-headlight\\\/#breadcrumb\"},\"inLanguage\":\"en-US\",\"potentialAction\":[{\"@type\":\"ReadAction\",\"target\":[\"https:\\\/\\\/energizer.com\\\/eu\\\/italy\\\/product\\\/energizer-vision-450-ultra-headlight\\\/\"]}]},{\"@type\":\"BreadcrumbList\",\"@id\":\"https:\\\/\\\/energizer.com\\\/eu\\\/italy\\\/product\\\/energizer-vision-450-ultra-headlight\\\/#breadcrumb\",\"itemListElement\":[{\"@type\":\"ListItem\",\"position\":1,\"name\":\"Home\",\"item\":\"https:\\\/\\\/energizer.com\\\/eu\\\/italy\\\/\"},{\"@type\":\"ListItem\",\"position\":2,\"name\":\"Energizer VISION 450 ULTRA Headlight\"}]},{\"@type\":\"WebSite\",\"@id\":\"https:\\\/\\\/energizer.com\\\/eu\\\/italy\\\/#website\",\"url\":\"https:\\\/\\\/energizer.com\\\/eu\\\/italy\\\/\",\"name\":\"Energizer Italy\",\"description\":\"\",\"publisher\":{\"@id\":\"https:\\\/\\\/energizer.com\\\/eu\\\/italy\\\/#organization\"},\"potentialAction\":[{\"@type\":\"SearchAction\",\"target\":{\"@type\":\"EntryPoint\",\"urlTemplate\":\"https:\\\/\\\/energizer.com\\\/eu\\\/italy\\\/?s={search_term_string}\"},\"query-input\":{\"@type\":\"PropertyValueSpecification\",\"valueRequired\":true,\"valueName\":\"search_term_string\"}}],\"inLanguage\":\"en-US\"},{\"@type\":\"Organization\",\"@id\":\"https:\\\/\\\/energizer.com\\\/eu\\\/italy\\\/#organization\",\"name\":\"Energizer Italy\",\"url\":\"https:\\\/\\\/energizer.com\\\/eu\\\/italy\\\/\",\"logo\":{\"@type\":\"ImageObject\",\"inLanguage\":\"en-US\",\"@id\":\"https:\\\/\\\/energizer.com\\\/eu\\\/italy\\\/#\\\/schema\\\/logo\\\/image\\\/\",\"url\":\"https:\\\/\\\/energizer.com\\\/eu\\\/italy\\\/wp-content\\\/uploads\\\/sites\\\/7\\\/2024\\\/04\\\/Energizer_brand.png\",\"contentUrl\":\"https:\\\/\\\/energizer.com\\\/eu\\\/italy\\\/wp-content\\\/uploads\\\/sites\\\/7\\\/2024\\\/04\\\/Energizer_brand.png\",\"width\":267,\"height\":100,\"caption\":\"Energizer Italy\"},\"image\":{\"@id\":\"https:\\\/\\\/energizer.com\\\/eu\\\/italy\\\/#\\\/schema\\\/logo\\\/image\\\/\"}}]}<\/script>\n<!-- \/ Yoast SEO plugin. -->","yoast_head_json":{"title":"Energizer VISION 450 ULTRA Headlight - Italy","robots":{"index":"index","follow":"follow","max-snippet":"max-snippet:-1","max-image-preview":"max-image-preview:large","max-video-preview":"max-video-preview:-1"},"canonical":"https:\/\/energizer.com\/eu\/italy\/product\/energizer-vision-450-ultra-headlight\/","og_locale":"en_US","og_type":"article","og_title":"Energizer VISION 450 ULTRA Headlight - Italy","og_description":"Tieni le mani libere e goditi il massimo da ogni avventura con questa leggera e versatile torcia da testa. La lampada frontale a LED Energizer Vision Ultra HD offre un'illuminazione compatta e a mani libere, ideale per il bricolage e le attivit\u00e0 che richiedono due mani. Illuminer\u00e0 il tuo cammino in qualsiasi avventura dopo il tramonto, in campeggio, durante le escursioni o la corsa. Questa torcia frontale a LED da 450 lumen illuminer\u00e0 anche gli spazi pi\u00f9 bui fino a 85 metri in modalit\u00e0 ad alta potenza, consentendoti di regolare l'intensit\u00e0 dal 100% al 10% grazie alla tecnologia Smart Dimming. Applica la modalit\u00e0 di illuminazione perfetta per la tua attivit\u00e0, scegliendo tra 7 diverse modalit\u00e0 (incluse 2 modalit\u00e0 di visione notturna a LED): alta, bassa, ampia, ampia bassa (soffusa), rossa, rossa lampeggiante e verde. Usa la modalit\u00e0 di visione notturna rossa per vedere meglio al buio e controllare facilmente se \u00e8 necessario ricaricarla grazie all'indicatore rosso di pila scarica. Puoi persino ridurre al minimo l'abbagliamento delle persone vicine aumentando lentamente l'intensit\u00e0 della luce con la funzione VisionGuard. Il pratico design e la durevole costruzione della lampada frontale a LED Energizer Vision Ultra HD offrono comfort e versatilit\u00e0 ottimali. La fascia regolabile, la testina orientabile e la lente infrangibile la rendono una comoda opzione per qualsiasi avventura indoor o outdoor. Capofila nell'illuminazione portatile da oltre 120 anni, Energizer ha introdotto la prima torcia impermeabile al mondo nel 1970. Energizer semplifica l'illuminazione.","og_url":"https:\/\/energizer.com\/eu\/italy\/product\/energizer-vision-450-ultra-headlight\/","og_site_name":"Italy","article_modified_time":"2024-08-24T04:23:00+00:00","twitter_card":"summary_large_image","schema":{"@context":"https:\/\/schema.org","@graph":[{"@type":"WebPage","@id":"https:\/\/energizer.com\/eu\/italy\/product\/energizer-vision-450-ultra-headlight\/","url":"https:\/\/energizer.com\/eu\/italy\/product\/energizer-vision-450-ultra-headlight\/","name":"Energizer VISION 450 ULTRA Headlight - Italy","isPartOf":{"@id":"https:\/\/energizer.com\/eu\/italy\/#website"},"datePublished":"2024-06-03T05:38:32+00:00","dateModified":"2024-08-24T04:23:00+00:00","breadcrumb":{"@id":"https:\/\/energizer.com\/eu\/italy\/product\/energizer-vision-450-ultra-headlight\/#breadcrumb"},"inLanguage":"en-US","potentialAction":[{"@type":"ReadAction","target":["https:\/\/energizer.com\/eu\/italy\/product\/energizer-vision-450-ultra-headlight\/"]}]},{"@type":"BreadcrumbList","@id":"https:\/\/energizer.com\/eu\/italy\/product\/energizer-vision-450-ultra-headlight\/#breadcrumb","itemListElement":[{"@type":"ListItem","position":1,"name":"Home","item":"https:\/\/energizer.com\/eu\/italy\/"},{"@type":"ListItem","position":2,"name":"Energizer VISION 450 ULTRA Headlight"}]},{"@type":"WebSite","@id":"https:\/\/energizer.com\/eu\/italy\/#website","url":"https:\/\/energizer.com\/eu\/italy\/","name":"Energizer Italy","description":"","publisher":{"@id":"https:\/\/energizer.com\/eu\/italy\/#organization"},"potentialAction":[{"@type":"SearchAction","target":{"@type":"EntryPoint","urlTemplate":"https:\/\/energizer.com\/eu\/italy\/?s={search_term_string}"},"query-input":{"@type":"PropertyValueSpecification","valueRequired":true,"valueName":"search_term_string"}}],"inLanguage":"en-US"},{"@type":"Organization","@id":"https:\/\/energizer.com\/eu\/italy\/#organization","name":"Energizer Italy","url":"https:\/\/energizer.com\/eu\/italy\/","logo":{"@type":"ImageObject","inLanguage":"en-US","@id":"https:\/\/energizer.com\/eu\/italy\/#\/schema\/logo\/image\/","url":"https:\/\/energizer.com\/eu\/italy\/wp-content\/uploads\/sites\/7\/2024\/04\/Energizer_brand.png","contentUrl":"https:\/\/energizer.com\/eu\/italy\/wp-content\/uploads\/sites\/7\/2024\/04\/Energizer_brand.png","width":267,"height":100,"caption":"Energizer Italy"},"image":{"@id":"https:\/\/energizer.com\/eu\/italy\/#\/schema\/logo\/image\/"}}]}},"_links":{"self":[{"href":"https:\/\/energizer.com\/eu\/italy\/wp-json\/wp\/v2\/product\/7511","targetHints":{"allow":["GET"]}}],"collection":[{"href":"https:\/\/energizer.com\/eu\/italy\/wp-json\/wp\/v2\/product"}],"about":[{"href":"https:\/\/energizer.com\/eu\/italy\/wp-json\/wp\/v2\/types\/product"}],"replies":[{"embeddable":true,"href":"https:\/\/energizer.com\/eu\/italy\/wp-json\/wp\/v2\/comments?post=7511"}],"version-history":[{"count":3,"href":"https:\/\/energizer.com\/eu\/italy\/wp-json\/wp\/v2\/product\/7511\/revisions"}],"predecessor-version":[{"id":9555,"href":"https:\/\/energizer.com\/eu\/italy\/wp-json\/wp\/v2\/product\/7511\/revisions\/9555"}],"wp:attachment":[{"href":"https:\/\/energizer.com\/eu\/italy\/wp-json\/wp\/v2\/media?parent=7511"}],"wp:term":[{"taxonomy":"product_brand","embeddable":true,"href":"https:\/\/energizer.com\/eu\/italy\/wp-json\/wp\/v2\/product_brand?post=7511"},{"taxonomy":"product_cat","embeddable":true,"href":"https:\/\/energizer.com\/eu\/italy\/wp-json\/wp\/v2\/product_cat?post=7511"},{"taxonomy":"product_tag","embeddable":true,"href":"https:\/\/energizer.com\/eu\/italy\/wp-json\/wp\/v2\/product_tag?post=7511"}],"curies":[{"name":"wp","href":"https:\/\/api.w.org\/{rel}","templated":true}]}}