{"id":7513,"date":"2024-06-03T05:38:32","date_gmt":"2024-06-03T05:38:32","guid":{"rendered":"https:\/\/23b13e8ab3.nxcli.io\/italy\/?post_type=product&#038;p=7513"},"modified":"2024-08-24T04:19:32","modified_gmt":"2024-08-24T04:19:32","slug":"energizer-rechargeable-torch","status":"publish","type":"product","link":"https:\/\/energizer.com\/eu\/italy\/product\/energizer-rechargeable-torch\/","title":{"rendered":"Energizer Rechargeable Torch 1200"},"content":{"rendered":"<ul>\n<li>Torcia ricaricabile in metallo Energizer Vision HD con messa a fuoco digitale e cavo di ricarica USB bidirezionale<\/li>\n<li>Torcia super brillante: Questa torcia LED ricaricabile da 1200 lumen offre luminosit\u00e0 eccezionale e prestazioni elevate, consentendoti di vedere fino a 200 metri<\/li>\n<li>Digital focus: Controllo del raggio eccellente, facilmente utilizzabile con una sola mano<\/li>\n<li>Potenza ricaricabile: Questa torcia in metallo \u00e8 dotata di porte di ingresso e uscita USB, quindi puoi usarla per caricare altri dispositivi, oltre alla torcia stessa<\/li>\n<li>Struttura durevole: Il robusto corpo in alluminio aeronautico e la struttura IPX4 garantiscono protezione da danni e schizzi<\/li>\n<li>Ore di autonomia: La torcia ad alta potenza pu\u00f2 illuminare fino a 8 ore in modalit\u00e0 bassa<\/li>\n<li>Affidabile tecnologia MAX-VIZ: La potente tecnologia di Energizer replica la luce del giorno per una visione ad alta definizione su cui puoi contare<\/li>\n<\/ul>\n","protected":false},"excerpt":{"rendered":"<p>Illumina l&#8217;ambiente circostante senza sforzo con questa torcia super brillante e ad alte prestazioni. La torcia ricaricabile Energizer Vision HD in metallo offre eccezionale luminosit\u00e0 per le tue avventure o per le emergenze domestiche. Ideale per il campeggio, il bricolage o per le interruzioni di corrente, la torcia Energizer \u00e8 sempre a portata di mano per aiutarti a trovare la tua strada nel buio. Questa torcia a LED ricaricabile da 1200 lumen illuminer\u00e0 gli spazi pi\u00f9 bui fino a 200 metri in modalit\u00e0 ad alta potenza. E la funzione digital focus offre un eccellente controllo del raggio con una sola mano, passando senza intoppi da brillantezza a un&#8217;ampia area di messa a fuoco.<\/p>\n","protected":false},"featured_media":0,"comment_status":"open","ping_status":"closed","template":"","meta":{"_acf_changed":false},"product_brand":[],"product_cat":[97],"product_tag":[],"class_list":{"0":"post-7513","1":"product","2":"type-product","3":"status-publish","5":"product_cat-handheld","6":"pa_uses-outdoor","8":"first","9":"instock","10":"shipping-taxable","11":"product-type-simple"},"acf":[],"yoast_head":"<!-- This site is optimized with the Yoast SEO plugin v27.4 - https:\/\/yoast.com\/product\/yoast-seo-wordpress\/ -->\n<title>Energizer Rechargeable Torch 1200 - Italy<\/title>\n<meta name=\"robots\" content=\"index, follow, max-snippet:-1, max-image-preview:large, max-video-preview:-1\" \/>\n<link rel=\"canonical\" href=\"https:\/\/energizer.com\/eu\/italy\/product\/energizer-rechargeable-torch\/\" \/>\n<meta property=\"og:locale\" content=\"en_US\" \/>\n<meta property=\"og:type\" content=\"article\" \/>\n<meta property=\"og:title\" content=\"Energizer Rechargeable Torch 1200 - Italy\" \/>\n<meta property=\"og:description\" content=\"Illumina l&#039;ambiente circostante senza sforzo con questa torcia super brillante e ad alte prestazioni. La torcia ricaricabile Energizer Vision HD in metallo offre eccezionale luminosit\u00e0 per le tue avventure o per le emergenze domestiche. Ideale per il campeggio, il bricolage o per le interruzioni di corrente, la torcia Energizer \u00e8 sempre a portata di mano per aiutarti a trovare la tua strada nel buio. Questa torcia a LED ricaricabile da 1200 lumen illuminer\u00e0 gli spazi pi\u00f9 bui fino a 200 metri in modalit\u00e0 ad alta potenza. E la funzione digital focus offre un eccellente controllo del raggio con una sola mano, passando senza intoppi da brillantezza a un&#039;ampia area di messa a fuoco.\" \/>\n<meta property=\"og:url\" content=\"https:\/\/energizer.com\/eu\/italy\/product\/energizer-rechargeable-torch\/\" \/>\n<meta property=\"og:site_name\" content=\"Italy\" \/>\n<meta property=\"article:modified_time\" content=\"2024-08-24T04:19:32+00:00\" \/>\n<meta name=\"twitter:card\" content=\"summary_large_image\" \/>\n<script type=\"application\/ld+json\" class=\"yoast-schema-graph\">{\"@context\":\"https:\\\/\\\/schema.org\",\"@graph\":[{\"@type\":\"WebPage\",\"@id\":\"https:\\\/\\\/energizer.com\\\/eu\\\/italy\\\/product\\\/energizer-rechargeable-torch\\\/\",\"url\":\"https:\\\/\\\/energizer.com\\\/eu\\\/italy\\\/product\\\/energizer-rechargeable-torch\\\/\",\"name\":\"Energizer Rechargeable Torch 1200 - Italy\",\"isPartOf\":{\"@id\":\"https:\\\/\\\/energizer.com\\\/eu\\\/italy\\\/#website\"},\"datePublished\":\"2024-06-03T05:38:32+00:00\",\"dateModified\":\"2024-08-24T04:19:32+00:00\",\"breadcrumb\":{\"@id\":\"https:\\\/\\\/energizer.com\\\/eu\\\/italy\\\/product\\\/energizer-rechargeable-torch\\\/#breadcrumb\"},\"inLanguage\":\"en-US\",\"potentialAction\":[{\"@type\":\"ReadAction\",\"target\":[\"https:\\\/\\\/energizer.com\\\/eu\\\/italy\\\/product\\\/energizer-rechargeable-torch\\\/\"]}]},{\"@type\":\"BreadcrumbList\",\"@id\":\"https:\\\/\\\/energizer.com\\\/eu\\\/italy\\\/product\\\/energizer-rechargeable-torch\\\/#breadcrumb\",\"itemListElement\":[{\"@type\":\"ListItem\",\"position\":1,\"name\":\"Home\",\"item\":\"https:\\\/\\\/energizer.com\\\/eu\\\/italy\\\/\"},{\"@type\":\"ListItem\",\"position\":2,\"name\":\"Energizer Rechargeable Torch 1200\"}]},{\"@type\":\"WebSite\",\"@id\":\"https:\\\/\\\/energizer.com\\\/eu\\\/italy\\\/#website\",\"url\":\"https:\\\/\\\/energizer.com\\\/eu\\\/italy\\\/\",\"name\":\"Energizer Italy\",\"description\":\"\",\"publisher\":{\"@id\":\"https:\\\/\\\/energizer.com\\\/eu\\\/italy\\\/#organization\"},\"potentialAction\":[{\"@type\":\"SearchAction\",\"target\":{\"@type\":\"EntryPoint\",\"urlTemplate\":\"https:\\\/\\\/energizer.com\\\/eu\\\/italy\\\/?s={search_term_string}\"},\"query-input\":{\"@type\":\"PropertyValueSpecification\",\"valueRequired\":true,\"valueName\":\"search_term_string\"}}],\"inLanguage\":\"en-US\"},{\"@type\":\"Organization\",\"@id\":\"https:\\\/\\\/energizer.com\\\/eu\\\/italy\\\/#organization\",\"name\":\"Energizer Italy\",\"url\":\"https:\\\/\\\/energizer.com\\\/eu\\\/italy\\\/\",\"logo\":{\"@type\":\"ImageObject\",\"inLanguage\":\"en-US\",\"@id\":\"https:\\\/\\\/energizer.com\\\/eu\\\/italy\\\/#\\\/schema\\\/logo\\\/image\\\/\",\"url\":\"https:\\\/\\\/energizer.com\\\/eu\\\/italy\\\/wp-content\\\/uploads\\\/sites\\\/7\\\/2024\\\/04\\\/Energizer_brand.png\",\"contentUrl\":\"https:\\\/\\\/energizer.com\\\/eu\\\/italy\\\/wp-content\\\/uploads\\\/sites\\\/7\\\/2024\\\/04\\\/Energizer_brand.png\",\"width\":267,\"height\":100,\"caption\":\"Energizer Italy\"},\"image\":{\"@id\":\"https:\\\/\\\/energizer.com\\\/eu\\\/italy\\\/#\\\/schema\\\/logo\\\/image\\\/\"}}]}<\/script>\n<!-- \/ Yoast SEO plugin. -->","yoast_head_json":{"title":"Energizer Rechargeable Torch 1200 - Italy","robots":{"index":"index","follow":"follow","max-snippet":"max-snippet:-1","max-image-preview":"max-image-preview:large","max-video-preview":"max-video-preview:-1"},"canonical":"https:\/\/energizer.com\/eu\/italy\/product\/energizer-rechargeable-torch\/","og_locale":"en_US","og_type":"article","og_title":"Energizer Rechargeable Torch 1200 - Italy","og_description":"Illumina l'ambiente circostante senza sforzo con questa torcia super brillante e ad alte prestazioni. La torcia ricaricabile Energizer Vision HD in metallo offre eccezionale luminosit\u00e0 per le tue avventure o per le emergenze domestiche. Ideale per il campeggio, il bricolage o per le interruzioni di corrente, la torcia Energizer \u00e8 sempre a portata di mano per aiutarti a trovare la tua strada nel buio. Questa torcia a LED ricaricabile da 1200 lumen illuminer\u00e0 gli spazi pi\u00f9 bui fino a 200 metri in modalit\u00e0 ad alta potenza. E la funzione digital focus offre un eccellente controllo del raggio con una sola mano, passando senza intoppi da brillantezza a un'ampia area di messa a fuoco.","og_url":"https:\/\/energizer.com\/eu\/italy\/product\/energizer-rechargeable-torch\/","og_site_name":"Italy","article_modified_time":"2024-08-24T04:19:32+00:00","twitter_card":"summary_large_image","schema":{"@context":"https:\/\/schema.org","@graph":[{"@type":"WebPage","@id":"https:\/\/energizer.com\/eu\/italy\/product\/energizer-rechargeable-torch\/","url":"https:\/\/energizer.com\/eu\/italy\/product\/energizer-rechargeable-torch\/","name":"Energizer Rechargeable Torch 1200 - Italy","isPartOf":{"@id":"https:\/\/energizer.com\/eu\/italy\/#website"},"datePublished":"2024-06-03T05:38:32+00:00","dateModified":"2024-08-24T04:19:32+00:00","breadcrumb":{"@id":"https:\/\/energizer.com\/eu\/italy\/product\/energizer-rechargeable-torch\/#breadcrumb"},"inLanguage":"en-US","potentialAction":[{"@type":"ReadAction","target":["https:\/\/energizer.com\/eu\/italy\/product\/energizer-rechargeable-torch\/"]}]},{"@type":"BreadcrumbList","@id":"https:\/\/energizer.com\/eu\/italy\/product\/energizer-rechargeable-torch\/#breadcrumb","itemListElement":[{"@type":"ListItem","position":1,"name":"Home","item":"https:\/\/energizer.com\/eu\/italy\/"},{"@type":"ListItem","position":2,"name":"Energizer Rechargeable Torch 1200"}]},{"@type":"WebSite","@id":"https:\/\/energizer.com\/eu\/italy\/#website","url":"https:\/\/energizer.com\/eu\/italy\/","name":"Energizer Italy","description":"","publisher":{"@id":"https:\/\/energizer.com\/eu\/italy\/#organization"},"potentialAction":[{"@type":"SearchAction","target":{"@type":"EntryPoint","urlTemplate":"https:\/\/energizer.com\/eu\/italy\/?s={search_term_string}"},"query-input":{"@type":"PropertyValueSpecification","valueRequired":true,"valueName":"search_term_string"}}],"inLanguage":"en-US"},{"@type":"Organization","@id":"https:\/\/energizer.com\/eu\/italy\/#organization","name":"Energizer Italy","url":"https:\/\/energizer.com\/eu\/italy\/","logo":{"@type":"ImageObject","inLanguage":"en-US","@id":"https:\/\/energizer.com\/eu\/italy\/#\/schema\/logo\/image\/","url":"https:\/\/energizer.com\/eu\/italy\/wp-content\/uploads\/sites\/7\/2024\/04\/Energizer_brand.png","contentUrl":"https:\/\/energizer.com\/eu\/italy\/wp-content\/uploads\/sites\/7\/2024\/04\/Energizer_brand.png","width":267,"height":100,"caption":"Energizer Italy"},"image":{"@id":"https:\/\/energizer.com\/eu\/italy\/#\/schema\/logo\/image\/"}}]}},"_links":{"self":[{"href":"https:\/\/energizer.com\/eu\/italy\/wp-json\/wp\/v2\/product\/7513","targetHints":{"allow":["GET"]}}],"collection":[{"href":"https:\/\/energizer.com\/eu\/italy\/wp-json\/wp\/v2\/product"}],"about":[{"href":"https:\/\/energizer.com\/eu\/italy\/wp-json\/wp\/v2\/types\/product"}],"replies":[{"embeddable":true,"href":"https:\/\/energizer.com\/eu\/italy\/wp-json\/wp\/v2\/comments?post=7513"}],"version-history":[{"count":4,"href":"https:\/\/energizer.com\/eu\/italy\/wp-json\/wp\/v2\/product\/7513\/revisions"}],"predecessor-version":[{"id":10269,"href":"https:\/\/energizer.com\/eu\/italy\/wp-json\/wp\/v2\/product\/7513\/revisions\/10269"}],"wp:attachment":[{"href":"https:\/\/energizer.com\/eu\/italy\/wp-json\/wp\/v2\/media?parent=7513"}],"wp:term":[{"taxonomy":"product_brand","embeddable":true,"href":"https:\/\/energizer.com\/eu\/italy\/wp-json\/wp\/v2\/product_brand?post=7513"},{"taxonomy":"product_cat","embeddable":true,"href":"https:\/\/energizer.com\/eu\/italy\/wp-json\/wp\/v2\/product_cat?post=7513"},{"taxonomy":"product_tag","embeddable":true,"href":"https:\/\/energizer.com\/eu\/italy\/wp-json\/wp\/v2\/product_tag?post=7513"}],"curies":[{"name":"wp","href":"https:\/\/api.w.org\/{rel}","templated":true}]}}