{"id":7514,"date":"2024-06-03T05:38:32","date_gmt":"2024-06-03T05:38:32","guid":{"rendered":"https:\/\/23b13e8ab3.nxcli.io\/italy\/?post_type=product&#038;p=7514"},"modified":"2024-08-24T04:23:02","modified_gmt":"2024-08-24T04:23:02","slug":"enr-eu-universal-100-hl-tc-hdcu22","status":"publish","type":"product","link":"https:\/\/energizer.com\/eu\/italy\/product\/enr-eu-universal-100-hl-tc-hdcu22\/","title":{"rendered":"Energizer Universal + Headlamp"},"content":{"rendered":"<ul>\n<li>Lampada frontale Energizer Universal Plus con efficiente tecnologia LED, 2 batterie alcaline AAA incluse<\/li>\n<li>Efficiente tecnologia a LED: Questa potente torcia frontale da 100 lumen ha una portata di 40 metri e fornisce una luce potente grazie alla sua ottica eccellente e ai LED montati su superficie<\/li>\n<li>Modalit\u00e0 luce rossa notturna: La luce rossa migliora la tua visione notturna per attivit\u00e0 come il campeggio e le escursioni notturne<\/li>\n<li>Illuminazione versatile a mani libere: Questa torcia compatta, facile da usare e a mani libere \u00e8 perfetta per le corse notturne, le passeggiate con il cane e altro ancora<\/li>\n<li>Pratico design: Dirigi la luce dove serve utilizzando questa torcia da testa leggera, dotata di testa girevole e fascia elastica regolabile<\/li>\n<li>Potenza affidabile: Affidati a Energizer per offrire le potenti prestazioni che promettiamo: tutte le luci Energizer sono testate e aderiscono a standard ANSI rigorosi e affidabili<\/li>\n<\/ul>\n","protected":false},"excerpt":{"rendered":"<p>Tieni le mani libere e goditi il massimo da ogni avventura con questa leggera e versatile lampada. La lampada frontale Energizer Universal Plus \u00e8 compatta e consente l&#8217;uso a mani libere, ideale per il bricolage e le attivit\u00e0 che richiedono due mani. Illuminer\u00e0 la tua strada in qualsiasi avventura dopo il tramonto, in campeggio, durante le escursioni o la corsa. Questa torcia frontale a LED da 100 lumen illuminer\u00e0 anche gli spazi pi\u00f9 bui fino a 40 metri in modalit\u00e0 ad alta potenza. Attivala facilmente utilizzando il pratico interruttore a scorrimento, dirigi la luce dove ti serve con la testa orientabile e migliora la tua visione notturna utilizzando la modalit\u00e0 luce rossa. Il pratico design e la durevole costruzione della lampada universale Energizer offrono comfort e versatilit\u00e0 ottimali. La fascia regolabile, il morbido cuscinetto e la testina orientabile la rendono una comoda opzione per qualsiasi avventura indoor o outdoor. Energizer semplifica l&#8217;illuminazione.<\/p>\n","protected":false},"featured_media":0,"comment_status":"open","ping_status":"closed","template":"","meta":{"_acf_changed":false},"product_brand":[],"product_cat":[43],"product_tag":[],"class_list":{"0":"post-7514","1":"product","2":"type-product","3":"status-publish","5":"product_cat-hands-free","6":"pa_uses-outdoor","8":"first","9":"instock","10":"shipping-taxable","11":"product-type-simple"},"acf":[],"yoast_head":"<!-- This site is optimized with the Yoast SEO plugin v27.4 - https:\/\/yoast.com\/product\/yoast-seo-wordpress\/ -->\n<title>Energizer Universal + Headlamp - Italy<\/title>\n<meta name=\"robots\" content=\"index, follow, max-snippet:-1, max-image-preview:large, max-video-preview:-1\" \/>\n<link rel=\"canonical\" href=\"https:\/\/energizer.com\/eu\/italy\/product\/enr-eu-universal-100-hl-tc-hdcu22\/\" \/>\n<meta property=\"og:locale\" content=\"en_US\" \/>\n<meta property=\"og:type\" content=\"article\" \/>\n<meta property=\"og:title\" content=\"Energizer Universal + Headlamp - Italy\" \/>\n<meta property=\"og:description\" content=\"Tieni le mani libere e goditi il massimo da ogni avventura con questa leggera e versatile lampada. La lampada frontale Energizer Universal Plus \u00e8 compatta e consente l&#039;uso a mani libere, ideale per il bricolage e le attivit\u00e0 che richiedono due mani. Illuminer\u00e0 la tua strada in qualsiasi avventura dopo il tramonto, in campeggio, durante le escursioni o la corsa. Questa torcia frontale a LED da 100 lumen illuminer\u00e0 anche gli spazi pi\u00f9 bui fino a 40 metri in modalit\u00e0 ad alta potenza. Attivala facilmente utilizzando il pratico interruttore a scorrimento, dirigi la luce dove ti serve con la testa orientabile e migliora la tua visione notturna utilizzando la modalit\u00e0 luce rossa. Il pratico design e la durevole costruzione della lampada universale Energizer offrono comfort e versatilit\u00e0 ottimali. La fascia regolabile, il morbido cuscinetto e la testina orientabile la rendono una comoda opzione per qualsiasi avventura indoor o outdoor. Energizer semplifica l&#039;illuminazione.\" \/>\n<meta property=\"og:url\" content=\"https:\/\/energizer.com\/eu\/italy\/product\/enr-eu-universal-100-hl-tc-hdcu22\/\" \/>\n<meta property=\"og:site_name\" content=\"Italy\" \/>\n<meta property=\"article:modified_time\" content=\"2024-08-24T04:23:02+00:00\" \/>\n<meta name=\"twitter:card\" content=\"summary_large_image\" \/>\n<script type=\"application\/ld+json\" class=\"yoast-schema-graph\">{\"@context\":\"https:\\\/\\\/schema.org\",\"@graph\":[{\"@type\":\"WebPage\",\"@id\":\"https:\\\/\\\/energizer.com\\\/eu\\\/italy\\\/product\\\/enr-eu-universal-100-hl-tc-hdcu22\\\/\",\"url\":\"https:\\\/\\\/energizer.com\\\/eu\\\/italy\\\/product\\\/enr-eu-universal-100-hl-tc-hdcu22\\\/\",\"name\":\"Energizer Universal + Headlamp - Italy\",\"isPartOf\":{\"@id\":\"https:\\\/\\\/energizer.com\\\/eu\\\/italy\\\/#website\"},\"datePublished\":\"2024-06-03T05:38:32+00:00\",\"dateModified\":\"2024-08-24T04:23:02+00:00\",\"breadcrumb\":{\"@id\":\"https:\\\/\\\/energizer.com\\\/eu\\\/italy\\\/product\\\/enr-eu-universal-100-hl-tc-hdcu22\\\/#breadcrumb\"},\"inLanguage\":\"en-US\",\"potentialAction\":[{\"@type\":\"ReadAction\",\"target\":[\"https:\\\/\\\/energizer.com\\\/eu\\\/italy\\\/product\\\/enr-eu-universal-100-hl-tc-hdcu22\\\/\"]}]},{\"@type\":\"BreadcrumbList\",\"@id\":\"https:\\\/\\\/energizer.com\\\/eu\\\/italy\\\/product\\\/enr-eu-universal-100-hl-tc-hdcu22\\\/#breadcrumb\",\"itemListElement\":[{\"@type\":\"ListItem\",\"position\":1,\"name\":\"Home\",\"item\":\"https:\\\/\\\/energizer.com\\\/eu\\\/italy\\\/\"},{\"@type\":\"ListItem\",\"position\":2,\"name\":\"Energizer Universal + Headlamp\"}]},{\"@type\":\"WebSite\",\"@id\":\"https:\\\/\\\/energizer.com\\\/eu\\\/italy\\\/#website\",\"url\":\"https:\\\/\\\/energizer.com\\\/eu\\\/italy\\\/\",\"name\":\"Energizer Italy\",\"description\":\"\",\"publisher\":{\"@id\":\"https:\\\/\\\/energizer.com\\\/eu\\\/italy\\\/#organization\"},\"potentialAction\":[{\"@type\":\"SearchAction\",\"target\":{\"@type\":\"EntryPoint\",\"urlTemplate\":\"https:\\\/\\\/energizer.com\\\/eu\\\/italy\\\/?s={search_term_string}\"},\"query-input\":{\"@type\":\"PropertyValueSpecification\",\"valueRequired\":true,\"valueName\":\"search_term_string\"}}],\"inLanguage\":\"en-US\"},{\"@type\":\"Organization\",\"@id\":\"https:\\\/\\\/energizer.com\\\/eu\\\/italy\\\/#organization\",\"name\":\"Energizer Italy\",\"url\":\"https:\\\/\\\/energizer.com\\\/eu\\\/italy\\\/\",\"logo\":{\"@type\":\"ImageObject\",\"inLanguage\":\"en-US\",\"@id\":\"https:\\\/\\\/energizer.com\\\/eu\\\/italy\\\/#\\\/schema\\\/logo\\\/image\\\/\",\"url\":\"https:\\\/\\\/energizer.com\\\/eu\\\/italy\\\/wp-content\\\/uploads\\\/sites\\\/7\\\/2024\\\/04\\\/Energizer_brand.png\",\"contentUrl\":\"https:\\\/\\\/energizer.com\\\/eu\\\/italy\\\/wp-content\\\/uploads\\\/sites\\\/7\\\/2024\\\/04\\\/Energizer_brand.png\",\"width\":267,\"height\":100,\"caption\":\"Energizer Italy\"},\"image\":{\"@id\":\"https:\\\/\\\/energizer.com\\\/eu\\\/italy\\\/#\\\/schema\\\/logo\\\/image\\\/\"}}]}<\/script>\n<!-- \/ Yoast SEO plugin. -->","yoast_head_json":{"title":"Energizer Universal + Headlamp - Italy","robots":{"index":"index","follow":"follow","max-snippet":"max-snippet:-1","max-image-preview":"max-image-preview:large","max-video-preview":"max-video-preview:-1"},"canonical":"https:\/\/energizer.com\/eu\/italy\/product\/enr-eu-universal-100-hl-tc-hdcu22\/","og_locale":"en_US","og_type":"article","og_title":"Energizer Universal + Headlamp - Italy","og_description":"Tieni le mani libere e goditi il massimo da ogni avventura con questa leggera e versatile lampada. La lampada frontale Energizer Universal Plus \u00e8 compatta e consente l'uso a mani libere, ideale per il bricolage e le attivit\u00e0 che richiedono due mani. Illuminer\u00e0 la tua strada in qualsiasi avventura dopo il tramonto, in campeggio, durante le escursioni o la corsa. Questa torcia frontale a LED da 100 lumen illuminer\u00e0 anche gli spazi pi\u00f9 bui fino a 40 metri in modalit\u00e0 ad alta potenza. Attivala facilmente utilizzando il pratico interruttore a scorrimento, dirigi la luce dove ti serve con la testa orientabile e migliora la tua visione notturna utilizzando la modalit\u00e0 luce rossa. Il pratico design e la durevole costruzione della lampada universale Energizer offrono comfort e versatilit\u00e0 ottimali. La fascia regolabile, il morbido cuscinetto e la testina orientabile la rendono una comoda opzione per qualsiasi avventura indoor o outdoor. Energizer semplifica l'illuminazione.","og_url":"https:\/\/energizer.com\/eu\/italy\/product\/enr-eu-universal-100-hl-tc-hdcu22\/","og_site_name":"Italy","article_modified_time":"2024-08-24T04:23:02+00:00","twitter_card":"summary_large_image","schema":{"@context":"https:\/\/schema.org","@graph":[{"@type":"WebPage","@id":"https:\/\/energizer.com\/eu\/italy\/product\/enr-eu-universal-100-hl-tc-hdcu22\/","url":"https:\/\/energizer.com\/eu\/italy\/product\/enr-eu-universal-100-hl-tc-hdcu22\/","name":"Energizer Universal + Headlamp - Italy","isPartOf":{"@id":"https:\/\/energizer.com\/eu\/italy\/#website"},"datePublished":"2024-06-03T05:38:32+00:00","dateModified":"2024-08-24T04:23:02+00:00","breadcrumb":{"@id":"https:\/\/energizer.com\/eu\/italy\/product\/enr-eu-universal-100-hl-tc-hdcu22\/#breadcrumb"},"inLanguage":"en-US","potentialAction":[{"@type":"ReadAction","target":["https:\/\/energizer.com\/eu\/italy\/product\/enr-eu-universal-100-hl-tc-hdcu22\/"]}]},{"@type":"BreadcrumbList","@id":"https:\/\/energizer.com\/eu\/italy\/product\/enr-eu-universal-100-hl-tc-hdcu22\/#breadcrumb","itemListElement":[{"@type":"ListItem","position":1,"name":"Home","item":"https:\/\/energizer.com\/eu\/italy\/"},{"@type":"ListItem","position":2,"name":"Energizer Universal + Headlamp"}]},{"@type":"WebSite","@id":"https:\/\/energizer.com\/eu\/italy\/#website","url":"https:\/\/energizer.com\/eu\/italy\/","name":"Energizer Italy","description":"","publisher":{"@id":"https:\/\/energizer.com\/eu\/italy\/#organization"},"potentialAction":[{"@type":"SearchAction","target":{"@type":"EntryPoint","urlTemplate":"https:\/\/energizer.com\/eu\/italy\/?s={search_term_string}"},"query-input":{"@type":"PropertyValueSpecification","valueRequired":true,"valueName":"search_term_string"}}],"inLanguage":"en-US"},{"@type":"Organization","@id":"https:\/\/energizer.com\/eu\/italy\/#organization","name":"Energizer Italy","url":"https:\/\/energizer.com\/eu\/italy\/","logo":{"@type":"ImageObject","inLanguage":"en-US","@id":"https:\/\/energizer.com\/eu\/italy\/#\/schema\/logo\/image\/","url":"https:\/\/energizer.com\/eu\/italy\/wp-content\/uploads\/sites\/7\/2024\/04\/Energizer_brand.png","contentUrl":"https:\/\/energizer.com\/eu\/italy\/wp-content\/uploads\/sites\/7\/2024\/04\/Energizer_brand.png","width":267,"height":100,"caption":"Energizer Italy"},"image":{"@id":"https:\/\/energizer.com\/eu\/italy\/#\/schema\/logo\/image\/"}}]}},"_links":{"self":[{"href":"https:\/\/energizer.com\/eu\/italy\/wp-json\/wp\/v2\/product\/7514","targetHints":{"allow":["GET"]}}],"collection":[{"href":"https:\/\/energizer.com\/eu\/italy\/wp-json\/wp\/v2\/product"}],"about":[{"href":"https:\/\/energizer.com\/eu\/italy\/wp-json\/wp\/v2\/types\/product"}],"replies":[{"embeddable":true,"href":"https:\/\/energizer.com\/eu\/italy\/wp-json\/wp\/v2\/comments?post=7514"}],"version-history":[{"count":4,"href":"https:\/\/energizer.com\/eu\/italy\/wp-json\/wp\/v2\/product\/7514\/revisions"}],"predecessor-version":[{"id":10314,"href":"https:\/\/energizer.com\/eu\/italy\/wp-json\/wp\/v2\/product\/7514\/revisions\/10314"}],"wp:attachment":[{"href":"https:\/\/energizer.com\/eu\/italy\/wp-json\/wp\/v2\/media?parent=7514"}],"wp:term":[{"taxonomy":"product_brand","embeddable":true,"href":"https:\/\/energizer.com\/eu\/italy\/wp-json\/wp\/v2\/product_brand?post=7514"},{"taxonomy":"product_cat","embeddable":true,"href":"https:\/\/energizer.com\/eu\/italy\/wp-json\/wp\/v2\/product_cat?post=7514"},{"taxonomy":"product_tag","embeddable":true,"href":"https:\/\/energizer.com\/eu\/italy\/wp-json\/wp\/v2\/product_tag?post=7514"}],"curies":[{"name":"wp","href":"https:\/\/api.w.org\/{rel}","templated":true}]}}