{"id":7515,"date":"2024-06-03T05:38:32","date_gmt":"2024-06-03T05:38:32","guid":{"rendered":"https:\/\/23b13e8ab3.nxcli.io\/italy\/?post_type=product&#038;p=7515"},"modified":"2024-08-24T04:19:35","modified_gmt":"2024-08-24T04:19:35","slug":"energizer-rechargeable-torch-2","status":"publish","type":"product","link":"https:\/\/energizer.com\/eu\/italy\/product\/energizer-rechargeable-torch-2\/","title":{"rendered":"Energizer Rechargeable Torch 700"},"content":{"rendered":"<ul>\n<li>Torcia LED tattica ricaricabile Energizer TAC-R 700 in metallo con cavo di ricarica USB<\/li>\n<li>Torcia super brillante: Questa torcia LED ricaricabile da 700 lumen offre luminosit\u00e0 eccezionale e prestazioni elevate, consentendoti di vedere fino a 100 metri<\/li>\n<li>4 modalit\u00e0 di illuminazione: Scegli la modalit\u00e0 luce perfetta per la tua attivit\u00e0, scegliendo tra alta, media, bassa e stroboscopica di emergenza<\/li>\n<li>Leggera: Tieni questa torcia compatta e potente nel tuo cassetto, in macchina, nel kit di emergenza di casa o portala in tasca<\/li>\n<li>Struttura durevole: Il robusto corpo in alluminio aeronautico e la struttura IPX4 forniscono protezione da danni e schizzi<\/li>\n<li>Ore di autonomia: Questa torcia manuale ad alta potenza pu\u00f2 illuminare fino a 35 ore in modalit\u00e0 bassa<\/li>\n<li>Affidabile tecnologia MAX-VIZ: La potente tecnologia di Energizer replica la luce del giorno per una visione ad alta definizione su cui puoi contare<\/li>\n<\/ul>\n","protected":false},"excerpt":{"rendered":"<p>Illumina l&#8217;ambiente circostante senza sforzo con questa torcia super brillante e ad alte prestazioni. La torcia tattica ricaricabile Energizer TAC-R 700 in metallo offre eccezionale luminosit\u00e0 fino a 35 ore in modalit\u00e0 bassa, per accompagnarti nelle avventure o nell&#8217;affrontare le emergenze casalinghe. Ideale per il campeggio, il bricolage o per le interruzioni di corrente, la torcia Energizer \u00e8 sempre a portata di mano per aiutarti a trovare la tua strada nel buio. Questa torcia a LED da 700 lumen illuminer\u00e0 gli spazi pi\u00f9 bui fino a 100 metri in modalit\u00e0 ad alta potenza, con una luce 15 volte pi\u00f9 luminosa rispetto alla tecnologia a LED standard.<\/p>\n","protected":false},"featured_media":0,"comment_status":"open","ping_status":"closed","template":"","meta":{"_acf_changed":false},"product_brand":[],"product_cat":[97],"product_tag":[],"class_list":{"0":"post-7515","1":"product","2":"type-product","3":"status-publish","5":"product_cat-handheld","6":"pa_uses-outdoor","8":"first","9":"instock","10":"shipping-taxable","11":"product-type-simple"},"acf":[],"yoast_head":"<!-- This site is optimized with the Yoast SEO plugin v27.4 - https:\/\/yoast.com\/product\/yoast-seo-wordpress\/ -->\n<title>Energizer Rechargeable Torch 700 - Italy<\/title>\n<meta name=\"robots\" content=\"index, follow, max-snippet:-1, max-image-preview:large, max-video-preview:-1\" \/>\n<link rel=\"canonical\" href=\"https:\/\/energizer.com\/eu\/italy\/product\/energizer-rechargeable-torch-2\/\" \/>\n<meta property=\"og:locale\" content=\"en_US\" \/>\n<meta property=\"og:type\" content=\"article\" \/>\n<meta property=\"og:title\" content=\"Energizer Rechargeable Torch 700 - Italy\" \/>\n<meta property=\"og:description\" content=\"Illumina l&#039;ambiente circostante senza sforzo con questa torcia super brillante e ad alte prestazioni. La torcia tattica ricaricabile Energizer TAC-R 700 in metallo offre eccezionale luminosit\u00e0 fino a 35 ore in modalit\u00e0 bassa, per accompagnarti nelle avventure o nell&#039;affrontare le emergenze casalinghe. Ideale per il campeggio, il bricolage o per le interruzioni di corrente, la torcia Energizer \u00e8 sempre a portata di mano per aiutarti a trovare la tua strada nel buio. Questa torcia a LED da 700 lumen illuminer\u00e0 gli spazi pi\u00f9 bui fino a 100 metri in modalit\u00e0 ad alta potenza, con una luce 15 volte pi\u00f9 luminosa rispetto alla tecnologia a LED standard.\" \/>\n<meta property=\"og:url\" content=\"https:\/\/energizer.com\/eu\/italy\/product\/energizer-rechargeable-torch-2\/\" \/>\n<meta property=\"og:site_name\" content=\"Italy\" \/>\n<meta property=\"article:modified_time\" content=\"2024-08-24T04:19:35+00:00\" \/>\n<meta name=\"twitter:card\" content=\"summary_large_image\" \/>\n<script type=\"application\/ld+json\" class=\"yoast-schema-graph\">{\"@context\":\"https:\\\/\\\/schema.org\",\"@graph\":[{\"@type\":\"WebPage\",\"@id\":\"https:\\\/\\\/energizer.com\\\/eu\\\/italy\\\/product\\\/energizer-rechargeable-torch-2\\\/\",\"url\":\"https:\\\/\\\/energizer.com\\\/eu\\\/italy\\\/product\\\/energizer-rechargeable-torch-2\\\/\",\"name\":\"Energizer Rechargeable Torch 700 - Italy\",\"isPartOf\":{\"@id\":\"https:\\\/\\\/energizer.com\\\/eu\\\/italy\\\/#website\"},\"datePublished\":\"2024-06-03T05:38:32+00:00\",\"dateModified\":\"2024-08-24T04:19:35+00:00\",\"breadcrumb\":{\"@id\":\"https:\\\/\\\/energizer.com\\\/eu\\\/italy\\\/product\\\/energizer-rechargeable-torch-2\\\/#breadcrumb\"},\"inLanguage\":\"en-US\",\"potentialAction\":[{\"@type\":\"ReadAction\",\"target\":[\"https:\\\/\\\/energizer.com\\\/eu\\\/italy\\\/product\\\/energizer-rechargeable-torch-2\\\/\"]}]},{\"@type\":\"BreadcrumbList\",\"@id\":\"https:\\\/\\\/energizer.com\\\/eu\\\/italy\\\/product\\\/energizer-rechargeable-torch-2\\\/#breadcrumb\",\"itemListElement\":[{\"@type\":\"ListItem\",\"position\":1,\"name\":\"Home\",\"item\":\"https:\\\/\\\/energizer.com\\\/eu\\\/italy\\\/\"},{\"@type\":\"ListItem\",\"position\":2,\"name\":\"Energizer Rechargeable Torch 700\"}]},{\"@type\":\"WebSite\",\"@id\":\"https:\\\/\\\/energizer.com\\\/eu\\\/italy\\\/#website\",\"url\":\"https:\\\/\\\/energizer.com\\\/eu\\\/italy\\\/\",\"name\":\"Energizer Italy\",\"description\":\"\",\"publisher\":{\"@id\":\"https:\\\/\\\/energizer.com\\\/eu\\\/italy\\\/#organization\"},\"potentialAction\":[{\"@type\":\"SearchAction\",\"target\":{\"@type\":\"EntryPoint\",\"urlTemplate\":\"https:\\\/\\\/energizer.com\\\/eu\\\/italy\\\/?s={search_term_string}\"},\"query-input\":{\"@type\":\"PropertyValueSpecification\",\"valueRequired\":true,\"valueName\":\"search_term_string\"}}],\"inLanguage\":\"en-US\"},{\"@type\":\"Organization\",\"@id\":\"https:\\\/\\\/energizer.com\\\/eu\\\/italy\\\/#organization\",\"name\":\"Energizer Italy\",\"url\":\"https:\\\/\\\/energizer.com\\\/eu\\\/italy\\\/\",\"logo\":{\"@type\":\"ImageObject\",\"inLanguage\":\"en-US\",\"@id\":\"https:\\\/\\\/energizer.com\\\/eu\\\/italy\\\/#\\\/schema\\\/logo\\\/image\\\/\",\"url\":\"https:\\\/\\\/energizer.com\\\/eu\\\/italy\\\/wp-content\\\/uploads\\\/sites\\\/7\\\/2024\\\/04\\\/Energizer_brand.png\",\"contentUrl\":\"https:\\\/\\\/energizer.com\\\/eu\\\/italy\\\/wp-content\\\/uploads\\\/sites\\\/7\\\/2024\\\/04\\\/Energizer_brand.png\",\"width\":267,\"height\":100,\"caption\":\"Energizer Italy\"},\"image\":{\"@id\":\"https:\\\/\\\/energizer.com\\\/eu\\\/italy\\\/#\\\/schema\\\/logo\\\/image\\\/\"}}]}<\/script>\n<!-- \/ Yoast SEO plugin. -->","yoast_head_json":{"title":"Energizer Rechargeable Torch 700 - Italy","robots":{"index":"index","follow":"follow","max-snippet":"max-snippet:-1","max-image-preview":"max-image-preview:large","max-video-preview":"max-video-preview:-1"},"canonical":"https:\/\/energizer.com\/eu\/italy\/product\/energizer-rechargeable-torch-2\/","og_locale":"en_US","og_type":"article","og_title":"Energizer Rechargeable Torch 700 - Italy","og_description":"Illumina l'ambiente circostante senza sforzo con questa torcia super brillante e ad alte prestazioni. La torcia tattica ricaricabile Energizer TAC-R 700 in metallo offre eccezionale luminosit\u00e0 fino a 35 ore in modalit\u00e0 bassa, per accompagnarti nelle avventure o nell'affrontare le emergenze casalinghe. Ideale per il campeggio, il bricolage o per le interruzioni di corrente, la torcia Energizer \u00e8 sempre a portata di mano per aiutarti a trovare la tua strada nel buio. Questa torcia a LED da 700 lumen illuminer\u00e0 gli spazi pi\u00f9 bui fino a 100 metri in modalit\u00e0 ad alta potenza, con una luce 15 volte pi\u00f9 luminosa rispetto alla tecnologia a LED standard.","og_url":"https:\/\/energizer.com\/eu\/italy\/product\/energizer-rechargeable-torch-2\/","og_site_name":"Italy","article_modified_time":"2024-08-24T04:19:35+00:00","twitter_card":"summary_large_image","schema":{"@context":"https:\/\/schema.org","@graph":[{"@type":"WebPage","@id":"https:\/\/energizer.com\/eu\/italy\/product\/energizer-rechargeable-torch-2\/","url":"https:\/\/energizer.com\/eu\/italy\/product\/energizer-rechargeable-torch-2\/","name":"Energizer Rechargeable Torch 700 - Italy","isPartOf":{"@id":"https:\/\/energizer.com\/eu\/italy\/#website"},"datePublished":"2024-06-03T05:38:32+00:00","dateModified":"2024-08-24T04:19:35+00:00","breadcrumb":{"@id":"https:\/\/energizer.com\/eu\/italy\/product\/energizer-rechargeable-torch-2\/#breadcrumb"},"inLanguage":"en-US","potentialAction":[{"@type":"ReadAction","target":["https:\/\/energizer.com\/eu\/italy\/product\/energizer-rechargeable-torch-2\/"]}]},{"@type":"BreadcrumbList","@id":"https:\/\/energizer.com\/eu\/italy\/product\/energizer-rechargeable-torch-2\/#breadcrumb","itemListElement":[{"@type":"ListItem","position":1,"name":"Home","item":"https:\/\/energizer.com\/eu\/italy\/"},{"@type":"ListItem","position":2,"name":"Energizer Rechargeable Torch 700"}]},{"@type":"WebSite","@id":"https:\/\/energizer.com\/eu\/italy\/#website","url":"https:\/\/energizer.com\/eu\/italy\/","name":"Energizer Italy","description":"","publisher":{"@id":"https:\/\/energizer.com\/eu\/italy\/#organization"},"potentialAction":[{"@type":"SearchAction","target":{"@type":"EntryPoint","urlTemplate":"https:\/\/energizer.com\/eu\/italy\/?s={search_term_string}"},"query-input":{"@type":"PropertyValueSpecification","valueRequired":true,"valueName":"search_term_string"}}],"inLanguage":"en-US"},{"@type":"Organization","@id":"https:\/\/energizer.com\/eu\/italy\/#organization","name":"Energizer Italy","url":"https:\/\/energizer.com\/eu\/italy\/","logo":{"@type":"ImageObject","inLanguage":"en-US","@id":"https:\/\/energizer.com\/eu\/italy\/#\/schema\/logo\/image\/","url":"https:\/\/energizer.com\/eu\/italy\/wp-content\/uploads\/sites\/7\/2024\/04\/Energizer_brand.png","contentUrl":"https:\/\/energizer.com\/eu\/italy\/wp-content\/uploads\/sites\/7\/2024\/04\/Energizer_brand.png","width":267,"height":100,"caption":"Energizer Italy"},"image":{"@id":"https:\/\/energizer.com\/eu\/italy\/#\/schema\/logo\/image\/"}}]}},"_links":{"self":[{"href":"https:\/\/energizer.com\/eu\/italy\/wp-json\/wp\/v2\/product\/7515","targetHints":{"allow":["GET"]}}],"collection":[{"href":"https:\/\/energizer.com\/eu\/italy\/wp-json\/wp\/v2\/product"}],"about":[{"href":"https:\/\/energizer.com\/eu\/italy\/wp-json\/wp\/v2\/types\/product"}],"replies":[{"embeddable":true,"href":"https:\/\/energizer.com\/eu\/italy\/wp-json\/wp\/v2\/comments?post=7515"}],"version-history":[{"count":4,"href":"https:\/\/energizer.com\/eu\/italy\/wp-json\/wp\/v2\/product\/7515\/revisions"}],"predecessor-version":[{"id":10270,"href":"https:\/\/energizer.com\/eu\/italy\/wp-json\/wp\/v2\/product\/7515\/revisions\/10270"}],"wp:attachment":[{"href":"https:\/\/energizer.com\/eu\/italy\/wp-json\/wp\/v2\/media?parent=7515"}],"wp:term":[{"taxonomy":"product_brand","embeddable":true,"href":"https:\/\/energizer.com\/eu\/italy\/wp-json\/wp\/v2\/product_brand?post=7515"},{"taxonomy":"product_cat","embeddable":true,"href":"https:\/\/energizer.com\/eu\/italy\/wp-json\/wp\/v2\/product_cat?post=7515"},{"taxonomy":"product_tag","embeddable":true,"href":"https:\/\/energizer.com\/eu\/italy\/wp-json\/wp\/v2\/product_tag?post=7515"}],"curies":[{"name":"wp","href":"https:\/\/api.w.org\/{rel}","templated":true}]}}