{"id":7517,"date":"2024-06-03T05:38:32","date_gmt":"2024-06-03T05:38:32","guid":{"rendered":"https:\/\/23b13e8ab3.nxcli.io\/italy\/?post_type=product&#038;p=7517"},"modified":"2024-08-24T04:19:48","modified_gmt":"2024-08-24T04:19:48","slug":"energizer-vision-hd-metal-9aa","status":"publish","type":"product","link":"https:\/\/energizer.com\/eu\/italy\/product\/energizer-vision-hd-metal-9aa\/","title":{"rendered":"Energizer Vision HD Metal 9AA"},"content":{"rendered":"<ul>\n<li>Potente portatile in metallo di grandi dimensioni<\/li>\n<li>Modalit\u00e0 multiple e messa a fuoco digitale per la massima versatilit\u00e0\u200b<\/li>\n<li>2.000 lumen: la torcia pi\u00f9 potente fino ad oggi<\/li>\n<li>Alimentato da 9 batterie AA<\/li>\n<li>Alluminio di grado aeronautico: resistente<\/li>\n<\/ul>\n","protected":false},"excerpt":{"rendered":"<p>L&#8217;ultima aggiunta alla gamma Metal Vision HD, che stabilisce un nuovo standard di prestazioni tra i concorrenti della flashlight in metallo. La Metal 9AA \u00e8 una potente flashlight portatile in metallo di grandi dimensioni, ideale per portare sicurezza in qualsiasi situazione buia. \u00c8 alimentato da batterie 9AA che consentono una capacit\u00e0 fino a 2.000 lumen. Realizzato in alluminio aeronautico, offre molteplici modalit\u00e0 insieme alla messa a fuoco digitale per la versatilit\u00e0.<\/p>\n","protected":false},"featured_media":0,"comment_status":"open","ping_status":"closed","template":"","meta":{"_acf_changed":false},"product_brand":[],"product_cat":[97],"product_tag":[],"class_list":{"0":"post-7517","1":"product","2":"type-product","3":"status-publish","5":"product_cat-handheld","6":"pa_uses-outdoor","8":"first","9":"instock","10":"shipping-taxable","11":"product-type-simple"},"acf":[],"yoast_head":"<!-- This site is optimized with the Yoast SEO plugin v27.4 - https:\/\/yoast.com\/product\/yoast-seo-wordpress\/ -->\n<title>Energizer Vision HD Metal 9AA - Italy<\/title>\n<meta name=\"robots\" content=\"index, follow, max-snippet:-1, max-image-preview:large, max-video-preview:-1\" \/>\n<link rel=\"canonical\" href=\"https:\/\/energizer.com\/eu\/italy\/product\/energizer-vision-hd-metal-9aa\/\" \/>\n<meta property=\"og:locale\" content=\"en_US\" \/>\n<meta property=\"og:type\" content=\"article\" \/>\n<meta property=\"og:title\" content=\"Energizer Vision HD Metal 9AA - Italy\" \/>\n<meta property=\"og:description\" content=\"L&#039;ultima aggiunta alla gamma Metal Vision HD, che stabilisce un nuovo standard di prestazioni tra i concorrenti della flashlight in metallo. La Metal 9AA \u00e8 una potente flashlight portatile in metallo di grandi dimensioni, ideale per portare sicurezza in qualsiasi situazione buia. \u00c8 alimentato da batterie 9AA che consentono una capacit\u00e0 fino a 2.000 lumen. Realizzato in alluminio aeronautico, offre molteplici modalit\u00e0 insieme alla messa a fuoco digitale per la versatilit\u00e0.\" \/>\n<meta property=\"og:url\" content=\"https:\/\/energizer.com\/eu\/italy\/product\/energizer-vision-hd-metal-9aa\/\" \/>\n<meta property=\"og:site_name\" content=\"Italy\" \/>\n<meta property=\"article:modified_time\" content=\"2024-08-24T04:19:48+00:00\" \/>\n<meta name=\"twitter:card\" content=\"summary_large_image\" \/>\n<script type=\"application\/ld+json\" class=\"yoast-schema-graph\">{\"@context\":\"https:\\\/\\\/schema.org\",\"@graph\":[{\"@type\":\"WebPage\",\"@id\":\"https:\\\/\\\/energizer.com\\\/eu\\\/italy\\\/product\\\/energizer-vision-hd-metal-9aa\\\/\",\"url\":\"https:\\\/\\\/energizer.com\\\/eu\\\/italy\\\/product\\\/energizer-vision-hd-metal-9aa\\\/\",\"name\":\"Energizer Vision HD Metal 9AA - Italy\",\"isPartOf\":{\"@id\":\"https:\\\/\\\/energizer.com\\\/eu\\\/italy\\\/#website\"},\"datePublished\":\"2024-06-03T05:38:32+00:00\",\"dateModified\":\"2024-08-24T04:19:48+00:00\",\"breadcrumb\":{\"@id\":\"https:\\\/\\\/energizer.com\\\/eu\\\/italy\\\/product\\\/energizer-vision-hd-metal-9aa\\\/#breadcrumb\"},\"inLanguage\":\"en-US\",\"potentialAction\":[{\"@type\":\"ReadAction\",\"target\":[\"https:\\\/\\\/energizer.com\\\/eu\\\/italy\\\/product\\\/energizer-vision-hd-metal-9aa\\\/\"]}]},{\"@type\":\"BreadcrumbList\",\"@id\":\"https:\\\/\\\/energizer.com\\\/eu\\\/italy\\\/product\\\/energizer-vision-hd-metal-9aa\\\/#breadcrumb\",\"itemListElement\":[{\"@type\":\"ListItem\",\"position\":1,\"name\":\"Home\",\"item\":\"https:\\\/\\\/energizer.com\\\/eu\\\/italy\\\/\"},{\"@type\":\"ListItem\",\"position\":2,\"name\":\"Energizer Vision HD Metal 9AA\"}]},{\"@type\":\"WebSite\",\"@id\":\"https:\\\/\\\/energizer.com\\\/eu\\\/italy\\\/#website\",\"url\":\"https:\\\/\\\/energizer.com\\\/eu\\\/italy\\\/\",\"name\":\"Energizer Italy\",\"description\":\"\",\"publisher\":{\"@id\":\"https:\\\/\\\/energizer.com\\\/eu\\\/italy\\\/#organization\"},\"potentialAction\":[{\"@type\":\"SearchAction\",\"target\":{\"@type\":\"EntryPoint\",\"urlTemplate\":\"https:\\\/\\\/energizer.com\\\/eu\\\/italy\\\/?s={search_term_string}\"},\"query-input\":{\"@type\":\"PropertyValueSpecification\",\"valueRequired\":true,\"valueName\":\"search_term_string\"}}],\"inLanguage\":\"en-US\"},{\"@type\":\"Organization\",\"@id\":\"https:\\\/\\\/energizer.com\\\/eu\\\/italy\\\/#organization\",\"name\":\"Energizer Italy\",\"url\":\"https:\\\/\\\/energizer.com\\\/eu\\\/italy\\\/\",\"logo\":{\"@type\":\"ImageObject\",\"inLanguage\":\"en-US\",\"@id\":\"https:\\\/\\\/energizer.com\\\/eu\\\/italy\\\/#\\\/schema\\\/logo\\\/image\\\/\",\"url\":\"https:\\\/\\\/energizer.com\\\/eu\\\/italy\\\/wp-content\\\/uploads\\\/sites\\\/7\\\/2024\\\/04\\\/Energizer_brand.png\",\"contentUrl\":\"https:\\\/\\\/energizer.com\\\/eu\\\/italy\\\/wp-content\\\/uploads\\\/sites\\\/7\\\/2024\\\/04\\\/Energizer_brand.png\",\"width\":267,\"height\":100,\"caption\":\"Energizer Italy\"},\"image\":{\"@id\":\"https:\\\/\\\/energizer.com\\\/eu\\\/italy\\\/#\\\/schema\\\/logo\\\/image\\\/\"}}]}<\/script>\n<!-- \/ Yoast SEO plugin. -->","yoast_head_json":{"title":"Energizer Vision HD Metal 9AA - Italy","robots":{"index":"index","follow":"follow","max-snippet":"max-snippet:-1","max-image-preview":"max-image-preview:large","max-video-preview":"max-video-preview:-1"},"canonical":"https:\/\/energizer.com\/eu\/italy\/product\/energizer-vision-hd-metal-9aa\/","og_locale":"en_US","og_type":"article","og_title":"Energizer Vision HD Metal 9AA - Italy","og_description":"L'ultima aggiunta alla gamma Metal Vision HD, che stabilisce un nuovo standard di prestazioni tra i concorrenti della flashlight in metallo. La Metal 9AA \u00e8 una potente flashlight portatile in metallo di grandi dimensioni, ideale per portare sicurezza in qualsiasi situazione buia. \u00c8 alimentato da batterie 9AA che consentono una capacit\u00e0 fino a 2.000 lumen. Realizzato in alluminio aeronautico, offre molteplici modalit\u00e0 insieme alla messa a fuoco digitale per la versatilit\u00e0.","og_url":"https:\/\/energizer.com\/eu\/italy\/product\/energizer-vision-hd-metal-9aa\/","og_site_name":"Italy","article_modified_time":"2024-08-24T04:19:48+00:00","twitter_card":"summary_large_image","schema":{"@context":"https:\/\/schema.org","@graph":[{"@type":"WebPage","@id":"https:\/\/energizer.com\/eu\/italy\/product\/energizer-vision-hd-metal-9aa\/","url":"https:\/\/energizer.com\/eu\/italy\/product\/energizer-vision-hd-metal-9aa\/","name":"Energizer Vision HD Metal 9AA - Italy","isPartOf":{"@id":"https:\/\/energizer.com\/eu\/italy\/#website"},"datePublished":"2024-06-03T05:38:32+00:00","dateModified":"2024-08-24T04:19:48+00:00","breadcrumb":{"@id":"https:\/\/energizer.com\/eu\/italy\/product\/energizer-vision-hd-metal-9aa\/#breadcrumb"},"inLanguage":"en-US","potentialAction":[{"@type":"ReadAction","target":["https:\/\/energizer.com\/eu\/italy\/product\/energizer-vision-hd-metal-9aa\/"]}]},{"@type":"BreadcrumbList","@id":"https:\/\/energizer.com\/eu\/italy\/product\/energizer-vision-hd-metal-9aa\/#breadcrumb","itemListElement":[{"@type":"ListItem","position":1,"name":"Home","item":"https:\/\/energizer.com\/eu\/italy\/"},{"@type":"ListItem","position":2,"name":"Energizer Vision HD Metal 9AA"}]},{"@type":"WebSite","@id":"https:\/\/energizer.com\/eu\/italy\/#website","url":"https:\/\/energizer.com\/eu\/italy\/","name":"Energizer Italy","description":"","publisher":{"@id":"https:\/\/energizer.com\/eu\/italy\/#organization"},"potentialAction":[{"@type":"SearchAction","target":{"@type":"EntryPoint","urlTemplate":"https:\/\/energizer.com\/eu\/italy\/?s={search_term_string}"},"query-input":{"@type":"PropertyValueSpecification","valueRequired":true,"valueName":"search_term_string"}}],"inLanguage":"en-US"},{"@type":"Organization","@id":"https:\/\/energizer.com\/eu\/italy\/#organization","name":"Energizer Italy","url":"https:\/\/energizer.com\/eu\/italy\/","logo":{"@type":"ImageObject","inLanguage":"en-US","@id":"https:\/\/energizer.com\/eu\/italy\/#\/schema\/logo\/image\/","url":"https:\/\/energizer.com\/eu\/italy\/wp-content\/uploads\/sites\/7\/2024\/04\/Energizer_brand.png","contentUrl":"https:\/\/energizer.com\/eu\/italy\/wp-content\/uploads\/sites\/7\/2024\/04\/Energizer_brand.png","width":267,"height":100,"caption":"Energizer Italy"},"image":{"@id":"https:\/\/energizer.com\/eu\/italy\/#\/schema\/logo\/image\/"}}]}},"_links":{"self":[{"href":"https:\/\/energizer.com\/eu\/italy\/wp-json\/wp\/v2\/product\/7517","targetHints":{"allow":["GET"]}}],"collection":[{"href":"https:\/\/energizer.com\/eu\/italy\/wp-json\/wp\/v2\/product"}],"about":[{"href":"https:\/\/energizer.com\/eu\/italy\/wp-json\/wp\/v2\/types\/product"}],"replies":[{"embeddable":true,"href":"https:\/\/energizer.com\/eu\/italy\/wp-json\/wp\/v2\/comments?post=7517"}],"version-history":[{"count":6,"href":"https:\/\/energizer.com\/eu\/italy\/wp-json\/wp\/v2\/product\/7517\/revisions"}],"predecessor-version":[{"id":10298,"href":"https:\/\/energizer.com\/eu\/italy\/wp-json\/wp\/v2\/product\/7517\/revisions\/10298"}],"wp:attachment":[{"href":"https:\/\/energizer.com\/eu\/italy\/wp-json\/wp\/v2\/media?parent=7517"}],"wp:term":[{"taxonomy":"product_brand","embeddable":true,"href":"https:\/\/energizer.com\/eu\/italy\/wp-json\/wp\/v2\/product_brand?post=7517"},{"taxonomy":"product_cat","embeddable":true,"href":"https:\/\/energizer.com\/eu\/italy\/wp-json\/wp\/v2\/product_cat?post=7517"},{"taxonomy":"product_tag","embeddable":true,"href":"https:\/\/energizer.com\/eu\/italy\/wp-json\/wp\/v2\/product_tag?post=7517"}],"curies":[{"name":"wp","href":"https:\/\/api.w.org\/{rel}","templated":true}]}}