{"id":7518,"date":"2024-06-03T05:38:32","date_gmt":"2024-06-03T05:38:32","guid":{"rendered":"https:\/\/23b13e8ab3.nxcli.io\/italy\/?post_type=product&#038;p=7518"},"modified":"2024-08-24T04:23:05","modified_gmt":"2024-08-24T04:23:05","slug":"energizer-rechargeable-industrial-headlight","status":"publish","type":"product","link":"https:\/\/energizer.com\/eu\/italy\/product\/energizer-rechargeable-industrial-headlight\/","title":{"rendered":"Energizer Rechargeable Industrial Headlight"},"content":{"rendered":"<ul>\n<li>Ideale per utenti abituali e utenti attenti all&#8217;ambiente<\/li>\n<li>Ricaricabile (cavo USB incluso)<\/li>\n<li>Tecnologia Energizer Smart Dimming per controllare l&#8217;intensit\u00e0 della luce<\/li>\n<li>VisionGuard protegge la vista aumentando gradualmente l&#8217;intensit\u00e0 della luce<\/li>\n<li>LED rossi e verdi per visione notturna<\/li>\n<\/ul>\n","protected":false},"excerpt":{"rendered":"<p>La lampada frontale ricaricabile Energizer Vision Ultra HD offre prestazioni eccezionali in un design compatto. La lampada frontale presenta caratteristiche innovative con la sua ricaricabilit\u00e0 (porta USB) e la tecnologia Energizer Smart Dimming che consente un facile controllo dell&#8217;intensit\u00e0 della luce. Oltre ai LED bianchi, questa luce \u00e8 dotata di LED verdi e rossi che preservano la visione notturna per attivit\u00e0 all&#8217;aperto come caccia e pesca. La tecnologia VisionGuard aumenta gradualmente l&#8217;intensit\u00e0 della luce per evitare che una luce intensa raggiunga direttamente gli occhi degli utenti.<\/p>\n","protected":false},"featured_media":0,"comment_status":"open","ping_status":"closed","template":"","meta":{"_acf_changed":false},"product_brand":[],"product_cat":[43],"product_tag":[],"class_list":{"0":"post-7518","1":"product","2":"type-product","3":"status-publish","5":"product_cat-hands-free","6":"pa_uses-outdoor","8":"first","9":"instock","10":"shipping-taxable","11":"product-type-simple"},"acf":[],"yoast_head":"<!-- This site is optimized with the Yoast SEO plugin v27.4 - https:\/\/yoast.com\/product\/yoast-seo-wordpress\/ -->\n<title>Energizer Rechargeable Industrial Headlight - Italy<\/title>\n<meta name=\"robots\" content=\"index, follow, max-snippet:-1, max-image-preview:large, max-video-preview:-1\" \/>\n<link rel=\"canonical\" href=\"https:\/\/energizer.com\/eu\/italy\/product\/energizer-rechargeable-industrial-headlight\/\" \/>\n<meta property=\"og:locale\" content=\"en_US\" \/>\n<meta property=\"og:type\" content=\"article\" \/>\n<meta property=\"og:title\" content=\"Energizer Rechargeable Industrial Headlight - Italy\" \/>\n<meta property=\"og:description\" content=\"La lampada frontale ricaricabile Energizer Vision Ultra HD offre prestazioni eccezionali in un design compatto. La lampada frontale presenta caratteristiche innovative con la sua ricaricabilit\u00e0 (porta USB) e la tecnologia Energizer Smart Dimming che consente un facile controllo dell&#039;intensit\u00e0 della luce. Oltre ai LED bianchi, questa luce \u00e8 dotata di LED verdi e rossi che preservano la visione notturna per attivit\u00e0 all&#039;aperto come caccia e pesca. La tecnologia VisionGuard aumenta gradualmente l&#039;intensit\u00e0 della luce per evitare che una luce intensa raggiunga direttamente gli occhi degli utenti.\" \/>\n<meta property=\"og:url\" content=\"https:\/\/energizer.com\/eu\/italy\/product\/energizer-rechargeable-industrial-headlight\/\" \/>\n<meta property=\"og:site_name\" content=\"Italy\" \/>\n<meta property=\"article:modified_time\" content=\"2024-08-24T04:23:05+00:00\" \/>\n<meta name=\"twitter:card\" content=\"summary_large_image\" \/>\n<script type=\"application\/ld+json\" class=\"yoast-schema-graph\">{\"@context\":\"https:\\\/\\\/schema.org\",\"@graph\":[{\"@type\":\"WebPage\",\"@id\":\"https:\\\/\\\/energizer.com\\\/eu\\\/italy\\\/product\\\/energizer-rechargeable-industrial-headlight\\\/\",\"url\":\"https:\\\/\\\/energizer.com\\\/eu\\\/italy\\\/product\\\/energizer-rechargeable-industrial-headlight\\\/\",\"name\":\"Energizer Rechargeable Industrial Headlight - Italy\",\"isPartOf\":{\"@id\":\"https:\\\/\\\/energizer.com\\\/eu\\\/italy\\\/#website\"},\"datePublished\":\"2024-06-03T05:38:32+00:00\",\"dateModified\":\"2024-08-24T04:23:05+00:00\",\"breadcrumb\":{\"@id\":\"https:\\\/\\\/energizer.com\\\/eu\\\/italy\\\/product\\\/energizer-rechargeable-industrial-headlight\\\/#breadcrumb\"},\"inLanguage\":\"en-US\",\"potentialAction\":[{\"@type\":\"ReadAction\",\"target\":[\"https:\\\/\\\/energizer.com\\\/eu\\\/italy\\\/product\\\/energizer-rechargeable-industrial-headlight\\\/\"]}]},{\"@type\":\"BreadcrumbList\",\"@id\":\"https:\\\/\\\/energizer.com\\\/eu\\\/italy\\\/product\\\/energizer-rechargeable-industrial-headlight\\\/#breadcrumb\",\"itemListElement\":[{\"@type\":\"ListItem\",\"position\":1,\"name\":\"Home\",\"item\":\"https:\\\/\\\/energizer.com\\\/eu\\\/italy\\\/\"},{\"@type\":\"ListItem\",\"position\":2,\"name\":\"Energizer Rechargeable Industrial Headlight\"}]},{\"@type\":\"WebSite\",\"@id\":\"https:\\\/\\\/energizer.com\\\/eu\\\/italy\\\/#website\",\"url\":\"https:\\\/\\\/energizer.com\\\/eu\\\/italy\\\/\",\"name\":\"Energizer Italy\",\"description\":\"\",\"publisher\":{\"@id\":\"https:\\\/\\\/energizer.com\\\/eu\\\/italy\\\/#organization\"},\"potentialAction\":[{\"@type\":\"SearchAction\",\"target\":{\"@type\":\"EntryPoint\",\"urlTemplate\":\"https:\\\/\\\/energizer.com\\\/eu\\\/italy\\\/?s={search_term_string}\"},\"query-input\":{\"@type\":\"PropertyValueSpecification\",\"valueRequired\":true,\"valueName\":\"search_term_string\"}}],\"inLanguage\":\"en-US\"},{\"@type\":\"Organization\",\"@id\":\"https:\\\/\\\/energizer.com\\\/eu\\\/italy\\\/#organization\",\"name\":\"Energizer Italy\",\"url\":\"https:\\\/\\\/energizer.com\\\/eu\\\/italy\\\/\",\"logo\":{\"@type\":\"ImageObject\",\"inLanguage\":\"en-US\",\"@id\":\"https:\\\/\\\/energizer.com\\\/eu\\\/italy\\\/#\\\/schema\\\/logo\\\/image\\\/\",\"url\":\"https:\\\/\\\/energizer.com\\\/eu\\\/italy\\\/wp-content\\\/uploads\\\/sites\\\/7\\\/2024\\\/04\\\/Energizer_brand.png\",\"contentUrl\":\"https:\\\/\\\/energizer.com\\\/eu\\\/italy\\\/wp-content\\\/uploads\\\/sites\\\/7\\\/2024\\\/04\\\/Energizer_brand.png\",\"width\":267,\"height\":100,\"caption\":\"Energizer Italy\"},\"image\":{\"@id\":\"https:\\\/\\\/energizer.com\\\/eu\\\/italy\\\/#\\\/schema\\\/logo\\\/image\\\/\"}}]}<\/script>\n<!-- \/ Yoast SEO plugin. -->","yoast_head_json":{"title":"Energizer Rechargeable Industrial Headlight - Italy","robots":{"index":"index","follow":"follow","max-snippet":"max-snippet:-1","max-image-preview":"max-image-preview:large","max-video-preview":"max-video-preview:-1"},"canonical":"https:\/\/energizer.com\/eu\/italy\/product\/energizer-rechargeable-industrial-headlight\/","og_locale":"en_US","og_type":"article","og_title":"Energizer Rechargeable Industrial Headlight - Italy","og_description":"La lampada frontale ricaricabile Energizer Vision Ultra HD offre prestazioni eccezionali in un design compatto. La lampada frontale presenta caratteristiche innovative con la sua ricaricabilit\u00e0 (porta USB) e la tecnologia Energizer Smart Dimming che consente un facile controllo dell'intensit\u00e0 della luce. Oltre ai LED bianchi, questa luce \u00e8 dotata di LED verdi e rossi che preservano la visione notturna per attivit\u00e0 all'aperto come caccia e pesca. La tecnologia VisionGuard aumenta gradualmente l'intensit\u00e0 della luce per evitare che una luce intensa raggiunga direttamente gli occhi degli utenti.","og_url":"https:\/\/energizer.com\/eu\/italy\/product\/energizer-rechargeable-industrial-headlight\/","og_site_name":"Italy","article_modified_time":"2024-08-24T04:23:05+00:00","twitter_card":"summary_large_image","schema":{"@context":"https:\/\/schema.org","@graph":[{"@type":"WebPage","@id":"https:\/\/energizer.com\/eu\/italy\/product\/energizer-rechargeable-industrial-headlight\/","url":"https:\/\/energizer.com\/eu\/italy\/product\/energizer-rechargeable-industrial-headlight\/","name":"Energizer Rechargeable Industrial Headlight - Italy","isPartOf":{"@id":"https:\/\/energizer.com\/eu\/italy\/#website"},"datePublished":"2024-06-03T05:38:32+00:00","dateModified":"2024-08-24T04:23:05+00:00","breadcrumb":{"@id":"https:\/\/energizer.com\/eu\/italy\/product\/energizer-rechargeable-industrial-headlight\/#breadcrumb"},"inLanguage":"en-US","potentialAction":[{"@type":"ReadAction","target":["https:\/\/energizer.com\/eu\/italy\/product\/energizer-rechargeable-industrial-headlight\/"]}]},{"@type":"BreadcrumbList","@id":"https:\/\/energizer.com\/eu\/italy\/product\/energizer-rechargeable-industrial-headlight\/#breadcrumb","itemListElement":[{"@type":"ListItem","position":1,"name":"Home","item":"https:\/\/energizer.com\/eu\/italy\/"},{"@type":"ListItem","position":2,"name":"Energizer Rechargeable Industrial Headlight"}]},{"@type":"WebSite","@id":"https:\/\/energizer.com\/eu\/italy\/#website","url":"https:\/\/energizer.com\/eu\/italy\/","name":"Energizer Italy","description":"","publisher":{"@id":"https:\/\/energizer.com\/eu\/italy\/#organization"},"potentialAction":[{"@type":"SearchAction","target":{"@type":"EntryPoint","urlTemplate":"https:\/\/energizer.com\/eu\/italy\/?s={search_term_string}"},"query-input":{"@type":"PropertyValueSpecification","valueRequired":true,"valueName":"search_term_string"}}],"inLanguage":"en-US"},{"@type":"Organization","@id":"https:\/\/energizer.com\/eu\/italy\/#organization","name":"Energizer Italy","url":"https:\/\/energizer.com\/eu\/italy\/","logo":{"@type":"ImageObject","inLanguage":"en-US","@id":"https:\/\/energizer.com\/eu\/italy\/#\/schema\/logo\/image\/","url":"https:\/\/energizer.com\/eu\/italy\/wp-content\/uploads\/sites\/7\/2024\/04\/Energizer_brand.png","contentUrl":"https:\/\/energizer.com\/eu\/italy\/wp-content\/uploads\/sites\/7\/2024\/04\/Energizer_brand.png","width":267,"height":100,"caption":"Energizer Italy"},"image":{"@id":"https:\/\/energizer.com\/eu\/italy\/#\/schema\/logo\/image\/"}}]}},"_links":{"self":[{"href":"https:\/\/energizer.com\/eu\/italy\/wp-json\/wp\/v2\/product\/7518","targetHints":{"allow":["GET"]}}],"collection":[{"href":"https:\/\/energizer.com\/eu\/italy\/wp-json\/wp\/v2\/product"}],"about":[{"href":"https:\/\/energizer.com\/eu\/italy\/wp-json\/wp\/v2\/types\/product"}],"replies":[{"embeddable":true,"href":"https:\/\/energizer.com\/eu\/italy\/wp-json\/wp\/v2\/comments?post=7518"}],"version-history":[{"count":3,"href":"https:\/\/energizer.com\/eu\/italy\/wp-json\/wp\/v2\/product\/7518\/revisions"}],"predecessor-version":[{"id":9561,"href":"https:\/\/energizer.com\/eu\/italy\/wp-json\/wp\/v2\/product\/7518\/revisions\/9561"}],"wp:attachment":[{"href":"https:\/\/energizer.com\/eu\/italy\/wp-json\/wp\/v2\/media?parent=7518"}],"wp:term":[{"taxonomy":"product_brand","embeddable":true,"href":"https:\/\/energizer.com\/eu\/italy\/wp-json\/wp\/v2\/product_brand?post=7518"},{"taxonomy":"product_cat","embeddable":true,"href":"https:\/\/energizer.com\/eu\/italy\/wp-json\/wp\/v2\/product_cat?post=7518"},{"taxonomy":"product_tag","embeddable":true,"href":"https:\/\/energizer.com\/eu\/italy\/wp-json\/wp\/v2\/product_tag?post=7518"}],"curies":[{"name":"wp","href":"https:\/\/api.w.org\/{rel}","templated":true}]}}