{"id":7519,"date":"2024-06-03T05:38:32","date_gmt":"2024-06-03T05:38:32","guid":{"rendered":"https:\/\/23b13e8ab3.nxcli.io\/italy\/?post_type=product&#038;p=7519"},"modified":"2024-08-24T04:23:07","modified_gmt":"2024-08-24T04:23:07","slug":"energizer-value-rech-200-headlight","status":"publish","type":"product","link":"https:\/\/energizer.com\/eu\/italy\/product\/energizer-value-rech-200-headlight\/","title":{"rendered":"Energizer VALUE RECH 200 Headlight"},"content":{"rendered":"<ul>\n<li>200 lumen<\/li>\n<li>3 modalit\u00e0: Alto, basso, fascio largo<\/li>\n<li>2 ore di autonomia<\/li>\n<li>Distanza raggio 50 m<\/li>\n<li>Resistenza a cadute da 1 m<\/li>\n<li>IPX4 Resistente all&#8217;acqua<\/li>\n<li>Ricaricabile<\/li>\n<li>Cinturino rimovibile<\/li>\n<\/ul>\n","protected":false},"excerpt":{"rendered":"<p>Torcia frontale ricaricabile HDLLP Value Compatta, comoda, affidabile e facile da usare, questa torcia frontale ricaricabile \u00e8 una soluzione intelligente a mani libere per qualsiasi attivit\u00e0 indoor o outdoor. Il suo design elegante la rende un&#8217;ottima lampada per le attivit\u00e0 all&#8217;aperto e la sua brillante emissione di luce \u00e8 perfetta per qualsiasi progetto indoor o fai-da-te. Questa luce ha 3 opzioni di modalit\u00e0 (alta, bassa, rossa) e viene fornita con una batteria ricaricabile e un cavo di ricarica Micro-USB, pu\u00f2 essere ricaricata direttamente da un power bank, un caricatore per auto o un&#8217;altra fonte di alimentazione USB una volta esaurita &#8211; non \u00e8 necessario acquistare batterie aggiuntive. La sua struttura durevole e la cinghia per la testa regolabile lo rendono un&#8217;opzione versatile e affidabile. \u200b<\/p>\n","protected":false},"featured_media":0,"comment_status":"open","ping_status":"closed","template":"","meta":{"_acf_changed":false},"product_brand":[],"product_cat":[43],"product_tag":[],"class_list":{"0":"post-7519","1":"product","2":"type-product","3":"status-publish","5":"product_cat-hands-free","6":"pa_uses-outdoor","8":"first","9":"instock","10":"shipping-taxable","11":"product-type-simple"},"acf":[],"yoast_head":"<!-- This site is optimized with the Yoast SEO plugin v27.4 - https:\/\/yoast.com\/product\/yoast-seo-wordpress\/ -->\n<title>Energizer VALUE RECH 200 Headlight - Italy<\/title>\n<meta name=\"robots\" content=\"index, follow, max-snippet:-1, max-image-preview:large, max-video-preview:-1\" \/>\n<link rel=\"canonical\" href=\"https:\/\/energizer.com\/eu\/italy\/product\/energizer-value-rech-200-headlight\/\" \/>\n<meta property=\"og:locale\" content=\"en_US\" \/>\n<meta property=\"og:type\" content=\"article\" \/>\n<meta property=\"og:title\" content=\"Energizer VALUE RECH 200 Headlight - Italy\" \/>\n<meta property=\"og:description\" content=\"Torcia frontale ricaricabile HDLLP Value Compatta, comoda, affidabile e facile da usare, questa torcia frontale ricaricabile \u00e8 una soluzione intelligente a mani libere per qualsiasi attivit\u00e0 indoor o outdoor. Il suo design elegante la rende un&#039;ottima lampada per le attivit\u00e0 all&#039;aperto e la sua brillante emissione di luce \u00e8 perfetta per qualsiasi progetto indoor o fai-da-te. Questa luce ha 3 opzioni di modalit\u00e0 (alta, bassa, rossa) e viene fornita con una batteria ricaricabile e un cavo di ricarica Micro-USB, pu\u00f2 essere ricaricata direttamente da un power bank, un caricatore per auto o un&#039;altra fonte di alimentazione USB una volta esaurita - non \u00e8 necessario acquistare batterie aggiuntive. La sua struttura durevole e la cinghia per la testa regolabile lo rendono un&#039;opzione versatile e affidabile. \u200b\" \/>\n<meta property=\"og:url\" content=\"https:\/\/energizer.com\/eu\/italy\/product\/energizer-value-rech-200-headlight\/\" \/>\n<meta property=\"og:site_name\" content=\"Italy\" \/>\n<meta property=\"article:modified_time\" content=\"2024-08-24T04:23:07+00:00\" \/>\n<meta name=\"twitter:card\" content=\"summary_large_image\" \/>\n<script type=\"application\/ld+json\" class=\"yoast-schema-graph\">{\"@context\":\"https:\\\/\\\/schema.org\",\"@graph\":[{\"@type\":\"WebPage\",\"@id\":\"https:\\\/\\\/energizer.com\\\/eu\\\/italy\\\/product\\\/energizer-value-rech-200-headlight\\\/\",\"url\":\"https:\\\/\\\/energizer.com\\\/eu\\\/italy\\\/product\\\/energizer-value-rech-200-headlight\\\/\",\"name\":\"Energizer VALUE RECH 200 Headlight - Italy\",\"isPartOf\":{\"@id\":\"https:\\\/\\\/energizer.com\\\/eu\\\/italy\\\/#website\"},\"datePublished\":\"2024-06-03T05:38:32+00:00\",\"dateModified\":\"2024-08-24T04:23:07+00:00\",\"breadcrumb\":{\"@id\":\"https:\\\/\\\/energizer.com\\\/eu\\\/italy\\\/product\\\/energizer-value-rech-200-headlight\\\/#breadcrumb\"},\"inLanguage\":\"en-US\",\"potentialAction\":[{\"@type\":\"ReadAction\",\"target\":[\"https:\\\/\\\/energizer.com\\\/eu\\\/italy\\\/product\\\/energizer-value-rech-200-headlight\\\/\"]}]},{\"@type\":\"BreadcrumbList\",\"@id\":\"https:\\\/\\\/energizer.com\\\/eu\\\/italy\\\/product\\\/energizer-value-rech-200-headlight\\\/#breadcrumb\",\"itemListElement\":[{\"@type\":\"ListItem\",\"position\":1,\"name\":\"Home\",\"item\":\"https:\\\/\\\/energizer.com\\\/eu\\\/italy\\\/\"},{\"@type\":\"ListItem\",\"position\":2,\"name\":\"Energizer VALUE RECH 200 Headlight\"}]},{\"@type\":\"WebSite\",\"@id\":\"https:\\\/\\\/energizer.com\\\/eu\\\/italy\\\/#website\",\"url\":\"https:\\\/\\\/energizer.com\\\/eu\\\/italy\\\/\",\"name\":\"Energizer Italy\",\"description\":\"\",\"publisher\":{\"@id\":\"https:\\\/\\\/energizer.com\\\/eu\\\/italy\\\/#organization\"},\"potentialAction\":[{\"@type\":\"SearchAction\",\"target\":{\"@type\":\"EntryPoint\",\"urlTemplate\":\"https:\\\/\\\/energizer.com\\\/eu\\\/italy\\\/?s={search_term_string}\"},\"query-input\":{\"@type\":\"PropertyValueSpecification\",\"valueRequired\":true,\"valueName\":\"search_term_string\"}}],\"inLanguage\":\"en-US\"},{\"@type\":\"Organization\",\"@id\":\"https:\\\/\\\/energizer.com\\\/eu\\\/italy\\\/#organization\",\"name\":\"Energizer Italy\",\"url\":\"https:\\\/\\\/energizer.com\\\/eu\\\/italy\\\/\",\"logo\":{\"@type\":\"ImageObject\",\"inLanguage\":\"en-US\",\"@id\":\"https:\\\/\\\/energizer.com\\\/eu\\\/italy\\\/#\\\/schema\\\/logo\\\/image\\\/\",\"url\":\"https:\\\/\\\/energizer.com\\\/eu\\\/italy\\\/wp-content\\\/uploads\\\/sites\\\/7\\\/2024\\\/04\\\/Energizer_brand.png\",\"contentUrl\":\"https:\\\/\\\/energizer.com\\\/eu\\\/italy\\\/wp-content\\\/uploads\\\/sites\\\/7\\\/2024\\\/04\\\/Energizer_brand.png\",\"width\":267,\"height\":100,\"caption\":\"Energizer Italy\"},\"image\":{\"@id\":\"https:\\\/\\\/energizer.com\\\/eu\\\/italy\\\/#\\\/schema\\\/logo\\\/image\\\/\"}}]}<\/script>\n<!-- \/ Yoast SEO plugin. -->","yoast_head_json":{"title":"Energizer VALUE RECH 200 Headlight - Italy","robots":{"index":"index","follow":"follow","max-snippet":"max-snippet:-1","max-image-preview":"max-image-preview:large","max-video-preview":"max-video-preview:-1"},"canonical":"https:\/\/energizer.com\/eu\/italy\/product\/energizer-value-rech-200-headlight\/","og_locale":"en_US","og_type":"article","og_title":"Energizer VALUE RECH 200 Headlight - Italy","og_description":"Torcia frontale ricaricabile HDLLP Value Compatta, comoda, affidabile e facile da usare, questa torcia frontale ricaricabile \u00e8 una soluzione intelligente a mani libere per qualsiasi attivit\u00e0 indoor o outdoor. Il suo design elegante la rende un'ottima lampada per le attivit\u00e0 all'aperto e la sua brillante emissione di luce \u00e8 perfetta per qualsiasi progetto indoor o fai-da-te. Questa luce ha 3 opzioni di modalit\u00e0 (alta, bassa, rossa) e viene fornita con una batteria ricaricabile e un cavo di ricarica Micro-USB, pu\u00f2 essere ricaricata direttamente da un power bank, un caricatore per auto o un'altra fonte di alimentazione USB una volta esaurita - non \u00e8 necessario acquistare batterie aggiuntive. La sua struttura durevole e la cinghia per la testa regolabile lo rendono un'opzione versatile e affidabile. \u200b","og_url":"https:\/\/energizer.com\/eu\/italy\/product\/energizer-value-rech-200-headlight\/","og_site_name":"Italy","article_modified_time":"2024-08-24T04:23:07+00:00","twitter_card":"summary_large_image","schema":{"@context":"https:\/\/schema.org","@graph":[{"@type":"WebPage","@id":"https:\/\/energizer.com\/eu\/italy\/product\/energizer-value-rech-200-headlight\/","url":"https:\/\/energizer.com\/eu\/italy\/product\/energizer-value-rech-200-headlight\/","name":"Energizer VALUE RECH 200 Headlight - Italy","isPartOf":{"@id":"https:\/\/energizer.com\/eu\/italy\/#website"},"datePublished":"2024-06-03T05:38:32+00:00","dateModified":"2024-08-24T04:23:07+00:00","breadcrumb":{"@id":"https:\/\/energizer.com\/eu\/italy\/product\/energizer-value-rech-200-headlight\/#breadcrumb"},"inLanguage":"en-US","potentialAction":[{"@type":"ReadAction","target":["https:\/\/energizer.com\/eu\/italy\/product\/energizer-value-rech-200-headlight\/"]}]},{"@type":"BreadcrumbList","@id":"https:\/\/energizer.com\/eu\/italy\/product\/energizer-value-rech-200-headlight\/#breadcrumb","itemListElement":[{"@type":"ListItem","position":1,"name":"Home","item":"https:\/\/energizer.com\/eu\/italy\/"},{"@type":"ListItem","position":2,"name":"Energizer VALUE RECH 200 Headlight"}]},{"@type":"WebSite","@id":"https:\/\/energizer.com\/eu\/italy\/#website","url":"https:\/\/energizer.com\/eu\/italy\/","name":"Energizer Italy","description":"","publisher":{"@id":"https:\/\/energizer.com\/eu\/italy\/#organization"},"potentialAction":[{"@type":"SearchAction","target":{"@type":"EntryPoint","urlTemplate":"https:\/\/energizer.com\/eu\/italy\/?s={search_term_string}"},"query-input":{"@type":"PropertyValueSpecification","valueRequired":true,"valueName":"search_term_string"}}],"inLanguage":"en-US"},{"@type":"Organization","@id":"https:\/\/energizer.com\/eu\/italy\/#organization","name":"Energizer Italy","url":"https:\/\/energizer.com\/eu\/italy\/","logo":{"@type":"ImageObject","inLanguage":"en-US","@id":"https:\/\/energizer.com\/eu\/italy\/#\/schema\/logo\/image\/","url":"https:\/\/energizer.com\/eu\/italy\/wp-content\/uploads\/sites\/7\/2024\/04\/Energizer_brand.png","contentUrl":"https:\/\/energizer.com\/eu\/italy\/wp-content\/uploads\/sites\/7\/2024\/04\/Energizer_brand.png","width":267,"height":100,"caption":"Energizer Italy"},"image":{"@id":"https:\/\/energizer.com\/eu\/italy\/#\/schema\/logo\/image\/"}}]}},"_links":{"self":[{"href":"https:\/\/energizer.com\/eu\/italy\/wp-json\/wp\/v2\/product\/7519","targetHints":{"allow":["GET"]}}],"collection":[{"href":"https:\/\/energizer.com\/eu\/italy\/wp-json\/wp\/v2\/product"}],"about":[{"href":"https:\/\/energizer.com\/eu\/italy\/wp-json\/wp\/v2\/types\/product"}],"replies":[{"embeddable":true,"href":"https:\/\/energizer.com\/eu\/italy\/wp-json\/wp\/v2\/comments?post=7519"}],"version-history":[{"count":4,"href":"https:\/\/energizer.com\/eu\/italy\/wp-json\/wp\/v2\/product\/7519\/revisions"}],"predecessor-version":[{"id":10315,"href":"https:\/\/energizer.com\/eu\/italy\/wp-json\/wp\/v2\/product\/7519\/revisions\/10315"}],"wp:attachment":[{"href":"https:\/\/energizer.com\/eu\/italy\/wp-json\/wp\/v2\/media?parent=7519"}],"wp:term":[{"taxonomy":"product_brand","embeddable":true,"href":"https:\/\/energizer.com\/eu\/italy\/wp-json\/wp\/v2\/product_brand?post=7519"},{"taxonomy":"product_cat","embeddable":true,"href":"https:\/\/energizer.com\/eu\/italy\/wp-json\/wp\/v2\/product_cat?post=7519"},{"taxonomy":"product_tag","embeddable":true,"href":"https:\/\/energizer.com\/eu\/italy\/wp-json\/wp\/v2\/product_tag?post=7519"}],"curies":[{"name":"wp","href":"https:\/\/api.w.org\/{rel}","templated":true}]}}