{"id":7565,"date":"2024-06-03T05:38:37","date_gmt":"2024-06-03T05:38:37","guid":{"rendered":"https:\/\/23b13e8ab3.nxcli.io\/italy\/?post_type=product&#038;p=7565"},"modified":"2024-08-24T04:24:57","modified_gmt":"2024-08-24T04:24:57","slug":"enr-eu-360-lantern-500-lan-os-esal351b","status":"publish","type":"product","link":"https:\/\/energizer.com\/eu\/italy\/product\/enr-eu-360-lantern-500-lan-os-esal351b\/","title":{"rendered":"Energizer LANTERN 500"},"content":{"rendered":"<ul>\n<li>La lanterna di emergenza Energizer LED funziona con 3 batterie Energizer MAX D per la massima potenza o 3 batterie Energizer MAX AA per una potenza inferiore (batterie non incluse)<\/li>\n<li>Emette fino a 500 lumen* in modalit\u00e0 alta, offrendo una visibilit\u00e0 luminosa e brillante per una variet\u00e0 di attivit\u00e0, dal campeggio notturno, ai blackout durante i temporali o al lavoro in casa<\/li>\n<li>Passa tra 3 impostazioni della modalit\u00e0 luce: Luce alta, bassa e notturna con un semplice clic del pulsante che si illumina al buio<\/li>\n<li>Funziona fino a 650 ore in modalit\u00e0 bassa per una luce portatile che dura<\/li>\n<li>Durevole e robusta, la struttura resistente all&#8217;acqua resiste agli spruzzi<\/li>\n<li>Fornisce un&#8217;illuminazione straordinaria a 360\u00b0 che riempie l&#8217;intera stanza con la semplice pressione del pulsante che si illumina al buio<\/li>\n<\/ul>\n","protected":false},"excerpt":{"rendered":"<p>Illuminazione portatile a 360\u00b0 che riempie la stanza: Questo \u00e8 ci\u00f2 che ottieni con la lanterna di emergenza Energizer LED. Con un massimo di 500 lumen*, la brillante luce LED di questa potente lanterna riempie le stanze interne da parete a parete. Hai bisogno di illuminazione esterna? Nessun problema. Questa lanterna portatile illumina anche gli spazi esterni, cos\u00ec non sarai mai al buio. Ottimo per ogni situazione, sia che venga utilizzato per il campeggio o le escursioni, per i blackout e le interruzioni di corrente durante i temporali o per lavorare negli angoli bui della casa. Inoltre, questa lanterna di emergenza Energizer funziona comodamente con 3 batterie Energizer MAX D per la massima potenza o 3 batterie Energizer MAX AA per una potenza inferiore in caso di necessit\u00e0. Accendilo con il suo pulsante facile da trovare che si illumina al buio e scegli tra 3 modalit\u00e0 di impostazione della luminosit\u00e0: Luce alta, bassa e notturna. Questa torcia Energizer LED Lanterna di emergenza \u00e8 un&#8217;ottima scelta per ogni condizione meteorologica grazie alla sua struttura resistente all&#8217;acqua. Tieni la lanterna di emergenza Energizer LED a portata di mano e preparati ad affrontare ogni avventura. * Emissione luminosa misurata dal LED. Il valore \u00e8 applicabile solo al LED. L&#8217;emissione luminosa effettiva del dispositivo pu\u00f2 variare.<\/p>\n","protected":false},"featured_media":0,"comment_status":"open","ping_status":"closed","template":"","meta":{"_acf_changed":false},"product_brand":[],"product_cat":[44],"product_tag":[],"class_list":{"0":"post-7565","1":"product","2":"type-product","3":"status-publish","5":"product_cat-area","6":"pa_uses-outdoor","8":"first","9":"instock","10":"shipping-taxable","11":"product-type-simple"},"acf":[],"yoast_head":"<!-- This site is optimized with the Yoast SEO plugin v27.4 - https:\/\/yoast.com\/product\/yoast-seo-wordpress\/ -->\n<title>Energizer LANTERN 500 - Italy<\/title>\n<meta name=\"robots\" content=\"index, follow, max-snippet:-1, max-image-preview:large, max-video-preview:-1\" \/>\n<link rel=\"canonical\" href=\"https:\/\/energizer.com\/eu\/italy\/product\/enr-eu-360-lantern-500-lan-os-esal351b\/\" \/>\n<meta property=\"og:locale\" content=\"en_US\" \/>\n<meta property=\"og:type\" content=\"article\" \/>\n<meta property=\"og:title\" content=\"Energizer LANTERN 500 - Italy\" \/>\n<meta property=\"og:description\" content=\"Illuminazione portatile a 360\u00b0 che riempie la stanza: Questo \u00e8 ci\u00f2 che ottieni con la lanterna di emergenza Energizer LED. Con un massimo di 500 lumen*, la brillante luce LED di questa potente lanterna riempie le stanze interne da parete a parete. Hai bisogno di illuminazione esterna? Nessun problema. Questa lanterna portatile illumina anche gli spazi esterni, cos\u00ec non sarai mai al buio. Ottimo per ogni situazione, sia che venga utilizzato per il campeggio o le escursioni, per i blackout e le interruzioni di corrente durante i temporali o per lavorare negli angoli bui della casa. Inoltre, questa lanterna di emergenza Energizer funziona comodamente con 3 batterie Energizer MAX D per la massima potenza o 3 batterie Energizer MAX AA per una potenza inferiore in caso di necessit\u00e0. Accendilo con il suo pulsante facile da trovare che si illumina al buio e scegli tra 3 modalit\u00e0 di impostazione della luminosit\u00e0: Luce alta, bassa e notturna. Questa torcia Energizer LED Lanterna di emergenza \u00e8 un&#039;ottima scelta per ogni condizione meteorologica grazie alla sua struttura resistente all&#039;acqua. Tieni la lanterna di emergenza Energizer LED a portata di mano e preparati ad affrontare ogni avventura. * Emissione luminosa misurata dal LED. Il valore \u00e8 applicabile solo al LED. L&#039;emissione luminosa effettiva del dispositivo pu\u00f2 variare.\" \/>\n<meta property=\"og:url\" content=\"https:\/\/energizer.com\/eu\/italy\/product\/enr-eu-360-lantern-500-lan-os-esal351b\/\" \/>\n<meta property=\"og:site_name\" content=\"Italy\" \/>\n<meta property=\"article:modified_time\" content=\"2024-08-24T04:24:57+00:00\" \/>\n<meta name=\"twitter:card\" content=\"summary_large_image\" \/>\n<script type=\"application\/ld+json\" class=\"yoast-schema-graph\">{\"@context\":\"https:\\\/\\\/schema.org\",\"@graph\":[{\"@type\":\"WebPage\",\"@id\":\"https:\\\/\\\/energizer.com\\\/eu\\\/italy\\\/product\\\/enr-eu-360-lantern-500-lan-os-esal351b\\\/\",\"url\":\"https:\\\/\\\/energizer.com\\\/eu\\\/italy\\\/product\\\/enr-eu-360-lantern-500-lan-os-esal351b\\\/\",\"name\":\"Energizer LANTERN 500 - Italy\",\"isPartOf\":{\"@id\":\"https:\\\/\\\/energizer.com\\\/eu\\\/italy\\\/#website\"},\"datePublished\":\"2024-06-03T05:38:37+00:00\",\"dateModified\":\"2024-08-24T04:24:57+00:00\",\"breadcrumb\":{\"@id\":\"https:\\\/\\\/energizer.com\\\/eu\\\/italy\\\/product\\\/enr-eu-360-lantern-500-lan-os-esal351b\\\/#breadcrumb\"},\"inLanguage\":\"en-US\",\"potentialAction\":[{\"@type\":\"ReadAction\",\"target\":[\"https:\\\/\\\/energizer.com\\\/eu\\\/italy\\\/product\\\/enr-eu-360-lantern-500-lan-os-esal351b\\\/\"]}]},{\"@type\":\"BreadcrumbList\",\"@id\":\"https:\\\/\\\/energizer.com\\\/eu\\\/italy\\\/product\\\/enr-eu-360-lantern-500-lan-os-esal351b\\\/#breadcrumb\",\"itemListElement\":[{\"@type\":\"ListItem\",\"position\":1,\"name\":\"Home\",\"item\":\"https:\\\/\\\/energizer.com\\\/eu\\\/italy\\\/\"},{\"@type\":\"ListItem\",\"position\":2,\"name\":\"Energizer LANTERN 500\"}]},{\"@type\":\"WebSite\",\"@id\":\"https:\\\/\\\/energizer.com\\\/eu\\\/italy\\\/#website\",\"url\":\"https:\\\/\\\/energizer.com\\\/eu\\\/italy\\\/\",\"name\":\"Energizer Italy\",\"description\":\"\",\"publisher\":{\"@id\":\"https:\\\/\\\/energizer.com\\\/eu\\\/italy\\\/#organization\"},\"potentialAction\":[{\"@type\":\"SearchAction\",\"target\":{\"@type\":\"EntryPoint\",\"urlTemplate\":\"https:\\\/\\\/energizer.com\\\/eu\\\/italy\\\/?s={search_term_string}\"},\"query-input\":{\"@type\":\"PropertyValueSpecification\",\"valueRequired\":true,\"valueName\":\"search_term_string\"}}],\"inLanguage\":\"en-US\"},{\"@type\":\"Organization\",\"@id\":\"https:\\\/\\\/energizer.com\\\/eu\\\/italy\\\/#organization\",\"name\":\"Energizer Italy\",\"url\":\"https:\\\/\\\/energizer.com\\\/eu\\\/italy\\\/\",\"logo\":{\"@type\":\"ImageObject\",\"inLanguage\":\"en-US\",\"@id\":\"https:\\\/\\\/energizer.com\\\/eu\\\/italy\\\/#\\\/schema\\\/logo\\\/image\\\/\",\"url\":\"https:\\\/\\\/energizer.com\\\/eu\\\/italy\\\/wp-content\\\/uploads\\\/sites\\\/7\\\/2024\\\/04\\\/Energizer_brand.png\",\"contentUrl\":\"https:\\\/\\\/energizer.com\\\/eu\\\/italy\\\/wp-content\\\/uploads\\\/sites\\\/7\\\/2024\\\/04\\\/Energizer_brand.png\",\"width\":267,\"height\":100,\"caption\":\"Energizer Italy\"},\"image\":{\"@id\":\"https:\\\/\\\/energizer.com\\\/eu\\\/italy\\\/#\\\/schema\\\/logo\\\/image\\\/\"}}]}<\/script>\n<!-- \/ Yoast SEO plugin. -->","yoast_head_json":{"title":"Energizer LANTERN 500 - Italy","robots":{"index":"index","follow":"follow","max-snippet":"max-snippet:-1","max-image-preview":"max-image-preview:large","max-video-preview":"max-video-preview:-1"},"canonical":"https:\/\/energizer.com\/eu\/italy\/product\/enr-eu-360-lantern-500-lan-os-esal351b\/","og_locale":"en_US","og_type":"article","og_title":"Energizer LANTERN 500 - Italy","og_description":"Illuminazione portatile a 360\u00b0 che riempie la stanza: Questo \u00e8 ci\u00f2 che ottieni con la lanterna di emergenza Energizer LED. Con un massimo di 500 lumen*, la brillante luce LED di questa potente lanterna riempie le stanze interne da parete a parete. Hai bisogno di illuminazione esterna? Nessun problema. Questa lanterna portatile illumina anche gli spazi esterni, cos\u00ec non sarai mai al buio. Ottimo per ogni situazione, sia che venga utilizzato per il campeggio o le escursioni, per i blackout e le interruzioni di corrente durante i temporali o per lavorare negli angoli bui della casa. Inoltre, questa lanterna di emergenza Energizer funziona comodamente con 3 batterie Energizer MAX D per la massima potenza o 3 batterie Energizer MAX AA per una potenza inferiore in caso di necessit\u00e0. Accendilo con il suo pulsante facile da trovare che si illumina al buio e scegli tra 3 modalit\u00e0 di impostazione della luminosit\u00e0: Luce alta, bassa e notturna. Questa torcia Energizer LED Lanterna di emergenza \u00e8 un'ottima scelta per ogni condizione meteorologica grazie alla sua struttura resistente all'acqua. Tieni la lanterna di emergenza Energizer LED a portata di mano e preparati ad affrontare ogni avventura. * Emissione luminosa misurata dal LED. Il valore \u00e8 applicabile solo al LED. L'emissione luminosa effettiva del dispositivo pu\u00f2 variare.","og_url":"https:\/\/energizer.com\/eu\/italy\/product\/enr-eu-360-lantern-500-lan-os-esal351b\/","og_site_name":"Italy","article_modified_time":"2024-08-24T04:24:57+00:00","twitter_card":"summary_large_image","schema":{"@context":"https:\/\/schema.org","@graph":[{"@type":"WebPage","@id":"https:\/\/energizer.com\/eu\/italy\/product\/enr-eu-360-lantern-500-lan-os-esal351b\/","url":"https:\/\/energizer.com\/eu\/italy\/product\/enr-eu-360-lantern-500-lan-os-esal351b\/","name":"Energizer LANTERN 500 - Italy","isPartOf":{"@id":"https:\/\/energizer.com\/eu\/italy\/#website"},"datePublished":"2024-06-03T05:38:37+00:00","dateModified":"2024-08-24T04:24:57+00:00","breadcrumb":{"@id":"https:\/\/energizer.com\/eu\/italy\/product\/enr-eu-360-lantern-500-lan-os-esal351b\/#breadcrumb"},"inLanguage":"en-US","potentialAction":[{"@type":"ReadAction","target":["https:\/\/energizer.com\/eu\/italy\/product\/enr-eu-360-lantern-500-lan-os-esal351b\/"]}]},{"@type":"BreadcrumbList","@id":"https:\/\/energizer.com\/eu\/italy\/product\/enr-eu-360-lantern-500-lan-os-esal351b\/#breadcrumb","itemListElement":[{"@type":"ListItem","position":1,"name":"Home","item":"https:\/\/energizer.com\/eu\/italy\/"},{"@type":"ListItem","position":2,"name":"Energizer LANTERN 500"}]},{"@type":"WebSite","@id":"https:\/\/energizer.com\/eu\/italy\/#website","url":"https:\/\/energizer.com\/eu\/italy\/","name":"Energizer Italy","description":"","publisher":{"@id":"https:\/\/energizer.com\/eu\/italy\/#organization"},"potentialAction":[{"@type":"SearchAction","target":{"@type":"EntryPoint","urlTemplate":"https:\/\/energizer.com\/eu\/italy\/?s={search_term_string}"},"query-input":{"@type":"PropertyValueSpecification","valueRequired":true,"valueName":"search_term_string"}}],"inLanguage":"en-US"},{"@type":"Organization","@id":"https:\/\/energizer.com\/eu\/italy\/#organization","name":"Energizer Italy","url":"https:\/\/energizer.com\/eu\/italy\/","logo":{"@type":"ImageObject","inLanguage":"en-US","@id":"https:\/\/energizer.com\/eu\/italy\/#\/schema\/logo\/image\/","url":"https:\/\/energizer.com\/eu\/italy\/wp-content\/uploads\/sites\/7\/2024\/04\/Energizer_brand.png","contentUrl":"https:\/\/energizer.com\/eu\/italy\/wp-content\/uploads\/sites\/7\/2024\/04\/Energizer_brand.png","width":267,"height":100,"caption":"Energizer Italy"},"image":{"@id":"https:\/\/energizer.com\/eu\/italy\/#\/schema\/logo\/image\/"}}]}},"_links":{"self":[{"href":"https:\/\/energizer.com\/eu\/italy\/wp-json\/wp\/v2\/product\/7565","targetHints":{"allow":["GET"]}}],"collection":[{"href":"https:\/\/energizer.com\/eu\/italy\/wp-json\/wp\/v2\/product"}],"about":[{"href":"https:\/\/energizer.com\/eu\/italy\/wp-json\/wp\/v2\/types\/product"}],"replies":[{"embeddable":true,"href":"https:\/\/energizer.com\/eu\/italy\/wp-json\/wp\/v2\/comments?post=7565"}],"version-history":[{"count":4,"href":"https:\/\/energizer.com\/eu\/italy\/wp-json\/wp\/v2\/product\/7565\/revisions"}],"predecessor-version":[{"id":10321,"href":"https:\/\/energizer.com\/eu\/italy\/wp-json\/wp\/v2\/product\/7565\/revisions\/10321"}],"wp:attachment":[{"href":"https:\/\/energizer.com\/eu\/italy\/wp-json\/wp\/v2\/media?parent=7565"}],"wp:term":[{"taxonomy":"product_brand","embeddable":true,"href":"https:\/\/energizer.com\/eu\/italy\/wp-json\/wp\/v2\/product_brand?post=7565"},{"taxonomy":"product_cat","embeddable":true,"href":"https:\/\/energizer.com\/eu\/italy\/wp-json\/wp\/v2\/product_cat?post=7565"},{"taxonomy":"product_tag","embeddable":true,"href":"https:\/\/energizer.com\/eu\/italy\/wp-json\/wp\/v2\/product_tag?post=7565"}],"curies":[{"name":"wp","href":"https:\/\/api.w.org\/{rel}","templated":true}]}}