{"id":7577,"date":"2024-06-03T05:38:37","date_gmt":"2024-06-03T05:38:37","guid":{"rendered":"https:\/\/23b13e8ab3.nxcli.io\/italy\/?post_type=product&#038;p=7577"},"modified":"2024-08-24T04:22:48","modified_gmt":"2024-08-24T04:22:48","slug":"energizer-head-torch-vision-hd-headlight","status":"publish","type":"product","link":"https:\/\/energizer.com\/eu\/italy\/product\/energizer-head-torch-vision-hd-headlight\/","title":{"rendered":"Energizer Head Torch, Vision HD Headlight"},"content":{"rendered":"<ul>\n<li>Faretto Energizer Vision HD con 3 LED bianchi, include 3 batterie alcaline AAA<\/li>\n<li>Tecnologia a LED: Questa potente torcia frontale da 300 lumen ha una portata impressionante di 55 metri<br \/>\nTecnologia Smart Dimming: Regola l&#8217;intensit\u00e0 dal 10% al 100% su tutte le modalit\u00e0, incluse Alto, Punto e Largo<\/li>\n<li>Struttura durevole: Ideale per un uso di lunga durata, questa durevole torcia da testa da corsa resiste al test di caduta da 1 metro, con lente infrangibile e corpo resistente all&#8217;acqua con grado di protezione IPX4<\/li>\n<li>Illuminazione versatile a mani libere: La torcia compatta e facile da usare a mani libere ti copre in caso di interruzioni di corrente, fai da te e altro ancora<\/li>\n<li>Accensione e spegnimento rapido: Spegni facilmente la tua lampada frontale da esterno senza dover scorrere tutte le modalit\u00e0<\/li>\n<li>Potenza affidabile: Affidati a Energizer per offrire le potenti prestazioni che promettiamo: tutte le luci Energizer sono testate e aderiscono a standard ANSI rigorosi e affidabili<\/li>\n<\/ul>\n","protected":false},"excerpt":{"rendered":"<p>Tieni le mani libere e goditi il massimo da ogni avventura con questa leggera e versatile torcia da testa. La lampada frontale Energizer Vision HD \u00e8 compatta e consente l&#8217;uso a mani libere, ideale per il bricolage e le attivit\u00e0 che richiedono due mani. Illuminer\u00e0 la tua strada in qualsiasi avventura dopo il tramonto, in campeggio, durante le escursioni o la corsa. Questa torcia frontale a LED da 300 lumen illuminer\u00e0 anche gli spazi pi\u00f9 bui fino a 55 metri in modalit\u00e0 ad alta potenza, offrendoti molta luce l\u00e0 dove pi\u00f9 ti occorre.<\/p>\n","protected":false},"featured_media":0,"comment_status":"open","ping_status":"closed","template":"","meta":{"_acf_changed":false},"product_brand":[],"product_cat":[43],"product_tag":[],"class_list":{"0":"post-7577","1":"product","2":"type-product","3":"status-publish","5":"product_cat-hands-free","6":"pa_uses-work","8":"first","9":"instock","10":"shipping-taxable","11":"product-type-simple"},"acf":[],"yoast_head":"<!-- This site is optimized with the Yoast SEO plugin v27.4 - https:\/\/yoast.com\/product\/yoast-seo-wordpress\/ -->\n<title>Energizer Head Torch, Vision HD Headlight - Italy<\/title>\n<meta name=\"robots\" content=\"index, follow, max-snippet:-1, max-image-preview:large, max-video-preview:-1\" \/>\n<link rel=\"canonical\" href=\"https:\/\/energizer.com\/eu\/italy\/product\/energizer-head-torch-vision-hd-headlight\/\" \/>\n<meta property=\"og:locale\" content=\"en_US\" \/>\n<meta property=\"og:type\" content=\"article\" \/>\n<meta property=\"og:title\" content=\"Energizer Head Torch, Vision HD Headlight - Italy\" \/>\n<meta property=\"og:description\" content=\"Tieni le mani libere e goditi il massimo da ogni avventura con questa leggera e versatile torcia da testa. La lampada frontale Energizer Vision HD \u00e8 compatta e consente l&#039;uso a mani libere, ideale per il bricolage e le attivit\u00e0 che richiedono due mani. Illuminer\u00e0 la tua strada in qualsiasi avventura dopo il tramonto, in campeggio, durante le escursioni o la corsa. Questa torcia frontale a LED da 300 lumen illuminer\u00e0 anche gli spazi pi\u00f9 bui fino a 55 metri in modalit\u00e0 ad alta potenza, offrendoti molta luce l\u00e0 dove pi\u00f9 ti occorre.\" \/>\n<meta property=\"og:url\" content=\"https:\/\/energizer.com\/eu\/italy\/product\/energizer-head-torch-vision-hd-headlight\/\" \/>\n<meta property=\"og:site_name\" content=\"Italy\" \/>\n<meta property=\"article:modified_time\" content=\"2024-08-24T04:22:48+00:00\" \/>\n<meta name=\"twitter:card\" content=\"summary_large_image\" \/>\n<script type=\"application\/ld+json\" class=\"yoast-schema-graph\">{\"@context\":\"https:\\\/\\\/schema.org\",\"@graph\":[{\"@type\":\"WebPage\",\"@id\":\"https:\\\/\\\/energizer.com\\\/eu\\\/italy\\\/product\\\/energizer-head-torch-vision-hd-headlight\\\/\",\"url\":\"https:\\\/\\\/energizer.com\\\/eu\\\/italy\\\/product\\\/energizer-head-torch-vision-hd-headlight\\\/\",\"name\":\"Energizer Head Torch, Vision HD Headlight - Italy\",\"isPartOf\":{\"@id\":\"https:\\\/\\\/energizer.com\\\/eu\\\/italy\\\/#website\"},\"datePublished\":\"2024-06-03T05:38:37+00:00\",\"dateModified\":\"2024-08-24T04:22:48+00:00\",\"breadcrumb\":{\"@id\":\"https:\\\/\\\/energizer.com\\\/eu\\\/italy\\\/product\\\/energizer-head-torch-vision-hd-headlight\\\/#breadcrumb\"},\"inLanguage\":\"en-US\",\"potentialAction\":[{\"@type\":\"ReadAction\",\"target\":[\"https:\\\/\\\/energizer.com\\\/eu\\\/italy\\\/product\\\/energizer-head-torch-vision-hd-headlight\\\/\"]}]},{\"@type\":\"BreadcrumbList\",\"@id\":\"https:\\\/\\\/energizer.com\\\/eu\\\/italy\\\/product\\\/energizer-head-torch-vision-hd-headlight\\\/#breadcrumb\",\"itemListElement\":[{\"@type\":\"ListItem\",\"position\":1,\"name\":\"Home\",\"item\":\"https:\\\/\\\/energizer.com\\\/eu\\\/italy\\\/\"},{\"@type\":\"ListItem\",\"position\":2,\"name\":\"Energizer Head Torch, Vision HD Headlight\"}]},{\"@type\":\"WebSite\",\"@id\":\"https:\\\/\\\/energizer.com\\\/eu\\\/italy\\\/#website\",\"url\":\"https:\\\/\\\/energizer.com\\\/eu\\\/italy\\\/\",\"name\":\"Energizer Italy\",\"description\":\"\",\"publisher\":{\"@id\":\"https:\\\/\\\/energizer.com\\\/eu\\\/italy\\\/#organization\"},\"potentialAction\":[{\"@type\":\"SearchAction\",\"target\":{\"@type\":\"EntryPoint\",\"urlTemplate\":\"https:\\\/\\\/energizer.com\\\/eu\\\/italy\\\/?s={search_term_string}\"},\"query-input\":{\"@type\":\"PropertyValueSpecification\",\"valueRequired\":true,\"valueName\":\"search_term_string\"}}],\"inLanguage\":\"en-US\"},{\"@type\":\"Organization\",\"@id\":\"https:\\\/\\\/energizer.com\\\/eu\\\/italy\\\/#organization\",\"name\":\"Energizer Italy\",\"url\":\"https:\\\/\\\/energizer.com\\\/eu\\\/italy\\\/\",\"logo\":{\"@type\":\"ImageObject\",\"inLanguage\":\"en-US\",\"@id\":\"https:\\\/\\\/energizer.com\\\/eu\\\/italy\\\/#\\\/schema\\\/logo\\\/image\\\/\",\"url\":\"https:\\\/\\\/energizer.com\\\/eu\\\/italy\\\/wp-content\\\/uploads\\\/sites\\\/7\\\/2024\\\/04\\\/Energizer_brand.png\",\"contentUrl\":\"https:\\\/\\\/energizer.com\\\/eu\\\/italy\\\/wp-content\\\/uploads\\\/sites\\\/7\\\/2024\\\/04\\\/Energizer_brand.png\",\"width\":267,\"height\":100,\"caption\":\"Energizer Italy\"},\"image\":{\"@id\":\"https:\\\/\\\/energizer.com\\\/eu\\\/italy\\\/#\\\/schema\\\/logo\\\/image\\\/\"}}]}<\/script>\n<!-- \/ Yoast SEO plugin. -->","yoast_head_json":{"title":"Energizer Head Torch, Vision HD Headlight - Italy","robots":{"index":"index","follow":"follow","max-snippet":"max-snippet:-1","max-image-preview":"max-image-preview:large","max-video-preview":"max-video-preview:-1"},"canonical":"https:\/\/energizer.com\/eu\/italy\/product\/energizer-head-torch-vision-hd-headlight\/","og_locale":"en_US","og_type":"article","og_title":"Energizer Head Torch, Vision HD Headlight - Italy","og_description":"Tieni le mani libere e goditi il massimo da ogni avventura con questa leggera e versatile torcia da testa. La lampada frontale Energizer Vision HD \u00e8 compatta e consente l'uso a mani libere, ideale per il bricolage e le attivit\u00e0 che richiedono due mani. Illuminer\u00e0 la tua strada in qualsiasi avventura dopo il tramonto, in campeggio, durante le escursioni o la corsa. Questa torcia frontale a LED da 300 lumen illuminer\u00e0 anche gli spazi pi\u00f9 bui fino a 55 metri in modalit\u00e0 ad alta potenza, offrendoti molta luce l\u00e0 dove pi\u00f9 ti occorre.","og_url":"https:\/\/energizer.com\/eu\/italy\/product\/energizer-head-torch-vision-hd-headlight\/","og_site_name":"Italy","article_modified_time":"2024-08-24T04:22:48+00:00","twitter_card":"summary_large_image","schema":{"@context":"https:\/\/schema.org","@graph":[{"@type":"WebPage","@id":"https:\/\/energizer.com\/eu\/italy\/product\/energizer-head-torch-vision-hd-headlight\/","url":"https:\/\/energizer.com\/eu\/italy\/product\/energizer-head-torch-vision-hd-headlight\/","name":"Energizer Head Torch, Vision HD Headlight - Italy","isPartOf":{"@id":"https:\/\/energizer.com\/eu\/italy\/#website"},"datePublished":"2024-06-03T05:38:37+00:00","dateModified":"2024-08-24T04:22:48+00:00","breadcrumb":{"@id":"https:\/\/energizer.com\/eu\/italy\/product\/energizer-head-torch-vision-hd-headlight\/#breadcrumb"},"inLanguage":"en-US","potentialAction":[{"@type":"ReadAction","target":["https:\/\/energizer.com\/eu\/italy\/product\/energizer-head-torch-vision-hd-headlight\/"]}]},{"@type":"BreadcrumbList","@id":"https:\/\/energizer.com\/eu\/italy\/product\/energizer-head-torch-vision-hd-headlight\/#breadcrumb","itemListElement":[{"@type":"ListItem","position":1,"name":"Home","item":"https:\/\/energizer.com\/eu\/italy\/"},{"@type":"ListItem","position":2,"name":"Energizer Head Torch, Vision HD Headlight"}]},{"@type":"WebSite","@id":"https:\/\/energizer.com\/eu\/italy\/#website","url":"https:\/\/energizer.com\/eu\/italy\/","name":"Energizer Italy","description":"","publisher":{"@id":"https:\/\/energizer.com\/eu\/italy\/#organization"},"potentialAction":[{"@type":"SearchAction","target":{"@type":"EntryPoint","urlTemplate":"https:\/\/energizer.com\/eu\/italy\/?s={search_term_string}"},"query-input":{"@type":"PropertyValueSpecification","valueRequired":true,"valueName":"search_term_string"}}],"inLanguage":"en-US"},{"@type":"Organization","@id":"https:\/\/energizer.com\/eu\/italy\/#organization","name":"Energizer Italy","url":"https:\/\/energizer.com\/eu\/italy\/","logo":{"@type":"ImageObject","inLanguage":"en-US","@id":"https:\/\/energizer.com\/eu\/italy\/#\/schema\/logo\/image\/","url":"https:\/\/energizer.com\/eu\/italy\/wp-content\/uploads\/sites\/7\/2024\/04\/Energizer_brand.png","contentUrl":"https:\/\/energizer.com\/eu\/italy\/wp-content\/uploads\/sites\/7\/2024\/04\/Energizer_brand.png","width":267,"height":100,"caption":"Energizer Italy"},"image":{"@id":"https:\/\/energizer.com\/eu\/italy\/#\/schema\/logo\/image\/"}}]}},"_links":{"self":[{"href":"https:\/\/energizer.com\/eu\/italy\/wp-json\/wp\/v2\/product\/7577","targetHints":{"allow":["GET"]}}],"collection":[{"href":"https:\/\/energizer.com\/eu\/italy\/wp-json\/wp\/v2\/product"}],"about":[{"href":"https:\/\/energizer.com\/eu\/italy\/wp-json\/wp\/v2\/types\/product"}],"replies":[{"embeddable":true,"href":"https:\/\/energizer.com\/eu\/italy\/wp-json\/wp\/v2\/comments?post=7577"}],"version-history":[{"count":3,"href":"https:\/\/energizer.com\/eu\/italy\/wp-json\/wp\/v2\/product\/7577\/revisions"}],"predecessor-version":[{"id":9589,"href":"https:\/\/energizer.com\/eu\/italy\/wp-json\/wp\/v2\/product\/7577\/revisions\/9589"}],"wp:attachment":[{"href":"https:\/\/energizer.com\/eu\/italy\/wp-json\/wp\/v2\/media?parent=7577"}],"wp:term":[{"taxonomy":"product_brand","embeddable":true,"href":"https:\/\/energizer.com\/eu\/italy\/wp-json\/wp\/v2\/product_brand?post=7577"},{"taxonomy":"product_cat","embeddable":true,"href":"https:\/\/energizer.com\/eu\/italy\/wp-json\/wp\/v2\/product_cat?post=7577"},{"taxonomy":"product_tag","embeddable":true,"href":"https:\/\/energizer.com\/eu\/italy\/wp-json\/wp\/v2\/product_tag?post=7577"}],"curies":[{"name":"wp","href":"https:\/\/api.w.org\/{rel}","templated":true}]}}