{"id":7578,"date":"2024-06-03T05:38:37","date_gmt":"2024-06-03T05:38:37","guid":{"rendered":"https:\/\/23b13e8ab3.nxcli.io\/italy\/?post_type=product&#038;p=7578"},"modified":"2024-08-24T04:22:51","modified_gmt":"2024-08-24T04:22:51","slug":"energizer-hard-case-led-headlamp","status":"publish","type":"product","link":"https:\/\/energizer.com\/eu\/italy\/product\/energizer-hard-case-led-headlamp\/","title":{"rendered":"Energizer Hard Case LED Headlamp"},"content":{"rendered":"<ul>\n<li>Questa lampada frontale robusta e resistente funziona con 3 batterie Energizer MAX AA (incluse)<\/li>\n<li>La tecnologia LED ad alta potenza offre un fascio potente fino a 325 lumen che pu\u00f2 raggiungere fino a 100 metri in modalit\u00e0 alta<\/li>\n<li>La fascia per la testa antiscivolo e la fascia regolabile si adattano a elmetti e caschi da lavoro standard<\/li>\n<li>La struttura robusta pu\u00f2 resistere a una caduta dopo l&#8217;altra fino a 7 metri di altezza<\/li>\n<li>Include una comoda testa girevole che dirige un potente flusso di luce<\/li>\n<li>Passa facilmente dalla modalit\u00e0 inondazione a quella spot<\/li>\n<li>Pronto a qualsiasi meteo: Resistente all&#8217;acqua secondo lo standard IPX4<\/li>\n<\/ul>\n","protected":false},"excerpt":{"rendered":"<p>Libera le mani con la lampada frontale a LED robusta Energizer Hard Case Professional. Ruota la lampada frontale e direziona il suo potente fascio di luce LED fino a 100 metri di distanza (alla massima potenza). Con le modalit\u00e0 operative a piena potenza, Punto o Inondazione, puoi ottenere una luminosit\u00e0 ad alta potenza per 6,5 ore (in modalit\u00e0 alta) o un tempo di funzionamento pi\u00f9 lungo, 22 ore (in modalit\u00e0 bassa). Questa \u00e8 una lampada frontale costruita anche per i compiti pi\u00f9 impegnativi: Il suo robusto corpo esterno \u00e8 resistente agli agenti atmosferici e pu\u00f2 resistere caduta dopo caduta, anche da un&#8217;altezza fino a 7 metri. Facile da indossare, la comoda fascia regolabile di questa lampada frontale si adatta come un guanto. Indossi un elmetto protettivo o un casco? Nessun problema: la cinghia antiscivolo di questa lampada frontale Energizer aderisce quando ne hai bisogno per una luce stabile.<\/p>\n","protected":false},"featured_media":0,"comment_status":"open","ping_status":"closed","template":"","meta":{"_acf_changed":false},"product_brand":[],"product_cat":[43],"product_tag":[],"class_list":{"0":"post-7578","1":"product","2":"type-product","3":"status-publish","5":"product_cat-hands-free","6":"pa_uses-work","8":"first","9":"instock","10":"shipping-taxable","11":"product-type-simple"},"acf":[],"yoast_head":"<!-- This site is optimized with the Yoast SEO plugin v27.4 - https:\/\/yoast.com\/product\/yoast-seo-wordpress\/ -->\n<title>Energizer Hard Case LED Headlamp - Italy<\/title>\n<meta name=\"robots\" content=\"index, follow, max-snippet:-1, max-image-preview:large, max-video-preview:-1\" \/>\n<link rel=\"canonical\" href=\"https:\/\/energizer.com\/eu\/italy\/product\/energizer-hard-case-led-headlamp\/\" \/>\n<meta property=\"og:locale\" content=\"en_US\" \/>\n<meta property=\"og:type\" content=\"article\" \/>\n<meta property=\"og:title\" content=\"Energizer Hard Case LED Headlamp - Italy\" \/>\n<meta property=\"og:description\" content=\"Libera le mani con la lampada frontale a LED robusta Energizer Hard Case Professional. Ruota la lampada frontale e direziona il suo potente fascio di luce LED fino a 100 metri di distanza (alla massima potenza). Con le modalit\u00e0 operative a piena potenza, Punto o Inondazione, puoi ottenere una luminosit\u00e0 ad alta potenza per 6,5 ore (in modalit\u00e0 alta) o un tempo di funzionamento pi\u00f9 lungo, 22 ore (in modalit\u00e0 bassa). Questa \u00e8 una lampada frontale costruita anche per i compiti pi\u00f9 impegnativi: Il suo robusto corpo esterno \u00e8 resistente agli agenti atmosferici e pu\u00f2 resistere caduta dopo caduta, anche da un&#039;altezza fino a 7 metri. Facile da indossare, la comoda fascia regolabile di questa lampada frontale si adatta come un guanto. Indossi un elmetto protettivo o un casco? Nessun problema: la cinghia antiscivolo di questa lampada frontale Energizer aderisce quando ne hai bisogno per una luce stabile.\" \/>\n<meta property=\"og:url\" content=\"https:\/\/energizer.com\/eu\/italy\/product\/energizer-hard-case-led-headlamp\/\" \/>\n<meta property=\"og:site_name\" content=\"Italy\" \/>\n<meta property=\"article:modified_time\" content=\"2024-08-24T04:22:51+00:00\" \/>\n<meta name=\"twitter:card\" content=\"summary_large_image\" \/>\n<script type=\"application\/ld+json\" class=\"yoast-schema-graph\">{\"@context\":\"https:\\\/\\\/schema.org\",\"@graph\":[{\"@type\":\"WebPage\",\"@id\":\"https:\\\/\\\/energizer.com\\\/eu\\\/italy\\\/product\\\/energizer-hard-case-led-headlamp\\\/\",\"url\":\"https:\\\/\\\/energizer.com\\\/eu\\\/italy\\\/product\\\/energizer-hard-case-led-headlamp\\\/\",\"name\":\"Energizer Hard Case LED Headlamp - Italy\",\"isPartOf\":{\"@id\":\"https:\\\/\\\/energizer.com\\\/eu\\\/italy\\\/#website\"},\"datePublished\":\"2024-06-03T05:38:37+00:00\",\"dateModified\":\"2024-08-24T04:22:51+00:00\",\"breadcrumb\":{\"@id\":\"https:\\\/\\\/energizer.com\\\/eu\\\/italy\\\/product\\\/energizer-hard-case-led-headlamp\\\/#breadcrumb\"},\"inLanguage\":\"en-US\",\"potentialAction\":[{\"@type\":\"ReadAction\",\"target\":[\"https:\\\/\\\/energizer.com\\\/eu\\\/italy\\\/product\\\/energizer-hard-case-led-headlamp\\\/\"]}]},{\"@type\":\"BreadcrumbList\",\"@id\":\"https:\\\/\\\/energizer.com\\\/eu\\\/italy\\\/product\\\/energizer-hard-case-led-headlamp\\\/#breadcrumb\",\"itemListElement\":[{\"@type\":\"ListItem\",\"position\":1,\"name\":\"Home\",\"item\":\"https:\\\/\\\/energizer.com\\\/eu\\\/italy\\\/\"},{\"@type\":\"ListItem\",\"position\":2,\"name\":\"Energizer Hard Case LED Headlamp\"}]},{\"@type\":\"WebSite\",\"@id\":\"https:\\\/\\\/energizer.com\\\/eu\\\/italy\\\/#website\",\"url\":\"https:\\\/\\\/energizer.com\\\/eu\\\/italy\\\/\",\"name\":\"Energizer Italy\",\"description\":\"\",\"publisher\":{\"@id\":\"https:\\\/\\\/energizer.com\\\/eu\\\/italy\\\/#organization\"},\"potentialAction\":[{\"@type\":\"SearchAction\",\"target\":{\"@type\":\"EntryPoint\",\"urlTemplate\":\"https:\\\/\\\/energizer.com\\\/eu\\\/italy\\\/?s={search_term_string}\"},\"query-input\":{\"@type\":\"PropertyValueSpecification\",\"valueRequired\":true,\"valueName\":\"search_term_string\"}}],\"inLanguage\":\"en-US\"},{\"@type\":\"Organization\",\"@id\":\"https:\\\/\\\/energizer.com\\\/eu\\\/italy\\\/#organization\",\"name\":\"Energizer Italy\",\"url\":\"https:\\\/\\\/energizer.com\\\/eu\\\/italy\\\/\",\"logo\":{\"@type\":\"ImageObject\",\"inLanguage\":\"en-US\",\"@id\":\"https:\\\/\\\/energizer.com\\\/eu\\\/italy\\\/#\\\/schema\\\/logo\\\/image\\\/\",\"url\":\"https:\\\/\\\/energizer.com\\\/eu\\\/italy\\\/wp-content\\\/uploads\\\/sites\\\/7\\\/2024\\\/04\\\/Energizer_brand.png\",\"contentUrl\":\"https:\\\/\\\/energizer.com\\\/eu\\\/italy\\\/wp-content\\\/uploads\\\/sites\\\/7\\\/2024\\\/04\\\/Energizer_brand.png\",\"width\":267,\"height\":100,\"caption\":\"Energizer Italy\"},\"image\":{\"@id\":\"https:\\\/\\\/energizer.com\\\/eu\\\/italy\\\/#\\\/schema\\\/logo\\\/image\\\/\"}}]}<\/script>\n<!-- \/ Yoast SEO plugin. -->","yoast_head_json":{"title":"Energizer Hard Case LED Headlamp - Italy","robots":{"index":"index","follow":"follow","max-snippet":"max-snippet:-1","max-image-preview":"max-image-preview:large","max-video-preview":"max-video-preview:-1"},"canonical":"https:\/\/energizer.com\/eu\/italy\/product\/energizer-hard-case-led-headlamp\/","og_locale":"en_US","og_type":"article","og_title":"Energizer Hard Case LED Headlamp - Italy","og_description":"Libera le mani con la lampada frontale a LED robusta Energizer Hard Case Professional. Ruota la lampada frontale e direziona il suo potente fascio di luce LED fino a 100 metri di distanza (alla massima potenza). Con le modalit\u00e0 operative a piena potenza, Punto o Inondazione, puoi ottenere una luminosit\u00e0 ad alta potenza per 6,5 ore (in modalit\u00e0 alta) o un tempo di funzionamento pi\u00f9 lungo, 22 ore (in modalit\u00e0 bassa). Questa \u00e8 una lampada frontale costruita anche per i compiti pi\u00f9 impegnativi: Il suo robusto corpo esterno \u00e8 resistente agli agenti atmosferici e pu\u00f2 resistere caduta dopo caduta, anche da un'altezza fino a 7 metri. Facile da indossare, la comoda fascia regolabile di questa lampada frontale si adatta come un guanto. Indossi un elmetto protettivo o un casco? Nessun problema: la cinghia antiscivolo di questa lampada frontale Energizer aderisce quando ne hai bisogno per una luce stabile.","og_url":"https:\/\/energizer.com\/eu\/italy\/product\/energizer-hard-case-led-headlamp\/","og_site_name":"Italy","article_modified_time":"2024-08-24T04:22:51+00:00","twitter_card":"summary_large_image","schema":{"@context":"https:\/\/schema.org","@graph":[{"@type":"WebPage","@id":"https:\/\/energizer.com\/eu\/italy\/product\/energizer-hard-case-led-headlamp\/","url":"https:\/\/energizer.com\/eu\/italy\/product\/energizer-hard-case-led-headlamp\/","name":"Energizer Hard Case LED Headlamp - Italy","isPartOf":{"@id":"https:\/\/energizer.com\/eu\/italy\/#website"},"datePublished":"2024-06-03T05:38:37+00:00","dateModified":"2024-08-24T04:22:51+00:00","breadcrumb":{"@id":"https:\/\/energizer.com\/eu\/italy\/product\/energizer-hard-case-led-headlamp\/#breadcrumb"},"inLanguage":"en-US","potentialAction":[{"@type":"ReadAction","target":["https:\/\/energizer.com\/eu\/italy\/product\/energizer-hard-case-led-headlamp\/"]}]},{"@type":"BreadcrumbList","@id":"https:\/\/energizer.com\/eu\/italy\/product\/energizer-hard-case-led-headlamp\/#breadcrumb","itemListElement":[{"@type":"ListItem","position":1,"name":"Home","item":"https:\/\/energizer.com\/eu\/italy\/"},{"@type":"ListItem","position":2,"name":"Energizer Hard Case LED Headlamp"}]},{"@type":"WebSite","@id":"https:\/\/energizer.com\/eu\/italy\/#website","url":"https:\/\/energizer.com\/eu\/italy\/","name":"Energizer Italy","description":"","publisher":{"@id":"https:\/\/energizer.com\/eu\/italy\/#organization"},"potentialAction":[{"@type":"SearchAction","target":{"@type":"EntryPoint","urlTemplate":"https:\/\/energizer.com\/eu\/italy\/?s={search_term_string}"},"query-input":{"@type":"PropertyValueSpecification","valueRequired":true,"valueName":"search_term_string"}}],"inLanguage":"en-US"},{"@type":"Organization","@id":"https:\/\/energizer.com\/eu\/italy\/#organization","name":"Energizer Italy","url":"https:\/\/energizer.com\/eu\/italy\/","logo":{"@type":"ImageObject","inLanguage":"en-US","@id":"https:\/\/energizer.com\/eu\/italy\/#\/schema\/logo\/image\/","url":"https:\/\/energizer.com\/eu\/italy\/wp-content\/uploads\/sites\/7\/2024\/04\/Energizer_brand.png","contentUrl":"https:\/\/energizer.com\/eu\/italy\/wp-content\/uploads\/sites\/7\/2024\/04\/Energizer_brand.png","width":267,"height":100,"caption":"Energizer Italy"},"image":{"@id":"https:\/\/energizer.com\/eu\/italy\/#\/schema\/logo\/image\/"}}]}},"_links":{"self":[{"href":"https:\/\/energizer.com\/eu\/italy\/wp-json\/wp\/v2\/product\/7578","targetHints":{"allow":["GET"]}}],"collection":[{"href":"https:\/\/energizer.com\/eu\/italy\/wp-json\/wp\/v2\/product"}],"about":[{"href":"https:\/\/energizer.com\/eu\/italy\/wp-json\/wp\/v2\/types\/product"}],"replies":[{"embeddable":true,"href":"https:\/\/energizer.com\/eu\/italy\/wp-json\/wp\/v2\/comments?post=7578"}],"version-history":[{"count":3,"href":"https:\/\/energizer.com\/eu\/italy\/wp-json\/wp\/v2\/product\/7578\/revisions"}],"predecessor-version":[{"id":9590,"href":"https:\/\/energizer.com\/eu\/italy\/wp-json\/wp\/v2\/product\/7578\/revisions\/9590"}],"wp:attachment":[{"href":"https:\/\/energizer.com\/eu\/italy\/wp-json\/wp\/v2\/media?parent=7578"}],"wp:term":[{"taxonomy":"product_brand","embeddable":true,"href":"https:\/\/energizer.com\/eu\/italy\/wp-json\/wp\/v2\/product_brand?post=7578"},{"taxonomy":"product_cat","embeddable":true,"href":"https:\/\/energizer.com\/eu\/italy\/wp-json\/wp\/v2\/product_cat?post=7578"},{"taxonomy":"product_tag","embeddable":true,"href":"https:\/\/energizer.com\/eu\/italy\/wp-json\/wp\/v2\/product_tag?post=7578"}],"curies":[{"name":"wp","href":"https:\/\/api.w.org\/{rel}","templated":true}]}}