{"id":7579,"date":"2024-06-03T05:38:37","date_gmt":"2024-06-03T05:38:37","guid":{"rendered":"https:\/\/23b13e8ab3.nxcli.io\/italy\/?post_type=product&#038;p=7579"},"modified":"2024-08-24T04:22:54","modified_gmt":"2024-08-24T04:22:54","slug":"energizer-hardcase-magnet-400-headlight","status":"publish","type":"product","link":"https:\/\/energizer.com\/eu\/italy\/product\/energizer-hardcase-magnet-400-headlight\/","title":{"rendered":"Energizer Hardcase MAGNET 400 Headlight"},"content":{"rendered":"<ul>\n<li>Questa lampada frontale magnetica resistente e versatile funziona con 3 batterie Energizer MAX AAA (incluse)<\/li>\n<li>Indossalo come lampada frontale o stacca l&#8217;unit\u00e0 luminosa e montala su superfici magnetiche<\/li>\n<li>Fornisce fino a 400 lumen di luce, 5 volte pi\u00f9 luminosa rispetto alla tecnologia LED standard con una distanza del fascio fino a 60 metri<\/li>\n<li>La fascia per la testa antiscivolo e la fascia regolabile si adattano a caschi ed elmetti standard<\/li>\n<li>Il corpo robusto pu\u00f2 resistere a cadute multiple da un&#8217;altezza fino a 7 metri<\/li>\n<li>Passa tra 2 modalit\u00e0 di illuminazione: Spot per un&#8217;illuminazione mirata o diffusa per una luce ampia e uniforme<\/li>\n<li>Pronto per qualsiasi tempo: Resistente all&#8217;acqua secondo lo standard IPX4<\/li>\n<\/ul>\n","protected":false},"excerpt":{"rendered":"<p>Scopri la potenza luminosa multifunzionale e versatile della lampada frontale magnetica professionale Energizer Hard Case. Con un massimo di 400 lumen di luce (5 volte pi\u00f9 luminoso della tecnologia LED standard) e una distanza del fascio che pu\u00f2 raggiungere fino a 60 metri di distanza, questa lampada frontale \u00e8 adatta a qualsiasi lavoro, dal lavoro sotterraneo a sotto il cofano di un&#8217;auto. Indossala per l&#8217;illuminazione da lavoro a mani libere o stacca la lampada frontale magnetica per montarla istantaneamente ovunque sia necessaria pi\u00f9 luce. Con resistenza agli agenti atmosferici IPX4, questa lampada frontale durevole \u00e8 costruita per resistere agli elementi. Inoltre, la sua resistenza agli urti significa che pu\u00f2 resistere a cadute fino a 7 metri, cos\u00ec puoi ottenere la luce di cui hai bisogno, anche nelle condizioni di lavoro pi\u00f9 difficili.<\/p>\n","protected":false},"featured_media":0,"comment_status":"open","ping_status":"closed","template":"","meta":{"_acf_changed":false},"product_brand":[],"product_cat":[43],"product_tag":[],"class_list":{"0":"post-7579","1":"product","2":"type-product","3":"status-publish","5":"product_cat-hands-free","6":"pa_uses-work","8":"first","9":"instock","10":"shipping-taxable","11":"product-type-simple"},"acf":[],"yoast_head":"<!-- This site is optimized with the Yoast SEO plugin v27.4 - https:\/\/yoast.com\/product\/yoast-seo-wordpress\/ -->\n<title>Energizer Hardcase MAGNET 400 Headlight - Italy<\/title>\n<meta name=\"robots\" content=\"index, follow, max-snippet:-1, max-image-preview:large, max-video-preview:-1\" \/>\n<link rel=\"canonical\" href=\"https:\/\/energizer.com\/eu\/italy\/product\/energizer-hardcase-magnet-400-headlight\/\" \/>\n<meta property=\"og:locale\" content=\"en_US\" \/>\n<meta property=\"og:type\" content=\"article\" \/>\n<meta property=\"og:title\" content=\"Energizer Hardcase MAGNET 400 Headlight - Italy\" \/>\n<meta property=\"og:description\" content=\"Scopri la potenza luminosa multifunzionale e versatile della lampada frontale magnetica professionale Energizer Hard Case. Con un massimo di 400 lumen di luce (5 volte pi\u00f9 luminoso della tecnologia LED standard) e una distanza del fascio che pu\u00f2 raggiungere fino a 60 metri di distanza, questa lampada frontale \u00e8 adatta a qualsiasi lavoro, dal lavoro sotterraneo a sotto il cofano di un&#039;auto. Indossala per l&#039;illuminazione da lavoro a mani libere o stacca la lampada frontale magnetica per montarla istantaneamente ovunque sia necessaria pi\u00f9 luce. Con resistenza agli agenti atmosferici IPX4, questa lampada frontale durevole \u00e8 costruita per resistere agli elementi. Inoltre, la sua resistenza agli urti significa che pu\u00f2 resistere a cadute fino a 7 metri, cos\u00ec puoi ottenere la luce di cui hai bisogno, anche nelle condizioni di lavoro pi\u00f9 difficili.\" \/>\n<meta property=\"og:url\" content=\"https:\/\/energizer.com\/eu\/italy\/product\/energizer-hardcase-magnet-400-headlight\/\" \/>\n<meta property=\"og:site_name\" content=\"Italy\" \/>\n<meta property=\"article:modified_time\" content=\"2024-08-24T04:22:54+00:00\" \/>\n<meta name=\"twitter:card\" content=\"summary_large_image\" \/>\n<script type=\"application\/ld+json\" class=\"yoast-schema-graph\">{\"@context\":\"https:\\\/\\\/schema.org\",\"@graph\":[{\"@type\":\"WebPage\",\"@id\":\"https:\\\/\\\/energizer.com\\\/eu\\\/italy\\\/product\\\/energizer-hardcase-magnet-400-headlight\\\/\",\"url\":\"https:\\\/\\\/energizer.com\\\/eu\\\/italy\\\/product\\\/energizer-hardcase-magnet-400-headlight\\\/\",\"name\":\"Energizer Hardcase MAGNET 400 Headlight - Italy\",\"isPartOf\":{\"@id\":\"https:\\\/\\\/energizer.com\\\/eu\\\/italy\\\/#website\"},\"datePublished\":\"2024-06-03T05:38:37+00:00\",\"dateModified\":\"2024-08-24T04:22:54+00:00\",\"breadcrumb\":{\"@id\":\"https:\\\/\\\/energizer.com\\\/eu\\\/italy\\\/product\\\/energizer-hardcase-magnet-400-headlight\\\/#breadcrumb\"},\"inLanguage\":\"en-US\",\"potentialAction\":[{\"@type\":\"ReadAction\",\"target\":[\"https:\\\/\\\/energizer.com\\\/eu\\\/italy\\\/product\\\/energizer-hardcase-magnet-400-headlight\\\/\"]}]},{\"@type\":\"BreadcrumbList\",\"@id\":\"https:\\\/\\\/energizer.com\\\/eu\\\/italy\\\/product\\\/energizer-hardcase-magnet-400-headlight\\\/#breadcrumb\",\"itemListElement\":[{\"@type\":\"ListItem\",\"position\":1,\"name\":\"Home\",\"item\":\"https:\\\/\\\/energizer.com\\\/eu\\\/italy\\\/\"},{\"@type\":\"ListItem\",\"position\":2,\"name\":\"Energizer Hardcase MAGNET 400 Headlight\"}]},{\"@type\":\"WebSite\",\"@id\":\"https:\\\/\\\/energizer.com\\\/eu\\\/italy\\\/#website\",\"url\":\"https:\\\/\\\/energizer.com\\\/eu\\\/italy\\\/\",\"name\":\"Energizer Italy\",\"description\":\"\",\"publisher\":{\"@id\":\"https:\\\/\\\/energizer.com\\\/eu\\\/italy\\\/#organization\"},\"potentialAction\":[{\"@type\":\"SearchAction\",\"target\":{\"@type\":\"EntryPoint\",\"urlTemplate\":\"https:\\\/\\\/energizer.com\\\/eu\\\/italy\\\/?s={search_term_string}\"},\"query-input\":{\"@type\":\"PropertyValueSpecification\",\"valueRequired\":true,\"valueName\":\"search_term_string\"}}],\"inLanguage\":\"en-US\"},{\"@type\":\"Organization\",\"@id\":\"https:\\\/\\\/energizer.com\\\/eu\\\/italy\\\/#organization\",\"name\":\"Energizer Italy\",\"url\":\"https:\\\/\\\/energizer.com\\\/eu\\\/italy\\\/\",\"logo\":{\"@type\":\"ImageObject\",\"inLanguage\":\"en-US\",\"@id\":\"https:\\\/\\\/energizer.com\\\/eu\\\/italy\\\/#\\\/schema\\\/logo\\\/image\\\/\",\"url\":\"https:\\\/\\\/energizer.com\\\/eu\\\/italy\\\/wp-content\\\/uploads\\\/sites\\\/7\\\/2024\\\/04\\\/Energizer_brand.png\",\"contentUrl\":\"https:\\\/\\\/energizer.com\\\/eu\\\/italy\\\/wp-content\\\/uploads\\\/sites\\\/7\\\/2024\\\/04\\\/Energizer_brand.png\",\"width\":267,\"height\":100,\"caption\":\"Energizer Italy\"},\"image\":{\"@id\":\"https:\\\/\\\/energizer.com\\\/eu\\\/italy\\\/#\\\/schema\\\/logo\\\/image\\\/\"}}]}<\/script>\n<!-- \/ Yoast SEO plugin. -->","yoast_head_json":{"title":"Energizer Hardcase MAGNET 400 Headlight - Italy","robots":{"index":"index","follow":"follow","max-snippet":"max-snippet:-1","max-image-preview":"max-image-preview:large","max-video-preview":"max-video-preview:-1"},"canonical":"https:\/\/energizer.com\/eu\/italy\/product\/energizer-hardcase-magnet-400-headlight\/","og_locale":"en_US","og_type":"article","og_title":"Energizer Hardcase MAGNET 400 Headlight - Italy","og_description":"Scopri la potenza luminosa multifunzionale e versatile della lampada frontale magnetica professionale Energizer Hard Case. Con un massimo di 400 lumen di luce (5 volte pi\u00f9 luminoso della tecnologia LED standard) e una distanza del fascio che pu\u00f2 raggiungere fino a 60 metri di distanza, questa lampada frontale \u00e8 adatta a qualsiasi lavoro, dal lavoro sotterraneo a sotto il cofano di un'auto. Indossala per l'illuminazione da lavoro a mani libere o stacca la lampada frontale magnetica per montarla istantaneamente ovunque sia necessaria pi\u00f9 luce. Con resistenza agli agenti atmosferici IPX4, questa lampada frontale durevole \u00e8 costruita per resistere agli elementi. Inoltre, la sua resistenza agli urti significa che pu\u00f2 resistere a cadute fino a 7 metri, cos\u00ec puoi ottenere la luce di cui hai bisogno, anche nelle condizioni di lavoro pi\u00f9 difficili.","og_url":"https:\/\/energizer.com\/eu\/italy\/product\/energizer-hardcase-magnet-400-headlight\/","og_site_name":"Italy","article_modified_time":"2024-08-24T04:22:54+00:00","twitter_card":"summary_large_image","schema":{"@context":"https:\/\/schema.org","@graph":[{"@type":"WebPage","@id":"https:\/\/energizer.com\/eu\/italy\/product\/energizer-hardcase-magnet-400-headlight\/","url":"https:\/\/energizer.com\/eu\/italy\/product\/energizer-hardcase-magnet-400-headlight\/","name":"Energizer Hardcase MAGNET 400 Headlight - Italy","isPartOf":{"@id":"https:\/\/energizer.com\/eu\/italy\/#website"},"datePublished":"2024-06-03T05:38:37+00:00","dateModified":"2024-08-24T04:22:54+00:00","breadcrumb":{"@id":"https:\/\/energizer.com\/eu\/italy\/product\/energizer-hardcase-magnet-400-headlight\/#breadcrumb"},"inLanguage":"en-US","potentialAction":[{"@type":"ReadAction","target":["https:\/\/energizer.com\/eu\/italy\/product\/energizer-hardcase-magnet-400-headlight\/"]}]},{"@type":"BreadcrumbList","@id":"https:\/\/energizer.com\/eu\/italy\/product\/energizer-hardcase-magnet-400-headlight\/#breadcrumb","itemListElement":[{"@type":"ListItem","position":1,"name":"Home","item":"https:\/\/energizer.com\/eu\/italy\/"},{"@type":"ListItem","position":2,"name":"Energizer Hardcase MAGNET 400 Headlight"}]},{"@type":"WebSite","@id":"https:\/\/energizer.com\/eu\/italy\/#website","url":"https:\/\/energizer.com\/eu\/italy\/","name":"Energizer Italy","description":"","publisher":{"@id":"https:\/\/energizer.com\/eu\/italy\/#organization"},"potentialAction":[{"@type":"SearchAction","target":{"@type":"EntryPoint","urlTemplate":"https:\/\/energizer.com\/eu\/italy\/?s={search_term_string}"},"query-input":{"@type":"PropertyValueSpecification","valueRequired":true,"valueName":"search_term_string"}}],"inLanguage":"en-US"},{"@type":"Organization","@id":"https:\/\/energizer.com\/eu\/italy\/#organization","name":"Energizer Italy","url":"https:\/\/energizer.com\/eu\/italy\/","logo":{"@type":"ImageObject","inLanguage":"en-US","@id":"https:\/\/energizer.com\/eu\/italy\/#\/schema\/logo\/image\/","url":"https:\/\/energizer.com\/eu\/italy\/wp-content\/uploads\/sites\/7\/2024\/04\/Energizer_brand.png","contentUrl":"https:\/\/energizer.com\/eu\/italy\/wp-content\/uploads\/sites\/7\/2024\/04\/Energizer_brand.png","width":267,"height":100,"caption":"Energizer Italy"},"image":{"@id":"https:\/\/energizer.com\/eu\/italy\/#\/schema\/logo\/image\/"}}]}},"_links":{"self":[{"href":"https:\/\/energizer.com\/eu\/italy\/wp-json\/wp\/v2\/product\/7579","targetHints":{"allow":["GET"]}}],"collection":[{"href":"https:\/\/energizer.com\/eu\/italy\/wp-json\/wp\/v2\/product"}],"about":[{"href":"https:\/\/energizer.com\/eu\/italy\/wp-json\/wp\/v2\/types\/product"}],"replies":[{"embeddable":true,"href":"https:\/\/energizer.com\/eu\/italy\/wp-json\/wp\/v2\/comments?post=7579"}],"version-history":[{"count":3,"href":"https:\/\/energizer.com\/eu\/italy\/wp-json\/wp\/v2\/product\/7579\/revisions"}],"predecessor-version":[{"id":9591,"href":"https:\/\/energizer.com\/eu\/italy\/wp-json\/wp\/v2\/product\/7579\/revisions\/9591"}],"wp:attachment":[{"href":"https:\/\/energizer.com\/eu\/italy\/wp-json\/wp\/v2\/media?parent=7579"}],"wp:term":[{"taxonomy":"product_brand","embeddable":true,"href":"https:\/\/energizer.com\/eu\/italy\/wp-json\/wp\/v2\/product_brand?post=7579"},{"taxonomy":"product_cat","embeddable":true,"href":"https:\/\/energizer.com\/eu\/italy\/wp-json\/wp\/v2\/product_cat?post=7579"},{"taxonomy":"product_tag","embeddable":true,"href":"https:\/\/energizer.com\/eu\/italy\/wp-json\/wp\/v2\/product_tag?post=7579"}],"curies":[{"name":"wp","href":"https:\/\/api.w.org\/{rel}","templated":true}]}}