{"id":7583,"date":"2024-06-03T05:38:38","date_gmt":"2024-06-03T05:38:38","guid":{"rendered":"https:\/\/23b13e8ab3.nxcli.io\/italy\/?post_type=product&#038;p=7583"},"modified":"2024-08-24T04:22:46","modified_gmt":"2024-08-24T04:22:46","slug":"energizer-atex-3aaa-120-headlight","status":"publish","type":"product","link":"https:\/\/energizer.com\/eu\/italy\/product\/energizer-atex-3aaa-120-headlight\/","title":{"rendered":"Energizer ATEX 3AAA  120  Headlight"},"content":{"rendered":"<ul>\n<li>Palmare a sicurezza intrinseca (ATEX)<\/li>\n<li>Intervallo di funzionamento ambientale da -20\u00b0C a 40\u00b0C<\/li>\n<li>Divisione I, Classe I, II e III<\/li>\n<li>IECEx IA sicurezza intrinseca<\/li>\n<li>EN60529 grado di protezione IP67<\/li>\n<\/ul>\n","protected":false},"excerpt":{"rendered":"<p>Approvata dalle agenzie di sicurezza globali, la lampada frontale Energizer Atex LED a sicurezza intrinseca \u00e8 in grado di funzionare nelle condizioni pi\u00f9 difficili. Progettata pensando al settore industriale, questa luce ad alte prestazioni \u00e8 certificata con un grado di impermeabilit\u00e0 IP67 e resiste a cadute dopo cadute fino a 1 metro. Essa \u00e8 costruita per resistere alle condizioni difficili in cantiere e fornisce una soluzione di illuminazione affidabile a mani libere. La luce ruota dolcemente per dirigere il raggio proprio dove \u00e8 necessario. La fascia per la testa regolabile si fissa saldamente all&#8217;attrezzatura di sicurezza. La tecnologia LED offre un&#8217;illuminazione uniforme fino a 150 lumen per una lunga durata di 5 ore per mantenerti attivo pi\u00f9 a lungo.<\/p>\n","protected":false},"featured_media":0,"comment_status":"open","ping_status":"closed","template":"","meta":{"_acf_changed":false},"product_brand":[],"product_cat":[43],"product_tag":[],"class_list":{"0":"post-7583","1":"product","2":"type-product","3":"status-publish","5":"product_cat-hands-free","6":"pa_uses-work","8":"first","9":"instock","10":"shipping-taxable","11":"product-type-simple"},"acf":[],"yoast_head":"<!-- This site is optimized with the Yoast SEO plugin v27.4 - https:\/\/yoast.com\/product\/yoast-seo-wordpress\/ -->\n<title>Energizer ATEX 3AAA 120 Headlight - Italy<\/title>\n<meta name=\"robots\" content=\"index, follow, max-snippet:-1, max-image-preview:large, max-video-preview:-1\" \/>\n<link rel=\"canonical\" href=\"https:\/\/energizer.com\/eu\/italy\/product\/energizer-atex-3aaa-120-headlight\/\" \/>\n<meta property=\"og:locale\" content=\"en_US\" \/>\n<meta property=\"og:type\" content=\"article\" \/>\n<meta property=\"og:title\" content=\"Energizer ATEX 3AAA 120 Headlight - Italy\" \/>\n<meta property=\"og:description\" content=\"Approvata dalle agenzie di sicurezza globali, la lampada frontale Energizer Atex LED a sicurezza intrinseca \u00e8 in grado di funzionare nelle condizioni pi\u00f9 difficili. Progettata pensando al settore industriale, questa luce ad alte prestazioni \u00e8 certificata con un grado di impermeabilit\u00e0 IP67 e resiste a cadute dopo cadute fino a 1 metro. Essa \u00e8 costruita per resistere alle condizioni difficili in cantiere e fornisce una soluzione di illuminazione affidabile a mani libere. La luce ruota dolcemente per dirigere il raggio proprio dove \u00e8 necessario. La fascia per la testa regolabile si fissa saldamente all&#039;attrezzatura di sicurezza. La tecnologia LED offre un&#039;illuminazione uniforme fino a 150 lumen per una lunga durata di 5 ore per mantenerti attivo pi\u00f9 a lungo.\" \/>\n<meta property=\"og:url\" content=\"https:\/\/energizer.com\/eu\/italy\/product\/energizer-atex-3aaa-120-headlight\/\" \/>\n<meta property=\"og:site_name\" content=\"Italy\" \/>\n<meta property=\"article:modified_time\" content=\"2024-08-24T04:22:46+00:00\" \/>\n<meta name=\"twitter:card\" content=\"summary_large_image\" \/>\n<script type=\"application\/ld+json\" class=\"yoast-schema-graph\">{\"@context\":\"https:\\\/\\\/schema.org\",\"@graph\":[{\"@type\":\"WebPage\",\"@id\":\"https:\\\/\\\/energizer.com\\\/eu\\\/italy\\\/product\\\/energizer-atex-3aaa-120-headlight\\\/\",\"url\":\"https:\\\/\\\/energizer.com\\\/eu\\\/italy\\\/product\\\/energizer-atex-3aaa-120-headlight\\\/\",\"name\":\"Energizer ATEX 3AAA 120 Headlight - Italy\",\"isPartOf\":{\"@id\":\"https:\\\/\\\/energizer.com\\\/eu\\\/italy\\\/#website\"},\"datePublished\":\"2024-06-03T05:38:38+00:00\",\"dateModified\":\"2024-08-24T04:22:46+00:00\",\"breadcrumb\":{\"@id\":\"https:\\\/\\\/energizer.com\\\/eu\\\/italy\\\/product\\\/energizer-atex-3aaa-120-headlight\\\/#breadcrumb\"},\"inLanguage\":\"en-US\",\"potentialAction\":[{\"@type\":\"ReadAction\",\"target\":[\"https:\\\/\\\/energizer.com\\\/eu\\\/italy\\\/product\\\/energizer-atex-3aaa-120-headlight\\\/\"]}]},{\"@type\":\"BreadcrumbList\",\"@id\":\"https:\\\/\\\/energizer.com\\\/eu\\\/italy\\\/product\\\/energizer-atex-3aaa-120-headlight\\\/#breadcrumb\",\"itemListElement\":[{\"@type\":\"ListItem\",\"position\":1,\"name\":\"Home\",\"item\":\"https:\\\/\\\/energizer.com\\\/eu\\\/italy\\\/\"},{\"@type\":\"ListItem\",\"position\":2,\"name\":\"Energizer ATEX 3AAA 120 Headlight\"}]},{\"@type\":\"WebSite\",\"@id\":\"https:\\\/\\\/energizer.com\\\/eu\\\/italy\\\/#website\",\"url\":\"https:\\\/\\\/energizer.com\\\/eu\\\/italy\\\/\",\"name\":\"Energizer Italy\",\"description\":\"\",\"publisher\":{\"@id\":\"https:\\\/\\\/energizer.com\\\/eu\\\/italy\\\/#organization\"},\"potentialAction\":[{\"@type\":\"SearchAction\",\"target\":{\"@type\":\"EntryPoint\",\"urlTemplate\":\"https:\\\/\\\/energizer.com\\\/eu\\\/italy\\\/?s={search_term_string}\"},\"query-input\":{\"@type\":\"PropertyValueSpecification\",\"valueRequired\":true,\"valueName\":\"search_term_string\"}}],\"inLanguage\":\"en-US\"},{\"@type\":\"Organization\",\"@id\":\"https:\\\/\\\/energizer.com\\\/eu\\\/italy\\\/#organization\",\"name\":\"Energizer Italy\",\"url\":\"https:\\\/\\\/energizer.com\\\/eu\\\/italy\\\/\",\"logo\":{\"@type\":\"ImageObject\",\"inLanguage\":\"en-US\",\"@id\":\"https:\\\/\\\/energizer.com\\\/eu\\\/italy\\\/#\\\/schema\\\/logo\\\/image\\\/\",\"url\":\"https:\\\/\\\/energizer.com\\\/eu\\\/italy\\\/wp-content\\\/uploads\\\/sites\\\/7\\\/2024\\\/04\\\/Energizer_brand.png\",\"contentUrl\":\"https:\\\/\\\/energizer.com\\\/eu\\\/italy\\\/wp-content\\\/uploads\\\/sites\\\/7\\\/2024\\\/04\\\/Energizer_brand.png\",\"width\":267,\"height\":100,\"caption\":\"Energizer Italy\"},\"image\":{\"@id\":\"https:\\\/\\\/energizer.com\\\/eu\\\/italy\\\/#\\\/schema\\\/logo\\\/image\\\/\"}}]}<\/script>\n<!-- \/ Yoast SEO plugin. -->","yoast_head_json":{"title":"Energizer ATEX 3AAA 120 Headlight - Italy","robots":{"index":"index","follow":"follow","max-snippet":"max-snippet:-1","max-image-preview":"max-image-preview:large","max-video-preview":"max-video-preview:-1"},"canonical":"https:\/\/energizer.com\/eu\/italy\/product\/energizer-atex-3aaa-120-headlight\/","og_locale":"en_US","og_type":"article","og_title":"Energizer ATEX 3AAA 120 Headlight - Italy","og_description":"Approvata dalle agenzie di sicurezza globali, la lampada frontale Energizer Atex LED a sicurezza intrinseca \u00e8 in grado di funzionare nelle condizioni pi\u00f9 difficili. Progettata pensando al settore industriale, questa luce ad alte prestazioni \u00e8 certificata con un grado di impermeabilit\u00e0 IP67 e resiste a cadute dopo cadute fino a 1 metro. Essa \u00e8 costruita per resistere alle condizioni difficili in cantiere e fornisce una soluzione di illuminazione affidabile a mani libere. La luce ruota dolcemente per dirigere il raggio proprio dove \u00e8 necessario. La fascia per la testa regolabile si fissa saldamente all'attrezzatura di sicurezza. La tecnologia LED offre un'illuminazione uniforme fino a 150 lumen per una lunga durata di 5 ore per mantenerti attivo pi\u00f9 a lungo.","og_url":"https:\/\/energizer.com\/eu\/italy\/product\/energizer-atex-3aaa-120-headlight\/","og_site_name":"Italy","article_modified_time":"2024-08-24T04:22:46+00:00","twitter_card":"summary_large_image","schema":{"@context":"https:\/\/schema.org","@graph":[{"@type":"WebPage","@id":"https:\/\/energizer.com\/eu\/italy\/product\/energizer-atex-3aaa-120-headlight\/","url":"https:\/\/energizer.com\/eu\/italy\/product\/energizer-atex-3aaa-120-headlight\/","name":"Energizer ATEX 3AAA 120 Headlight - Italy","isPartOf":{"@id":"https:\/\/energizer.com\/eu\/italy\/#website"},"datePublished":"2024-06-03T05:38:38+00:00","dateModified":"2024-08-24T04:22:46+00:00","breadcrumb":{"@id":"https:\/\/energizer.com\/eu\/italy\/product\/energizer-atex-3aaa-120-headlight\/#breadcrumb"},"inLanguage":"en-US","potentialAction":[{"@type":"ReadAction","target":["https:\/\/energizer.com\/eu\/italy\/product\/energizer-atex-3aaa-120-headlight\/"]}]},{"@type":"BreadcrumbList","@id":"https:\/\/energizer.com\/eu\/italy\/product\/energizer-atex-3aaa-120-headlight\/#breadcrumb","itemListElement":[{"@type":"ListItem","position":1,"name":"Home","item":"https:\/\/energizer.com\/eu\/italy\/"},{"@type":"ListItem","position":2,"name":"Energizer ATEX 3AAA 120 Headlight"}]},{"@type":"WebSite","@id":"https:\/\/energizer.com\/eu\/italy\/#website","url":"https:\/\/energizer.com\/eu\/italy\/","name":"Energizer Italy","description":"","publisher":{"@id":"https:\/\/energizer.com\/eu\/italy\/#organization"},"potentialAction":[{"@type":"SearchAction","target":{"@type":"EntryPoint","urlTemplate":"https:\/\/energizer.com\/eu\/italy\/?s={search_term_string}"},"query-input":{"@type":"PropertyValueSpecification","valueRequired":true,"valueName":"search_term_string"}}],"inLanguage":"en-US"},{"@type":"Organization","@id":"https:\/\/energizer.com\/eu\/italy\/#organization","name":"Energizer Italy","url":"https:\/\/energizer.com\/eu\/italy\/","logo":{"@type":"ImageObject","inLanguage":"en-US","@id":"https:\/\/energizer.com\/eu\/italy\/#\/schema\/logo\/image\/","url":"https:\/\/energizer.com\/eu\/italy\/wp-content\/uploads\/sites\/7\/2024\/04\/Energizer_brand.png","contentUrl":"https:\/\/energizer.com\/eu\/italy\/wp-content\/uploads\/sites\/7\/2024\/04\/Energizer_brand.png","width":267,"height":100,"caption":"Energizer Italy"},"image":{"@id":"https:\/\/energizer.com\/eu\/italy\/#\/schema\/logo\/image\/"}}]}},"_links":{"self":[{"href":"https:\/\/energizer.com\/eu\/italy\/wp-json\/wp\/v2\/product\/7583","targetHints":{"allow":["GET"]}}],"collection":[{"href":"https:\/\/energizer.com\/eu\/italy\/wp-json\/wp\/v2\/product"}],"about":[{"href":"https:\/\/energizer.com\/eu\/italy\/wp-json\/wp\/v2\/types\/product"}],"replies":[{"embeddable":true,"href":"https:\/\/energizer.com\/eu\/italy\/wp-json\/wp\/v2\/comments?post=7583"}],"version-history":[{"count":4,"href":"https:\/\/energizer.com\/eu\/italy\/wp-json\/wp\/v2\/product\/7583\/revisions"}],"predecessor-version":[{"id":9782,"href":"https:\/\/energizer.com\/eu\/italy\/wp-json\/wp\/v2\/product\/7583\/revisions\/9782"}],"wp:attachment":[{"href":"https:\/\/energizer.com\/eu\/italy\/wp-json\/wp\/v2\/media?parent=7583"}],"wp:term":[{"taxonomy":"product_brand","embeddable":true,"href":"https:\/\/energizer.com\/eu\/italy\/wp-json\/wp\/v2\/product_brand?post=7583"},{"taxonomy":"product_cat","embeddable":true,"href":"https:\/\/energizer.com\/eu\/italy\/wp-json\/wp\/v2\/product_cat?post=7583"},{"taxonomy":"product_tag","embeddable":true,"href":"https:\/\/energizer.com\/eu\/italy\/wp-json\/wp\/v2\/product_tag?post=7583"}],"curies":[{"name":"wp","href":"https:\/\/api.w.org\/{rel}","templated":true}]}}