{"id":3657,"date":"2024-05-14T09:15:51","date_gmt":"2024-05-14T09:15:51","guid":{"rendered":"https:\/\/23b13e8ab3.nxcli.io\/poland\/?page_id=3657"},"modified":"2025-03-14T01:51:21","modified_gmt":"2025-03-14T01:51:21","slug":"dos-donts","status":"publish","type":"page","link":"https:\/\/energizer.com\/eu\/poland\/dos-donts\/","title":{"rendered":"Battery Care &#8211; Dos Don&#8217;ts"},"content":{"rendered":"\t\t<div data-elementor-type=\"wp-page\" data-elementor-id=\"3657\" class=\"elementor elementor-3657\" data-elementor-post-type=\"page\">\n\t\t\t\t<div class=\"elementor-element elementor-element-6f3e4a9 mainBanner e-flex e-con-boxed e-con e-parent\" data-id=\"6f3e4a9\" data-element_type=\"container\" data-e-type=\"container\">\n\t\t\t\t\t<div class=\"e-con-inner\">\n\t\t<div class=\"elementor-element elementor-element-d765f82 e-con-full e-flex e-con e-child\" data-id=\"d765f82\" data-element_type=\"container\" data-e-type=\"container\">\n\t\t\t\t<div class=\"elementor-element elementor-element-c0461cf elementor-widget elementor-widget-image\" data-id=\"c0461cf\" data-element_type=\"widget\" data-e-type=\"widget\" data-widget_type=\"image.default\">\n\t\t\t\t<div class=\"elementor-widget-container\">\n\t\t\t\t\t\t\t\t\t\t\t\t\t\t\t<img fetchpriority=\"high\" decoding=\"async\" width=\"1500\" height=\"650\" src=\"https:\/\/energizer.com\/eu\/poland\/wp-content\/uploads\/sites\/23\/2024\/08\/Lighting-Search-1.png\" class=\"attachment-full size-full wp-image-10270\" alt=\"\" srcset=\"https:\/\/energizer.com\/eu\/poland\/wp-content\/uploads\/sites\/23\/2024\/08\/Lighting-Search-1.png 1500w, https:\/\/energizer.com\/eu\/poland\/wp-content\/uploads\/sites\/23\/2024\/08\/Lighting-Search-1-300x130.png 300w, https:\/\/energizer.com\/eu\/poland\/wp-content\/uploads\/sites\/23\/2024\/08\/Lighting-Search-1-1024x444.png 1024w, https:\/\/energizer.com\/eu\/poland\/wp-content\/uploads\/sites\/23\/2024\/08\/Lighting-Search-1-768x333.png 768w, https:\/\/energizer.com\/eu\/poland\/wp-content\/uploads\/sites\/23\/2024\/08\/Lighting-Search-1-600x260.png 600w\" sizes=\"(max-width: 1500px) 100vw, 1500px\" \/>\t\t\t\t\t\t\t\t\t\t\t\t\t\t\t<\/div>\n\t\t\t\t<\/div>\n\t\t<div class=\"elementor-element elementor-element-4bb08ab e-con-full e-flex e-con e-child\" data-id=\"4bb08ab\" data-element_type=\"container\" data-e-type=\"container\" data-settings=\"{&quot;position&quot;:&quot;absolute&quot;}\">\n\t\t\t\t<div class=\"elementor-element elementor-element-5006474 elementor-widget elementor-widget-text-editor\" data-id=\"5006474\" data-element_type=\"widget\" data-e-type=\"widget\" data-widget_type=\"text-editor.default\">\n\t\t\t\t<div class=\"elementor-widget-container\">\n\t\t\t\t\t\t\t\t\t<p>Zasady u\u017cytkowania<\/p>\t\t\t\t\t\t\t\t<\/div>\n\t\t\t\t<\/div>\n\t\t\t\t<\/div>\n\t\t\t\t<\/div>\n\t\t\t\t\t<\/div>\n\t\t\t\t<\/div>\n\t\t<div class=\"elementor-element elementor-element-6e3db39 e-flex e-con-boxed e-con e-parent\" data-id=\"6e3db39\" data-element_type=\"container\" data-e-type=\"container\">\n\t\t\t\t\t<div class=\"e-con-inner\">\n\t\t<div class=\"elementor-element elementor-element-ae0c56d e-con-full e-flex e-con e-child\" data-id=\"ae0c56d\" data-element_type=\"container\" data-e-type=\"container\">\n\t\t\t\t<div class=\"elementor-element elementor-element-1ab1db7 elementor-widget elementor-widget-heading\" data-id=\"1ab1db7\" data-element_type=\"widget\" data-e-type=\"widget\" data-widget_type=\"heading.default\">\n\t\t\t\t<div class=\"elementor-widget-container\">\n\t\t\t\t\t<h2 class=\"elementor-heading-title elementor-size-default\">Do's <\/h2>\t\t\t\t<\/div>\n\t\t\t\t<\/div>\n\t\t\t\t<div class=\"elementor-element elementor-element-b3c3e2e elementor-widget elementor-widget-heading\" data-id=\"b3c3e2e\" data-element_type=\"widget\" data-e-type=\"widget\" data-widget_type=\"heading.default\">\n\t\t\t\t<div class=\"elementor-widget-container\">\n\t\t\t\t\t<h2 class=\"elementor-heading-title elementor-size-default\">&amp;<\/h2>\t\t\t\t<\/div>\n\t\t\t\t<\/div>\n\t\t\t\t<div class=\"elementor-element elementor-element-80c99f3 elementor-widget elementor-widget-heading\" data-id=\"80c99f3\" data-element_type=\"widget\" data-e-type=\"widget\" data-widget_type=\"heading.default\">\n\t\t\t\t<div class=\"elementor-widget-container\">\n\t\t\t\t\t<h2 class=\"elementor-heading-title elementor-size-default\">Dont's<\/h2>\t\t\t\t<\/div>\n\t\t\t\t<\/div>\n\t\t\t\t<\/div>\n\t\t<div class=\"elementor-element elementor-element-ce548bf e-con-full e-flex e-con e-child\" data-id=\"ce548bf\" data-element_type=\"container\" data-e-type=\"container\">\n\t\t\t\t<div class=\"elementor-element elementor-element-1116032 elementor-widget elementor-widget-heading\" data-id=\"1116032\" data-element_type=\"widget\" data-e-type=\"widget\" data-widget_type=\"heading.default\">\n\t\t\t\t<div class=\"elementor-widget-container\">\n\t\t\t\t\t<h2 class=\"elementor-heading-title elementor-size-default\">PRAWID\u0141OWE PRZECHOWYWANIE, PIEL\u0118GNACJA I OBS\u0141UGA AKUMULATOR\u00d3W.<\/h2>\t\t\t\t<\/div>\n\t\t\t\t<\/div>\n\t\t\t\t<\/div>\n\t\t<div class=\"elementor-element elementor-element-ccabc17 e-flex e-con-boxed e-con e-child\" data-id=\"ccabc17\" data-element_type=\"container\" data-e-type=\"container\">\n\t\t\t\t\t<div class=\"e-con-inner\">\n\t\t<div class=\"elementor-element elementor-element-2d5006a e-con-full e-flex e-con e-child\" data-id=\"2d5006a\" data-element_type=\"container\" data-e-type=\"container\">\n\t\t\t\t<div class=\"elementor-element elementor-element-d01a75a elementor-view-default elementor-widget elementor-widget-icon\" data-id=\"d01a75a\" data-element_type=\"widget\" data-e-type=\"widget\" data-widget_type=\"icon.default\">\n\t\t\t\t<div class=\"elementor-widget-container\">\n\t\t\t\t\t\t\t<div class=\"elementor-icon-wrapper\">\n\t\t\t<div class=\"elementor-icon\">\n\t\t\t<svg aria-hidden=\"true\" class=\"e-font-icon-svg e-fas-check-circle\" viewBox=\"0 0 512 512\" xmlns=\"http:\/\/www.w3.org\/2000\/svg\"><path d=\"M504 256c0 136.967-111.033 248-248 248S8 392.967 8 256 119.033 8 256 8s248 111.033 248 248zM227.314 387.314l184-184c6.248-6.248 6.248-16.379 0-22.627l-22.627-22.627c-6.248-6.249-16.379-6.249-22.628 0L216 308.118l-70.059-70.059c-6.248-6.248-16.379-6.248-22.628 0l-22.627 22.627c-6.248 6.248-6.248 16.379 0 22.627l104 104c6.249 6.249 16.379 6.249 22.628.001z\"><\/path><\/svg>\t\t\t<\/div>\n\t\t<\/div>\n\t\t\t\t\t\t<\/div>\n\t\t\t\t<\/div>\n\t\t\t\t<div class=\"elementor-element elementor-element-8bc3fa4 elementor-widget elementor-widget-heading\" data-id=\"8bc3fa4\" data-element_type=\"widget\" data-e-type=\"widget\" data-widget_type=\"heading.default\">\n\t\t\t\t<div class=\"elementor-widget-container\">\n\t\t\t\t\t<p class=\"elementor-heading-title elementor-size-default\"><strong>Przed zainstalowaniem baterii nale\u017cy zapozna\u0107 si\u0119 z instrukcjami na urz\u0105dzeniu<\/strong> Nale\u017cy u\u017cywa\u0107 wy\u0142\u0105cznie baterii o rozmiarze i typie okre\u015blonym w instrukcji.<\/p>\t\t\t\t<\/div>\n\t\t\t\t<\/div>\n\t\t\t\t<div class=\"elementor-element elementor-element-34283e5 elementor-widget elementor-widget-heading\" data-id=\"34283e5\" data-element_type=\"widget\" data-e-type=\"widget\" data-widget_type=\"heading.default\">\n\t\t\t\t<div class=\"elementor-widget-container\">\n\t\t\t\t\t<p class=\"elementor-heading-title elementor-size-default\"><strong>Nale\u017cy prawid\u0142owo w\u0142o\u017cy\u0107 baterie.<\/strong> Post\u0119puj zgodnie z symbolami wskazuj\u0105cymi prawid\u0142owy spos\u00f3b umieszczenia dodatnich (+) i ujemnych (-) ko\u0144c\u00f3w baterii.<\/p>\t\t\t\t<\/div>\n\t\t\t\t<\/div>\n\t\t\t\t<div class=\"elementor-element elementor-element-0d687d0 elementor-widget elementor-widget-heading\" data-id=\"0d687d0\" data-element_type=\"widget\" data-e-type=\"widget\" data-widget_type=\"heading.default\">\n\t\t\t\t<div class=\"elementor-widget-container\">\n\t\t\t\t\t<p class=\"elementor-heading-title elementor-size-default\"><strong>Nale\u017cy utrzymywa\u0107 powierzchnie styku baterii w czysto\u015bci<\/strong> delikatnie pocieraj\u0105c czyst\u0105 gumk\u0105 lub szmatk\u0105.<\/p>\t\t\t\t<\/div>\n\t\t\t\t<\/div>\n\t\t\t\t<div class=\"elementor-element elementor-element-d3bd185 elementor-widget elementor-widget-heading\" data-id=\"d3bd185\" data-element_type=\"widget\" data-e-type=\"widget\" data-widget_type=\"heading.default\">\n\t\t\t\t<div class=\"elementor-widget-container\">\n\t\t\t\t\t<p class=\"elementor-heading-title elementor-size-default\"><strong>Nale\u017cy natychmiast wyj\u0105\u0107 wyczerpane baterie<\/strong> z urz\u0105dzenia i odpowiednio zutylizowa\u0107.<\/p>\t\t\t\t<\/div>\n\t\t\t\t<\/div>\n\t\t\t\t<div class=\"elementor-element elementor-element-a2fc88d elementor-widget elementor-widget-heading\" data-id=\"a2fc88d\" data-element_type=\"widget\" data-e-type=\"widget\" data-widget_type=\"heading.default\">\n\t\t\t\t<div class=\"elementor-widget-container\">\n\t\t\t\t\t<p class=\"elementor-heading-title elementor-size-default\"><strong>Nale\u017cy wyj\u0105\u0107 wszystkie baterie z urz\u0105dzenia w tym samym czasie<\/strong> i wymieni\u0107 je na nowe baterie tego samego rozmiaru i typu.<\/p>\t\t\t\t<\/div>\n\t\t\t\t<\/div>\n\t\t\t\t<div class=\"elementor-element elementor-element-206069a elementor-widget elementor-widget-heading\" data-id=\"206069a\" data-element_type=\"widget\" data-e-type=\"widget\" data-widget_type=\"heading.default\">\n\t\t\t\t<div class=\"elementor-widget-container\">\n\t\t\t\t\t<p class=\"elementor-heading-title elementor-size-default\"><strong>Nale\u017cy oszcz\u0119dza\u0107 bateri\u0119, wy\u0142\u0105czaj\u0105c urz\u0105dzenie i wyjmuj\u0105c z niego baterie<\/strong> gdy nie korzystasz z niego przez d\u0142u\u017cszy czas.<\/p>\t\t\t\t<\/div>\n\t\t\t\t<\/div>\n\t\t\t\t<div class=\"elementor-element elementor-element-e0133cc elementor-widget elementor-widget-heading\" data-id=\"e0133cc\" data-element_type=\"widget\" data-e-type=\"widget\" data-widget_type=\"heading.default\">\n\t\t\t\t<div class=\"elementor-widget-container\">\n\t\t\t\t\t<p class=\"elementor-heading-title elementor-size-default\"><strong>Nale\u017cy przestrzega\u0107 zasad prawid\u0142owego przechowywania baterii, przechowuj\u0105c je w ch\u0142odnym i suchym miejscu<\/strong> w normalnej temperaturze pokojowej. Nie jest konieczne przechowywanie baterii w lod\u00f3wce.<\/p>\t\t\t\t<\/div>\n\t\t\t\t<\/div>\n\t\t\t\t<\/div>\n\t\t<div class=\"elementor-element elementor-element-bcc82eb e-con-full e-flex e-con e-child\" data-id=\"bcc82eb\" data-element_type=\"container\" data-e-type=\"container\">\n\t\t\t\t<div class=\"elementor-element elementor-element-9c17d7e elementor-view-default elementor-widget elementor-widget-icon\" data-id=\"9c17d7e\" data-element_type=\"widget\" data-e-type=\"widget\" data-widget_type=\"icon.default\">\n\t\t\t\t<div class=\"elementor-widget-container\">\n\t\t\t\t\t\t\t<div class=\"elementor-icon-wrapper\">\n\t\t\t<div class=\"elementor-icon\">\n\t\t\t<svg aria-hidden=\"true\" class=\"e-font-icon-svg e-fas-times-circle\" viewBox=\"0 0 512 512\" xmlns=\"http:\/\/www.w3.org\/2000\/svg\"><path d=\"M256 8C119 8 8 119 8 256s111 248 248 248 248-111 248-248S393 8 256 8zm121.6 313.1c4.7 4.7 4.7 12.3 0 17L338 377.6c-4.7 4.7-12.3 4.7-17 0L256 312l-65.1 65.6c-4.7 4.7-12.3 4.7-17 0L134.4 338c-4.7-4.7-4.7-12.3 0-17l65.6-65-65.6-65.1c-4.7-4.7-4.7-12.3 0-17l39.6-39.6c4.7-4.7 12.3-4.7 17 0l65 65.7 65.1-65.6c4.7-4.7 12.3-4.7 17 0l39.6 39.6c4.7 4.7 4.7 12.3 0 17L312 256l65.6 65.1z\"><\/path><\/svg>\t\t\t<\/div>\n\t\t<\/div>\n\t\t\t\t\t\t<\/div>\n\t\t\t\t<\/div>\n\t\t\t\t<div class=\"elementor-element elementor-element-9a5a643 elementor-widget elementor-widget-heading\" data-id=\"9a5a643\" data-element_type=\"widget\" data-e-type=\"widget\" data-widget_type=\"heading.default\">\n\t\t\t\t<div class=\"elementor-widget-container\">\n\t\t\t\t\t<p class=\"elementor-heading-title elementor-size-default\"><strong>NIE WOLNO trzyma\u0107 baterii, zw\u0142aszcza ma\u0142ych i pastylkowych, w zasi\u0119gu dzieci.<\/strong> W przypadku po\u0142kni\u0119cia, baterie pastylkowe mog\u0105 utkn\u0105\u0107 w prze\u0142yku, gdzie mog\u0105 spowodowa\u0107 powa\u017cne obra\u017cenia lub \u015bmier\u0107 w ci\u0105gu zaledwie dw\u00f3ch godzin.<\/p>\t\t\t\t<\/div>\n\t\t\t\t<\/div>\n\t\t\t\t<div class=\"elementor-element elementor-element-edca1de elementor-widget elementor-widget-heading\" data-id=\"edca1de\" data-element_type=\"widget\" data-e-type=\"widget\" data-widget_type=\"heading.default\">\n\t\t\t\t<div class=\"elementor-widget-container\">\n\t\t\t\t\t<p class=\"elementor-heading-title elementor-size-default\"><strong>NIE WOLNO wrzuca\u0107 baterii do ognia<\/strong>  \u2013 mog\u0105 wyciec lub p\u0119kn\u0105\u0107.<\/p>\t\t\t\t<\/div>\n\t\t\t\t<\/div>\n\t\t\t\t<div class=\"elementor-element elementor-element-a7b76ba elementor-widget elementor-widget-heading\" data-id=\"a7b76ba\" data-element_type=\"widget\" data-e-type=\"widget\" data-widget_type=\"heading.default\">\n\t\t\t\t<div class=\"elementor-widget-container\">\n\t\t\t\t\t<p class=\"elementor-heading-title elementor-size-default\"><strong>NIE WOLNO demontowa\u0107, zgniata\u0107, przebija\u0107 ani w inny spos\u00f3b uszkadza\u0107 baterii.<\/strong>  Mo\u017ce to spowodowa\u0107 wyciek lub p\u0119kni\u0119cie.<\/p>\t\t\t\t<\/div>\n\t\t\t\t<\/div>\n\t\t\t\t<div class=\"elementor-element elementor-element-f924fbd elementor-widget elementor-widget-heading\" data-id=\"f924fbd\" data-element_type=\"widget\" data-e-type=\"widget\" data-widget_type=\"heading.default\">\n\t\t\t\t<div class=\"elementor-widget-container\">\n\t\t\t\t\t<p class=\"elementor-heading-title elementor-size-default\"><strong>NIE WOLNO nosi\u0107 lu\u017anych baterii w kieszeni lub torebce razem z metalowymi przedmiotami, takimi jak monety, spinacze itp.<\/strong>  Mo\u017ce to spowodowa\u0107 zwarcie akumulatora, prowadz\u0105c do wysokiej temperatury lub wycieku.<\/p>\t\t\t\t<\/div>\n\t\t\t\t<\/div>\n\t\t\t\t<div class=\"elementor-element elementor-element-db26ca4 elementor-widget elementor-widget-heading\" data-id=\"db26ca4\" data-element_type=\"widget\" data-e-type=\"widget\" data-widget_type=\"heading.default\">\n\t\t\t\t<div class=\"elementor-widget-container\">\n\t\t\t\t\t<p class=\"elementor-heading-title elementor-size-default\"><strong>NIE przechowuj baterii ani urz\u0105dze\u0144 zasilanych bateryjnie w gor\u0105cych miejscach<\/strong> \u2013 Podwy\u017cszone temperatury mog\u0105 prowadzi\u0107 do utraty pojemno\u015bci, wycieku lub p\u0119kni\u0119cia.<\/p>\t\t\t\t<\/div>\n\t\t\t\t<\/div>\n\t\t\t\t<div class=\"elementor-element elementor-element-e2033dc elementor-widget elementor-widget-heading\" data-id=\"e2033dc\" data-element_type=\"widget\" data-e-type=\"widget\" data-widget_type=\"heading.default\">\n\t\t\t\t<div class=\"elementor-widget-container\">\n\t\t\t\t\t<p class=\"elementor-heading-title elementor-size-default\"><strong>NIE WOLNO miesza\u0107 starych i nowych baterii ani baterii r\u00f3\u017cnych typ\u00f3w lub marek.<\/strong> Mo\u017ce to spowodowa\u0107 wyciek lub p\u0119kni\u0119cie, skutkuj\u0105ce obra\u017ceniami cia\u0142a lub zniszczeniem mienia.<br>NIE WOLNO dawa\u0107 baterii ma\u0142ym dzieciom.<\/p>\t\t\t\t<\/div>\n\t\t\t\t<\/div>\n\t\t\t\t<\/div>\n\t\t\t\t\t<\/div>\n\t\t\t\t<\/div>\n\t\t\t\t\t<\/div>\n\t\t\t\t<\/div>\n\t\t<div class=\"elementor-element elementor-element-5f9c9bd elementor-hidden-widescreen elementor-hidden-desktop elementor-hidden-laptop elementor-hidden-tablet_extra elementor-hidden-tablet elementor-hidden-mobile_extra elementor-hidden-mobile e-flex e-con-boxed e-con e-parent\" data-id=\"5f9c9bd\" data-element_type=\"container\" data-e-type=\"container\">\n\t\t\t\t\t<div class=\"e-con-inner\">\n\t\t<div class=\"elementor-element elementor-element-f92e2dd e-flex e-con-boxed e-con e-child\" data-id=\"f92e2dd\" data-element_type=\"container\" data-e-type=\"container\">\n\t\t\t\t\t<div class=\"e-con-inner\">\n\t\t<div class=\"elementor-element elementor-element-dc6bd0f e-con-full e-flex e-con e-child\" data-id=\"dc6bd0f\" data-element_type=\"container\" data-e-type=\"container\">\n\t\t<div class=\"elementor-element elementor-element-7e5346b e-flex e-con-boxed e-con e-child\" data-id=\"7e5346b\" data-element_type=\"container\" data-e-type=\"container\">\n\t\t\t\t\t<div class=\"e-con-inner\">\n\t\t<div class=\"elementor-element elementor-element-2878631 e-grid e-con-boxed e-con e-child\" data-id=\"2878631\" data-element_type=\"container\" data-e-type=\"container\">\n\t\t\t\t\t<div class=\"e-con-inner\">\n\t\t<div class=\"elementor-element elementor-element-31a560c e-flex e-con-boxed e-con e-child\" data-id=\"31a560c\" data-element_type=\"container\" data-e-type=\"container\" data-settings=\"{&quot;background_background&quot;:&quot;classic&quot;}\">\n\t\t\t\t\t<div class=\"e-con-inner\">\n\t\t\t\t<div class=\"elementor-element elementor-element-b49f275 elementor-widget elementor-widget-heading\" data-id=\"b49f275\" data-element_type=\"widget\" data-e-type=\"widget\" data-widget_type=\"heading.default\">\n\t\t\t\t<div class=\"elementor-widget-container\">\n\t\t\t\t\t<h2 class=\"elementor-heading-title elementor-size-default\"><a href=\"https:\/\/energizer.com\/eu\/poland\/button-battery-safety\/\">Button Battery<\/a><\/h2>\t\t\t\t<\/div>\n\t\t\t\t<\/div>\n\t\t\t\t<div class=\"elementor-element elementor-element-dd192eb elementor-widget elementor-widget-heading\" data-id=\"dd192eb\" data-element_type=\"widget\" data-e-type=\"widget\" data-widget_type=\"heading.default\">\n\t\t\t\t<div class=\"elementor-widget-container\">\n\t\t\t\t\t<h2 class=\"elementor-heading-title elementor-size-default\"><a href=\"https:\/\/energizer.com\/eu\/poland\/button-battery-safety\/\">Safety<\/a><\/h2>\t\t\t\t<\/div>\n\t\t\t\t<\/div>\n\t\t\t\t\t<\/div>\n\t\t\t\t<\/div>\n\t\t<div class=\"elementor-element elementor-element-25911c9 e-flex e-con-boxed e-con e-child\" data-id=\"25911c9\" data-element_type=\"container\" data-e-type=\"container\" data-settings=\"{&quot;background_background&quot;:&quot;classic&quot;}\">\n\t\t\t\t\t<div class=\"e-con-inner\">\n\t\t\t\t<div class=\"elementor-element elementor-element-af54bea elementor-widget elementor-widget-heading\" data-id=\"af54bea\" data-element_type=\"widget\" data-e-type=\"widget\" data-widget_type=\"heading.default\">\n\t\t\t\t<div class=\"elementor-widget-container\">\n\t\t\t\t\t<h2 class=\"elementor-heading-title elementor-size-default\"><a href=\"https:\/\/energizer.com\/eu\/poland\/battery-works\/\">Learn about<\/a><\/h2>\t\t\t\t<\/div>\n\t\t\t\t<\/div>\n\t\t\t\t<div class=\"elementor-element elementor-element-af53be4 elementor-widget elementor-widget-heading\" data-id=\"af53be4\" data-element_type=\"widget\" data-e-type=\"widget\" data-widget_type=\"heading.default\">\n\t\t\t\t<div class=\"elementor-widget-container\">\n\t\t\t\t\t<h2 class=\"elementor-heading-title elementor-size-default\"><a href=\"https:\/\/energizer.com\/eu\/poland\/battery-works\/\">Battery<\/a><\/h2>\t\t\t\t<\/div>\n\t\t\t\t<\/div>\n\t\t\t\t\t<\/div>\n\t\t\t\t<\/div>\n\t\t<div class=\"elementor-element elementor-element-e569edc e-flex e-con-boxed e-con e-child\" data-id=\"e569edc\" data-element_type=\"container\" data-e-type=\"container\" data-settings=\"{&quot;background_background&quot;:&quot;classic&quot;}\">\n\t\t\t\t\t<div class=\"e-con-inner\">\n\t\t\t\t<div class=\"elementor-element elementor-element-6f97564 elementor-widget elementor-widget-heading\" data-id=\"6f97564\" data-element_type=\"widget\" data-e-type=\"widget\" data-widget_type=\"heading.default\">\n\t\t\t\t<div class=\"elementor-widget-container\">\n\t\t\t\t\t<h2 class=\"elementor-heading-title elementor-size-default\"><a href=\"https:\/\/energizer.com\/eu\/poland\/responsibility\/\">Responsability<\/a><\/h2>\t\t\t\t<\/div>\n\t\t\t\t<\/div>\n\t\t\t\t\t<\/div>\n\t\t\t\t<\/div>\n\t\t\t\t\t<\/div>\n\t\t\t\t<\/div>\n\t\t\t\t\t<\/div>\n\t\t\t\t<\/div>\n\t\t\t\t<\/div>\n\t\t\t\t\t<\/div>\n\t\t\t\t<\/div>\n\t\t\t\t\t<\/div>\n\t\t\t\t<\/div>\n\t\t\t\t<\/div>\n\t\t","protected":false},"excerpt":{"rendered":"<p>Zasady u\u017cytkowania Do&#8217;s &amp; Dont&#8217;s PRAWID\u0141OWE PRZECHOWYWANIE, PIEL\u0118GNACJA I OBS\u0141UGA AKUMULATOR\u00d3W. Przed zainstalowaniem baterii nale\u017cy zapozna\u0107 si\u0119 z instrukcjami na urz\u0105dzeniu Nale\u017cy u\u017cywa\u0107 wy\u0142\u0105cznie baterii o rozmiarze i typie okre\u015blonym w instrukcji. Nale\u017cy prawid\u0142owo w\u0142o\u017cy\u0107 baterie. Post\u0119puj zgodnie z symbolami wskazuj\u0105cymi prawid\u0142owy spos\u00f3b umieszczenia dodatnich (+) i ujemnych (-) ko\u0144c\u00f3w baterii. Nale\u017cy utrzymywa\u0107 powierzchnie styku [&hellip;]<\/p>\n","protected":false},"author":1,"featured_media":0,"parent":0,"menu_order":0,"comment_status":"closed","ping_status":"closed","template":"elementor_header_footer","meta":{"_acf_changed":false,"footnotes":""},"class_list":["post-3657","page","type-page","status-publish","hentry"],"acf":[],"_links":{"self":[{"href":"https:\/\/energizer.com\/eu\/poland\/wp-json\/wp\/v2\/pages\/3657","targetHints":{"allow":["GET"]}}],"collection":[{"href":"https:\/\/energizer.com\/eu\/poland\/wp-json\/wp\/v2\/pages"}],"about":[{"href":"https:\/\/energizer.com\/eu\/poland\/wp-json\/wp\/v2\/types\/page"}],"author":[{"embeddable":true,"href":"https:\/\/energizer.com\/eu\/poland\/wp-json\/wp\/v2\/users\/1"}],"replies":[{"embeddable":true,"href":"https:\/\/energizer.com\/eu\/poland\/wp-json\/wp\/v2\/comments?post=3657"}],"version-history":[{"count":53,"href":"https:\/\/energizer.com\/eu\/poland\/wp-json\/wp\/v2\/pages\/3657\/revisions"}],"predecessor-version":[{"id":11367,"href":"https:\/\/energizer.com\/eu\/poland\/wp-json\/wp\/v2\/pages\/3657\/revisions\/11367"}],"wp:attachment":[{"href":"https:\/\/energizer.com\/eu\/poland\/wp-json\/wp\/v2\/media?parent=3657"}],"curies":[{"name":"wp","href":"https:\/\/api.w.org\/{rel}","templated":true}]}}