{"id":3821,"date":"2024-05-15T05:03:26","date_gmt":"2024-05-15T05:03:26","guid":{"rendered":"https:\/\/23b13e8ab3.nxcli.io\/poland\/?page_id=3821"},"modified":"2024-10-14T06:22:35","modified_gmt":"2024-10-14T06:22:35","slug":"flashlight-care","status":"publish","type":"page","link":"https:\/\/energizer.com\/eu\/poland\/flashlight-care\/","title":{"rendered":"Flashlight Care"},"content":{"rendered":"\t\t<div data-elementor-type=\"wp-page\" data-elementor-id=\"3821\" class=\"elementor elementor-3821\" data-elementor-post-type=\"page\">\n\t\t\t\t<div class=\"elementor-element elementor-element-9a34c3c mainBanner e-flex e-con-boxed e-con e-parent\" data-id=\"9a34c3c\" data-element_type=\"container\" data-e-type=\"container\">\n\t\t\t\t\t<div class=\"e-con-inner\">\n\t\t<div class=\"elementor-element elementor-element-8322e56 e-con-full e-flex e-con e-child\" data-id=\"8322e56\" data-element_type=\"container\" data-e-type=\"container\">\n\t\t\t\t<div class=\"elementor-element elementor-element-5223d29 elementor-widget elementor-widget-image\" data-id=\"5223d29\" data-element_type=\"widget\" data-e-type=\"widget\" data-widget_type=\"image.default\">\n\t\t\t\t<div class=\"elementor-widget-container\">\n\t\t\t\t\t\t\t\t\t\t\t\t\t\t\t<img fetchpriority=\"high\" decoding=\"async\" width=\"1500\" height=\"650\" src=\"https:\/\/energizer.com\/eu\/poland\/wp-content\/uploads\/sites\/23\/2024\/08\/Lighting-Search-1.png\" class=\"attachment-full size-full wp-image-10270\" alt=\"\" srcset=\"https:\/\/energizer.com\/eu\/poland\/wp-content\/uploads\/sites\/23\/2024\/08\/Lighting-Search-1.png 1500w, https:\/\/energizer.com\/eu\/poland\/wp-content\/uploads\/sites\/23\/2024\/08\/Lighting-Search-1-300x130.png 300w, https:\/\/energizer.com\/eu\/poland\/wp-content\/uploads\/sites\/23\/2024\/08\/Lighting-Search-1-1024x444.png 1024w, https:\/\/energizer.com\/eu\/poland\/wp-content\/uploads\/sites\/23\/2024\/08\/Lighting-Search-1-768x333.png 768w, https:\/\/energizer.com\/eu\/poland\/wp-content\/uploads\/sites\/23\/2024\/08\/Lighting-Search-1-600x260.png 600w\" sizes=\"(max-width: 1500px) 100vw, 1500px\" \/>\t\t\t\t\t\t\t\t\t\t\t\t\t\t\t<\/div>\n\t\t\t\t<\/div>\n\t\t<div class=\"elementor-element elementor-element-dc29f21 e-con-full e-flex e-con e-child\" data-id=\"dc29f21\" data-element_type=\"container\" data-e-type=\"container\" data-settings=\"{&quot;position&quot;:&quot;absolute&quot;}\">\n\t\t\t\t<div class=\"elementor-element elementor-element-20e8f1a elementor-widget elementor-widget-text-editor\" data-id=\"20e8f1a\" data-element_type=\"widget\" data-e-type=\"widget\" data-widget_type=\"text-editor.default\">\n\t\t\t\t<div class=\"elementor-widget-container\">\n\t\t\t\t\t\t\t\t\t<p>Zasady u\u017cytkowania<\/p>\t\t\t\t\t\t\t\t<\/div>\n\t\t\t\t<\/div>\n\t\t\t\t<\/div>\n\t\t\t\t<\/div>\n\t\t\t\t\t<\/div>\n\t\t\t\t<\/div>\n\t\t<div class=\"elementor-element elementor-element-e514c9e e-flex e-con-boxed e-con e-parent\" data-id=\"e514c9e\" data-element_type=\"container\" data-e-type=\"container\">\n\t\t\t\t\t<div class=\"e-con-inner\">\n\t\t<div class=\"elementor-element elementor-element-2b7e423 e-con-full e-flex e-con e-child\" data-id=\"2b7e423\" data-element_type=\"container\" data-e-type=\"container\">\n\t\t\t\t<div class=\"elementor-element elementor-element-f95ebc6 elementor-widget elementor-widget-heading\" data-id=\"f95ebc6\" data-element_type=\"widget\" data-e-type=\"widget\" data-widget_type=\"heading.default\">\n\t\t\t\t<div class=\"elementor-widget-container\">\n\t\t\t\t\t<h2 class=\"elementor-heading-title elementor-size-default\">ZALECENIA<\/h2>\t\t\t\t<\/div>\n\t\t\t\t<\/div>\n\t\t\t\t<div class=\"elementor-element elementor-element-8e446cb elementor-widget elementor-widget-heading\" data-id=\"8e446cb\" data-element_type=\"widget\" data-e-type=\"widget\" data-widget_type=\"heading.default\">\n\t\t\t\t<div class=\"elementor-widget-container\">\n\t\t\t\t\t<h2 class=\"elementor-heading-title elementor-size-default\">&amp;<\/h2>\t\t\t\t<\/div>\n\t\t\t\t<\/div>\n\t\t\t\t<div class=\"elementor-element elementor-element-aa3893b elementor-widget elementor-widget-heading\" data-id=\"aa3893b\" data-element_type=\"widget\" data-e-type=\"widget\" data-widget_type=\"heading.default\">\n\t\t\t\t<div class=\"elementor-widget-container\">\n\t\t\t\t\t<h2 class=\"elementor-heading-title elementor-size-default\">NIE\n<\/h2>\t\t\t\t<\/div>\n\t\t\t\t<\/div>\n\t\t\t\t<\/div>\n\t\t<div class=\"elementor-element elementor-element-da10f9f e-con-full e-flex e-con e-child\" data-id=\"da10f9f\" data-element_type=\"container\" data-e-type=\"container\">\n\t\t\t\t<div class=\"elementor-element elementor-element-4f91f87 elementor-widget elementor-widget-heading\" data-id=\"4f91f87\" data-element_type=\"widget\" data-e-type=\"widget\" data-widget_type=\"heading.default\">\n\t\t\t\t<div class=\"elementor-widget-container\">\n\t\t\t\t\t<h2 class=\"elementor-heading-title elementor-size-default\">PRAWID\u0141OWE PRZECHOWYWANIE, PIEL\u0118GNACJA I OBS\u0141UGA AKUMULATOR\u00d3W<\/h2>\t\t\t\t<\/div>\n\t\t\t\t<\/div>\n\t\t\t\t<\/div>\n\t\t<div class=\"elementor-element elementor-element-dfa1de9 e-flex e-con-boxed e-con e-child\" data-id=\"dfa1de9\" data-element_type=\"container\" data-e-type=\"container\">\n\t\t\t\t\t<div class=\"e-con-inner\">\n\t\t<div class=\"elementor-element elementor-element-695b1bf e-con-full e-flex e-con e-child\" data-id=\"695b1bf\" data-element_type=\"container\" data-e-type=\"container\">\n\t\t\t\t<div class=\"elementor-element elementor-element-41981de elementor-view-default elementor-widget elementor-widget-icon\" data-id=\"41981de\" data-element_type=\"widget\" data-e-type=\"widget\" data-widget_type=\"icon.default\">\n\t\t\t\t<div class=\"elementor-widget-container\">\n\t\t\t\t\t\t\t<div class=\"elementor-icon-wrapper\">\n\t\t\t<div class=\"elementor-icon\">\n\t\t\t<svg aria-hidden=\"true\" class=\"e-font-icon-svg e-fas-check-circle\" viewBox=\"0 0 512 512\" xmlns=\"http:\/\/www.w3.org\/2000\/svg\"><path d=\"M504 256c0 136.967-111.033 248-248 248S8 392.967 8 256 119.033 8 256 8s248 111.033 248 248zM227.314 387.314l184-184c6.248-6.248 6.248-16.379 0-22.627l-22.627-22.627c-6.248-6.249-16.379-6.249-22.628 0L216 308.118l-70.059-70.059c-6.248-6.248-16.379-6.248-22.628 0l-22.627 22.627c-6.248 6.248-6.248 16.379 0 22.627l104 104c6.249 6.249 16.379 6.249 22.628.001z\"><\/path><\/svg>\t\t\t<\/div>\n\t\t<\/div>\n\t\t\t\t\t\t<\/div>\n\t\t\t\t<\/div>\n\t\t\t\t<div class=\"elementor-element elementor-element-13f2fc7 elementor-widget elementor-widget-heading\" data-id=\"13f2fc7\" data-element_type=\"widget\" data-e-type=\"widget\" data-widget_type=\"heading.default\">\n\t\t\t\t<div class=\"elementor-widget-container\">\n\t\t\t\t\t<p class=\"elementor-heading-title elementor-size-default\"><strong>Latark\u0119 nale\u017cy przechowywa\u0107 w suchym i ch\u0142odnym miejscu<\/strong> kt\u00f3ry jest wygodny i \u0142atwo dost\u0119pny w sytuacji awaryjnej lub awarii zasilania.<\/p>\t\t\t\t<\/div>\n\t\t\t\t<\/div>\n\t\t\t\t<div class=\"elementor-element elementor-element-1c3fd09 elementor-widget elementor-widget-heading\" data-id=\"1c3fd09\" data-element_type=\"widget\" data-e-type=\"widget\" data-widget_type=\"heading.default\">\n\t\t\t\t<div class=\"elementor-widget-container\">\n\t\t\t\t\t<p class=\"elementor-heading-title elementor-size-default\"><strong>Je\u015bli latarka lub latarnia nie jest u\u017cywana, nale\u017cy wymienia\u0107 w niej baterie co kilka miesi\u0119cy<\/strong> przez d\u0142u\u017cszy czas. Zapewnia to \u015bwie\u017ce, dzia\u0142aj\u0105ce baterie i zapobiega ich wyciekom.<\/p>\t\t\t\t<\/div>\n\t\t\t\t<\/div>\n\t\t\t\t<div class=\"elementor-element elementor-element-fed865e elementor-widget elementor-widget-heading\" data-id=\"fed865e\" data-element_type=\"widget\" data-e-type=\"widget\" data-widget_type=\"heading.default\">\n\t\t\t\t<div class=\"elementor-widget-container\">\n\t\t\t\t\t<p class=\"elementor-heading-title elementor-size-default\"><strong>Nale\u017cy przechowywa\u0107 latarki w wielu miejscach w domu i samochodzie.<\/strong> \u2013 w szafce lub szufladzie, w pobli\u017cu \u0142\u00f3\u017cka i w schowku na r\u0119kawiczki - na wypadek sytuacji awaryjnych.<\/p>\t\t\t\t<\/div>\n\t\t\t\t<\/div>\n\t\t\t\t<div class=\"elementor-element elementor-element-914c12e elementor-widget elementor-widget-heading\" data-id=\"914c12e\" data-element_type=\"widget\" data-e-type=\"widget\" data-widget_type=\"heading.default\">\n\t\t\t\t<div class=\"elementor-widget-container\">\n\t\t\t\t\t<p class=\"elementor-heading-title elementor-size-default\"><strong>Nale\u017cy przechowywa\u0107 \u015bwie\u017c\u0105 paczk\u0119 baterii Energizer\u00ae obok latarki.<\/strong> Rodziny cz\u0119sto zauwa\u017caj\u0105, \u017ce baterie nie by\u0142y cz\u0119sto wymieniane lub \u017ce dzieci wyj\u0119\u0142y baterie, aby u\u017cy\u0107 ich w grach. Przechowywanie nieotwartego opakowania baterii w miejscu, w kt\u00f3rym przechowujesz latark\u0119, daje ci pewno\u015b\u0107, \u017ce nigdy nie b\u0119dziesz pozostawiony w ciemno\u015bci<\/p>\t\t\t\t<\/div>\n\t\t\t\t<\/div>\n\t\t\t\t<\/div>\n\t\t<div class=\"elementor-element elementor-element-099afa1 e-con-full e-flex e-con e-child\" data-id=\"099afa1\" data-element_type=\"container\" data-e-type=\"container\">\n\t\t\t\t<div class=\"elementor-element elementor-element-5133402 elementor-view-default elementor-widget elementor-widget-icon\" data-id=\"5133402\" data-element_type=\"widget\" data-e-type=\"widget\" data-widget_type=\"icon.default\">\n\t\t\t\t<div class=\"elementor-widget-container\">\n\t\t\t\t\t\t\t<div class=\"elementor-icon-wrapper\">\n\t\t\t<div class=\"elementor-icon\">\n\t\t\t<svg aria-hidden=\"true\" class=\"e-font-icon-svg e-fas-times-circle\" viewBox=\"0 0 512 512\" xmlns=\"http:\/\/www.w3.org\/2000\/svg\"><path d=\"M256 8C119 8 8 119 8 256s111 248 248 248 248-111 248-248S393 8 256 8zm121.6 313.1c4.7 4.7 4.7 12.3 0 17L338 377.6c-4.7 4.7-12.3 4.7-17 0L256 312l-65.1 65.6c-4.7 4.7-12.3 4.7-17 0L134.4 338c-4.7-4.7-4.7-12.3 0-17l65.6-65-65.6-65.1c-4.7-4.7-4.7-12.3 0-17l39.6-39.6c4.7-4.7 12.3-4.7 17 0l65 65.7 65.1-65.6c4.7-4.7 12.3-4.7 17 0l39.6 39.6c4.7 4.7 4.7 12.3 0 17L312 256l65.6 65.1z\"><\/path><\/svg>\t\t\t<\/div>\n\t\t<\/div>\n\t\t\t\t\t\t<\/div>\n\t\t\t\t<\/div>\n\t\t\t\t<div class=\"elementor-element elementor-element-d409331 elementor-widget elementor-widget-heading\" data-id=\"d409331\" data-element_type=\"widget\" data-e-type=\"widget\" data-widget_type=\"heading.default\">\n\t\t\t\t<div class=\"elementor-widget-container\">\n\t\t\t\t\t<p class=\"elementor-heading-title elementor-size-default\"><strong>NIE przechowuj latarki w wysokich temperaturach.<\/strong> Mo\u017ce to przyspieszy\u0107 usterki latarki, w tym mo\u017cliwy wyciek baterii.<\/p>\t\t\t\t<\/div>\n\t\t\t\t<\/div>\n\t\t\t\t<div class=\"elementor-element elementor-element-f91caaf elementor-widget elementor-widget-heading\" data-id=\"f91caaf\" data-element_type=\"widget\" data-e-type=\"widget\" data-widget_type=\"heading.default\">\n\t\t\t\t<div class=\"elementor-widget-container\">\n\t\t\t\t\t<p class=\"elementor-heading-title elementor-size-default\"><strong>NIE zostawiaj latarki pod siedzeniem w samochodzie lub w bezpo\u015brednim \u015bwietle s\u0142onecznym.<\/strong><\/p>\t\t\t\t<\/div>\n\t\t\t\t<\/div>\n\t\t\t\t<\/div>\n\t\t\t\t\t<\/div>\n\t\t\t\t<\/div>\n\t\t\t\t\t<\/div>\n\t\t\t\t<\/div>\n\t\t<div class=\"elementor-element elementor-element-3dae1d1 elementor-hidden-widescreen elementor-hidden-desktop elementor-hidden-laptop elementor-hidden-tablet_extra elementor-hidden-tablet elementor-hidden-mobile_extra elementor-hidden-mobile e-flex e-con-boxed e-con e-parent\" data-id=\"3dae1d1\" data-element_type=\"container\" data-e-type=\"container\">\n\t\t\t\t\t<div class=\"e-con-inner\">\n\t\t<div class=\"elementor-element elementor-element-42ccd4f e-flex e-con-boxed e-con e-child\" data-id=\"42ccd4f\" data-element_type=\"container\" data-e-type=\"container\">\n\t\t\t\t\t<div class=\"e-con-inner\">\n\t\t<div class=\"elementor-element elementor-element-66d5983 e-con-full e-flex e-con e-child\" data-id=\"66d5983\" data-element_type=\"container\" data-e-type=\"container\">\n\t\t<div class=\"elementor-element elementor-element-6b78d49 e-flex e-con-boxed e-con e-child\" data-id=\"6b78d49\" data-element_type=\"container\" data-e-type=\"container\">\n\t\t\t\t\t<div class=\"e-con-inner\">\n\t\t<div class=\"elementor-element elementor-element-56502cb e-grid e-con-boxed e-con e-child\" data-id=\"56502cb\" data-element_type=\"container\" data-e-type=\"container\">\n\t\t\t\t\t<div class=\"e-con-inner\">\n\t\t<div class=\"elementor-element elementor-element-f317259 e-flex e-con-boxed e-con e-child\" data-id=\"f317259\" data-element_type=\"container\" data-e-type=\"container\" data-settings=\"{&quot;background_background&quot;:&quot;classic&quot;}\">\n\t\t\t\t\t<div class=\"e-con-inner\">\n\t\t\t\t<div class=\"elementor-element elementor-element-4a1bb7d elementor-widget elementor-widget-heading\" data-id=\"4a1bb7d\" data-element_type=\"widget\" data-e-type=\"widget\" data-widget_type=\"heading.default\">\n\t\t\t\t<div class=\"elementor-widget-container\">\n\t\t\t\t\t<h2 class=\"elementor-heading-title elementor-size-default\"><a href=\"https:\/\/energizer.com\/eu\/poland\/button-battery-safety\/\">Button Battery<\/a><\/h2>\t\t\t\t<\/div>\n\t\t\t\t<\/div>\n\t\t\t\t<div class=\"elementor-element elementor-element-600f778 elementor-widget elementor-widget-heading\" data-id=\"600f778\" data-element_type=\"widget\" data-e-type=\"widget\" data-widget_type=\"heading.default\">\n\t\t\t\t<div class=\"elementor-widget-container\">\n\t\t\t\t\t<h2 class=\"elementor-heading-title elementor-size-default\"><a href=\"https:\/\/energizer.com\/eu\/poland\/button-battery-safety\/\">Safety<\/a><\/h2>\t\t\t\t<\/div>\n\t\t\t\t<\/div>\n\t\t\t\t\t<\/div>\n\t\t\t\t<\/div>\n\t\t<div class=\"elementor-element elementor-element-c3096e2 e-flex e-con-boxed e-con e-child\" data-id=\"c3096e2\" data-element_type=\"container\" data-e-type=\"container\" data-settings=\"{&quot;background_background&quot;:&quot;classic&quot;}\">\n\t\t\t\t\t<div class=\"e-con-inner\">\n\t\t\t\t<div class=\"elementor-element elementor-element-f13bd0a elementor-widget elementor-widget-heading\" data-id=\"f13bd0a\" data-element_type=\"widget\" data-e-type=\"widget\" data-widget_type=\"heading.default\">\n\t\t\t\t<div class=\"elementor-widget-container\">\n\t\t\t\t\t<h2 class=\"elementor-heading-title elementor-size-default\"><a href=\"https:\/\/energizer.com\/eu\/poland\/battery-works\/\">Learn about<\/a><\/h2>\t\t\t\t<\/div>\n\t\t\t\t<\/div>\n\t\t\t\t<div class=\"elementor-element elementor-element-8d42d97 elementor-widget elementor-widget-heading\" data-id=\"8d42d97\" data-element_type=\"widget\" data-e-type=\"widget\" data-widget_type=\"heading.default\">\n\t\t\t\t<div class=\"elementor-widget-container\">\n\t\t\t\t\t<h2 class=\"elementor-heading-title elementor-size-default\"><a href=\"https:\/\/energizer.com\/eu\/poland\/battery-works\/\">Battery<\/a><\/h2>\t\t\t\t<\/div>\n\t\t\t\t<\/div>\n\t\t\t\t\t<\/div>\n\t\t\t\t<\/div>\n\t\t<div class=\"elementor-element elementor-element-94e9bbd e-flex e-con-boxed e-con e-child\" data-id=\"94e9bbd\" data-element_type=\"container\" data-e-type=\"container\" data-settings=\"{&quot;background_background&quot;:&quot;classic&quot;}\">\n\t\t\t\t\t<div class=\"e-con-inner\">\n\t\t\t\t<div class=\"elementor-element elementor-element-00a07c3 elementor-widget elementor-widget-heading\" data-id=\"00a07c3\" data-element_type=\"widget\" data-e-type=\"widget\" data-widget_type=\"heading.default\">\n\t\t\t\t<div class=\"elementor-widget-container\">\n\t\t\t\t\t<h2 class=\"elementor-heading-title elementor-size-default\"><a href=\"https:\/\/energizer.com\/eu\/poland\/responsibility\/\">Responsability<\/a><\/h2>\t\t\t\t<\/div>\n\t\t\t\t<\/div>\n\t\t\t\t\t<\/div>\n\t\t\t\t<\/div>\n\t\t\t\t\t<\/div>\n\t\t\t\t<\/div>\n\t\t\t\t\t<\/div>\n\t\t\t\t<\/div>\n\t\t\t\t<\/div>\n\t\t\t\t\t<\/div>\n\t\t\t\t<\/div>\n\t\t\t\t\t<\/div>\n\t\t\t\t<\/div>\n\t\t\t\t<\/div>\n\t\t","protected":false},"excerpt":{"rendered":"<p>Zasady u\u017cytkowania ZALECENIA &amp; NIE PRAWID\u0141OWE PRZECHOWYWANIE, PIEL\u0118GNACJA I OBS\u0141UGA AKUMULATOR\u00d3W Latark\u0119 nale\u017cy przechowywa\u0107 w suchym i ch\u0142odnym miejscu kt\u00f3ry jest wygodny i \u0142atwo dost\u0119pny w sytuacji awaryjnej lub awarii zasilania. Je\u015bli latarka lub latarnia nie jest u\u017cywana, nale\u017cy wymienia\u0107 w niej baterie co kilka miesi\u0119cy przez d\u0142u\u017cszy czas. Zapewnia to \u015bwie\u017ce, dzia\u0142aj\u0105ce baterie i [&hellip;]<\/p>\n","protected":false},"author":1,"featured_media":0,"parent":0,"menu_order":0,"comment_status":"closed","ping_status":"closed","template":"elementor_header_footer","meta":{"_acf_changed":false,"footnotes":""},"class_list":["post-3821","page","type-page","status-publish","hentry"],"acf":[],"_links":{"self":[{"href":"https:\/\/energizer.com\/eu\/poland\/wp-json\/wp\/v2\/pages\/3821","targetHints":{"allow":["GET"]}}],"collection":[{"href":"https:\/\/energizer.com\/eu\/poland\/wp-json\/wp\/v2\/pages"}],"about":[{"href":"https:\/\/energizer.com\/eu\/poland\/wp-json\/wp\/v2\/types\/page"}],"author":[{"embeddable":true,"href":"https:\/\/energizer.com\/eu\/poland\/wp-json\/wp\/v2\/users\/1"}],"replies":[{"embeddable":true,"href":"https:\/\/energizer.com\/eu\/poland\/wp-json\/wp\/v2\/comments?post=3821"}],"version-history":[{"count":47,"href":"https:\/\/energizer.com\/eu\/poland\/wp-json\/wp\/v2\/pages\/3821\/revisions"}],"predecessor-version":[{"id":10912,"href":"https:\/\/energizer.com\/eu\/poland\/wp-json\/wp\/v2\/pages\/3821\/revisions\/10912"}],"wp:attachment":[{"href":"https:\/\/energizer.com\/eu\/poland\/wp-json\/wp\/v2\/media?parent=3821"}],"curies":[{"name":"wp","href":"https:\/\/api.w.org\/{rel}","templated":true}]}}