{"id":5738,"date":"2024-05-23T12:21:40","date_gmt":"2024-05-23T12:21:40","guid":{"rendered":"https:\/\/23b13e8ab3.nxcli.io\/poland\/?page_id=5738"},"modified":"2024-11-27T07:20:01","modified_gmt":"2024-11-27T07:20:01","slug":"preparedness","status":"publish","type":"page","link":"https:\/\/energizer.com\/eu\/poland\/responsibility\/preparedness\/","title":{"rendered":"Preparedness"},"content":{"rendered":"\t\t<div data-elementor-type=\"wp-page\" data-elementor-id=\"5738\" class=\"elementor elementor-5738\" data-elementor-post-type=\"page\">\n\t\t\t\t<div class=\"elementor-element elementor-element-9b5c823 e-flex e-con-boxed e-con e-parent\" data-id=\"9b5c823\" data-element_type=\"container\" data-e-type=\"container\">\n\t\t\t\t\t<div class=\"e-con-inner\">\n\t\t\t\t<div class=\"elementor-element elementor-element-7fe5857 elementor-widget elementor-widget-heading\" data-id=\"7fe5857\" data-element_type=\"widget\" data-e-type=\"widget\" data-widget_type=\"heading.default\">\n\t\t\t\t<div class=\"elementor-widget-container\">\n\t\t\t\t\t<h1 class=\"elementor-heading-title elementor-size-default\">Gotowo\u015b\u0107  na sytuacje awaryjne<\/h1>\t\t\t\t<\/div>\n\t\t\t\t<\/div>\n\t\t\t\t<div class=\"elementor-element elementor-element-7d72013 elementor-widget-divider--view-line elementor-widget elementor-widget-divider\" data-id=\"7d72013\" data-element_type=\"widget\" data-e-type=\"widget\" data-widget_type=\"divider.default\">\n\t\t\t\t<div class=\"elementor-widget-container\">\n\t\t\t\t\t\t\t<div class=\"elementor-divider\">\n\t\t\t<span class=\"elementor-divider-separator\">\n\t\t\t\t\t\t<\/span>\n\t\t<\/div>\n\t\t\t\t\t\t<\/div>\n\t\t\t\t<\/div>\n\t\t\t\t\t<\/div>\n\t\t\t\t<\/div>\n\t\t<div class=\"elementor-element elementor-element-071971a e-flex e-con-boxed e-con e-parent\" data-id=\"071971a\" data-element_type=\"container\" data-e-type=\"container\">\n\t\t\t\t\t<div class=\"e-con-inner\">\n\t\t<div class=\"elementor-element elementor-element-679043e e-con-full e-flex e-con e-child\" data-id=\"679043e\" data-element_type=\"container\" data-e-type=\"container\">\n\t\t\t\t<div class=\"elementor-element elementor-element-58974ed elementor-widget elementor-widget-text-editor\" data-id=\"58974ed\" data-element_type=\"widget\" data-e-type=\"widget\" data-widget_type=\"text-editor.default\">\n\t\t\t\t<div class=\"elementor-widget-container\">\n\t\t\t\t\t\t\t\t\tPrzygotuj si\u0119 na przetrwanie ka\u017cdej burzy \u2013 z pomoc\u0105 Energizer\u00ae. Od d\u0142ugodzia\u0142aj\u0105cych baterii Energizer\u00ae MAX\u00ae i Energizer\u00ae Ultimate Lithium\u2122 a\u017c po lampy LED Energizer\u00ae Weatheready\u00ae LED i latarki Energizer\u00ae. Reflektory, \u015bwiece bezp\u0142omieniowe, a nawet baterie do aparat\u00f3w s\u0142uchowych \u2013 to wszystko znajdziesz tutaj. Pami\u0119taj te\u017c o \u0142adowarkach Energizer Recharge\u00ae, bez kt\u00f3rych przygotowanie na burz\u0119 b\u0119dzie niekompletne. Kilka godzin czy kilka dni \u2014 Energizer dba, aby Twoja rodzina nie musia\u0142a siedzie\u0107 w ciemno\u015bciach.<\/p>\n<p tabindex=\"0\">Aby jak najlepiej przygotowa\u0107 sw\u00f3j dom, kieruj si\u0119 tymi czterema prostymi wskaz\u00f3wkami:\t\t\t\t\t\t\t\t<\/div>\n\t\t\t\t<\/div>\n\t\t\t\t<\/div>\n\t\t<div class=\"elementor-element elementor-element-4aab1ee e-con-full e-flex e-con e-child\" data-id=\"4aab1ee\" data-element_type=\"container\" data-e-type=\"container\">\n\t\t<div class=\"elementor-element elementor-element-306f1b3 e-con-full e-flex e-con e-child\" data-id=\"306f1b3\" data-element_type=\"container\" data-e-type=\"container\" data-settings=\"{&quot;background_background&quot;:&quot;classic&quot;}\">\n\t\t\t\t<div class=\"elementor-element elementor-element-ecc5725 elementor-widget elementor-widget-image\" data-id=\"ecc5725\" data-element_type=\"widget\" data-e-type=\"widget\" data-widget_type=\"image.default\">\n\t\t\t\t<div class=\"elementor-widget-container\">\n\t\t\t\t\t\t\t\t\t\t\t\t\t\t\t<img fetchpriority=\"high\" decoding=\"async\" width=\"1564\" height=\"1165\" src=\"https:\/\/energizer.com\/eu\/poland\/wp-content\/uploads\/sites\/23\/2024\/08\/SM_PREPAREDNESS_POLISH-01.png\" class=\"attachment-full size-full wp-image-10420\" alt=\"ep_have-a-plan\" srcset=\"https:\/\/energizer.com\/eu\/poland\/wp-content\/uploads\/sites\/23\/2024\/08\/SM_PREPAREDNESS_POLISH-01.png 1564w, https:\/\/energizer.com\/eu\/poland\/wp-content\/uploads\/sites\/23\/2024\/08\/SM_PREPAREDNESS_POLISH-01-300x223.png 300w, https:\/\/energizer.com\/eu\/poland\/wp-content\/uploads\/sites\/23\/2024\/08\/SM_PREPAREDNESS_POLISH-01-1024x763.png 1024w, https:\/\/energizer.com\/eu\/poland\/wp-content\/uploads\/sites\/23\/2024\/08\/SM_PREPAREDNESS_POLISH-01-768x572.png 768w, https:\/\/energizer.com\/eu\/poland\/wp-content\/uploads\/sites\/23\/2024\/08\/SM_PREPAREDNESS_POLISH-01-1536x1144.png 1536w, https:\/\/energizer.com\/eu\/poland\/wp-content\/uploads\/sites\/23\/2024\/08\/SM_PREPAREDNESS_POLISH-01-600x447.png 600w\" sizes=\"(max-width: 1564px) 100vw, 1564px\" \/>\t\t\t\t\t\t\t\t\t\t\t\t\t\t\t<\/div>\n\t\t\t\t<\/div>\n\t\t\t\t<\/div>\n\t\t<div class=\"elementor-element elementor-element-4cb33a4 e-con-full e-flex e-con e-child\" data-id=\"4cb33a4\" data-element_type=\"container\" data-e-type=\"container\" data-settings=\"{&quot;background_background&quot;:&quot;classic&quot;}\">\n\t\t\t\t<div class=\"elementor-element elementor-element-a79497b elementor-widget elementor-widget-image\" data-id=\"a79497b\" data-element_type=\"widget\" data-e-type=\"widget\" data-widget_type=\"image.default\">\n\t\t\t\t<div class=\"elementor-widget-container\">\n\t\t\t\t\t\t\t\t\t\t\t\t\t\t\t<img decoding=\"async\" width=\"1563\" height=\"1165\" src=\"https:\/\/energizer.com\/eu\/poland\/wp-content\/uploads\/sites\/23\/2024\/08\/SM_PREPAREDNESS_POLISH-03.png\" class=\"attachment-full size-full wp-image-10421\" alt=\"\" srcset=\"https:\/\/energizer.com\/eu\/poland\/wp-content\/uploads\/sites\/23\/2024\/08\/SM_PREPAREDNESS_POLISH-03.png 1563w, https:\/\/energizer.com\/eu\/poland\/wp-content\/uploads\/sites\/23\/2024\/08\/SM_PREPAREDNESS_POLISH-03-300x224.png 300w, https:\/\/energizer.com\/eu\/poland\/wp-content\/uploads\/sites\/23\/2024\/08\/SM_PREPAREDNESS_POLISH-03-1024x763.png 1024w, https:\/\/energizer.com\/eu\/poland\/wp-content\/uploads\/sites\/23\/2024\/08\/SM_PREPAREDNESS_POLISH-03-768x572.png 768w, https:\/\/energizer.com\/eu\/poland\/wp-content\/uploads\/sites\/23\/2024\/08\/SM_PREPAREDNESS_POLISH-03-1536x1145.png 1536w, https:\/\/energizer.com\/eu\/poland\/wp-content\/uploads\/sites\/23\/2024\/08\/SM_PREPAREDNESS_POLISH-03-600x447.png 600w\" sizes=\"(max-width: 1563px) 100vw, 1563px\" \/>\t\t\t\t\t\t\t\t\t\t\t\t\t\t\t<\/div>\n\t\t\t\t<\/div>\n\t\t\t\t<\/div>\n\t\t<div class=\"elementor-element elementor-element-45e3d63 e-con-full e-flex e-con e-child\" data-id=\"45e3d63\" data-element_type=\"container\" data-e-type=\"container\" data-settings=\"{&quot;background_background&quot;:&quot;classic&quot;}\">\n\t\t\t\t<div class=\"elementor-element elementor-element-2a5f8c0 elementor-widget elementor-widget-image\" data-id=\"2a5f8c0\" data-element_type=\"widget\" data-e-type=\"widget\" data-widget_type=\"image.default\">\n\t\t\t\t<div class=\"elementor-widget-container\">\n\t\t\t\t\t\t\t\t\t\t\t\t\t\t\t<img decoding=\"async\" width=\"1563\" height=\"1165\" src=\"https:\/\/energizer.com\/eu\/poland\/wp-content\/uploads\/sites\/23\/2024\/11\/SM_PREPAREDNESS_POLISH-04.png\" class=\"attachment-full size-full wp-image-11188\" alt=\"\" srcset=\"https:\/\/energizer.com\/eu\/poland\/wp-content\/uploads\/sites\/23\/2024\/11\/SM_PREPAREDNESS_POLISH-04.png 1563w, https:\/\/energizer.com\/eu\/poland\/wp-content\/uploads\/sites\/23\/2024\/11\/SM_PREPAREDNESS_POLISH-04-300x224.png 300w, https:\/\/energizer.com\/eu\/poland\/wp-content\/uploads\/sites\/23\/2024\/11\/SM_PREPAREDNESS_POLISH-04-1024x763.png 1024w, https:\/\/energizer.com\/eu\/poland\/wp-content\/uploads\/sites\/23\/2024\/11\/SM_PREPAREDNESS_POLISH-04-768x572.png 768w, https:\/\/energizer.com\/eu\/poland\/wp-content\/uploads\/sites\/23\/2024\/11\/SM_PREPAREDNESS_POLISH-04-1536x1145.png 1536w, https:\/\/energizer.com\/eu\/poland\/wp-content\/uploads\/sites\/23\/2024\/11\/SM_PREPAREDNESS_POLISH-04-600x447.png 600w\" sizes=\"(max-width: 1563px) 100vw, 1563px\" \/>\t\t\t\t\t\t\t\t\t\t\t\t\t\t\t<\/div>\n\t\t\t\t<\/div>\n\t\t\t\t<\/div>\n\t\t<div class=\"elementor-element elementor-element-d80e744 e-con-full e-flex e-con e-child\" data-id=\"d80e744\" data-element_type=\"container\" data-e-type=\"container\" data-settings=\"{&quot;background_background&quot;:&quot;classic&quot;}\">\n\t\t\t\t<div class=\"elementor-element elementor-element-55fa91a elementor-widget elementor-widget-image\" data-id=\"55fa91a\" data-element_type=\"widget\" data-e-type=\"widget\" data-widget_type=\"image.default\">\n\t\t\t\t<div class=\"elementor-widget-container\">\n\t\t\t\t\t\t\t\t\t\t\t\t\t\t\t<img loading=\"lazy\" decoding=\"async\" width=\"1563\" height=\"1165\" src=\"https:\/\/energizer.com\/eu\/poland\/wp-content\/uploads\/sites\/23\/2024\/11\/SM_PREPAREDNESS_POLISH-02.png\" class=\"attachment-full size-full wp-image-11187\" alt=\"\" srcset=\"https:\/\/energizer.com\/eu\/poland\/wp-content\/uploads\/sites\/23\/2024\/11\/SM_PREPAREDNESS_POLISH-02.png 1563w, https:\/\/energizer.com\/eu\/poland\/wp-content\/uploads\/sites\/23\/2024\/11\/SM_PREPAREDNESS_POLISH-02-300x224.png 300w, https:\/\/energizer.com\/eu\/poland\/wp-content\/uploads\/sites\/23\/2024\/11\/SM_PREPAREDNESS_POLISH-02-1024x763.png 1024w, https:\/\/energizer.com\/eu\/poland\/wp-content\/uploads\/sites\/23\/2024\/11\/SM_PREPAREDNESS_POLISH-02-768x572.png 768w, https:\/\/energizer.com\/eu\/poland\/wp-content\/uploads\/sites\/23\/2024\/11\/SM_PREPAREDNESS_POLISH-02-1536x1145.png 1536w, https:\/\/energizer.com\/eu\/poland\/wp-content\/uploads\/sites\/23\/2024\/11\/SM_PREPAREDNESS_POLISH-02-600x447.png 600w\" sizes=\"(max-width: 1563px) 100vw, 1563px\" \/>\t\t\t\t\t\t\t\t\t\t\t\t\t\t\t<\/div>\n\t\t\t\t<\/div>\n\t\t\t\t<\/div>\n\t\t\t\t<\/div>\n\t\t\t\t\t<\/div>\n\t\t\t\t<\/div>\n\t\t\t\t<\/div>\n\t\t","protected":false},"excerpt":{"rendered":"<p>Gotowo\u015b\u0107 na sytuacje awaryjne Przygotuj si\u0119 na przetrwanie ka\u017cdej burzy \u2013 z pomoc\u0105 Energizer\u00ae. Od d\u0142ugodzia\u0142aj\u0105cych baterii Energizer\u00ae MAX\u00ae i Energizer\u00ae Ultimate Lithium\u2122 a\u017c po lampy LED Energizer\u00ae Weatheready\u00ae LED i latarki Energizer\u00ae. Reflektory, \u015bwiece bezp\u0142omieniowe, a nawet baterie do aparat\u00f3w s\u0142uchowych \u2013 to wszystko znajdziesz tutaj. Pami\u0119taj te\u017c o \u0142adowarkach Energizer Recharge\u00ae, bez kt\u00f3rych [&hellip;]<\/p>\n","protected":false},"author":1,"featured_media":0,"parent":4680,"menu_order":0,"comment_status":"closed","ping_status":"closed","template":"elementor_header_footer","meta":{"_acf_changed":false,"footnotes":""},"class_list":["post-5738","page","type-page","status-publish","hentry"],"acf":[],"_links":{"self":[{"href":"https:\/\/energizer.com\/eu\/poland\/wp-json\/wp\/v2\/pages\/5738","targetHints":{"allow":["GET"]}}],"collection":[{"href":"https:\/\/energizer.com\/eu\/poland\/wp-json\/wp\/v2\/pages"}],"about":[{"href":"https:\/\/energizer.com\/eu\/poland\/wp-json\/wp\/v2\/types\/page"}],"author":[{"embeddable":true,"href":"https:\/\/energizer.com\/eu\/poland\/wp-json\/wp\/v2\/users\/1"}],"replies":[{"embeddable":true,"href":"https:\/\/energizer.com\/eu\/poland\/wp-json\/wp\/v2\/comments?post=5738"}],"version-history":[{"count":64,"href":"https:\/\/energizer.com\/eu\/poland\/wp-json\/wp\/v2\/pages\/5738\/revisions"}],"predecessor-version":[{"id":11191,"href":"https:\/\/energizer.com\/eu\/poland\/wp-json\/wp\/v2\/pages\/5738\/revisions\/11191"}],"up":[{"embeddable":true,"href":"https:\/\/energizer.com\/eu\/poland\/wp-json\/wp\/v2\/pages\/4680"}],"wp:attachment":[{"href":"https:\/\/energizer.com\/eu\/poland\/wp-json\/wp\/v2\/media?parent=5738"}],"curies":[{"name":"wp","href":"https:\/\/api.w.org\/{rel}","templated":true}]}}