{"id":5741,"date":"2024-05-23T12:22:04","date_gmt":"2024-05-23T12:22:04","guid":{"rendered":"https:\/\/23b13e8ab3.nxcli.io\/poland\/?page_id=5741"},"modified":"2024-10-14T05:02:16","modified_gmt":"2024-10-14T05:02:16","slug":"top-5-ways-to-prepare-for-a-power-outage","status":"publish","type":"page","link":"https:\/\/energizer.com\/eu\/poland\/responsibility\/top-5-ways-to-prepare-for-a-power-outage\/","title":{"rendered":"Top 5 Ways to Prepare for a Power Outage"},"content":{"rendered":"\t\t<div data-elementor-type=\"wp-page\" data-elementor-id=\"5741\" class=\"elementor elementor-5741\" data-elementor-post-type=\"page\">\n\t\t\t\t<div class=\"elementor-element elementor-element-9b5c823 e-flex e-con-boxed e-con e-parent\" data-id=\"9b5c823\" data-element_type=\"container\" data-e-type=\"container\">\n\t\t\t\t\t<div class=\"e-con-inner\">\n\t\t\t\t<div class=\"elementor-element elementor-element-7fe5857 elementor-widget elementor-widget-heading\" data-id=\"7fe5857\" data-element_type=\"widget\" data-e-type=\"widget\" data-widget_type=\"heading.default\">\n\t\t\t\t<div class=\"elementor-widget-container\">\n\t\t\t\t\t<h1 class=\"elementor-heading-title elementor-size-default\">Pi\u0119\u0107 najcz\u0119stszych b\u0142\u0119d\u00f3w pope\u0142nianych przez ludzi\nw trakcie przerw w dostawie pr\u0105du<\/h1>\t\t\t\t<\/div>\n\t\t\t\t<\/div>\n\t\t\t\t<div class=\"elementor-element elementor-element-7d72013 elementor-widget-divider--view-line elementor-widget elementor-widget-divider\" data-id=\"7d72013\" data-element_type=\"widget\" data-e-type=\"widget\" data-widget_type=\"divider.default\">\n\t\t\t\t<div class=\"elementor-widget-container\">\n\t\t\t\t\t\t\t<div class=\"elementor-divider\">\n\t\t\t<span class=\"elementor-divider-separator\">\n\t\t\t\t\t\t<\/span>\n\t\t<\/div>\n\t\t\t\t\t\t<\/div>\n\t\t\t\t<\/div>\n\t\t\t\t\t<\/div>\n\t\t\t\t<\/div>\n\t\t<div class=\"elementor-element elementor-element-071971a e-flex e-con-boxed e-con e-parent\" data-id=\"071971a\" data-element_type=\"container\" data-e-type=\"container\">\n\t\t\t\t\t<div class=\"e-con-inner\">\n\t\t<div class=\"elementor-element elementor-element-679043e e-con-full e-flex e-con e-child\" data-id=\"679043e\" data-element_type=\"container\" data-e-type=\"container\">\n\t\t\t\t<div class=\"elementor-element elementor-element-a5c88d5 elementor-widget elementor-widget-text-editor\" data-id=\"a5c88d5\" data-element_type=\"widget\" data-e-type=\"widget\" data-widget_type=\"text-editor.default\">\n\t\t\t\t<div class=\"elementor-widget-container\">\n\t\t\t\t\t\t\t\t\t<p>Burze, huragany, powodzie i tornada powoduj\u0105 awarie zasilania. Obecnie\u00a0 zjawiska te wyst\u0119puj\u0105\u00a0coraz cz\u0119\u015bciej. Zapoznaj si\u0119 z najcz\u0119stszymi b\u0142\u0119dami kt\u00f3re pope\u0142niaj\u0105 ludzie przed rozpocz\u0119ciem sezonu, aby ich unikn\u0105\u0107 i\u00a0odpowiednio przygotowa\u0107 si\u0119<span style=\"text-align: var(--text-align); color: var( --e-global-color-f87a979 );\">\u00a0na wypadek katastrofy:<\/span><\/p>\t\t\t\t\t\t\t\t<\/div>\n\t\t\t\t<\/div>\n\t\t\t\t<div class=\"elementor-element elementor-element-7739ae2 elementor-widget__width-inherit elementor-widget elementor-widget-text-editor\" data-id=\"7739ae2\" data-element_type=\"widget\" data-e-type=\"widget\" data-widget_type=\"text-editor.default\">\n\t\t\t\t<div class=\"elementor-widget-container\">\n\t\t\t\t\t\t\t\t\t<h2>1. Zmagazynowanie niewystarczaj\u0105cej ilo\u015bci wody<\/h2><p>Pomy\u015bl, ile galon\u00f3w wody nale\u017ca\u0142oby kupi\u0107, aby si\u0119 przygotowa\u0107 na huragan. Teraz pomn\u00f3\u017c to przez 4! Woda jest niezb\u0119dna do \u017cycia, a \u0142atwo jej niedocenia\u0107. Chocia\u017c intensywno\u015b\u0107 burzy jest r\u00f3\u017cna, a\u00a0media\u00a0<span style=\"text-align: var(--text-align);\">takie jak woda i pr\u0105d mog\u0105 zosta\u0107 ponownie w\u0142\u0105czone szybko, nigdy nie mo\u017cna by\u0107 za bardzo\u00a0\u00a0przygotowanym na powa\u017cne przerwy w dostawie wody. . Od prostych potrzeb, takich jak picie i gotowanie, po mniej oczywiste jak k\u0105piel i czyszczenie ubra\u0144 \u2013 musisz zaopatrzy\u0107 si\u0119 w awaryjny zapas wody, przygotowuj\u0105c si\u0119 na burz\u0119.<\/span><\/p>\t\t\t\t\t\t\t\t<\/div>\n\t\t\t\t<\/div>\n\t\t\t\t<div class=\"elementor-element elementor-element-0363891 elementor-widget__width-inherit elementor-widget elementor-widget-text-editor\" data-id=\"0363891\" data-element_type=\"widget\" data-e-type=\"widget\" data-widget_type=\"text-editor.default\">\n\t\t\t\t<div class=\"elementor-widget-container\">\n\t\t\t\t\t\t\t\t\t<h2>2. Zapominanie o \u017cywno\u015bci na sytuacje awaryjne<\/h2><p>Podczas awarii zasilania \u0142atwo zapomnie\u0107, \u017ce ulubiona mro\u017cona pizza wymaga kuchenki mikrofalowej. Dlatego wa\u017cne jest, aby zawsze mie\u0107 pod r\u0119k\u0105 zapas \u017cywno\u015bci o d\u0142ugim terminie przydatno\u015bci do spo\u017cycia, kt\u00f3ra zapewni wy\u017cywienie Tobie i Twojej rodzinie. I to, \u017ce przechowywanie produkt\u00f3w jest wyzwaniem, nie oznacza, \u017ce musisz i\u015b\u0107 na kompromis w kwestii zdrowego od\u017cywiania. Wypr\u00f3buj pakowanych zup warzywnych, suszonego mi\u0119sa, suszonych liofilizowanych owoc\u00f3w, orzech\u00f3w czy nasion.<\/p>\t\t\t\t\t\t\t\t<\/div>\n\t\t\t\t<\/div>\n\t\t\t\t<div class=\"elementor-element elementor-element-b2da0a8 elementor-widget__width-inherit elementor-widget elementor-widget-text-editor\" data-id=\"b2da0a8\" data-element_type=\"widget\" data-e-type=\"widget\" data-widget_type=\"text-editor.default\">\n\t\t\t\t<div class=\"elementor-widget-container\">\n\t\t\t\t\t\t\t\t\t<h2>3. Lekcewa\u017cenie zapotrzebowania na jasne \u015bwiat\u0142o<\/h2><p>Kompaktowa akumulatora lampka LED\u00a0<em>Energizer<\/em><sub>\u00ae<\/sub>\u00a0Weatheready<sub>\u00ae<\/sub>\u00a0Compact Rechargeable LED Light normalnie jest w\u0142o\u017cona do gniazdka i \u0142adowana, ale w razie przerwy w dostawie pr\u0105du prze\u0142\u0105cza si\u0119 na zasilanie akumulatorowe. Jest wi\u0119c zawsze gotowa do akcji, a zgromadzony pr\u0105d starczy na 3,5 godziny pracy. Strumie\u0144 \u015bwietlny o nat\u0119\u017ceniu 25 lumen\u00f3w skutecznie o\u015bwietla drog\u0119 przej\u015bcia, zwi\u0119kszaj\u0105c poczucie bezpiecze\u0144stwa.<br \/>Je\u015bli potrzebujesz o\u015bwietlenia wi\u0119kszej powierzchni, wybierz sk\u0142adan\u0105 latarni\u0119\u00a0<em>Energizer<\/em><sub>\u00ae<\/sub>\u00a0Weatheready<sub>\u00ae<\/sub>\u00a0Emergency Folding Lantern, kt\u00f3rej moc 500 lumen\u00f3w rozja\u015bni ca\u0142e pomieszczenie, a dodatkowo lamp\u0119 mo\u017cna obraca\u0107 w zakresie 360\u00ba.<br \/>Oferujemy te\u017c \u017ar\u00f3d\u0142o \u015bwiat\u0142a, kt\u00f3rego nie trzeba trzyma\u0107 w d\u0142oniach. Odporny na upadek z wysoko\u015bci i wodoszczelny reflektor\u00a0<em>Energizer<\/em><sub>\u00ae<\/sub>\u00a0Vision LED Headlamp\u00a0doskonale sprawdzi si\u0119 podczas noszenia zapas\u00f3w\/zakup\u00f3w, przygotowywania domu czy nawet trzymania dziecka w d\u0142oniach, gdy potrzebuje opieki w razie nag\u0142ego wy\u0142\u0105czenia pr\u0105du. Zapewnia obrotow\u0105 wi\u0105zk\u0119 \u015bwiat\u0142a na odleg\u0142o\u015b\u0107 35 metr\u00f3w, czyli do 4 razy ja\u015bniejsz\u0105 ni\u017c w przypadku standardowej technologii LED.<\/p>\t\t\t\t\t\t\t\t<\/div>\n\t\t\t\t<\/div>\n\t\t\t\t<div class=\"elementor-element elementor-element-8b9b732 elementor-widget__width-inherit elementor-widget elementor-widget-text-editor\" data-id=\"8b9b732\" data-element_type=\"widget\" data-e-type=\"widget\" data-widget_type=\"text-editor.default\">\n\t\t\t\t<div class=\"elementor-widget-container\">\n\t\t\t\t\t\t\t\t\t<h2>4. Brak przygotowania na przerwy w dostawie pr\u0105du<\/h2>\n<p>Niekt\u00f3re przerwy w dostawie pr\u0105du trwaj\u0105 d\u0142u\u017cej, ni\u017c si\u0119 spodziewamy, wi\u0119c nie oszcz\u0119dzaj na zapasowych bateriaxch. Korzystaj z produkt\u00f3w o uznanej jako\u015bci, takich jak baterie&nbsp;<em>Energizer<\/em><sub>\u00ae<\/sub>&nbsp;Ultimate Lithium\u2122, kt\u00f3rych przydatno\u015b\u0107 do u\u017cycia wynosi 25 lat*. S\u0105 odporne na wycieki** i sprawdzaj\u0105 si\u0119 w ekstremalnych temperaturach, dzi\u0119ki czemu mo\u017cesz by\u0107 gotowy na wszystko. Zaopatrz si\u0119 w kilka opakowa\u0144 r\u00f3\u017cnych rozmiar\u00f3w baterii, aby mie\u0107 pewno\u015b\u0107, \u017ce wszystkie Twoje urz\u0105dzenia b\u0119d\u0105&nbsp;mia\u0142y zasilanie na wypadek d\u0142u\u017cszych przerw w dostawie pr\u0105du.<\/p>\t\t\t\t\t\t\t\t<\/div>\n\t\t\t\t<\/div>\n\t\t\t\t<div class=\"elementor-element elementor-element-7e75c35 elementor-widget__width-inherit elementor-widget elementor-widget-text-editor\" data-id=\"7e75c35\" data-element_type=\"widget\" data-e-type=\"widget\" data-widget_type=\"text-editor.default\">\n\t\t\t\t<div class=\"elementor-widget-container\">\n\t\t\t\t\t\t\t\t\t<h2>5. Zignorowanie roli radia<\/h2><p>Przygotowanie na sytuacj\u0119 awaryjn\u0105 obejmuje utrzymanie kontaktu i \u0142\u0105czno\u015bci, ale przy roz\u0142adowanej baterii w telefonie i braku sygna\u0142u sieci Wi-Fi jest to niemo\u017cliwe. Dlatego te\u017c m\u0105drze jest u\u017cywa\u0107 radia na baterie jako dodatkowego \u017ar\u00f3d\u0142a informacji. I oczywi\u015bcie najlepiej, aby baterie by\u0142y trwa\u0142e i d\u0142ugo dzia\u0142a\u0142y, dok\u0142adnie tak jak produkty Energizer\u00ae. Bez wzgl\u0119du na to, czy obawiasz si\u0119 huraganu, powodzi, czy nawet tornada, te najwa\u017cniejsze zalecenia i przestrogi \u2014 wsparte dodatkowo niezawodnymi, trwa\u0142ymi i innowacyjnymi produktami Energizer\u00ae \u2014 dobrze przygotuj\u0105 na r\u00f3\u017cne sytuacje awaryjne. Zawsze bezpiecznie, sucho i jasno!<\/p>\t\t\t\t\t\t\t\t<\/div>\n\t\t\t\t<\/div>\n\t\t\t\t<div class=\"elementor-element elementor-element-d2398df elementor-widget__width-inherit elementor-widget elementor-widget-text-editor\" data-id=\"d2398df\" data-element_type=\"widget\" data-e-type=\"widget\" data-widget_type=\"text-editor.default\">\n\t\t\t\t<div class=\"elementor-widget-container\">\n\t\t\t\t\t\t\t\t\t<h2>5. Zignorowanie roli radia<\/h2>\n<p>Przygotowanie na sytuacj\u0119 awaryjn\u0105 obejmuje utrzymanie kontaktu i \u0142\u0105czno\u015bci, ale przy roz\u0142adowanej baterii w telefonie i braku sygna\u0142u sieci Wi-Fi jest to niemo\u017cliwe. Dlatego te\u017c m\u0105drze jest u\u017cywa\u0107 radia na baterie jako dodatkowego \u017ar\u00f3d\u0142a informacji. I oczywi\u015bcie najlepiej, aby baterie by\u0142y trwa\u0142e i d\u0142ugo dzia\u0142a\u0142y, dok\u0142adnie tak jak produkty Energizer\u00ae.&nbsp;<br><span style=\"text-align: var(--text-align);\">Bez wzgl\u0119du na to, czy obawiasz si\u0119 huraganu, powodzi, czy nawet tornada, te najwa\u017cniejsze zalecenia i przestrogi \u2014 wsparte dodatkowo niezawodnymi, trwa\u0142ymi i innowacyjnymi produktami Energizer\u00ae \u2014 dobrze przygotuj\u0105 Ci\u0119&nbsp;na r\u00f3\u017cne sytuacje awaryjne. Zawsze bezpiecznie, sucho i jasno!<\/span><\/p>\t\t\t\t\t\t\t\t<\/div>\n\t\t\t\t<\/div>\n\t\t\t\t<div class=\"elementor-element elementor-element-8273855 elementor-widget__width-inherit elementor-widget elementor-widget-text-editor\" data-id=\"8273855\" data-element_type=\"widget\" data-e-type=\"widget\" data-widget_type=\"text-editor.default\">\n\t\t\t\t<div class=\"elementor-widget-container\">\n\t\t\t\t\t\t\t\t\t<p>*25-letnia przydatno\u015b\u0107 do u\u017cycia dotyczy wy\u0142\u0105cznie baterii AA i AAA<br>**Konstrukcja odporna na wycieki jest stosowana w bateriach AA, AAA i 9 V<br>\u0179r\u00f3d\u0142a: FEMA, CNN, Czerwony Krzy\u017c<\/p>\t\t\t\t\t\t\t\t<\/div>\n\t\t\t\t<\/div>\n\t\t\t\t<\/div>\n\t\t\t\t\t<\/div>\n\t\t\t\t<\/div>\n\t\t\t\t<\/div>\n\t\t","protected":false},"excerpt":{"rendered":"<p>Pi\u0119\u0107 najcz\u0119stszych b\u0142\u0119d\u00f3w pope\u0142nianych przez ludzi w trakcie przerw w dostawie pr\u0105du Burze, huragany, powodzie i tornada powoduj\u0105 awarie zasilania. Obecnie\u00a0 zjawiska te wyst\u0119puj\u0105\u00a0coraz cz\u0119\u015bciej. Zapoznaj si\u0119 z najcz\u0119stszymi b\u0142\u0119dami kt\u00f3re pope\u0142niaj\u0105 ludzie przed rozpocz\u0119ciem sezonu, aby ich unikn\u0105\u0107 i\u00a0odpowiednio przygotowa\u0107 si\u0119\u00a0na wypadek katastrofy: 1. Zmagazynowanie niewystarczaj\u0105cej ilo\u015bci wody Pomy\u015bl, ile galon\u00f3w wody nale\u017ca\u0142oby kupi\u0107, [&hellip;]<\/p>\n","protected":false},"author":1,"featured_media":0,"parent":4680,"menu_order":0,"comment_status":"closed","ping_status":"closed","template":"elementor_header_footer","meta":{"_acf_changed":false,"footnotes":""},"class_list":["post-5741","page","type-page","status-publish","hentry"],"acf":[],"_links":{"self":[{"href":"https:\/\/energizer.com\/eu\/poland\/wp-json\/wp\/v2\/pages\/5741","targetHints":{"allow":["GET"]}}],"collection":[{"href":"https:\/\/energizer.com\/eu\/poland\/wp-json\/wp\/v2\/pages"}],"about":[{"href":"https:\/\/energizer.com\/eu\/poland\/wp-json\/wp\/v2\/types\/page"}],"author":[{"embeddable":true,"href":"https:\/\/energizer.com\/eu\/poland\/wp-json\/wp\/v2\/users\/1"}],"replies":[{"embeddable":true,"href":"https:\/\/energizer.com\/eu\/poland\/wp-json\/wp\/v2\/comments?post=5741"}],"version-history":[{"count":100,"href":"https:\/\/energizer.com\/eu\/poland\/wp-json\/wp\/v2\/pages\/5741\/revisions"}],"predecessor-version":[{"id":10890,"href":"https:\/\/energizer.com\/eu\/poland\/wp-json\/wp\/v2\/pages\/5741\/revisions\/10890"}],"up":[{"embeddable":true,"href":"https:\/\/energizer.com\/eu\/poland\/wp-json\/wp\/v2\/pages\/4680"}],"wp:attachment":[{"href":"https:\/\/energizer.com\/eu\/poland\/wp-json\/wp\/v2\/media?parent=5741"}],"curies":[{"name":"wp","href":"https:\/\/api.w.org\/{rel}","templated":true}]}}