{"id":10105,"date":"2024-08-02T09:55:22","date_gmt":"2024-08-02T09:55:22","guid":{"rendered":"https:\/\/23b13e8ab3.nxcli.io\/poland\/?post_type=product&#038;p=10105"},"modified":"2024-11-29T05:29:23","modified_gmt":"2024-11-29T05:29:23","slug":"energizer-electronics-batteries-cr2025","status":"publish","type":"product","link":"https:\/\/energizer.com\/eu\/poland\/product\/energizer-electronics-batteries-cr2025\/","title":{"rendered":"ENERGIZER\u00ae ELECTRONICS BATTERIES \u2013 CR2025"},"content":{"rendered":"<ul>\n<li>2-pak litowych baterii pastylkowych Energizer CR2025 <\/li>\n<li>D\u0142ugotrwa\u0142e: Ka\u017cda bateria litowa mo\u017ce by\u0107 przechowywana nawet przez 10 lat, dzi\u0119ki czemu jest gotowa do u\u017cycia zawsze wtedy, gdy jest potrzebna <\/li>\n<li>Moc, kt\u00f3rej mo\u017cesz zaufa\u0107: Zapewniaj\u0105 d\u0142ugotrwa\u0142e, niezawodne dzia\u0142anie w urz\u0105dzeniach specjalistycznych, takich jak monitory t\u0119tna, piloty, systemy bezkluczykowe, kalkulatory i zabawki<\/li>\n<li>Bezpieczne: Litowe baterie pastylkowe Energizer maj\u0105 opakowanie zabezpieczone przed dzie\u0107mi<\/li>\n<li>Niezawodne: Baterie litowe Energizer CR2025 sprawdzaj\u0105 si\u0119 w ekstremalnych temperaturach, wytrzymuj\u0105c od -30\u00ba do 60\u00ba C<\/li>\n<li>Innowacje Energizer: Od tw\u00f3rc\u00f3w najd\u0142u\u017cej dzia\u0142aj\u0105cej baterii AA na \u015bwiecie, Energizer Ultimate Lithium<\/li>\n<\/ul>\n","protected":false},"excerpt":{"rendered":"<p>Wykorzystaj w pe\u0142ni swoje najpotrzebniejsze urz\u0105dzenia dzi\u0119ki niezawodnej, d\u0142u\u017cszej \u017cywotno\u015bci, jakiej mo\u017cesz oczekiwa\u0107 od Energizer. Zaopatrz si\u0119 w baterie Energizer CR2025 do zegark\u00f3w i urz\u0105dze\u0144 elektronicznych do noszenia, a tak\u017ce baterie do pilot\u00f3w i czujnik\u00f3w alarmowych. Te baterie s\u0105 r\u00f3wnie\u017c doskona\u0142ym wyborem, je\u015bli potrzebujesz nowej baterii do kluczyka samochodowego. Ka\u017cda bateria Energizer CR2025 utrzymuje energi\u0119 do 10 lat podczas przechowywania i mo\u017ce wytrzyma\u0107 temperatury od -30\u00ba do 60\u00baC. S\u0105 one r\u00f3wnie\u017c odpowiedzialnie zaprojektowane z zerow\u0105 zawarto\u015bci\u0105 rt\u0119ci i bezpiecznym opakowaniem zabezpieczaj\u0105cym przed dzie\u0107mi. Opr\u00f3cz rozmiaru 2025 (lub KECR2025), gama baterii Energizer obejmuje r\u00f3wnie\u017c baterie 2032, 2016 czy LR44\/A76, dzi\u0119ki czemu \u0142atwo jest znale\u017a\u0107 niezawodne zasilanie w potrzebnym rozmiarze.<\/p>\n","protected":false},"featured_media":0,"template":"","meta":{"_acf_changed":false},"product_brand":[],"product_cat":[58],"product_tag":[],"class_list":{"0":"post-10105","1":"product","2":"type-product","3":"status-publish","5":"product_cat-specialty","7":"first","8":"instock","9":"shipping-taxable","10":"product-type-simple"},"acf":[],"_links":{"self":[{"href":"https:\/\/energizer.com\/eu\/poland\/wp-json\/wp\/v2\/product\/10105","targetHints":{"allow":["GET"]}}],"collection":[{"href":"https:\/\/energizer.com\/eu\/poland\/wp-json\/wp\/v2\/product"}],"about":[{"href":"https:\/\/energizer.com\/eu\/poland\/wp-json\/wp\/v2\/types\/product"}],"version-history":[{"count":6,"href":"https:\/\/energizer.com\/eu\/poland\/wp-json\/wp\/v2\/product\/10105\/revisions"}],"predecessor-version":[{"id":11198,"href":"https:\/\/energizer.com\/eu\/poland\/wp-json\/wp\/v2\/product\/10105\/revisions\/11198"}],"wp:attachment":[{"href":"https:\/\/energizer.com\/eu\/poland\/wp-json\/wp\/v2\/media?parent=10105"}],"wp:term":[{"taxonomy":"product_brand","embeddable":true,"href":"https:\/\/energizer.com\/eu\/poland\/wp-json\/wp\/v2\/product_brand?post=10105"},{"taxonomy":"product_cat","embeddable":true,"href":"https:\/\/energizer.com\/eu\/poland\/wp-json\/wp\/v2\/product_cat?post=10105"},{"taxonomy":"product_tag","embeddable":true,"href":"https:\/\/energizer.com\/eu\/poland\/wp-json\/wp\/v2\/product_tag?post=10105"}],"curies":[{"name":"wp","href":"https:\/\/api.w.org\/{rel}","templated":true}]}}