{"id":10492,"date":"2024-08-21T10:49:55","date_gmt":"2024-08-21T10:49:55","guid":{"rendered":"https:\/\/23b13e8ab3.nxcli.io\/poland\/?post_type=product&#038;p=10492"},"modified":"2024-11-29T05:29:27","modified_gmt":"2024-11-29T05:29:27","slug":"energizer-recharge-power-plus-c","status":"publish","type":"product","link":"https:\/\/energizer.com\/eu\/poland\/product\/energizer-recharge-power-plus-c\/","title":{"rendered":"ENERGIZER\u00ae RECHARGE POWER PLUS \u2013 C"},"content":{"rendered":"<ul>\n<li>2-pak akumulatork\u00f3w Energizer Power Plus C<\/li>\n<li>D\u0142ugotrwa\u0142e dzia\u0142anie: Ka\u017cde \u0142adowanie zapewnia d\u0142ugotrwa\u0142\u0105 moc dla urz\u0105dze\u0144 codziennego u\u017cytku<\/li>\n<li>Moc, kt\u00f3rej mo\u017cesz zaufa\u0107: Akumulatorki idealne do codziennych i zaawansowanych technologicznie urz\u0105dze\u0144, takich jak przeno\u015bne radia, zabawki i latarki<\/li>\n<li>Ochrona przed wyciekiem: Akumulatorki Energizer zosta\u0142y zaprojektowane tak, aby chroni\u0107 najwa\u017cniejsze urz\u0105dzenia przed szkodliwymi wyciekami w normalnych warunkach u\u017cytkowania<\/li>\n<li>Mo\u017cliwo\u015b\u0107 \u0142adowania: Ka\u017cdy akumulatorek mo\u017ce by\u0107 \u0142adowany setki razy, a jego \u017cywotno\u015b\u0107 wynosi do 3 lat<\/li>\n<li>Wyb\u00f3r klient\u00f3w: Energizer jest mark\u0105 nr 1 na \u015bwiecie pod wzgl\u0119dem sprzeda\u017cy akumulator\u00f3w<\/li>\n<li>Innowacja Energizer: Pierwszy na \u015bwiecie akumulator C wykonany w 7% z materia\u0142\u00f3w pochodz\u0105cych z recyklingu<\/li>\n<li>Opakowanie w 100% nadaj\u0105ce si\u0119 do recyklingu: Opakowania Energizer w 100% nadaj\u0105 si\u0119 do recyklingu, wspieraj\u0105 odpowiedzialn\u0105 gospodark\u0119 le\u015bn\u0105 i nie zawieraj\u0105 plastiku, z wyj\u0105tkiem plomb na wybranych opakowaniach<\/li>\n<\/ul>\n","protected":false},"excerpt":{"rendered":"<p>Wykorzystaj w pe\u0142ni swoje codzienne urz\u0105dzenia dzi\u0119ki niezawodnej mocy akumulatork\u00f3w Energizer Power Plus C. Zaopatrz si\u0119 w akumulatory do aparat\u00f3w fotograficznych, zabawek i przeno\u015bnych radioodbiornik\u00f3w, a tak\u017ce do latarek. Akumulatorki Energizer C s\u0105 w pe\u0142ni na\u0142adowane i zawsze gotowe do u\u017cycia. Ka\u017cdy mo\u017ce by\u0107 \u0142adowany setki razy, a jego \u017cywotno\u015b\u0107 wynosi do 3 lat przy typowym u\u017cytkowaniu. Na\u0142aduj swoje akumulatorki za pomoc\u0105 \u0142adowarki Energizer, aby zasili\u0107 swoje ulubione urz\u0105dzenia. Ka\u017cdy akumulator C zosta\u0142 zaprojektowany tak, aby chroni\u0107 najwa\u017cniejsze urz\u0105dzenia przed szkodliwym wyciekiem w normalnych warunkach u\u017cytkowania. Seria Energizer Power Plus obejmuje r\u00f3wnie\u017c akumulatorki AA, AAA, D i 9V, wi\u0119c \u0142atwo jest znale\u017a\u0107 niezawodne zasilanie w rozmiarze, kt\u00f3rego potrzebujesz. Energizer rozumie, jak wa\u017cne jest dbanie o nasz\u0105 planet\u0119 i jej tereny zielone. Dlatego akumulatorki te s\u0105 sprzedawane w opakowaniach w 100% nadaj\u0105cych si\u0119 do recyklingu, niezawieraj\u0105cych plastiku*, kt\u00f3re wspieraj\u0105 odpowiedzialn\u0105 gospodark\u0119 le\u015bn\u0105. *Z wyj\u0105tkiem plomb w wybranych opakowaniach<\/p>\n","protected":false},"featured_media":0,"template":"","meta":{"_acf_changed":false},"product_brand":[],"product_cat":[31],"product_tag":[],"class_list":{"0":"post-10492","1":"product","2":"type-product","3":"status-publish","5":"product_cat-energizer-recharge","7":"first","8":"instock","9":"shipping-taxable","10":"product-type-simple"},"acf":[],"_links":{"self":[{"href":"https:\/\/energizer.com\/eu\/poland\/wp-json\/wp\/v2\/product\/10492","targetHints":{"allow":["GET"]}}],"collection":[{"href":"https:\/\/energizer.com\/eu\/poland\/wp-json\/wp\/v2\/product"}],"about":[{"href":"https:\/\/energizer.com\/eu\/poland\/wp-json\/wp\/v2\/types\/product"}],"version-history":[{"count":5,"href":"https:\/\/energizer.com\/eu\/poland\/wp-json\/wp\/v2\/product\/10492\/revisions"}],"predecessor-version":[{"id":11207,"href":"https:\/\/energizer.com\/eu\/poland\/wp-json\/wp\/v2\/product\/10492\/revisions\/11207"}],"wp:attachment":[{"href":"https:\/\/energizer.com\/eu\/poland\/wp-json\/wp\/v2\/media?parent=10492"}],"wp:term":[{"taxonomy":"product_brand","embeddable":true,"href":"https:\/\/energizer.com\/eu\/poland\/wp-json\/wp\/v2\/product_brand?post=10492"},{"taxonomy":"product_cat","embeddable":true,"href":"https:\/\/energizer.com\/eu\/poland\/wp-json\/wp\/v2\/product_cat?post=10492"},{"taxonomy":"product_tag","embeddable":true,"href":"https:\/\/energizer.com\/eu\/poland\/wp-json\/wp\/v2\/product_tag?post=10492"}],"curies":[{"name":"wp","href":"https:\/\/api.w.org\/{rel}","templated":true}]}}