{"id":10936,"date":"2024-10-18T12:27:43","date_gmt":"2024-10-18T12:27:43","guid":{"rendered":"https:\/\/energizer.com\/eu\/poland\/?post_type=product&#038;p=10936"},"modified":"2024-10-18T12:45:48","modified_gmt":"2024-10-18T12:45:48","slug":"energizer-ultimate-lithium-9v","status":"publish","type":"product","link":"https:\/\/energizer.com\/eu\/poland\/product\/energizer-ultimate-lithium-9v\/","title":{"rendered":"ENERGIZER\u00ae ULTIMATE LITHIUM &#8211; 9V"},"content":{"rendered":"<div class=\"product-property-value\">\n<ul>\n<li>Najd\u0142u\u017csza \u017cywotno\u015b\u0107 na \u015bwiecie: Baterie 9V zapewniaj\u0105 zasilanie dla wa\u017cnych urz\u0105dze\u0144.<\/li>\n<li>Moc, kt\u00f3rej mo\u017cesz zaufa\u0107: Litowe baterie 9V do czujnik\u00f3w dymu, dzwonk\u00f3w do drzwi, konsoli do gier, latarek i innych urz\u0105dze\u0144 codziennego u\u017cytku.<\/li>\n<li>Ochrona przed wyciekiem: Gwarantowana szczelno\u015b\u0107 baterii przy standardowym u\u017cytkowaniu.<\/li>\n<li>Niezawodno\u015b\u0107: Ka\u017cda litowa bateria 9V ma 10-letni okres przechowywania, odporna na ekstremalne temperatury od -40\u00b0C do 60\u00b0C, co pozwala na u\u017cytkowanie przez ca\u0142y rok, wewn\u0105trz i na zewn\u0105trz.<\/li>\n<li>Opakowanie w 100% nadaj\u0105ce si\u0119 do recyklingu: Opakowania Energizer w pe\u0142ni nadaj\u0105 si\u0119 do recyklingu, wspieraj\u0105 odpowiedzialn\u0105 gospodark\u0119 le\u015bn\u0105 i s\u0105 wolne od plastiku, z wyj\u0105tkiem plomb w wi\u0119kszych opakowaniach.<\/li>\n<\/ul>\n<\/div>\n","protected":false},"excerpt":{"rendered":"<p>Wykorzystaj w pe\u0142ni swoje zaawansowane technologicznie urz\u0105dzenia dzi\u0119ki niezawodnej mocy baterii 9V od Energizer. Zaopatrz si\u0119 w baterie litowe 9V do czujnik\u00f3w dymu, dzwonk\u00f3w do drzwi, zabawek, konsoli do gier, latarek i innych urz\u0105dze\u0144 codziennego u\u017cytku. Zestaw baterii 9V jest r\u00f3wnie\u017c doskona\u0142ym wyborem, je\u015bli potrzebujesz trwa\u0142ych baterii do golarek i maszynek elektrycznych. Baterie Energizer Ultimate Lithium 9V zachowuj\u0105 moc do 10 lat podczas przechowywania, dzi\u0119ki czemu s\u0105 gotowe do u\u017cycia w ka\u017cdej chwili. Baterie Energizer 9V dzia\u0142aj\u0105 w ekstremalnych temperaturach \u2013 od -40\u00b0C do 60\u00b0C \u2013 zapewniaj\u0105c zasilanie, gdy jest ono najbardziej potrzebne.<\/p>\n","protected":false},"featured_media":0,"template":"","meta":{"_acf_changed":false},"product_brand":[],"product_cat":[30],"product_tag":[],"class_list":{"0":"post-10936","1":"product","2":"type-product","3":"status-publish","5":"product_cat-energizer-ultimate-lithium","7":"first","8":"instock","9":"shipping-taxable","10":"product-type-simple"},"acf":[],"_links":{"self":[{"href":"https:\/\/energizer.com\/eu\/poland\/wp-json\/wp\/v2\/product\/10936","targetHints":{"allow":["GET"]}}],"collection":[{"href":"https:\/\/energizer.com\/eu\/poland\/wp-json\/wp\/v2\/product"}],"about":[{"href":"https:\/\/energizer.com\/eu\/poland\/wp-json\/wp\/v2\/types\/product"}],"version-history":[{"count":3,"href":"https:\/\/energizer.com\/eu\/poland\/wp-json\/wp\/v2\/product\/10936\/revisions"}],"predecessor-version":[{"id":10939,"href":"https:\/\/energizer.com\/eu\/poland\/wp-json\/wp\/v2\/product\/10936\/revisions\/10939"}],"wp:attachment":[{"href":"https:\/\/energizer.com\/eu\/poland\/wp-json\/wp\/v2\/media?parent=10936"}],"wp:term":[{"taxonomy":"product_brand","embeddable":true,"href":"https:\/\/energizer.com\/eu\/poland\/wp-json\/wp\/v2\/product_brand?post=10936"},{"taxonomy":"product_cat","embeddable":true,"href":"https:\/\/energizer.com\/eu\/poland\/wp-json\/wp\/v2\/product_cat?post=10936"},{"taxonomy":"product_tag","embeddable":true,"href":"https:\/\/energizer.com\/eu\/poland\/wp-json\/wp\/v2\/product_tag?post=10936"}],"curies":[{"name":"wp","href":"https:\/\/api.w.org\/{rel}","templated":true}]}}