{"id":10942,"date":"2024-10-21T05:35:34","date_gmt":"2024-10-21T05:35:34","guid":{"rendered":"https:\/\/energizer.com\/eu\/poland\/?post_type=product&#038;p=10942"},"modified":"2024-11-29T05:29:23","modified_gmt":"2024-11-29T05:29:23","slug":"energizer-max-d","status":"publish","type":"product","link":"https:\/\/energizer.com\/eu\/poland\/product\/energizer-max-d\/","title":{"rendered":"ENERGIZER\u00ae MAX &#8211; D"},"content":{"rendered":"<ul>\n<li>Baterie D Energizer Max, alkaliczne<\/li>\n<li>D\u0142ugotrwa\u0142e: Niezawodne zasilanie zapewniaj\u0105ce nieprzerwan\u0105 prac\u0119 Twoich urz\u0105dze\u0144<\/li>\n<li>Moc, kt\u00f3rej mo\u017cesz zaufa\u0107: Baterie Max D do najpotrzebniejszych przedmiot\u00f3w codziennego u\u017cytku, takich jak zabawki, alarmy, latarki i inne<\/li>\n<li>Niezawodne: Baterie alkaliczne Energizer maj\u0105 nawet 10-letni okres przydatno\u015bci do u\u017cycia, dzi\u0119ki czemu s\u0105 gotowe zawsze wtedy, gdy ich potrzebujesz<\/li>\n<li>Innowacje Energizer: Od tw\u00f3rc\u00f3w najd\u0142u\u017cej dzia\u0142aj\u0105cej baterii AA na \u015bwiecie, Energizer Ultimate Lithium<\/li>\n<\/ul>\n","protected":false},"excerpt":{"rendered":"<p>Wykorzystaj w pe\u0142ni swoje najwa\u017cniejsze urz\u0105dzenia dzi\u0119ki niezawodnej, d\u0142u\u017cszej \u017cywotno\u015bci, jakiej mo\u017cesz oczekiwa\u0107 od baterii Energizer. Zaopatrz si\u0119 w baterie alkaliczne D do o\u015bwietlenia, a tak\u017ce baterie do latarek i alarm\u00f3w bezpiecze\u0144stwa. Zestaw ten jest r\u00f3wnie\u017c doskona\u0142ym wyborem, je\u015bli potrzebujesz baterii do zabawek. Baterie Energizer D zapewniaj\u0105 zasilanie nawet przez 10 lat. Z Energizer, moc jest gotowa, gdy tylko jej potrzebujesz. Seria Energizer Max obejmuje r\u00f3wnie\u017c baterie AA, AAA, C i 9V, wi\u0119c \u0142atwo jest znale\u017a\u0107 niezawodne zasilanie w potrzebnym rozmiarze.<\/p>\n","protected":false},"featured_media":0,"template":"","meta":{"_acf_changed":false},"product_brand":[],"product_cat":[26],"product_tag":[],"class_list":{"0":"post-10942","1":"product","2":"type-product","3":"status-publish","5":"product_cat-energizer-max","7":"first","8":"instock","9":"shipping-taxable","10":"product-type-simple"},"acf":[],"_links":{"self":[{"href":"https:\/\/energizer.com\/eu\/poland\/wp-json\/wp\/v2\/product\/10942","targetHints":{"allow":["GET"]}}],"collection":[{"href":"https:\/\/energizer.com\/eu\/poland\/wp-json\/wp\/v2\/product"}],"about":[{"href":"https:\/\/energizer.com\/eu\/poland\/wp-json\/wp\/v2\/types\/product"}],"version-history":[{"count":5,"href":"https:\/\/energizer.com\/eu\/poland\/wp-json\/wp\/v2\/product\/10942\/revisions"}],"predecessor-version":[{"id":11201,"href":"https:\/\/energizer.com\/eu\/poland\/wp-json\/wp\/v2\/product\/10942\/revisions\/11201"}],"wp:attachment":[{"href":"https:\/\/energizer.com\/eu\/poland\/wp-json\/wp\/v2\/media?parent=10942"}],"wp:term":[{"taxonomy":"product_brand","embeddable":true,"href":"https:\/\/energizer.com\/eu\/poland\/wp-json\/wp\/v2\/product_brand?post=10942"},{"taxonomy":"product_cat","embeddable":true,"href":"https:\/\/energizer.com\/eu\/poland\/wp-json\/wp\/v2\/product_cat?post=10942"},{"taxonomy":"product_tag","embeddable":true,"href":"https:\/\/energizer.com\/eu\/poland\/wp-json\/wp\/v2\/product_tag?post=10942"}],"curies":[{"name":"wp","href":"https:\/\/api.w.org\/{rel}","templated":true}]}}