{"id":3272,"date":"2024-05-13T05:22:20","date_gmt":"2024-05-13T05:22:20","guid":{"rendered":"http:\/\/64.91.246.76\/~energizer\/?post_type=product&#038;p=3272"},"modified":"2024-10-18T06:40:45","modified_gmt":"2024-10-18T06:40:45","slug":"energizer-max-plus-9v","status":"publish","type":"product","link":"https:\/\/energizer.com\/eu\/poland\/product\/energizer-max-plus-9v\/","title":{"rendered":"ENERGIZER\u00ae MAX PLUS \u2122 &#8211; 9V"},"content":{"rendered":"<ul>\n<li>Baterie alkaliczne Energizer Max Plus 9V, opakowanie 1 szt.<\/li>\n<li>D\u0142ugotrwa\u0142e: Niezawodne zasilanie zapewniaj\u0105ce nieprzerwan\u0105 prac\u0119 Twoich urz\u0105dze\u0144<\/li>\n<li>Moc, kt\u00f3rej mo\u017cesz zaufa\u0107: Baterii alkalicznych Energizeru\u017cywaj do czujnik\u00f3w dymu, dzwonk\u00f3w do drzwi, latarek, pilot\u00f3w i innych urz\u0105dze\u0144 elektronicznych codziennego u\u017cytku<\/li>\n<li>Niezawodne: Ka\u017cda bateria 9V od Energizer ma okres trwa\u0142o\u015bci do 5 lat, dzi\u0119ki czemu jest gotowa do u\u017cycia zawsze, gdy jest potrzebna<\/li>\n<li>Innowacje Energizer: Od producenta najd\u0142u\u017cej dzia\u0142aj\u0105cej baterii AA na \u015bwiecie &#8211; Energizer Ultimate Lithium<\/li>\n<li>Opakowanie w 100% nadaj\u0105ce si\u0119 do recyklingu: Opakowania Energizer\u00a0 wspieraj\u0105 odpowiedzialn\u0105 gospodark\u0119 le\u015bn\u0105 i nie zawieraj\u0105 plastiku, z wyj\u0105tkiem plomb w wybranych opakowaniach<\/li>\n<\/ul>\n","protected":false},"excerpt":{"rendered":"<p>Wykorzystaj w pe\u0142ni swoje najpotrzebniejsze urz\u0105dzenia dzi\u0119ki niezawodnej, d\u0142ugo dzia\u0142aj\u0105cej baterii Energizer Max Plus 9V. Zaopatrz si\u0119 w baterie 9V i u\u017cywaj ich do zabawek i samochod\u00f3w zdalnie sterowanych, a tak\u017ce\u00a0 dzwonk\u00f3w do drzwi, golarek, i alarm\u00f3w. S\u0105 one r\u00f3wnie\u017c doskona\u0142ym wyborem, je\u015bli potrzebujesz niezawodnych baterii do alarmu przeciwpo\u017carowego. Ka\u017cda bateria alkaliczna Energizer 9V zachowuje moc do 5 lat podczas przechowywania. Z Energizer, moc jest zawsze, gdy tylko jej potrzebujesz. Seria Energizer Max Plus obejmuje r\u00f3wnie\u017c baterie AA, AAA, C i D, wi\u0119c \u0142atwo jest znale\u017a\u0107 niezawodne zasilanie w potrzebnym rozmiarze.<\/p>\n","protected":false},"featured_media":0,"template":"","meta":{"_acf_changed":false},"product_brand":[],"product_cat":[87],"product_tag":[],"class_list":{"0":"post-3272","1":"product","2":"type-product","3":"status-publish","5":"product_cat-energizer-max-plus","7":"first","8":"instock","9":"shipping-taxable","10":"product-type-simple"},"acf":[],"_links":{"self":[{"href":"https:\/\/energizer.com\/eu\/poland\/wp-json\/wp\/v2\/product\/3272","targetHints":{"allow":["GET"]}}],"collection":[{"href":"https:\/\/energizer.com\/eu\/poland\/wp-json\/wp\/v2\/product"}],"about":[{"href":"https:\/\/energizer.com\/eu\/poland\/wp-json\/wp\/v2\/types\/product"}],"version-history":[{"count":22,"href":"https:\/\/energizer.com\/eu\/poland\/wp-json\/wp\/v2\/product\/3272\/revisions"}],"predecessor-version":[{"id":10810,"href":"https:\/\/energizer.com\/eu\/poland\/wp-json\/wp\/v2\/product\/3272\/revisions\/10810"}],"wp:attachment":[{"href":"https:\/\/energizer.com\/eu\/poland\/wp-json\/wp\/v2\/media?parent=3272"}],"wp:term":[{"taxonomy":"product_brand","embeddable":true,"href":"https:\/\/energizer.com\/eu\/poland\/wp-json\/wp\/v2\/product_brand?post=3272"},{"taxonomy":"product_cat","embeddable":true,"href":"https:\/\/energizer.com\/eu\/poland\/wp-json\/wp\/v2\/product_cat?post=3272"},{"taxonomy":"product_tag","embeddable":true,"href":"https:\/\/energizer.com\/eu\/poland\/wp-json\/wp\/v2\/product_tag?post=3272"}],"curies":[{"name":"wp","href":"https:\/\/api.w.org\/{rel}","templated":true}]}}