{"id":3327,"date":"2024-05-13T07:46:58","date_gmt":"2024-05-13T07:46:58","guid":{"rendered":"http:\/\/64.91.246.76\/~energizer\/?post_type=product&#038;p=3327"},"modified":"2024-10-18T10:47:42","modified_gmt":"2024-10-18T10:47:42","slug":"energizer-max-aa","status":"publish","type":"product","link":"https:\/\/energizer.com\/eu\/poland\/product\/energizer-max-aa\/","title":{"rendered":"ENERGIZER\u00ae MAX &#8211; AA"},"content":{"rendered":"<ul>\n<li>Baterie alkaliczne Energizer Max AA, opakowanie 4 szt.<\/li>\n<li>D\u0142ugotrwa\u0142e dzia\u0142anie: Do 100% d\u0142u\u017csze dzia\u0142anie baterii AA w por\u00f3wnaniu z minimalnym \u015brednim czasem dzia\u0142ania w wymagaj\u0105cych urz\u0105dzeniach zgodnie z norm\u0105 IEC 2021<\/li>\n<li>Moc, kt\u00f3rej mo\u017cesz zaufa\u0107: U\u017cywaj baterii Max AA do kamer, dzwonk\u00f3w do drzwi, kontroler\u00f3w, zegar\u00f3w i innych urz\u0105dze\u0144 codziennego u\u017cytku<\/li>\n<li>Ochrona przed wyciekiem: Baterie AA o szczelnej konstrukcji chroni\u0105cej urz\u0105dzenia przed wyciekiem; obj\u0119te gwarancj\u0105 Energizer No Leak<\/li>\n<li>Zawiera materia\u0142y z recyklingu: * Do 10% stali z recyklingu. Tylko AA\/AAA. Specjalnie oznakowane opakowania<\/li>\n<li>Niezawodno\u015b\u0107: Ka\u017cda bateria alkaliczna Energizer Max AA ma 10-letni okres przydatno\u015bci do <span class=\"jsx-1045662379 change-context added\">u\u017cycia<\/span>, dzi\u0119ki czemu jest <span class=\"jsx-1045662379 change-context added\">zawsze<\/span><span class=\"jsx-1045662379 change-context\">, <\/span>do u\u017cycia zawsze, gdy jest potrzebna<\/li>\n<li>Innowacje Energizer: Od producent\u00f3w najd\u0142u\u017cej dzia\u0142aj\u0105cej baterii AA na \u015bwiecie &#8211; Energizer Ultimate Lithium<\/li>\n<li>Opakowanie w 100% nadaj\u0105ce si\u0119 do recyklingu: Opakowania Energizer wspieraj\u0105 odpowiedzialn\u0105 gospodark\u0119 le\u015bn\u0105 i nie zawieraj\u0105 plastiku, z wyj\u0105tkiem plomb\u00a0w wybranych opakowaniach<\/li>\n<\/ul>\n","protected":false},"excerpt":{"rendered":"<p>Wykorzystaj w pe\u0142ni swoje najwa\u017cniejsze urz\u0105dzenia o \u015brednim poborze mocy dzi\u0119ki niezawodnej, <span class=\"jsx-1045662379 change-context added\">d\u0142ugodzia\u0142aj\u0105cej\u00a0baterii Energizer Max AA<\/span><span class=\"jsx-1045662379 change-context\">. <\/span> Zaopatrz si\u0119 w baterie Max AA i u\u017cywaj ich do kontroler\u00f3w do gier, aparat\u00f3w fotograficznych, a tak\u017ce <span class=\"jsx-1045662379 change-context added\">latarek<\/span>, pilot\u00f3w\u00a0 i zabawek. S\u0105 one r\u00f3wnie\u017c doskona\u0142ym wyborem, je\u015bli potrzebujesz baterii do dzwonk\u00f3w do drzwi lub zegar\u00f3w. Baterie\u00a0Energizer Max AA utrzymuj\u0105 energi\u0119 do 10 lat podczas przechowywania, a ich szczelna konstrukcja chroni urz\u0105dzenia przed wyciekami. Z Energizer, moc jest gotowa, gdy tylko jej potrzebujesz. Seria Energizer Max obejmuje r\u00f3wnie\u017c baterie AAA, C, D i 9V, wi\u0119c \u0142atwo jest znale\u017a\u0107 niezawodne zasilanie w potrzebnym rozmiarze.<\/p>\n","protected":false},"featured_media":0,"template":"","meta":{"_acf_changed":false},"product_brand":[],"product_cat":[26],"product_tag":[],"class_list":{"0":"post-3327","1":"product","2":"type-product","3":"status-publish","5":"product_cat-energizer-max","7":"first","8":"instock","9":"shipping-taxable","10":"product-type-simple"},"acf":[],"_links":{"self":[{"href":"https:\/\/energizer.com\/eu\/poland\/wp-json\/wp\/v2\/product\/3327","targetHints":{"allow":["GET"]}}],"collection":[{"href":"https:\/\/energizer.com\/eu\/poland\/wp-json\/wp\/v2\/product"}],"about":[{"href":"https:\/\/energizer.com\/eu\/poland\/wp-json\/wp\/v2\/types\/product"}],"version-history":[{"count":21,"href":"https:\/\/energizer.com\/eu\/poland\/wp-json\/wp\/v2\/product\/3327\/revisions"}],"predecessor-version":[{"id":10930,"href":"https:\/\/energizer.com\/eu\/poland\/wp-json\/wp\/v2\/product\/3327\/revisions\/10930"}],"wp:attachment":[{"href":"https:\/\/energizer.com\/eu\/poland\/wp-json\/wp\/v2\/media?parent=3327"}],"wp:term":[{"taxonomy":"product_brand","embeddable":true,"href":"https:\/\/energizer.com\/eu\/poland\/wp-json\/wp\/v2\/product_brand?post=3327"},{"taxonomy":"product_cat","embeddable":true,"href":"https:\/\/energizer.com\/eu\/poland\/wp-json\/wp\/v2\/product_cat?post=3327"},{"taxonomy":"product_tag","embeddable":true,"href":"https:\/\/energizer.com\/eu\/poland\/wp-json\/wp\/v2\/product_tag?post=3327"}],"curies":[{"name":"wp","href":"https:\/\/api.w.org\/{rel}","templated":true}]}}