{"id":3333,"date":"2024-05-13T07:32:46","date_gmt":"2024-05-13T07:32:46","guid":{"rendered":"http:\/\/64.91.246.76\/~energizer\/?post_type=product&#038;p=3333"},"modified":"2024-10-18T11:06:00","modified_gmt":"2024-10-18T11:06:00","slug":"energizer-max-plus-c","status":"publish","type":"product","link":"https:\/\/energizer.com\/eu\/poland\/product\/energizer-max-plus-c\/","title":{"rendered":"ENERGIZER\u00ae MAX PLUS \u2122 &#8211; C"},"content":{"rendered":"<ul>\n<li>Baterie u\u017cywaj\u00a0Max Plus C, opakowanie 2 szt.<\/li>\n<li>D\u0142ugotrwa\u0142e: Niezawodne zasilanie zapewniaj\u0105ce nieprzerwan\u0105 prac\u0119 Twoich urz\u0105dze\u0144<\/li>\n<li><span class=\"jsx-1045662379 change-context added\">Moc, kt\u00f3rej mo\u017cesz zaufa\u0107: Baterii alkalicznych <\/span><span class=\"jsx-1045662379 change-context\">Energizer do<\/span> Energizer do najpotrzebniejszych urz\u0105dze\u0144, takich jak zabawki, przeno\u015bne radia, latarki i inne<\/li>\n<li>Niezawodno\u015b\u0107: Bateria Max Plus C ma okres trwa\u0142o\u015bci do 10 lat, dzi\u0119ki czemu jest gotowa do u\u017cycia zawsze, gdy jest potrzebna<\/li>\n<li>Innowacje Energizer: Od producenta najd\u0142u\u017cej dzia\u0142aj\u0105cej baterii AA na \u015bwiecie &#8211; Energizer Ultimate Lithium<\/li>\n<li>Opakowanie w 100% nadaj\u0105ce si\u0119 do recyklingu: Opakowania Energizer wspieraj\u0105 odpowiedzialn\u0105 gospodark\u0119 le\u015bn\u0105 i nie zawieraj\u0105 plastiku, z wyj\u0105tkiem\u00a0 wybranych opakowaniach<\/li>\n<\/ul>\n","protected":false},"excerpt":{"rendered":"<p>Wykorzystaj w pe\u0142ni swoje najpotrzebniejsze urz\u0105dzenia dzi\u0119ki niezawodnemu zasilaniu, jakiego <span class=\"jsx-1045662379 change-context added\">mo\u017cesz<\/span> oczekiwa\u0107 od Energizer. Zaopatrz si\u0119 w baterie Max Plus C i u\u017cywaj ich do aparat\u00f3w fotograficznych i zabawek, a tak\u017ce\u00a0 latarek, przeno\u015bnych radioodbiornik\u00f3w i nie tylko. S\u0105 one r\u00f3wnie\u017c doskona\u0142ym wyborem, je\u015bli potrzebujesz d\u0142ugotrwa\u0142ych baterii do pilota zdalnego sterowania. Baterie Energizer Max Plus C zachowuj\u0105 moc do 10 lat. podczas przechowywania.Seria Energizer Max Plus obejmuje r\u00f3wnie\u017c baterie AA, AAA, D i 9V, wi\u0119c \u0142atwo jest znale\u017a\u0107 niezawodne zasilanie w potrzebnym rozmiarze.<\/p>\n","protected":false},"featured_media":0,"template":"","meta":{"_acf_changed":false},"product_brand":[],"product_cat":[87],"product_tag":[],"class_list":{"0":"post-3333","1":"product","2":"type-product","3":"status-publish","5":"product_cat-energizer-max-plus","7":"first","8":"instock","9":"shipping-taxable","10":"product-type-simple"},"acf":[],"_links":{"self":[{"href":"https:\/\/energizer.com\/eu\/poland\/wp-json\/wp\/v2\/product\/3333","targetHints":{"allow":["GET"]}}],"collection":[{"href":"https:\/\/energizer.com\/eu\/poland\/wp-json\/wp\/v2\/product"}],"about":[{"href":"https:\/\/energizer.com\/eu\/poland\/wp-json\/wp\/v2\/types\/product"}],"version-history":[{"count":21,"href":"https:\/\/energizer.com\/eu\/poland\/wp-json\/wp\/v2\/product\/3333\/revisions"}],"predecessor-version":[{"id":10931,"href":"https:\/\/energizer.com\/eu\/poland\/wp-json\/wp\/v2\/product\/3333\/revisions\/10931"}],"wp:attachment":[{"href":"https:\/\/energizer.com\/eu\/poland\/wp-json\/wp\/v2\/media?parent=3333"}],"wp:term":[{"taxonomy":"product_brand","embeddable":true,"href":"https:\/\/energizer.com\/eu\/poland\/wp-json\/wp\/v2\/product_brand?post=3333"},{"taxonomy":"product_cat","embeddable":true,"href":"https:\/\/energizer.com\/eu\/poland\/wp-json\/wp\/v2\/product_cat?post=3333"},{"taxonomy":"product_tag","embeddable":true,"href":"https:\/\/energizer.com\/eu\/poland\/wp-json\/wp\/v2\/product_tag?post=3333"}],"curies":[{"name":"wp","href":"https:\/\/api.w.org\/{rel}","templated":true}]}}