{"id":3360,"date":"2024-05-13T07:45:25","date_gmt":"2024-05-13T07:45:25","guid":{"rendered":"http:\/\/64.91.246.76\/~energizer\/?post_type=product&#038;p=3360"},"modified":"2024-10-10T11:23:40","modified_gmt":"2024-10-10T11:23:40","slug":"energizer-max-aaa","status":"publish","type":"product","link":"https:\/\/energizer.com\/eu\/poland\/product\/energizer-max-aaa\/","title":{"rendered":"ENERGIZER\u00ae MAX &#8211; AAA"},"content":{"rendered":"<ul>\n<li>Baterie alkaliczne Energizer Max AAA, opakowanie 4 szt.<\/li>\n<li>D\u0142ugotrwa\u0142e dzia\u0142anie: Do 100% d\u0142u\u017csze dzia\u0142anie baterii AAA w por\u00f3wnaniu z minimalnym \u015brednim czasem dzia\u0142ania w zabawkach zgodnie z\u00a0norm\u0105 IEC 2015<\/li>\n<li>Moc, kt\u00f3rej mo\u017cesz zaufa\u0107: U\u017cywaj\u00a0baterii Max\u00a0AAA do najpotrzebniejszych urz\u0105dze\u0144, takich jak zegary, latarki, bezprzewodowe myszy i kontrolery<\/li>\n<li>Ochrona przed wyciekiem: Baterie AAA o szczelnej konstrukcja chroni\u0105 urz\u0105dzenia przed wyciekami; obj\u0119ta gwarancj\u0105 Energizer No Leak<\/li>\n<li>Zawiera materia\u0142y z recyklingu: * Do 10% stali z recyklingu. Tylko AA\/AAA. Specjalnie oznakowane\u00a0opakowania<\/li>\n<li>Niezawodne: Ka\u017cda bateria alkaliczna AAA od Energizer ma okres trwa\u0142o\u015bci do 10 lat, dzi\u0119ki czemu jest gotowa do u\u017cycia zawsze, gdy jest potrzebna<\/li>\n<li>Innowacje Energizer: Od producent\u00f3w najd\u0142u\u017cej dzia\u0142aj\u0105cej baterii AA na \u015bwiecie, &#8211; Energizer Ultimate Lithium<\/li>\n<li>Opakowanie w 100% nadaj\u0105ce si\u0119 do recyklingu: Opakowania baterii\u00a0 Energizer, wspieraj\u0105 odpowiedzialn\u0105 gospodark\u0119 le\u015bn\u0105 i nie zawieraj\u0105 plastiku, z wyj\u0105tkiem plomb\u00a0w wybranych opakowaniach<\/li>\n<\/ul>\n","protected":false},"excerpt":{"rendered":"<p>Wykorzystaj w pe\u0142ni swoje najwa\u017cniejsze urz\u0105dzenia o \u015brednim poborze mocy dzi\u0119ki niezawodnej, d\u0142ugodzia\u0142aj\u0105cej\u00a0baterii Energizer Max AAA. Zaopatrz si\u0119 w baterie Max AAA i u\u017cywaj ich do aparat\u00f3w fotograficznych, latarek, pilot\u00f3w i zegar\u00f3w. S\u0105 one r\u00f3wnie\u017c doskona\u0142ym wyborem, je\u015bli potrzebujesz baterii do o\u015bwietlenia LED. Baterie Energizer Max AAA utrzymuj\u0105 energi\u0119 do 10 lat podczas przechowywania, a ich szczelna konstrukcja chroni urz\u0105dzenia przed wyciekiem. Z Energizer, moc jest <span class=\"jsx-1045662379 change-context added\">zawsze<\/span>, gdy tylko jej potrzebujesz. Seria Energizer Max obejmuje r\u00f3wnie\u017c baterie AA, C, D i 9V, wi\u0119c \u0142atwo jest znale\u017a\u0107 niezawodne zasilanie w potrzebnym rozmiarze.<\/p>\n","protected":false},"featured_media":0,"template":"","meta":{"_acf_changed":false},"product_brand":[],"product_cat":[26],"product_tag":[],"class_list":{"0":"post-3360","1":"product","2":"type-product","3":"status-publish","5":"product_cat-energizer-max","7":"first","8":"instock","9":"shipping-taxable","10":"product-type-simple"},"acf":[],"_links":{"self":[{"href":"https:\/\/energizer.com\/eu\/poland\/wp-json\/wp\/v2\/product\/3360","targetHints":{"allow":["GET"]}}],"collection":[{"href":"https:\/\/energizer.com\/eu\/poland\/wp-json\/wp\/v2\/product"}],"about":[{"href":"https:\/\/energizer.com\/eu\/poland\/wp-json\/wp\/v2\/types\/product"}],"version-history":[{"count":20,"href":"https:\/\/energizer.com\/eu\/poland\/wp-json\/wp\/v2\/product\/3360\/revisions"}],"predecessor-version":[{"id":10769,"href":"https:\/\/energizer.com\/eu\/poland\/wp-json\/wp\/v2\/product\/3360\/revisions\/10769"}],"wp:attachment":[{"href":"https:\/\/energizer.com\/eu\/poland\/wp-json\/wp\/v2\/media?parent=3360"}],"wp:term":[{"taxonomy":"product_brand","embeddable":true,"href":"https:\/\/energizer.com\/eu\/poland\/wp-json\/wp\/v2\/product_brand?post=3360"},{"taxonomy":"product_cat","embeddable":true,"href":"https:\/\/energizer.com\/eu\/poland\/wp-json\/wp\/v2\/product_cat?post=3360"},{"taxonomy":"product_tag","embeddable":true,"href":"https:\/\/energizer.com\/eu\/poland\/wp-json\/wp\/v2\/product_tag?post=3360"}],"curies":[{"name":"wp","href":"https:\/\/api.w.org\/{rel}","templated":true}]}}