{"id":3365,"date":"2024-05-13T06:39:35","date_gmt":"2024-05-13T06:39:35","guid":{"rendered":"http:\/\/64.91.246.76\/~energizer\/?post_type=product&#038;p=3365"},"modified":"2024-10-04T10:04:20","modified_gmt":"2024-10-04T10:04:20","slug":"energizer-ultimate-lithium-aaa","status":"publish","type":"product","link":"https:\/\/energizer.com\/eu\/poland\/product\/energizer-ultimate-lithium-aaa\/","title":{"rendered":"ENERGIZER\u00ae ULTIMATE LITHIUM &#8211; AAA"},"content":{"rendered":"<ul>\n<li>Baterie Energizer Ultimate Lithium AAA, opakowanie 4 szt<\/li>\n<li>Najd\u0142u\u017csza \u017cywotno\u015b\u0107 na \u015bwiecie: Nic nie dzia\u0142a d\u0142u\u017cej w urz\u0105dzeniach zaawansowanych technologicznie ni\u017c baterie litowe Energizer AAA<\/li>\n<li>Moc, kt\u00f3rej mo\u017cesz zaufa\u0107: Baterie litowe do inteligentnych urz\u0105dze\u0144 domowych, zewn\u0119trznych system\u00f3w monitoringu, aparat\u00f3w cyfrowych, zegar\u00f3w, latarek i innych urz\u0105dze\u0144 codziennego u\u017cytku<\/li>\n<li>Ochrona przed wyciekiem: Baterie maj\u0105 gwarantowan\u0105 szczelno\u015b\u0107 przy standardowym u\u017cytkowaniu<\/li>\n<li>Niezawodno\u015b\u0107: Baterie litowe AAA maj\u0105 25-letni okres przechowywania i s\u0105 odporne na ekstremalne temperatury, od -40\u00b0C do 60\u00b0C, dzi\u0119ki czemu mog\u0105 by\u0107 u\u017cywane przez ca\u0142y rok zar\u00f3wno\u00a0w pomieszczeniach jak\u00a0i na zewn\u0105trz<\/li>\n<li>Opakowanie w 100% nadaj\u0105ce si\u0119 do recyklingu: Opakowania Energizer w 100% nadaj\u0105 si\u0119 do recyklingu, wspieraj\u0105 odpowiedzialn\u0105 gospodark\u0119 le\u015bn\u0105 i nie zawieraj\u0105 plastiku, z wyj\u0105tkiem plomb w wybranych wi\u0119kszych opakowaniach<\/li>\n<li>Zawiera materia\u0142y z recyklingu* <br \/>\n            *Do 10% stali z recyklingu. Tylko AA\/AAA. Specjalnie oznakowane opakowania<\/li>\n<\/ul>\n","protected":false},"excerpt":{"rendered":"<p>Wykorzystaj w pe\u0142ni swoje zaawansowane technologicznie urz\u0105dzenia dzi\u0119ki niezawodnej mocy najd\u0142u\u017cej dzia\u0142aj\u0105cej baterii AAA na \u015bwiecie \u2013 Energizer Ultimate Lithium AAA. Zaopatrz si\u0119 w baterie litowe Energizer AAA i u\u017cywaj ich\u00a0do o\u015bwietlenia, inteligentnych urz\u0105dze\u0144 domowych i system\u00f3w monitoringu,\u00a0 a tak\u017ce\u00a0do kamer. Baterie litowe Energizer AAA zachowuj\u0105 moc nawet przez 25 lat podczas przechowywania, dzi\u0119ki czemu s\u0105 zawsze gotowe do u\u017cycia. Ka\u017cda bateria posiada gwarancj\u0119 szczelno\u015bci przy standardowym u\u017cytkowaniu. Baterie Energizer Ultimate Lithium dzia\u0142aj\u0105 w ekstremalnych temperaturach \u2013 od -40\u00b0C do 60\u00b0C \u2013 zapewniaj\u0105c zasilanie, gdy jest ono najbardziej potrzebne. Seria Energizer Ultimate Lithium obejmuje r\u00f3wnie\u017c baterie AA i baterie 9V, dzi\u0119ki czemu \u0142atwo jest znale\u017a\u0107 niezawodne zasilanie w potrzebnym rozmiarze.<\/p>\n","protected":false},"featured_media":0,"template":"","meta":{"_acf_changed":false},"product_brand":[],"product_cat":[30],"product_tag":[],"class_list":{"0":"post-3365","1":"product","2":"type-product","3":"status-publish","5":"product_cat-energizer-ultimate-lithium","7":"first","8":"instock","9":"shipping-taxable","10":"product-type-simple"},"acf":[],"_links":{"self":[{"href":"https:\/\/energizer.com\/eu\/poland\/wp-json\/wp\/v2\/product\/3365","targetHints":{"allow":["GET"]}}],"collection":[{"href":"https:\/\/energizer.com\/eu\/poland\/wp-json\/wp\/v2\/product"}],"about":[{"href":"https:\/\/energizer.com\/eu\/poland\/wp-json\/wp\/v2\/types\/product"}],"version-history":[{"count":24,"href":"https:\/\/energizer.com\/eu\/poland\/wp-json\/wp\/v2\/product\/3365\/revisions"}],"predecessor-version":[{"id":10650,"href":"https:\/\/energizer.com\/eu\/poland\/wp-json\/wp\/v2\/product\/3365\/revisions\/10650"}],"wp:attachment":[{"href":"https:\/\/energizer.com\/eu\/poland\/wp-json\/wp\/v2\/media?parent=3365"}],"wp:term":[{"taxonomy":"product_brand","embeddable":true,"href":"https:\/\/energizer.com\/eu\/poland\/wp-json\/wp\/v2\/product_brand?post=3365"},{"taxonomy":"product_cat","embeddable":true,"href":"https:\/\/energizer.com\/eu\/poland\/wp-json\/wp\/v2\/product_cat?post=3365"},{"taxonomy":"product_tag","embeddable":true,"href":"https:\/\/energizer.com\/eu\/poland\/wp-json\/wp\/v2\/product_tag?post=3365"}],"curies":[{"name":"wp","href":"https:\/\/api.w.org\/{rel}","templated":true}]}}