{"id":3371,"date":"2024-05-13T07:33:39","date_gmt":"2024-05-13T07:33:39","guid":{"rendered":"http:\/\/64.91.246.76\/~energizer\/?post_type=product&#038;p=3371"},"modified":"2024-10-18T06:32:43","modified_gmt":"2024-10-18T06:32:43","slug":"energizer-max-plus-aaa","status":"publish","type":"product","link":"https:\/\/energizer.com\/eu\/poland\/product\/energizer-max-plus-aaa\/","title":{"rendered":"ENERGIZER\u00ae MAX PLUS \u2122 &#8211; AAA"},"content":{"rendered":"<ul>\n<li>Baterie alkaliczne Energizer Max Plus AAA, opakowanie 4 szt.<\/li>\n<li>Najd\u0142u\u017csze dzia\u0142anie: A\u017c do 130% d\u0142u\u017csze dzia\u0142anie w por\u00f3wnaniu do minimalnego \u015bredniego czasu dzia\u0142ania w zabawkach zgodnie z norm\u0105 IEC<\/li>\n<li>Moc, kt\u00f3rej mo\u017cesz zaufa\u0107: Baterii AAA u\u017cywaj do zasilania najpotrzebniejszych urz\u0105dze\u0144, takich jak piloty, zegary, aparaty fotograficzne i zabawki<\/li>\n<li>Ochrona przed wyciekiem: Ka\u017cda bateria AAA ma szczeln\u0105 konstrukcj\u0119, kt\u00f3ra chroni urz\u0105dzenia przed wyciekiemi jest obj\u0119ta gwarancj\u0105 Energizer No Leak<\/li>\n<li>Niezawodno\u015b\u0107: Baterie alkaliczne Max Plus\u00a0maj\u0105 nawet 12-letni okres przydatno\u015bci do u\u017cycia, dzi\u0119ki czemu s\u0105 gotowe zawsze wtedy, gdy ich potrzebujesz<\/li>\n<li>Innowacje Energizer: Od producenta najd\u0142u\u017cej dzia\u0142aj\u0105cej baterii AA na \u015bwiecie, Energizer Ultimate Lithium<\/li>\n<li>Opakowanie w 100% nadaj\u0105ce si\u0119 do recyklingu: Opakowania Energizer, wspieraj\u0105 odpowiedzialn\u0105 gospodark\u0119 le\u015bn\u0105 i nie zawieraj\u0105 plastiku, z wyj\u0105tkiem plomb w wybranych opakowaniach<\/li>\n<\/ul>\n","protected":false},"excerpt":{"rendered":"<p>Wykorzystaj w pe\u0142ni swoje najwa\u017cniejsze urz\u0105dzenia dzi\u0119ki niezawodnej mocy najd\u0142u\u017cej dzia\u0142aj\u0105cych baterii Energizer Max Plus. Zaopatrz si\u0119 w AAA i wykorzystuj je\u00a0 do latarek pilot\u00f3w zdalnego sterowania, aparat\u00f3w fotograficznych, zegar\u00f3w i nie tylko.Baterie Energizer Max Plus utrzymuj\u0105 energi\u0119 do 12 lat\u00a0 podczas przechowywania, a ich szczelna konstrukcja chroni urz\u0105dzenia przed jej potrzebujesz. Seria Energizer Max Plus obejmuje r\u00f3wnie\u017c baterie AA, 9V, C i D, wi\u0119c \u0142atwo jest <span class=\"jsx-1045662379 change-context added\">zawsze<\/span><span class=\"jsx-1045662379 change-context\">, <\/span>niezawodne zasilanie w potrzebnym rozmiarze.<\/p>\n","protected":false},"featured_media":0,"template":"","meta":{"_acf_changed":false},"product_brand":[],"product_cat":[87],"product_tag":[],"class_list":{"0":"post-3371","1":"product","2":"type-product","3":"status-publish","5":"product_cat-energizer-max-plus","7":"first","8":"instock","9":"shipping-taxable","10":"product-type-simple"},"acf":[],"_links":{"self":[{"href":"https:\/\/energizer.com\/eu\/poland\/wp-json\/wp\/v2\/product\/3371","targetHints":{"allow":["GET"]}}],"collection":[{"href":"https:\/\/energizer.com\/eu\/poland\/wp-json\/wp\/v2\/product"}],"about":[{"href":"https:\/\/energizer.com\/eu\/poland\/wp-json\/wp\/v2\/types\/product"}],"version-history":[{"count":20,"href":"https:\/\/energizer.com\/eu\/poland\/wp-json\/wp\/v2\/product\/3371\/revisions"}],"predecessor-version":[{"id":10913,"href":"https:\/\/energizer.com\/eu\/poland\/wp-json\/wp\/v2\/product\/3371\/revisions\/10913"}],"wp:attachment":[{"href":"https:\/\/energizer.com\/eu\/poland\/wp-json\/wp\/v2\/media?parent=3371"}],"wp:term":[{"taxonomy":"product_brand","embeddable":true,"href":"https:\/\/energizer.com\/eu\/poland\/wp-json\/wp\/v2\/product_brand?post=3371"},{"taxonomy":"product_cat","embeddable":true,"href":"https:\/\/energizer.com\/eu\/poland\/wp-json\/wp\/v2\/product_cat?post=3371"},{"taxonomy":"product_tag","embeddable":true,"href":"https:\/\/energizer.com\/eu\/poland\/wp-json\/wp\/v2\/product_tag?post=3371"}],"curies":[{"name":"wp","href":"https:\/\/api.w.org\/{rel}","templated":true}]}}